{"id":2850,"date":"2015-12-15T00:00:00","date_gmt":"2015-12-15T00:00:00","guid":{"rendered":"http:\/\/lipaassociation.com\/o-lipa-association-u\/"},"modified":"2018-01-23T10:38:18","modified_gmt":"2018-01-23T10:38:18","slug":"ueber-lipa-association","status":"publish","type":"page","link":"http:\/\/lipaassociation.com\/de\/ueber-lipa-association\/","title":{"rendered":"\u00dcber Lipa Association"},"content":{"rendered":"<p>[vc_row css=&#8221;.vc_custom_1451991003825{margin-bottom: 100px !important;}&#8221;][vc_column offset=&#8221;vc_col-lg-9 vc_col-md-9&#8243;]\n<div id=\"rev_slider_34_1_wrapper\" class=\"rev_slider_wrapper fullwidthbanner-container\" data-source=\"gallery\" style=\"margin:0px auto;background:transparent;padding:0px;margin-top:0px;margin-bottom:0px;\">\n<!-- START REVOLUTION SLIDER 5.4.5.1 auto mode -->\n\t<div id=\"rev_slider_34_1\" class=\"rev_slider fullwidthabanner\" style=\"display:none;\" data-version=\"5.4.5.1\">\n<ul>\t<!-- SLIDE  -->\n\t<li data-index=\"rs-59\" data-transition=\"slidehorizontal\" data-slotamount=\"default\" data-hideafterloop=\"0\" data-hideslideonmobile=\"off\"  data-easein=\"default\" data-easeout=\"default\" data-masterspeed=\"default\"  data-rotate=\"0\"  data-saveperformance=\"off\"  class=\"third_bg_color\" data-title=\"Slide\" data-param1=\"\" data-param2=\"\" data-param3=\"\" data-param4=\"\" data-param5=\"\" data-param6=\"\" data-param7=\"\" data-param8=\"\" data-param9=\"\" data-param10=\"\" data-description=\"\">\n\t\t<!-- MAIN IMAGE -->\n\t\t<img src=\"http:\/\/lipaassociation.com\/wp-content\/uploads\/2016\/08\/Lipa-slider-2.png\"  alt=\"\" title=\"Lipa slider 2\"  width=\"2019\" height=\"1200\" data-bgposition=\"center center\" data-bgfit=\"cover\" data-bgrepeat=\"no-repeat\" class=\"rev-slidebg\" data-no-retina>\n\t\t<!-- LAYERS -->\n\n\t\t<!-- LAYER NR. 1 -->\n\t\t<div class=\"tp-caption   tp-resizeme\" \n\t\t\t id=\"slide-59-layer-3\" \n\t\t\t data-x=\"49\" \n\t\t\t data-y=\"214\" \n\t\t\t\t\t\tdata-width=\"['473']\"\n\t\t\tdata-height=\"['108']\"\n \n\t\t\tdata-type=\"text\" \n\t\t\tdata-responsive_offset=\"on\" \n\n\t\t\tdata-frames='[{\"from\":\"y:[100{ff029b9ed727a8cfab64ff35f0970f431e658f61ec42594ff25da87028f3ebdc}];z:0;rX:0deg;rY:0;rZ:0;sX:1;sY:1;skX:0;skY:0;opacity:0;\",\"mask\":\"x:0px;y:[100{ff029b9ed727a8cfab64ff35f0970f431e658f61ec42594ff25da87028f3ebdc}];s:inherit;e:inherit;\",\"speed\":2000,\"to\":\"o:1;\",\"delay\":500,\"ease\":\"Power2.easeInOut\"},{\"delay\":\"wait\",\"speed\":300,\"to\":\"opacity:0;\",\"ease\":\"nothing\"}]'\n\t\t\tdata-textAlign=\"['left','left','left','left']\"\n\t\t\tdata-paddingtop=\"[0,0,0,0]\"\n\t\t\tdata-paddingright=\"[0,0,0,0]\"\n\t\t\tdata-paddingbottom=\"[0,0,0,0]\"\n\t\t\tdata-paddingleft=\"[0,0,0,0]\"\n\n\t\t\tstyle=\"z-index: 5; min-width: 473px; max-width: 473px; max-width: 108px; max-width: 108px; white-space: normal; font-size: 22px; line-height: 24px; font-weight: 400; color: rgba(51,51,51,1);\">Wir sind da um sich um Ihr Budget zu k\u00fcmmern.\nImmer f\u00fcr Sie da! <\/div>\n\n\t\t<!-- LAYER NR. 2 -->\n\t\t<div class=\"tp-caption   tp-resizeme\" \n\t\t\t id=\"slide-59-layer-6\" \n\t\t\t data-x=\"47\" \n\t\t\t data-y=\"145\" \n\t\t\t\t\t\tdata-width=\"['481']\"\n\t\t\tdata-height=\"['auto']\"\n \n\t\t\tdata-type=\"text\" \n\t\t\tdata-responsive_offset=\"on\" \n\n\t\t\tdata-frames='[{\"from\":\"y:[100{ff029b9ed727a8cfab64ff35f0970f431e658f61ec42594ff25da87028f3ebdc}];z:0;rX:0deg;rY:0;rZ:0;sX:1;sY:1;skX:0;skY:0;opacity:0;\",\"mask\":\"x:0px;y:[100{ff029b9ed727a8cfab64ff35f0970f431e658f61ec42594ff25da87028f3ebdc}];s:inherit;e:inherit;\",\"speed\":2000,\"to\":\"o:1;\",\"delay\":500,\"ease\":\"Power2.easeInOut\"},{\"delay\":\"wait\",\"speed\":300,\"to\":\"opacity:0;\",\"ease\":\"nothing\"}]'\n\t\t\tdata-textAlign=\"['left','left','left','left']\"\n\t\t\tdata-paddingtop=\"[0,0,0,0]\"\n\t\t\tdata-paddingright=\"[0,0,0,0]\"\n\t\t\tdata-paddingbottom=\"[0,0,0,0]\"\n\t\t\tdata-paddingleft=\"[0,0,0,0]\"\n\n\t\t\tstyle=\"z-index: 6; min-width: 481px; max-width: 481px; white-space: normal; font-size: 40px; line-height: 45px; font-weight: 500; color: rgba(28,175,50,1);\">Lipa Association <\/div>\n\t<\/li>\n<\/ul>\n<div class=\"tp-bannertimer tp-bottom\" style=\"visibility: hidden !important;\"><\/div>\t<\/div>\n<script>var htmlDiv = document.getElementById(\"rs-plugin-settings-inline-css\"); var htmlDivCss=\"\";\r\n\t\t\t\tif(htmlDiv) {\r\n\t\t\t\t\thtmlDiv.innerHTML = htmlDiv.innerHTML + htmlDivCss;\r\n\t\t\t\t}else{\r\n\t\t\t\t\tvar htmlDiv = document.createElement(\"div\");\r\n\t\t\t\t\thtmlDiv.innerHTML = \"<style>\" + htmlDivCss + \"<\/style>\";\r\n\t\t\t\t\tdocument.getElementsByTagName(\"head\")[0].appendChild(htmlDiv.childNodes[0]);\r\n\t\t\t\t}\r\n\t\t\t<\/script>\n\t\t<script type=\"text\/javascript\">\r\nsetREVStartSize({c: jQuery('#rev_slider_34_1'), gridwidth: [825], gridheight: [407], sliderLayout: 'auto'});\r\n\t\t\t\r\nvar revapi34,\r\n\ttpj=jQuery;\r\n\t\t\t\r\ntpj(document).ready(function() {\n\tif(tpj(\"#rev_slider_34_1\").revolution == undefined){\n\t\trevslider_showDoubleJqueryError(\"#rev_slider_34_1\");\n\t}else{\n\t\trevapi34 = tpj(\"#rev_slider_34_1\").show().revolution({\n\t\t\tsliderType:\"carousel\",\n\t\t\tjsFileLocation:\"\/\/lipaassociation.com\/wp-content\/plugins\/revslider\/public\/assets\/js\/\",\n\t\t\tsliderLayout:\"auto\",\n\t\t\tdottedOverlay:\"none\",\n\t\t\tdelay:9000,\n\t\t\tnavigation: {\n\t\t\t\tonHoverStop:\"off\",\n\t\t\t},\n\t\t\tcarousel: {\n\t\t\t\thorizontal_align: \"center\",\n\t\t\t\tvertical_align: \"center\",\n\t\t\t\tfadeout: \"on\",\n\t\t\t\tvary_fade: \"off\",\n\t\t\t\tmaxVisibleItems: 3,\n\t\t\t\tinfinity: \"off\",\n\t\t\t\tspace: 0,\n\t\t\t\tstretch: \"off\",\n \t\t\t\t\t\t\tshowLayersAllTime: \"off\",\n \t\t\t\t\t\t\teasing: \"Power3.easeInOut\",\n \t\t\t\t\t\t\tspeed: \"800\"\n\t\t\t},\n\t\t\tvisibilityLevels:[1240,1024,778,480],\n\t\t\tgridwidth:825,\n\t\t\tgridheight:407,\n\t\t\tlazyType:\"none\",\n\t\t\tshadow:0,\n\t\t\tspinner:\"spinner0\",\n\t\t\tstopLoop:\"off\",\n\t\t\tstopAfterLoops:-1,\n\t\t\tstopAtSlide:-1,\n\t\t\tshuffle:\"off\",\n\t\t\tautoHeight:\"off\",\n\t\t\tdisableProgressBar:\"on\",\n\t\t\thideThumbsOnMobile:\"off\",\n\t\t\thideSliderAtLimit:0,\n\t\t\thideCaptionAtLimit:0,\n\t\t\thideAllCaptionAtLilmit:0,\n\t\t\tdebugMode:false,\n\t\t\tfallbacks: {\n\t\t\t\tsimplifyAll:\"off\",\n\t\t\t\tnextSlideOnWindowFocus:\"off\",\n\t\t\t\tdisableFocusListener:false,\n\t\t\t}\n\t\t});\n\t}\n\t\n});\t\/*ready*\/\n<\/script>\r\n\t\t<\/div><!-- END REVOLUTION SLIDER -->[vc_column_text css=&#8221;.vc_custom_1499194186033{margin-top: 40px !important;}&#8221;]<\/p>\n<h3>\u00dcber Lipa Association<\/h3>\n<p>Die Wirtschaftskrise in allen L\u00e4ndern der Welt sowie die Senkung der Einkommen in fast allen Klassen unserer Gesellschaft in den letzten 10 Jahren, f\u00fchrten zu einer Situation, dass das Volk immer weniger Mittel f\u00fcr Bestattungen hat, die immer teurer werden.<br \/>\nDer Verein LIPA wurde dank der Unterst\u00fctzung einer gro\u00dfen Anzahl an Partnern \u2013 GmbHs und Institutionen aus diversen gesch\u00e4ftlichen Gebieten, wie z. B. Renten- und Sozialversicherungen, Bestattungsfonds und Versicherungen, Bestattungsunternehmen aus ganz Europa und dem Balkan sowie unterschiedliche Glaubenseinrichtungen.<br \/>\nWir sind uns alle der Tatsache bewusst, dass Bestattungsdienstleistungen in der heutigen Zeit sehr viel kosten und anstatt uns in Momenten der gr\u00f6\u00dften Trauer darauf zu fokussieren, wie wir mit dem Verlust der uns nahestehenden Person zurechtkommen, m\u00fcssen wir \u00fcber den erforderlichen Betrag bzw. \u00fcber die Bestattungskosten nachdenken, die heutzutage sehr schwer bezahlt werden k\u00f6nnen. Deshalb wurde der Verein LIPA gegr\u00fcndet, damit Sie sich in den schwersten Momenten nicht um Geld oder um die Bezahlung von Bestattungskosten k\u00fcmmern. Das Ziel des Vereines ist, dass so viele Leute wie m\u00f6glich, aus allen gesellschaftlichen Schichten, sich sowohl hochwertige als auch erschwingliche Bestattungsdienstleistungen leisten k\u00f6nnen.<br \/>\nDie Gesch\u00e4ftst\u00e4tigkeit erfolgt nach dem folgenden Prinzip:<br \/>\nzu einem Teil als Bestattungsfond (Subventionen, Spenden, diverse staatliche und private Hilfen, Mitgliedschaften usw. und zum anderen und gr\u00f6\u00dferen Teil nach dem Prinzip einer Gruppenversicherung, die einen auch bis zu 12 Mal niedrigeren Preis im Vergleich zu einer selbstst\u00e4ndigen Versicherung erm\u00f6glicht.<br \/>\nDer Verein LIPA ist eine Bestattungsgarantie, die dazu da ist, ihre Mitglieder vor und nach der Bestattung zu sch\u00fctzen, sie zu vertreten, zu beraten und ihnen in allen Aspekten \u2013 finanziellen, psychischen, administrativen \u2013 zu helfen.[\/vc_column_text][vc_column_text css=&#8221;.vc_custom_1499194210916{margin-bottom: 34px !important;}&#8221;]<\/p>\n<blockquote><p>Werden Sie Vereinsmitglied und sichern Sie eine Bestattungsgarantie f\u00fcr sich und Ihre N\u00e4chsten. Wir sind immer mit Ihnen und f\u00fcr Sie da.<\/p><\/blockquote>\n<p>[\/vc_column_text][\/vc_column][vc_column width=&#8221;1\/4&#8243; offset=&#8221;vc_hidden-sm vc_hidden-xs&#8221;][vc_wp_custommenu nav_menu=&#8221;65&#8243;][stm_sidebar sidebar=&#8221;2956&#8243;][\/vc_column][\/vc_row][vc_row full_width=&#8221;stretch_row&#8221; css=&#8221;.vc_custom_1459505959648{margin-bottom: -60px !important;}&#8221; el_class=&#8221;third_bg_color&#8221;][vc_column][vc_cta h2=&#8221;Werden Sie Mittglied von Lipa Association und Senden Sie uns eine Antrag auf Mitgliedschaft !&#8221; h2_font_container=&#8221;font_size:20px|line_height:24px&#8221; h2_use_theme_fonts=&#8221;yes&#8221; shape=&#8221;square&#8221; style=&#8221;flat&#8221; add_button=&#8221;right&#8221; btn_title=&#8221;ANTRAG AUF MITGLIEDSCHAFT&#8221; btn_style=&#8221;flat&#8221; btn_color=&#8221;theme_style_2&#8243; btn_align=&#8221;right&#8221; btn_i_align=&#8221;right&#8221; btn_i_icon_fontawesome=&#8221;fa fa-chevron-right&#8221; use_custom_fonts_h2=&#8221;true&#8221; btn_link=&#8221;url:http%3A%2F%2Flipaassociation.com%2Fde%2Fbeitrittsformular%2F||&#8221; btn_add_icon=&#8221;true&#8221; el_class=&#8221;third_bg_color&#8221; css=&#8221;.vc_custom_1516703893437{margin-bottom: 0px !important;}&#8221; btn_button_block=&#8221;true&#8221;][\/vc_cta][\/vc_column][\/vc_row]<\/p>\n","protected":false},"excerpt":{"rendered":"<p>[vc_row css=&#8221;.vc_custom_1451991003825{margin-bottom: 100px !important;}&#8221;][vc_column offset=&#8221;vc_col-lg-9 vc_col-md-9&#8243;][vc_column_text css=&#8221;.vc_custom_1499194186033{margin-top: 40px !important;}&#8221;] \u00dcber Lipa Association Die Wirtschaftskrise in allen L\u00e4ndern der Welt sowie die Senkung der Einkommen in fast allen Klassen unserer Gesellschaft in den letzten 10 Jahren, f\u00fchrten zu einer Situation, dass das Volk immer weniger Mittel f\u00fcr Bestattungen hat, die immer teurer werden. Der Verein LIPA<\/p>\n","protected":false},"author":1,"featured_media":0,"parent":0,"menu_order":0,"comment_status":"closed","ping_status":"closed","template":"","meta":[],"_links":{"self":[{"href":"http:\/\/lipaassociation.com\/de\/wp-json\/wp\/v2\/pages\/2850"}],"collection":[{"href":"http:\/\/lipaassociation.com\/de\/wp-json\/wp\/v2\/pages"}],"about":[{"href":"http:\/\/lipaassociation.com\/de\/wp-json\/wp\/v2\/types\/page"}],"author":[{"embeddable":true,"href":"http:\/\/lipaassociation.com\/de\/wp-json\/wp\/v2\/users\/1"}],"replies":[{"embeddable":true,"href":"http:\/\/lipaassociation.com\/de\/wp-json\/wp\/v2\/comments?post=2850"}],"version-history":[{"count":10,"href":"http:\/\/lipaassociation.com\/de\/wp-json\/wp\/v2\/pages\/2850\/revisions"}],"predecessor-version":[{"id":4139,"href":"http:\/\/lipaassociation.com\/de\/wp-json\/wp\/v2\/pages\/2850\/revisions\/4139"}],"wp:attachment":[{"href":"http:\/\/lipaassociation.com\/de\/wp-json\/wp\/v2\/media?parent=2850"}],"curies":[{"name":"wp","href":"https:\/\/api.w.org\/{rel}","templated":true}]}}