{"id":2976,"date":"2016-01-06T00:00:00","date_gmt":"2016-01-06T00:00:00","guid":{"rendered":"http:\/\/lipaassociation.com\/ueber-lipa-association\/usluge\/"},"modified":"2018-01-24T08:32:49","modified_gmt":"2018-01-24T08:32:49","slug":"dienste","status":"publish","type":"page","link":"http:\/\/lipaassociation.com\/de\/ueber-lipa-association\/dienste\/","title":{"rendered":"Dienste"},"content":{"rendered":"<p>[vc_row css=&#8221;.vc_custom_1459506276575{margin-bottom: 100px !important;}&#8221;][vc_column width=&#8221;3\/4&#8243;]\n<div id=\"rev_slider_31_1_wrapper\" class=\"rev_slider_wrapper fullwidthbanner-container\" data-source=\"gallery\" style=\"margin:0px auto;background:transparent;padding:0px;margin-top:0px;margin-bottom:0px;\">\n<!-- START REVOLUTION SLIDER 5.4.5.1 auto mode -->\n\t<div id=\"rev_slider_31_1\" class=\"rev_slider fullwidthabanner\" style=\"display:none;\" data-version=\"5.4.5.1\">\n<ul>\t<!-- SLIDE  -->\n\t<li data-index=\"rs-56\" data-transition=\"slidehorizontal\" data-slotamount=\"default\" data-hideafterloop=\"0\" data-hideslideonmobile=\"off\"  data-easein=\"default\" data-easeout=\"default\" data-masterspeed=\"default\"  data-rotate=\"0\"  data-saveperformance=\"off\"  class=\"third_bg_color\" data-title=\"Slide\" data-param1=\"\" data-param2=\"\" data-param3=\"\" data-param4=\"\" data-param5=\"\" data-param6=\"\" data-param7=\"\" data-param8=\"\" data-param9=\"\" data-param10=\"\" data-description=\"\">\n\t\t<!-- MAIN IMAGE -->\n\t\t<img src=\"http:\/\/lipaassociation.com\/wp-content\/uploads\/2015\/12\/Layer-8067_01.jpg\"  alt=\"\" title=\"Layer-8067_01\"  width=\"1920\" height=\"613\" data-bgposition=\"center center\" data-bgfit=\"cover\" data-bgrepeat=\"no-repeat\" class=\"rev-slidebg\" data-no-retina>\n\t\t<!-- LAYERS -->\n\n\t\t<!-- LAYER NR. 1 -->\n\t\t<div class=\"tp-caption   tp-resizeme\" \n\t\t\t id=\"slide-56-layer-3\" \n\t\t\t data-x=\"24\" \n\t\t\t data-y=\"223\" \n\t\t\t\t\t\tdata-width=\"['495']\"\n\t\t\tdata-height=\"['109']\"\n \n\t\t\tdata-type=\"text\" \n\t\t\tdata-responsive_offset=\"on\" \n\n\t\t\tdata-frames='[{\"from\":\"z:0;rX:0;rY:0;rZ:0;sX:0.9;sY:0.9;skX:0;skY:0;opacity:0;\",\"speed\":1500,\"to\":\"o:1;\",\"delay\":2000,\"ease\":\"Power3.easeInOut\"},{\"delay\":\"wait\",\"speed\":300,\"to\":\"opacity:0;\",\"ease\":\"nothing\"}]'\n\t\t\tdata-textAlign=\"['left','left','left','left']\"\n\t\t\tdata-paddingtop=\"[0,0,0,0]\"\n\t\t\tdata-paddingright=\"[0,0,0,0]\"\n\t\t\tdata-paddingbottom=\"[0,0,0,0]\"\n\t\t\tdata-paddingleft=\"[0,0,0,0]\"\n\n\t\t\tstyle=\"z-index: 5; min-width: 495px; max-width: 495px; max-width: 109px; max-width: 109px; white-space: normal; font-size: 22px; line-height: 24px; font-weight: 400; color: rgba(51,51,51,1);\">Erstellen Sie Ihre Mitgliedschaft bei Bedarf.\nEs gibt drei Mitgliedschaftspakete und vier Servicepakete . <\/div>\n\n\t\t<!-- LAYER NR. 2 -->\n\t\t<div class=\"tp-caption   tp-resizeme\" \n\t\t\t id=\"slide-56-layer-6\" \n\t\t\t data-x=\"25\" \n\t\t\t data-y=\"132\" \n\t\t\t\t\t\tdata-width=\"['481']\"\n\t\t\tdata-height=\"['auto']\"\n \n\t\t\tdata-type=\"text\" \n\t\t\tdata-responsive_offset=\"on\" \n\n\t\t\tdata-frames='[{\"from\":\"x:[-100{ff029b9ed727a8cfab64ff35f0970f431e658f61ec42594ff25da87028f3ebdc}];z:0;rX:0deg;rY:0;rZ:0;sX:1;sY:1;skX:0;skY:0;\",\"mask\":\"x:0px;y:0px;\",\"speed\":1500,\"to\":\"o:1;\",\"delay\":500,\"ease\":\"Power3.easeInOut\"},{\"delay\":\"wait\",\"speed\":300,\"to\":\"opacity:0;\",\"ease\":\"nothing\"}]'\n\t\t\tdata-textAlign=\"['left','left','left','left']\"\n\t\t\tdata-paddingtop=\"[0,0,0,0]\"\n\t\t\tdata-paddingright=\"[0,0,0,0]\"\n\t\t\tdata-paddingbottom=\"[0,0,0,0]\"\n\t\t\tdata-paddingleft=\"[0,0,0,0]\"\n\n\t\t\tstyle=\"z-index: 6; min-width: 481px; max-width: 481px; white-space: normal; font-size: 40px; line-height: 45px; font-weight: 500; color: rgba(28,175,50,1);\">Mitgliedschaft und Service-Pakete <\/div>\n\t<\/li>\n<\/ul>\n<div class=\"tp-bannertimer tp-bottom\" style=\"visibility: hidden !important;\"><\/div>\t<\/div>\n<script>var htmlDiv = document.getElementById(\"rs-plugin-settings-inline-css\"); var htmlDivCss=\"\";\r\n\t\t\t\tif(htmlDiv) {\r\n\t\t\t\t\thtmlDiv.innerHTML = htmlDiv.innerHTML + htmlDivCss;\r\n\t\t\t\t}else{\r\n\t\t\t\t\tvar htmlDiv = document.createElement(\"div\");\r\n\t\t\t\t\thtmlDiv.innerHTML = \"<style>\" + htmlDivCss + \"<\/style>\";\r\n\t\t\t\t\tdocument.getElementsByTagName(\"head\")[0].appendChild(htmlDiv.childNodes[0]);\r\n\t\t\t\t}\r\n\t\t\t<\/script>\n\t\t<script type=\"text\/javascript\">\r\nsetREVStartSize({c: jQuery('#rev_slider_31_1'), gridwidth: [825], gridheight: [407], sliderLayout: 'auto'});\r\n\t\t\t\r\nvar revapi31,\r\n\ttpj=jQuery;\r\n\t\t\t\r\ntpj(document).ready(function() {\n\tif(tpj(\"#rev_slider_31_1\").revolution == undefined){\n\t\trevslider_showDoubleJqueryError(\"#rev_slider_31_1\");\n\t}else{\n\t\trevapi31 = tpj(\"#rev_slider_31_1\").show().revolution({\n\t\t\tsliderType:\"carousel\",\n\t\t\tjsFileLocation:\"\/\/lipaassociation.com\/wp-content\/plugins\/revslider\/public\/assets\/js\/\",\n\t\t\tsliderLayout:\"auto\",\n\t\t\tdottedOverlay:\"none\",\n\t\t\tdelay:9000,\n\t\t\tnavigation: {\n\t\t\t\tonHoverStop:\"off\",\n\t\t\t},\n\t\t\tcarousel: {\n\t\t\t\thorizontal_align: \"center\",\n\t\t\t\tvertical_align: \"center\",\n\t\t\t\tfadeout: \"on\",\n\t\t\t\tvary_fade: \"off\",\n\t\t\t\tmaxVisibleItems: 3,\n\t\t\t\tinfinity: \"off\",\n\t\t\t\tspace: 0,\n\t\t\t\tstretch: \"off\",\n \t\t\t\t\t\t\tshowLayersAllTime: \"off\",\n \t\t\t\t\t\t\teasing: \"Power3.easeInOut\",\n \t\t\t\t\t\t\tspeed: \"800\"\n\t\t\t},\n\t\t\tvisibilityLevels:[1240,1024,778,480],\n\t\t\tgridwidth:825,\n\t\t\tgridheight:407,\n\t\t\tlazyType:\"none\",\n\t\t\tshadow:0,\n\t\t\tspinner:\"spinner0\",\n\t\t\tstopLoop:\"off\",\n\t\t\tstopAfterLoops:-1,\n\t\t\tstopAtSlide:-1,\n\t\t\tshuffle:\"off\",\n\t\t\tautoHeight:\"off\",\n\t\t\tdisableProgressBar:\"on\",\n\t\t\thideThumbsOnMobile:\"off\",\n\t\t\thideSliderAtLimit:0,\n\t\t\thideCaptionAtLimit:0,\n\t\t\thideAllCaptionAtLilmit:0,\n\t\t\tdebugMode:false,\n\t\t\tfallbacks: {\n\t\t\t\tsimplifyAll:\"off\",\n\t\t\t\tnextSlideOnWindowFocus:\"off\",\n\t\t\t\tdisableFocusListener:false,\n\t\t\t}\n\t\t});\n\t}\n\t\n});\t\/*ready*\/\n<\/script>\r\n\t\t<\/div><!-- END REVOLUTION SLIDER -->[vc_column_text css=&#8221;.vc_custom_1499251530723{margin-top: 45px !important;}&#8221;]Der Verein Lipa Association hat in seinem Mitgliedschaftsangebot eine grundlegende Aufteilung auf zwei Mitgliedschaftsoptionen, Lokal und International. Eine Mitgliedschaft auf der Ebene Lokal bezieht sich auf das ehemalige Jugoslawien und auf das Lokal Westen, wobei International sich auf Europa I, Europa II und Europa III bezieht. Im weiteren Text werden wir versuchen, den Unterschied zwischen Lokal und International zu erkl\u00e4ren, und welche Merkmale sie pr\u00e4gen. Neben der Aufteilung auf Lokal und International, hat jedes Mitglied die M\u00f6glichkeit, Mitgliedschaftspakete und Dienstleistungspakete auszuw\u00e4hlen, die sich auf die Mitgliedschaft International beziehen.[\/vc_column_text][vc_column_text css=&#8221;.vc_custom_1499251683642{margin-top: 45px !important;}&#8221;]<\/p>\n<h3>Lokal<\/h3>\n<p>Wenn Sie ein Paket ausw\u00e4hlen in dem Ihre Bed\u00fcrfnisse und W\u00fcnsche nicht angef\u00fchrt sind, so schl\u00e4gt Ihnen der Verein Lokal vor.<\/p>\n<p>Das Mitgliedschaftspaket bleibt gleich, das Lokal kann in Absprache mit dem jeweiligen Mitglied umfassen:<\/p>\n<ul>\n<li>Eine Bestattung im Staat Ihres Wohnsitzes<\/li>\n<li>Eine Bestattung in einem Staat, der in unseren Paketen nicht angef\u00fchrt ist<\/li>\n<li>Bed\u00fcrfnisse und W\u00fcnsche, die in unseren Paketen nicht angef\u00fchrt sind<\/li>\n<li>Spezifische und besondere W\u00fcnsche<\/li>\n<li>Spezifische und besondere Situationen, die nicht angef\u00fchrt sind<\/li>\n<\/ul>\n<p>F\u00fcr jeden Antrag auf eine Mitgliedschaftsbeitritt ist erforderlich:<\/p>\n<ul>\n<li>Dass Sie Ihren n\u00e4chsten LIPA ASSOCIATION Partner pers\u00f6nlich besuchen<\/li>\n<li>Oder einen direkten Besuch der Internetseite des Vereins LIPA abstatten<\/li>\n<\/ul>\n<p>Es ist erforderlich, dass Sie einen Antrag mit Ihren W\u00fcnschen und Besonderheiten einreichen, wobei Sie eine Antwort binnen 3 Tagen erhalten w\u00fcrden, mit einer Einsch\u00e4tzung Ihrer W\u00fcnsche sowie dem Preis f\u00fcr Ihre j\u00e4hrliche Mitgliedschaft.<\/p>\n<p>F\u00fcr jedes neue Mitglied tretet die Bestattungsgarantie 190 Tage nach Registrierung in Kraft.<br \/>\nIn diesem Zeitraum sind nur Verkehrs- und Arbeitsunf\u00e4lle gesichert, sowie auch unvorhersehbare Todesursachen (Herz- und Schlaganfall).<\/p>\n<p>Der Verein LIPA steht hinter jedem Mitglied und wird der Familie in den schwierigsten Momenten beistehen.[\/vc_column_text][vc_column_text css=&#8221;.vc_custom_1516782661575{margin-top: 45px !important;}&#8221;]<\/p>\n<h3>International<\/h3>\n<p>International, oder Dienstleistungspaket, wie wir diese Mitgliedschaft auch nennen, sind vordefinierte Dienstleistungen, die meist zwecks Repatriation der Verstorbenen in ihre Heimat angefordert werden. Es gibt vier unterschiedliche Pakettypen, unter den Bezeichnungen: Basic, Standard, Exclusiv und Gold.<\/p>\n<p>Diese werden auch meist ausgew\u00e4hlt, sodass sie zwischen 15%und 20% g\u00fcnstiger sind.<\/p>\n<p>Die Mitgliedschaftspakete bleiben gleich, die Dienstleistungspakete k\u00f6nnen in Absprache mit ihren Mitgliedern umfassen:<\/p>\n<ul>\n<li>Bef\u00f6rderung der Verstorbenen in den Staat der Bestattung<\/li>\n<li>Bef\u00f6rderung der Verstorbenen und Organisation der Bestattung im Staat der Beerdigung<\/li>\n<\/ul>\n<p>F\u00fcr jeden Mitgliedschaftsantrag f\u00fcr das Paket International ist erforderlich:<\/p>\n<ul>\n<li>Dass Sie Kontakt aufnehmen mit Ihrem n\u00e4chsten Partner<\/li>\n<li>Oder die Internetseite des Vereins LIPA direkt besuchen<\/li>\n<\/ul>\n<p>F\u00fcr jedes neue Mitglied tretet die Bestattungsgarantie 190 Tage nach der Registrierung in Kraft.<br \/>\nIn diesem Zeitraum werden nur Verkehrs- und Arbeitsunf\u00e4lle gew\u00e4hrleistet, sowie auch unvorhersehbare Todesursachen (Herz- und Schlaganf\u00e4lle).<\/p>\n<p>Der Verein LIPA steht hinter jedem Mitglied und wird der Familie in den schwierigsten Momenten beistehen.[\/vc_column_text][vc_column_text css=&#8221;.vc_custom_1499251828628{margin-top: 45px !important;}&#8221;]<\/p>\n<h3>Mitgliedschafts- und Dienstleistungspakete<\/h3>\n<p>Um die richtige Bestattungsgarantie zu w\u00e4hlen, ist das richtige Mitgliedschafts- und Dienstleistungspaket zu w\u00e4hlen, um Anspr\u00fcche auf bestimmte Dienstleistungen und Beg\u00fcnstigungen umsetzen zu k\u00f6nnen.[\/vc_column_text][vc_tta_accordion c_position=&#8221;right&#8221; active_section=&#8221;1&#8243; no_fill=&#8221;true&#8221;][vc_tta_section title=&#8221;In die Mitgliedschaftspakete fallen die folgenden Kategorien: &#8221; tab_id=&#8221;1473110130796-d2c2b469-dd52&#8243;][vc_column_text]\u2013 <strong>Lipa SINGLE<\/strong> ist eine einheitliche Bestattungsgarantie f\u00fcr vollj\u00e4hrige Personen, die ihr 18. Lebensjahr vollendet haben, unabh\u00e4ngig davon, welche Staatsb\u00fcrgerschaft sie haben und welcher Konfession sie angeh\u00f6ren, mit einem ordentlichen Wohnsitz bzw. Aufenthalt in Europa.<br \/>\n\u2013 <strong>Lipa DUO<\/strong> ist eine Bestattungsgarantie f\u00fcr Paare bzw. f\u00fcr vollj\u00e4hrige Personen (\u00fcber 18 Jahre), die den gleichen Wohnsitz haben (Ehepaare, Paare die in einer Lebensgemeinschaft leben, Geschwister), unabh\u00e4ngig von ihrer Staatsb\u00fcrgerschaft und Konfession, mit einem odentlichen Wohnsitz oder Aufenthalt in Europa. Die Bestattungsgarantie ist die richtige Wahl f\u00fcr Ehepartner und nicht verheiratete Paare ohne Kinder, bzw. f\u00fcr Geschwister die keine eigenen Familien haben.<br \/>\n\u2013 <strong>Lipa FAMILY<\/strong> ist eine famil\u00e4re Bestattungsgarantie f\u00fcr eine oder mehrere Personen (\u00fcber 18 Jahre), die unter der gleichen Adresse wohnen (Ehepaare, unverheiratete Paare die in einer Lebensgemeinschat leben), mit h\u00f6chstens vier Kindern bis 21 Jahren, die einen ordentlichen Wohnsitz oder Aufenthalt in Europa haben. Die famil\u00e4re Bestattungsgarantie ist die richtige Wahl f\u00fcr Ehepaare bzw. unverheiratete Paare die in einer Lebensgemeinschaft leben sowie f\u00fcr generations\u00fcbergreifende Familien.[\/vc_column_text][\/vc_tta_section][vc_tta_section title=&#8221;Zu den Dienstleistungspaketen geh\u00f6ren folgende Pakete:&#8221; tab_id=&#8221;1473110130891-0d859b40-43b1&#8243;][vc_column_text]\u2013\u00a0<strong>Lipa Basic<\/strong>\u00a0\u2013 als Grundpaket, dass grundlegende Dienstleistungen umfasst: Bef\u00f6rderung, Administration, Ausstattung f\u00fcr Bestattungen<\/p>\n<p>\u2013\u00a0<strong>Lipa Standard<\/strong>\u00a0\u2013 als mittleres Dienstleistungspaket, das zu den Dienstleistungen des Basic Pakets auch eine zus\u00e4tzliche Dienstleistung vorsieht \u2013 n\u00e4mlich die Organisation der Bestattung<\/p>\n<p>\u2013\u00a0<strong>Lipa Exclusive<\/strong>\u00a0&#8211; als h\u00f6heres Dienstleistungspaket, das standardm\u00e4\u00dfige Dienstleistungen mit einer hochwertigeren Ausstattung umfasst<\/p>\n<p>\u2013\u00a0<strong>Lipa Gold<\/strong>\u00a0\u2013 als h\u00f6chstes Dienstleistungspaket, womit dieses Paket auch das umfangreichste Paket ist[\/vc_column_text][\/vc_tta_section][\/vc_tta_accordion][vc_column_text]Dienstleistungen die Ihnen in Abh\u00e4ngigkeit von dem gew\u00e4hlten Dienstleistungspaket zustehen:[\/vc_column_text][vc_row_inner css=&#8221;.vc_custom_1455886051719{margin-bottom: 10px !important;}&#8221;][vc_column_inner width=&#8221;1\/2&#8243;][stm_icon_box hide_title_line=&#8221;hide_title_line&#8221; enable_hexagon=&#8221;enable&#8221; enable_hexagon_animation=&#8221;enable&#8221; icon=&#8221;fa fa-file-powerpoint-o&#8221; style=&#8221;icon_left&#8221; icon_size=&#8221;22&#8243; icon_width=&#8221;78&#8243; title=&#8221;Administrative Prozedur&#8221;]Im Todesfall bearbeitet der Verein Lipa Association, in Zusammenarbeit mit seinen Partnern in ganz Europa, vollst\u00e4ndig den administrativen Teil, unabh\u00e4ngig davon, wo sich der Verstorbene befindet.[\/stm_icon_box][\/vc_column_inner][vc_column_inner width=&#8221;1\/2&#8243;][stm_icon_box hide_title_line=&#8221;hide_title_line&#8221; enable_hexagon=&#8221;enable&#8221; enable_hexagon_animation=&#8221;enable&#8221; icon=&#8221;stm-user7&#8243; style=&#8221;icon_left&#8221; icon_size=&#8221;21&#8243; icon_width=&#8221;78&#8243; title=&#8221;Organisation im Hinblick auf die verstorbene Person&#8221;]Der Verein Lipa Association\u00a0wird, in Absprache mit dem jeweiligen Kunden, alle Einzelheiten bez\u00fcglich der verstorbene Person \u00fcbernehmen, wie z. B.: waschen, bekleiden, professionelles Schminken, Konservationspflege (nur auf Wunsch der Familie).[\/stm_icon_box][\/vc_column_inner][\/vc_row_inner][vc_row_inner css=&#8221;.vc_custom_1455886085190{margin-bottom: 10px !important;}&#8221;][vc_column_inner width=&#8221;1\/2&#8243;][stm_icon_box hide_title_line=&#8221;hide_title_line&#8221; enable_hexagon=&#8221;enable&#8221; enable_hexagon_animation=&#8221;enable&#8221; icon=&#8221;fa fa-bookmark&#8221; style=&#8221;icon_left&#8221; icon_size=&#8221;23&#8243; icon_width=&#8221;78&#8243; title=&#8221;Ausstattung&#8221;]Gem\u00e4\u00df des gew\u00e4hlten Paketes, bietet der Verein Lipa Association Ihnen eine gro\u00dfe Auswahl an kompletter Ausstattung f\u00fcr Bestattungen, in einer hohen Qualit\u00e4t[\/stm_icon_box][\/vc_column_inner][vc_column_inner width=&#8221;1\/2&#8243;][stm_icon_box hide_title_line=&#8221;hide_title_line&#8221; enable_hexagon=&#8221;enable&#8221; enable_hexagon_animation=&#8221;enable&#8221; icon=&#8221;stm-truck&#8221; style=&#8221;icon_left&#8221; icon_size=&#8221;15&#8243; icon_width=&#8221;78&#8243; title=&#8221;Organisation in Bezug auf die Bef\u00f6rderung der Verstorbenen&#8221;]Der Verein Lipa Association \u00fcbernimmt aufgrund Ihrer Mitgliedschaft die komplette Organisation der Bef\u00f6rderung der Verstorbenen auf dem Gebiet ganz Europas. Die Bef\u00f6rderung erfolgt mit spezialisierten Fahrzeugen, die f\u00fcr diesen Zweck bestimmt sind.[\/stm_icon_box][\/vc_column_inner][\/vc_row_inner][vc_row_inner][vc_column_inner width=&#8221;1\/2&#8243;][stm_icon_box hide_title_line=&#8221;hide_title_line&#8221; enable_hexagon=&#8221;enable&#8221; enable_hexagon_animation=&#8221;enable&#8221; icon=&#8221;stm-building6&#8243; style=&#8221;icon_left&#8221; icon_size=&#8221;27&#8243; icon_width=&#8221;78&#8243; title=&#8221;Organisation der Bestattung&#8221;]In Zusammenarbeit mit unseren Partnern und in Absprache mit unseren Mitgliedern, wird der Verein Lipa Association eine Bestattung in Einklang mit Ihrem Wunsch und nach Ihren M\u00f6glichkeiten organisieren. Lipa ist f\u00fcr Sie da, um Ihnen zu erm\u00f6glichen, alle religi\u00f6se und volkst\u00fcmliche Br\u00e4uche \u2013 aller Konfessionen.[\/stm_icon_box][\/vc_column_inner][vc_column_inner width=&#8221;1\/2&#8243;][stm_icon_box hide_title_line=&#8221;hide_title_line&#8221; enable_hexagon=&#8221;enable&#8221; enable_hexagon_animation=&#8221;enable&#8221; icon=&#8221;stm-stm14_calendar&#8221; style=&#8221;icon_left&#8221; icon_size=&#8221;19&#8243; icon_width=&#8221;78&#8243; title=&#8221;Organisation nach der Bestattung&#8221;]Der Verein Lipa Association ist da, um ihre Mitglieder zu sch\u00fctzen, ihnen vor und nach der Bestattung zur Seite zu stehen, sie zu vertreten, beraten und ihnen in allen Aspekten Hilfe zu leisten.[\/stm_icon_box][\/vc_column_inner][\/vc_row_inner][vc_row_inner][vc_column_inner][\/vc_column_inner][\/vc_row_inner][\/vc_column][vc_column width=&#8221;1\/4&#8243;][vc_wp_custommenu nav_menu=&#8221;65&#8243;][stm_sidebar sidebar=&#8221;2956&#8243;][\/vc_column][\/vc_row][vc_row full_width=&#8221;stretch_row&#8221; css=&#8221;.vc_custom_1459505959648{margin-bottom: -60px !important;}&#8221; el_class=&#8221;third_bg_color&#8221;][vc_column][vc_cta h2=&#8221;Werden Sie Mittglied von Lipa Association und Senden Sie uns eine Antrag auf Mitgliedschaft !&#8221; h2_font_container=&#8221;font_size:20px|line_height:24px&#8221; h2_use_theme_fonts=&#8221;yes&#8221; shape=&#8221;square&#8221; style=&#8221;flat&#8221; add_button=&#8221;right&#8221; btn_title=&#8221;ANTRAG AUF MITGLIEDSCHAFT&#8221; btn_style=&#8221;flat&#8221; btn_color=&#8221;theme_style_2&#8243; btn_align=&#8221;right&#8221; btn_i_align=&#8221;right&#8221; btn_i_icon_fontawesome=&#8221;fa fa-chevron-right&#8221; use_custom_fonts_h2=&#8221;true&#8221; btn_link=&#8221;url:http%3A%2F%2Flipaassociation.com%2Fde%2Fbeitrittsformular%2F||&#8221; btn_add_icon=&#8221;true&#8221; el_class=&#8221;third_bg_color&#8221; css=&#8221;.vc_custom_1516782764849{margin-bottom: 0px !important;}&#8221; btn_button_block=&#8221;true&#8221;][\/vc_cta][\/vc_column][\/vc_row]<\/p>\n","protected":false},"excerpt":{"rendered":"<p>[vc_row css=&#8221;.vc_custom_1459506276575{margin-bottom: 100px !important;}&#8221;][vc_column width=&#8221;3\/4&#8243;][vc_column_text css=&#8221;.vc_custom_1499251530723{margin-top: 45px !important;}&#8221;]Der Verein Lipa Association hat in seinem Mitgliedschaftsangebot eine grundlegende Aufteilung auf zwei Mitgliedschaftsoptionen, Lokal und International. Eine Mitgliedschaft auf der Ebene Lokal bezieht sich auf das ehemalige Jugoslawien und auf das Lokal Westen, wobei International sich auf Europa I, Europa II und Europa III bezieht. Im weiteren<\/p>\n","protected":false},"author":1,"featured_media":0,"parent":2850,"menu_order":0,"comment_status":"closed","ping_status":"closed","template":"","meta":[],"_links":{"self":[{"href":"http:\/\/lipaassociation.com\/de\/wp-json\/wp\/v2\/pages\/2976"}],"collection":[{"href":"http:\/\/lipaassociation.com\/de\/wp-json\/wp\/v2\/pages"}],"about":[{"href":"http:\/\/lipaassociation.com\/de\/wp-json\/wp\/v2\/types\/page"}],"author":[{"embeddable":true,"href":"http:\/\/lipaassociation.com\/de\/wp-json\/wp\/v2\/users\/1"}],"replies":[{"embeddable":true,"href":"http:\/\/lipaassociation.com\/de\/wp-json\/wp\/v2\/comments?post=2976"}],"version-history":[{"count":11,"href":"http:\/\/lipaassociation.com\/de\/wp-json\/wp\/v2\/pages\/2976\/revisions"}],"predecessor-version":[{"id":4163,"href":"http:\/\/lipaassociation.com\/de\/wp-json\/wp\/v2\/pages\/2976\/revisions\/4163"}],"up":[{"embeddable":true,"href":"http:\/\/lipaassociation.com\/de\/wp-json\/wp\/v2\/pages\/2850"}],"wp:attachment":[{"href":"http:\/\/lipaassociation.com\/de\/wp-json\/wp\/v2\/media?parent=2976"}],"curies":[{"name":"wp","href":"https:\/\/api.w.org\/{rel}","templated":true}]}}