{"id":3035,"date":"2016-01-07T00:00:00","date_gmt":"2016-01-07T00:00:00","guid":{"rendered":"http:\/\/lipaassociation.com\/ueber-lipa-association\/zasto-bas-lipa-association\/"},"modified":"2018-01-24T08:37:20","modified_gmt":"2018-01-24T08:37:20","slug":"warum-lipa-association","status":"publish","type":"page","link":"http:\/\/lipaassociation.com\/de\/ueber-lipa-association\/warum-lipa-association\/","title":{"rendered":"Warum Lipa Association?"},"content":{"rendered":"<p>[vc_row css=&#8221;.vc_custom_1459506339266{margin-bottom: 100px !important;}&#8221;][vc_column width=&#8221;3\/4&#8243;]\n<div id=\"rev_slider_23_1_wrapper\" class=\"rev_slider_wrapper fullwidthbanner-container\" data-source=\"gallery\" style=\"margin:0px auto;background:transparent;padding:0px;margin-top:0px;margin-bottom:0px;\">\n<!-- START REVOLUTION SLIDER 5.4.5.1 auto mode -->\n\t<div id=\"rev_slider_23_1\" class=\"rev_slider fullwidthabanner\" style=\"display:none;\" data-version=\"5.4.5.1\">\n<ul>\t<!-- SLIDE  -->\n\t<li data-index=\"rs-48\" data-transition=\"slidehorizontal\" data-slotamount=\"default\" data-hideafterloop=\"0\" data-hideslideonmobile=\"off\"  data-easein=\"default\" data-easeout=\"default\" data-masterspeed=\"default\"  data-rotate=\"0\"  data-saveperformance=\"off\"  class=\"third_bg_color\" data-title=\"Slide\" data-param1=\"\" data-param2=\"\" data-param3=\"\" data-param4=\"\" data-param5=\"\" data-param6=\"\" data-param7=\"\" data-param8=\"\" data-param9=\"\" data-param10=\"\" data-description=\"\">\n\t\t<!-- MAIN IMAGE -->\n\t\t<img src=\"http:\/\/lipaassociation.com\/wp-content\/uploads\/2016\/09\/zasto-lipa.jpg\"  alt=\"\"  width=\"1382\" height=\"922\" data-bgposition=\"center center\" data-bgfit=\"cover\" data-bgrepeat=\"no-repeat\" class=\"rev-slidebg\" data-no-retina>\n\t\t<!-- LAYERS -->\n\n\t\t<!-- LAYER NR. 1 -->\n\t\t<div class=\"tp-caption   tp-resizeme\" \n\t\t\t id=\"slide-48-layer-3\" \n\t\t\t data-x=\"32\" \n\t\t\t data-y=\"314\" \n\t\t\t\t\t\tdata-width=\"['683']\"\n\t\t\tdata-height=\"['auto']\"\n \n\t\t\tdata-type=\"text\" \n\t\t\tdata-responsive_offset=\"on\" \n\n\t\t\tdata-frames='[{\"from\":\"x:[175{ff029b9ed727a8cfab64ff35f0970f431e658f61ec42594ff25da87028f3ebdc}];y:0px;z:0;rX:0;rY:0;rZ:0;sX:1;sY:1;skX:0;skY:0;opacity:1;\",\"mask\":\"x:[-100{ff029b9ed727a8cfab64ff35f0970f431e658f61ec42594ff25da87028f3ebdc}];y:0;\",\"speed\":1500,\"to\":\"o:1;\",\"delay\":2000,\"ease\":\"Power3.easeOut\"},{\"delay\":\"wait\",\"speed\":300,\"to\":\"opacity:0;\",\"ease\":\"nothing\"}]'\n\t\t\tdata-textAlign=\"['left','left','left','left']\"\n\t\t\tdata-paddingtop=\"[0,0,0,0]\"\n\t\t\tdata-paddingright=\"[0,0,0,0]\"\n\t\t\tdata-paddingbottom=\"[0,0,0,0]\"\n\t\t\tdata-paddingleft=\"[0,0,0,0]\"\n\n\t\t\tstyle=\"z-index: 5; min-width: 683px; max-width: 683px; white-space: normal; font-size: 22px; line-height: 24px; font-weight: 400; color: rgba(51,51,51,1);background-color:rgba(255,255,255,0.70);\">Wir werden uns bem\u00fchen, Ihnen durch eine detaillierte Analyse statistischer Daten zu erl\u00e4utern, weshalb der Verein Lipa Association in Europa einzigartig ist.  <\/div>\n\n\t\t<!-- LAYER NR. 2 -->\n\t\t<div class=\"tp-caption   tp-resizeme\" \n\t\t\t id=\"slide-48-layer-6\" \n\t\t\t data-x=\"31\" \n\t\t\t data-y=\"235\" \n\t\t\t\t\t\tdata-width=\"['490']\"\n\t\t\tdata-height=\"['92']\"\n \n\t\t\tdata-type=\"text\" \n\t\t\tdata-responsive_offset=\"on\" \n\n\t\t\tdata-frames='[{\"from\":\"opacity:0;\",\"speed\":1500,\"to\":\"o:1;\",\"delay\":500,\"ease\":\"Power2.easeInOut\"},{\"delay\":\"wait\",\"speed\":300,\"to\":\"opacity:0;\",\"ease\":\"nothing\"}]'\n\t\t\tdata-textAlign=\"['left','left','left','left']\"\n\t\t\tdata-paddingtop=\"[0,0,0,0]\"\n\t\t\tdata-paddingright=\"[0,0,0,0]\"\n\t\t\tdata-paddingbottom=\"[0,0,0,0]\"\n\t\t\tdata-paddingleft=\"[0,0,0,0]\"\n\n\t\t\tstyle=\"z-index: 6; min-width: 490px; max-width: 490px; max-width: 92px; max-width: 92px; white-space: normal; font-size: 40px; line-height: 45px; font-weight: 500; color: rgba(28,175,50,1);background-color:rgba(255,255,255,0.30);\">Warum Lipa Association ? <\/div>\n\t<\/li>\n<\/ul>\n<div class=\"tp-bannertimer tp-bottom\" style=\"visibility: hidden !important;\"><\/div>\t<\/div>\n<script>var htmlDiv = document.getElementById(\"rs-plugin-settings-inline-css\"); var htmlDivCss=\"\";\r\n\t\t\t\tif(htmlDiv) {\r\n\t\t\t\t\thtmlDiv.innerHTML = htmlDiv.innerHTML + htmlDivCss;\r\n\t\t\t\t}else{\r\n\t\t\t\t\tvar htmlDiv = document.createElement(\"div\");\r\n\t\t\t\t\thtmlDiv.innerHTML = \"<style>\" + htmlDivCss + \"<\/style>\";\r\n\t\t\t\t\tdocument.getElementsByTagName(\"head\")[0].appendChild(htmlDiv.childNodes[0]);\r\n\t\t\t\t}\r\n\t\t\t<\/script>\n\t\t<script type=\"text\/javascript\">\r\nsetREVStartSize({c: jQuery('#rev_slider_23_1'), gridwidth: [825], gridheight: [407], sliderLayout: 'auto'});\r\n\t\t\t\r\nvar revapi23,\r\n\ttpj=jQuery;\r\n\t\t\t\r\ntpj(document).ready(function() {\n\tif(tpj(\"#rev_slider_23_1\").revolution == undefined){\n\t\trevslider_showDoubleJqueryError(\"#rev_slider_23_1\");\n\t}else{\n\t\trevapi23 = tpj(\"#rev_slider_23_1\").show().revolution({\n\t\t\tsliderType:\"carousel\",\n\t\t\tjsFileLocation:\"\/\/lipaassociation.com\/wp-content\/plugins\/revslider\/public\/assets\/js\/\",\n\t\t\tsliderLayout:\"auto\",\n\t\t\tdottedOverlay:\"none\",\n\t\t\tdelay:9000,\n\t\t\tnavigation: {\n\t\t\t\tonHoverStop:\"off\",\n\t\t\t},\n\t\t\tcarousel: {\n\t\t\t\thorizontal_align: \"center\",\n\t\t\t\tvertical_align: \"center\",\n\t\t\t\tfadeout: \"on\",\n\t\t\t\tvary_fade: \"off\",\n\t\t\t\tmaxVisibleItems: 3,\n\t\t\t\tinfinity: \"off\",\n\t\t\t\tspace: 0,\n\t\t\t\tstretch: \"off\",\n \t\t\t\t\t\t\tshowLayersAllTime: \"off\",\n \t\t\t\t\t\t\teasing: \"Power3.easeInOut\",\n \t\t\t\t\t\t\tspeed: \"800\"\n\t\t\t},\n\t\t\tvisibilityLevels:[1240,1024,778,480],\n\t\t\tgridwidth:825,\n\t\t\tgridheight:407,\n\t\t\tlazyType:\"none\",\n\t\t\tshadow:0,\n\t\t\tspinner:\"spinner0\",\n\t\t\tstopLoop:\"off\",\n\t\t\tstopAfterLoops:-1,\n\t\t\tstopAtSlide:-1,\n\t\t\tshuffle:\"off\",\n\t\t\tautoHeight:\"off\",\n\t\t\tdisableProgressBar:\"on\",\n\t\t\thideThumbsOnMobile:\"off\",\n\t\t\thideSliderAtLimit:0,\n\t\t\thideCaptionAtLimit:0,\n\t\t\thideAllCaptionAtLilmit:0,\n\t\t\tdebugMode:false,\n\t\t\tfallbacks: {\n\t\t\t\tsimplifyAll:\"off\",\n\t\t\t\tnextSlideOnWindowFocus:\"off\",\n\t\t\t\tdisableFocusListener:false,\n\t\t\t}\n\t\t});\n\t}\n\t\n});\t\/*ready*\/\n<\/script>\r\n\t\t<\/div><!-- END REVOLUTION SLIDER -->[stm_spacing lg_spacing=&#8221;25&#8243; md_spacing=&#8221;25&#8243; sm_spacing=&#8221;25&#8243; xs_spacing=&#8221;25&#8243;][vc_column_text css=&#8221;.vc_custom_1516782907198{margin-bottom: 25px !important;}&#8221;]<\/p>\n<h3>Analyse des jetzigen Stands am Markt<\/h3>\n<p>Abh\u00e4ngig von den L\u00e4ndern in Europa, aber auch generell betrachtet, stiegen die Kosten f\u00fcr Bestattungsdienstleistungen in den letzten zehn Jahren nicht an; es konnte genau das Gegenteil beobachtet werden, bzw. eine Senkung der Preise (10% bis 20%).<br \/>\nDie Wirtschaftskrise f\u00fchrte in den letzten Jahren zu einem drastischen R\u00fcckgang der Eink\u00fcnfte (in manchen Regionen leider auch bis zu 50%) und zu dem Verlust von Arbeitpl\u00e4tzen in fast allen Klassen unserer Gesellschaft. Mit unserem Vergleich haben wir den Zustand in den zwei gr\u00f6\u00dften L\u00e4ndern Westeuropas analysiert \u2013 in Frankreich und Deutschland.<br \/>\nNach der Statistik der staatlichen Institutionen, fehlt es schon zu diesem Zeitpunkt an Bestattungsunternehmen (Zahl der Bestattungen im Verh\u00e4ltnis zur Zahl der Unternehmen und durchschnittliche Anzahl der durchf\u00fchrbaren Bestattungen). So fehlen etwa 150 Unternehmen in Frankreich und ca. 250 in Deutschland.<br \/>\nIn den n\u00e4chsten Jahren wird ein Anstieg der Sterblichkeitsrate bis zu zwei Mal erwartet. Erst 2040 k\u00f6nne man erwarten, dass diese Zahl auf 0,86% f\u00fcr Frankreich bzw. 0,92% f\u00fcr Deutschland zur\u00fcckgeht. Die Ursache des Anstiegs der Sterblichkeitsrate geht zur\u00fcck auf den Babyboom aus der Nachkriegszeit, von 1950 bis 1960. Man geht davon aus, dass es bis zum Jahre 2030 an 350 Bestattungsunternehmen in Frankreich bzw. 550 in Deutschland fehlen wird.[\/vc_column_text][vc_column_text css=&#8221;.vc_custom_1499255235678{margin-bottom: 25px !important;}&#8221;]<\/p>\n<h3>Abschluss der Analyse<\/h3>\n<p>Es gibt keinerlei Vorhersagen dar\u00fcber, dass die Preise f\u00fcr Bestattungsdienstleistungen aufgrund einer gr\u00f6\u00dferen Konkurrenz unter den Bestattungsunternehmen, zur\u00fcckgehen werden. Ganz im Gegenteil, sie k\u00f6nnen nur ansteigen. in diesem gleichen Verh\u00e4ltnis werden auch die Versicherungsgesellschaften ihre Preise erh\u00f6hen, weshalb wir uns schon jetzt nach einer anderen Finanzierungsart umsehen m\u00fcssen.[\/vc_column_text][vc_column_text css=&#8221;.vc_custom_1499255264642{margin-bottom: 10px !important;}&#8221;]<\/p>\n<h3>Vergleich<\/h3>\n<p>Zu Zwecken unseres Vergleichs, waren wir auf der Suche nach einzelnen Angeboten, und zwar von 30 Versicherungsgesellschaften in Frankreich und von gleich so vielen in Deutschland. Nach detaillierten Analysen und Vergleichen, haben wir die g\u00fcnstigsten gew\u00e4hlt. F\u00fcr Frankreich werden wir diese Gesellschaft im folgenden Text F nennen, f\u00fcr Deuschland D.<br \/>\nDie durchschnittliche Lebenserwartung in Westeuropa betr\u00e4gt 79 Jahre (mittlerer Durchschnitt zwischen Frauen und M\u00e4nnern), in Osteuropa 75 Jahre. F\u00fcr einen Vergleich werden wir eine durchschnittliche Lebenserwartung von 77 Jahren hinzuziehen und eine endg\u00fcltige von 99 Jahren.<br \/>\nF\u00fcr das Jahr des Mitgliedschaftsbeitrittes werden wir 3 unterschiedliche Lebensalter in Betracht ziehen \u2013 40 Jahre, 50 Jahre (h\u00e4ufigster Beitritt zur Mitgliedschaft) und 65 Jahre (Rentenalter). Wir werden nur selbstst\u00e4ndige Mitgliedschaften ber\u00fccksichtigen, da Mitgliedschaften f\u00fcr Paare und Familien g\u00fcnstiger sind. Die durchschnittlichen Kosten f\u00fcr eine mittelm\u00e4\u00dfige Bestattung mit Repatriation aus dem Ausland bzw. ein Begr\u00e4bnis in einem der L\u00e4nder am Balkan kosten ca. 4500 EUR (ohne Grabmal). Wir werden diesen Betrag f\u00fcr einen Vergleich mit Versicherungen in F und D in Betracht ziehen.<br \/>\nF\u00fcr einen Vergleich werden wir das Paket unserers Vereins Standard Lipa Plus hinzuziehen, und zwar f\u00fcr eine Repatriation aus Deutschland nach Serbien, da der Paketwert der gleiche ist.[\/vc_column_text][vc_column_text css=&#8221;.vc_custom_1499255279577{margin-bottom: 10px !important;}&#8221;]<\/p>\n<h4>Beispiel f\u00fcr einen Paketvergleich im Betrag von 4500 EUR<\/h4>\n<p>[\/vc_column_text][vc_single_image image=&#8221;3039&#8243; img_size=&#8221;full&#8221;][vc_column_text css=&#8221;.vc_custom_1499255341324{margin-top: -15px !important;margin-bottom: -10px !important;}&#8221;]<\/p>\n<h3>Schlussfolgerung des Vergleiches<\/h3>\n<p>In der Tabelle oben beweist man klar das Beitrage Lipa vier Mal weniger teuer sind als Standards Beitr\u00e4ge. Mit den Versicherungs policen bezahlen Sie immer mehr als den Betrag den Sie bekommen, sondern als Mittglied von Lipa Vereinigung, in keinen F\u00e4llen, bezahlen Sie mehr als ihre Beerdigung Garantie.[\/vc_column_text][\/vc_column][vc_column width=&#8221;1\/4&#8243;][vc_wp_custommenu nav_menu=&#8221;65&#8243;][stm_sidebar sidebar=&#8221;2956&#8243;][\/vc_column][\/vc_row][vc_row full_width=&#8221;stretch_row&#8221; css=&#8221;.vc_custom_1459505959648{margin-bottom: -60px !important;}&#8221; el_class=&#8221;third_bg_color&#8221;][vc_column][vc_cta h2=&#8221;Werden Sie Mittglied von Lipa Association und Senden Sie uns eine Antrag auf Mitgliedschaft !&#8221; h2_font_container=&#8221;font_size:20px|line_height:24px&#8221; h2_use_theme_fonts=&#8221;yes&#8221; shape=&#8221;square&#8221; style=&#8221;flat&#8221; add_button=&#8221;right&#8221; btn_title=&#8221;ANTRAG AUF MITGLIEDSCHAFT&#8221; btn_style=&#8221;flat&#8221; btn_color=&#8221;theme_style_2&#8243; btn_align=&#8221;right&#8221; btn_i_align=&#8221;right&#8221; btn_i_icon_fontawesome=&#8221;fa fa-chevron-right&#8221; use_custom_fonts_h2=&#8221;true&#8221; btn_link=&#8221;url:http%3A%2F%2Flipaassociation.com%2Fde%2Fbeitrittsformular%2F||&#8221; btn_add_icon=&#8221;true&#8221; el_class=&#8221;third_bg_color&#8221; css=&#8221;.vc_custom_1516783036888{margin-bottom: 0px !important;}&#8221;][\/vc_cta][\/vc_column][\/vc_row]<\/p>\n","protected":false},"excerpt":{"rendered":"<p>[vc_row css=&#8221;.vc_custom_1459506339266{margin-bottom: 100px !important;}&#8221;][vc_column width=&#8221;3\/4&#8243;][stm_spacing lg_spacing=&#8221;25&#8243; md_spacing=&#8221;25&#8243; sm_spacing=&#8221;25&#8243; xs_spacing=&#8221;25&#8243;][vc_column_text css=&#8221;.vc_custom_1516782907198{margin-bottom: 25px !important;}&#8221;] Analyse des jetzigen Stands am Markt Abh\u00e4ngig von den L\u00e4ndern in Europa, aber auch generell betrachtet, stiegen die Kosten f\u00fcr Bestattungsdienstleistungen in den letzten zehn Jahren nicht an; es konnte genau das Gegenteil beobachtet werden, bzw. eine Senkung der Preise (10% bis 20%).<\/p>\n","protected":false},"author":1,"featured_media":0,"parent":2850,"menu_order":0,"comment_status":"closed","ping_status":"closed","template":"","meta":[],"_links":{"self":[{"href":"http:\/\/lipaassociation.com\/de\/wp-json\/wp\/v2\/pages\/3035"}],"collection":[{"href":"http:\/\/lipaassociation.com\/de\/wp-json\/wp\/v2\/pages"}],"about":[{"href":"http:\/\/lipaassociation.com\/de\/wp-json\/wp\/v2\/types\/page"}],"author":[{"embeddable":true,"href":"http:\/\/lipaassociation.com\/de\/wp-json\/wp\/v2\/users\/1"}],"replies":[{"embeddable":true,"href":"http:\/\/lipaassociation.com\/de\/wp-json\/wp\/v2\/comments?post=3035"}],"version-history":[{"count":8,"href":"http:\/\/lipaassociation.com\/de\/wp-json\/wp\/v2\/pages\/3035\/revisions"}],"predecessor-version":[{"id":4164,"href":"http:\/\/lipaassociation.com\/de\/wp-json\/wp\/v2\/pages\/3035\/revisions\/4164"}],"up":[{"embeddable":true,"href":"http:\/\/lipaassociation.com\/de\/wp-json\/wp\/v2\/pages\/2850"}],"wp:attachment":[{"href":"http:\/\/lipaassociation.com\/de\/wp-json\/wp\/v2\/media?parent=3035"}],"curies":[{"name":"wp","href":"https:\/\/api.w.org\/{rel}","templated":true}]}}