{"id":3108,"date":"2016-12-27T00:00:00","date_gmt":"2016-12-27T00:00:00","guid":{"rendered":"http:\/\/lipaassociation.com\/clanski-paketi\/"},"modified":"2018-01-24T08:41:26","modified_gmt":"2018-01-24T08:41:26","slug":"beitritt-pauschalbetrag","status":"publish","type":"page","link":"http:\/\/lipaassociation.com\/de\/beitritt-pauschalbetrag\/","title":{"rendered":"Beitritt Pauschalbetrag"},"content":{"rendered":"<p>[vc_row][vc_column][vc_custom_heading text=&#8221;Unsere Mitgliedschaftspakete&#8221; font_container=&#8221;tag:h3|text_align:left&#8221; use_theme_fonts=&#8221;yes&#8221; subtitle=&#8221;Unsere Angebote f\u00fcr Bestattungsgarantien haben 3 Formeln, unter den Bezeichnungen Single, Duo und Family.&#8221;][\/vc_column][\/vc_row][vc_row full_width=&#8221;stretch_row&#8221; css=&#8221;.vc_custom_1485873592222{padding-top: 0px !important;padding-bottom: 50px !important;}&#8221;][vc_column width=&#8221;1\/2&#8243; offset=&#8221;vc_col-lg-4 vc_col-md-4&#8243;][stm_info_box style=&#8221;style_3&#8243; title_icon=&#8221;fa fa-male&#8221; icon=&#8221;fa fa-chevron-right&#8221; title=&#8221;LIPA SINGLE \u2013 PERS\u00d6NLICHE GARANTIE&#8221; image=&#8221;1577&#8243; link=&#8221;url:http%3A%2F%2Flipaassociation.com%2Fde%2Fbeitritt-pauschalbetrag%2Fformel-single%2F|title:ANTRAG%20AUF%20MITGLIEDSCHAFT|&#8221; css=&#8221;.vc_custom_1516783188021{margin-bottom: 0px !important;}&#8221;]Lipa SINGLE ist eine einheitliche\u00a0Bestattungsgarantie f\u00fcr vollj\u00e4hrige Personen\u00a0die ihr 18.[\/stm_info_box][stm_spacing sm_spacing=&#8221;30px&#8221; xs_spacing=&#8221;30px&#8221;][\/vc_column][vc_column width=&#8221;1\/2&#8243; offset=&#8221;vc_col-lg-4 vc_col-md-4&#8243;][stm_info_box style=&#8221;style_3&#8243; title_icon=&#8221;stm-nokia&#8221; icon=&#8221;fa fa-chevron-right&#8221; title=&#8221;LIPA DUO \u2013 PAAR GARANTIE&#8221; image=&#8221;1574&#8243; link=&#8221;url:http%3A%2F%2Flipaassociation.com%2Fde%2Fbeitritt-pauschalbetrag%2Fformel-duo%2F|title:ANTRAG%20AUF%20MITGLIEDSCHAFT|&#8221; css=&#8221;.vc_custom_1516783209652{margin-bottom: 0px !important;}&#8221;]Lipa DUO ist eine Bestattungsgarantie f\u00fcr Paare bzw. f\u00fcr vollj\u00e4hrige Personen (\u00fcber 18 Jahre), die den gleichen Wohnsitz haben.[\/stm_info_box][stm_spacing sm_spacing=&#8221;30px&#8221; xs_spacing=&#8221;30px&#8221;][\/vc_column][vc_column width=&#8221;1\/2&#8243; offset=&#8221;vc_col-lg-4 vc_col-md-4&#8243;][stm_info_box style=&#8221;style_3&#8243; title_icon=&#8221;stm-mans&#8221; icon=&#8221;fa fa-chevron-right&#8221; title=&#8221;LIPA FAMILY \u2013 FAMILIEN GARANTIE&#8221; image=&#8221;1575&#8243; link=&#8221;url:http%3A%2F%2Flipaassociation.com%2Fde%2Fbeitritt-pauschalbetrag%2Fformel-family%2F|title:ANTRAG%20AUF%20MITGLIEDSCHAFT|&#8221; css=&#8221;.vc_custom_1516783237988{margin-bottom: 0px !important;}&#8221;]Lipa FAMILY ist eine famil\u00e4re Bestattungsgarantie f\u00fcr eine oder mehrere Personen (\u00fcber 18 Jahre), die unter der gleichen Adresse \u2026[\/stm_info_box][\/vc_column][\/vc_row][vc_row][vc_column width=&#8221;2\/3&#8243; css=&#8221;.vc_custom_1485870655789{padding-top: 10px !important;padding-bottom: 10px !important;}&#8221;][vc_row_inner css=&#8221;.vc_custom_1485873286124{background-color: #f7f7f7 !important;}&#8221;][vc_column_inner css=&#8221;.vc_custom_1485873316621{padding-bottom: 15px !important;}&#8221;][vc_custom_heading text=&#8221;Regeln&#8221; font_container=&#8221;tag:h3|text_align:left&#8221; use_theme_fonts=&#8221;yes&#8221;][vc_column_text]Eine Mitgliedschaft bzw. eine Einschreibung, kann jede vollj\u00e4hrige Person (ab 18 Jahren) beantragen, unabh\u00e4ngig von der jeweiligen Staatsangeh\u00f6rigkeit oder dem Glaubensbekenntnis.<\/p>\n<p>Es wird nicht ber\u00fccksichtigt, ob der Aufenthalt im Wohnsitzstaat rechtm\u00e4\u00dfig ist oder nicht.<br \/>\nEs gibt keine Altersbegrenzung.<\/p>\n<p>Jedes neue Mitglied muss eine Kopie seiner Dokumente zu Eintragungszwecken zustellen.<\/p>\n<p>Keine Einschreibung wird ohne Bezahlung erfolgen.<\/p>\n<p>Die Kosten f\u00fcr die Eintragung der Mitgliedschaft ist einmalig und ist unabh\u00e4ngig von dem Paket das Sie gew\u00e4hlt haben, von dem Land in dem Sie sich befinden, oder ob Sie der Gesellschaft selbstst\u00e4ndg, in einer Gemeinschaft oder famil\u00e4r beigetreten sind.<br \/>\nDas Datum der Registrierung wird ab dem Tag eingetragen, ab dem die Einzahlung auf dem Konto des Vereines registriert ist.<\/p>\n<p>F\u00fcr jedes neue Mitglied tretet die Bestattungsgarantie 190 Tage nach der Registrierung in Kraft.<br \/>\nInnerhalb dieses Zeitraumes werden nur Verkehrs- und Arbeitsunf\u00e4lle gew\u00e4hrleistet, sowie auch unvorhersehbare Todesursachen (Herzinfarkt und Schlaganf\u00e4lle usw.)<\/p>\n<p>Der Verein LIPA steht hinter jedem Mitglied und wird der Familie in den schwierigsten Momenten zur Seite stehen.[\/vc_column_text][\/vc_column_inner][\/vc_row_inner][\/vc_column][vc_column width=&#8221;1\/3&#8243; css=&#8221;.vc_custom_1485870823752{margin-top: 10px !important;}&#8221;][stm_sidebar sidebar=&#8221;3129&#8243;][\/vc_column][\/vc_row][vc_row][vc_column][stm_spacing sm_spacing=&#8221;30px&#8221; xs_spacing=&#8221;30px&#8221; lg_spacing=&#8221;30&#8243; md_spacing=&#8221;30&#8243;][\/vc_column][\/vc_row][vc_row full_width=&#8221;stretch_row&#8221; css=&#8221;.vc_custom_1459505959648{margin-bottom: -60px !important;}&#8221; el_class=&#8221;third_bg_color&#8221;][vc_column][vc_cta h2=&#8221;Werden Sie Mittglied von Lipa Association und Senden Sie uns eine Antrag auf Mitgliedschaft !&#8221; h2_font_container=&#8221;font_size:20px|line_height:24px&#8221; h2_use_theme_fonts=&#8221;yes&#8221; shape=&#8221;square&#8221; style=&#8221;flat&#8221; add_button=&#8221;right&#8221; btn_title=&#8221;ANTRAG AUF MITGLIEDSCHAFT&#8221; btn_style=&#8221;flat&#8221; btn_color=&#8221;theme_style_2&#8243; btn_align=&#8221;right&#8221; btn_i_align=&#8221;right&#8221; btn_i_icon_fontawesome=&#8221;fa fa-chevron-right&#8221; use_custom_fonts_h2=&#8221;true&#8221; btn_link=&#8221;url:http%3A%2F%2Flipaassociation.com%2Fde%2Fbeitrittsformular%2F||&#8221; btn_add_icon=&#8221;true&#8221; el_class=&#8221;third_bg_color&#8221; css=&#8221;.vc_custom_1516783281017{margin-bottom: 0px !important;}&#8221;][\/vc_cta][\/vc_column][\/vc_row]<\/p>\n","protected":false},"excerpt":{"rendered":"<p>[vc_row][vc_column][vc_custom_heading text=&#8221;Unsere Mitgliedschaftspakete&#8221; font_container=&#8221;tag:h3|text_align:left&#8221; use_theme_fonts=&#8221;yes&#8221; subtitle=&#8221;Unsere Angebote f\u00fcr Bestattungsgarantien haben 3 Formeln, unter den Bezeichnungen Single, Duo und Family.&#8221;][\/vc_column][\/vc_row][vc_row full_width=&#8221;stretch_row&#8221; css=&#8221;.vc_custom_1485873592222{padding-top: 0px !important;padding-bottom: 50px !important;}&#8221;][vc_column width=&#8221;1\/2&#8243; offset=&#8221;vc_col-lg-4 vc_col-md-4&#8243;][stm_info_box style=&#8221;style_3&#8243; title_icon=&#8221;fa fa-male&#8221; icon=&#8221;fa fa-chevron-right&#8221; title=&#8221;LIPA SINGLE \u2013 PERS\u00d6NLICHE GARANTIE&#8221; image=&#8221;1577&#8243; link=&#8221;url:http%3A%2F%2Flipaassociation.com%2Fde%2Fbeitritt-pauschalbetrag%2Fformel-single%2F|title:ANTRAG%20AUF%20MITGLIEDSCHAFT|&#8221; css=&#8221;.vc_custom_1516783188021{margin-bottom: 0px !important;}&#8221;]Lipa SINGLE ist eine einheitliche\u00a0Bestattungsgarantie f\u00fcr vollj\u00e4hrige Personen\u00a0die ihr 18.[\/stm_info_box][stm_spacing sm_spacing=&#8221;30px&#8221; xs_spacing=&#8221;30px&#8221;][\/vc_column][vc_column width=&#8221;1\/2&#8243;<\/p>\n","protected":false},"author":1,"featured_media":0,"parent":0,"menu_order":0,"comment_status":"closed","ping_status":"closed","template":"","meta":[],"_links":{"self":[{"href":"http:\/\/lipaassociation.com\/de\/wp-json\/wp\/v2\/pages\/3108"}],"collection":[{"href":"http:\/\/lipaassociation.com\/de\/wp-json\/wp\/v2\/pages"}],"about":[{"href":"http:\/\/lipaassociation.com\/de\/wp-json\/wp\/v2\/types\/page"}],"author":[{"embeddable":true,"href":"http:\/\/lipaassociation.com\/de\/wp-json\/wp\/v2\/users\/1"}],"replies":[{"embeddable":true,"href":"http:\/\/lipaassociation.com\/de\/wp-json\/wp\/v2\/comments?post=3108"}],"version-history":[{"count":9,"href":"http:\/\/lipaassociation.com\/de\/wp-json\/wp\/v2\/pages\/3108\/revisions"}],"predecessor-version":[{"id":4165,"href":"http:\/\/lipaassociation.com\/de\/wp-json\/wp\/v2\/pages\/3108\/revisions\/4165"}],"wp:attachment":[{"href":"http:\/\/lipaassociation.com\/de\/wp-json\/wp\/v2\/media?parent=3108"}],"curies":[{"name":"wp","href":"https:\/\/api.w.org\/{rel}","templated":true}]}}