{"id":3138,"date":"2016-12-27T00:00:00","date_gmt":"2016-12-27T00:00:00","guid":{"rendered":"http:\/\/lipaassociation.com\/beitritt-pauschalbetrag\/single\/"},"modified":"2018-01-24T08:45:14","modified_gmt":"2018-01-24T08:45:14","slug":"formel-single","status":"publish","type":"page","link":"http:\/\/lipaassociation.com\/de\/beitritt-pauschalbetrag\/formel-single\/","title":{"rendered":"Formel Single"},"content":{"rendered":"<p>[vc_row][vc_column width=&#8221;2\/3&#8243; css=&#8221;.vc_custom_1485870655789{padding-top: 10px !important;padding-bottom: 10px !important;}&#8221;][vc_row_inner][vc_column_inner css=&#8221;.vc_custom_1485871870588{padding-bottom: 15px !important;background-color: #f7f7f7 !important;}&#8221;][vc_custom_heading text=&#8221;Die Single-Formel sieht vor&#8221; font_container=&#8221;tag:h3|text_align:left&#8221; use_theme_fonts=&#8221;yes&#8221;][vc_column_text]<\/p>\n<ul>\n<li>eine vollj\u00e4hrige Person (\u00fcber 18 Jahre)<\/li>\n<li>unabh\u00e4ngig von der Staatsangeh\u00f6rigkeit oder dem Glaubensbekenntnis<\/li>\n<li>ordentlicher Wohnsitz in Europa<\/li>\n<\/ul>\n<p>[\/vc_column_text][\/vc_column_inner][\/vc_row_inner][stm_spacing lg_spacing=&#8221;35&#8243; md_spacing=&#8221;35&#8243; sm_spacing=&#8221;35&#8243; xs_spacing=&#8221;35&#8243;][vc_row_inner css=&#8221;.vc_custom_1485871889446{padding-bottom: 15px !important;background-color: #f7f7f7 !important;}&#8221;][vc_column_inner][vc_custom_heading text=&#8221;Regeln&#8221; font_container=&#8221;tag:h3|text_align:left&#8221; use_theme_fonts=&#8221;yes&#8221;][vc_column_text]Die erste Einschreibung als Mitglied wird mit einem Betrag von 58\u20ac bis zum 65 Lebensjahr, am Tage der Einschreibung, verrechnet (West- und \u00fcbrige Teile Europas).<\/p>\n<p>Die erste Einschreibung als Mitglied wird mit einem Betrag von 38\u20ac bis zum 65 Lebensjahr, am Tage der Einschreibung, verrechnet (f\u00fcr L\u00e4nder Ex-Jugoslawiens).<\/p>\n<p>F\u00fcr neue Mitglieder die \u00fcber 65 Jahre alt sind \u2013 siehe Preisliste f\u00fcr die Eintragung von neuen MItgliedern.<\/p>\n<p>Die Kosten f\u00fcr die Eintragung der Mitgliedschaft ist einmalig und ist unabh\u00e4ngig von dem Paket das Sie gew\u00e4hlt haben, von dem Land in dem Sie sich befinden, oder ob Sie der Gesellschaft selbstst\u00e4ndg, in einer Gemeinschaft oder famil\u00e4r beigetreten sind.<\/p>\n<p>Das Datum der Registrierung wird ab dem Tag eingetragen, ab dem die Einzahlung auf dem Konto des Vereines registriert ist.<\/p>\n<p>F\u00fcr jedes neue Mitglied tretet die Bestattungsgarantie 190 Tage nach der Registrierung in Kraft.<br \/>\nInnerhalb dieses Zeitraumes werden nur Verkehrs- und Arbeitsunf\u00e4lle gew\u00e4hrleistet, sowie auch unvorhersehbare Todesursachen (Herzinfarkt und Schlaganf\u00e4lle usw.)<\/p>\n<p>Der Verein LIPA steht hinter jedem Mitglied und wird der Familie in den schwierigsten Momenten zur Seite stehen.[\/vc_column_text][\/vc_column_inner][\/vc_row_inner][\/vc_column][vc_column width=&#8221;1\/3&#8243; css=&#8221;.vc_custom_1485870823752{margin-top: 10px !important;}&#8221;][vc_wp_custommenu nav_menu=&#8221;79&#8243;][stm_sidebar sidebar=&#8221;2956&#8243;][\/vc_column][\/vc_row][vc_row][vc_column][stm_spacing lg_spacing=&#8221;35&#8243; md_spacing=&#8221;35&#8243; sm_spacing=&#8221;35&#8243; xs_spacing=&#8221;35&#8243;][\/vc_column][\/vc_row][vc_row full_width=&#8221;stretch_row&#8221; css=&#8221;.vc_custom_1459505959648{margin-bottom: -60px !important;}&#8221; el_class=&#8221;third_bg_color&#8221;][vc_column][vc_cta h2=&#8221;Werden Sie Mittglied von Lipa Association und Senden Sie uns eine Antrag auf Mitgliedschaft !&#8221; h2_font_container=&#8221;font_size:20px|line_height:24px&#8221; h2_use_theme_fonts=&#8221;yes&#8221; shape=&#8221;square&#8221; style=&#8221;flat&#8221; add_button=&#8221;right&#8221; btn_title=&#8221;ANTRAG AUF MITGLIEDSCHAFT&#8221; btn_style=&#8221;flat&#8221; btn_color=&#8221;theme_style_2&#8243; btn_align=&#8221;right&#8221; btn_i_align=&#8221;right&#8221; btn_i_icon_fontawesome=&#8221;fa fa-chevron-right&#8221; use_custom_fonts_h2=&#8221;true&#8221; btn_link=&#8221;url:http%3A%2F%2Flipaassociation.com%2Fde%2Fbeitrittsformular%2F||&#8221; btn_add_icon=&#8221;true&#8221; el_class=&#8221;third_bg_color&#8221; css=&#8221;.vc_custom_1516783506419{margin-bottom: 0px !important;}&#8221;][\/vc_cta][\/vc_column][\/vc_row]<\/p>\n","protected":false},"excerpt":{"rendered":"<p>[vc_row][vc_column width=&#8221;2\/3&#8243; css=&#8221;.vc_custom_1485870655789{padding-top: 10px !important;padding-bottom: 10px !important;}&#8221;][vc_row_inner][vc_column_inner css=&#8221;.vc_custom_1485871870588{padding-bottom: 15px !important;background-color: #f7f7f7 !important;}&#8221;][vc_custom_heading text=&#8221;Die Single-Formel sieht vor&#8221; font_container=&#8221;tag:h3|text_align:left&#8221; use_theme_fonts=&#8221;yes&#8221;][vc_column_text] eine vollj\u00e4hrige Person (\u00fcber 18 Jahre) unabh\u00e4ngig von der Staatsangeh\u00f6rigkeit oder dem Glaubensbekenntnis ordentlicher Wohnsitz in Europa [\/vc_column_text][\/vc_column_inner][\/vc_row_inner][stm_spacing lg_spacing=&#8221;35&#8243; md_spacing=&#8221;35&#8243; sm_spacing=&#8221;35&#8243; xs_spacing=&#8221;35&#8243;][vc_row_inner css=&#8221;.vc_custom_1485871889446{padding-bottom: 15px !important;background-color: #f7f7f7 !important;}&#8221;][vc_column_inner][vc_custom_heading text=&#8221;Regeln&#8221; font_container=&#8221;tag:h3|text_align:left&#8221; use_theme_fonts=&#8221;yes&#8221;][vc_column_text]Die erste Einschreibung als Mitglied wird mit einem<\/p>\n","protected":false},"author":1,"featured_media":0,"parent":3108,"menu_order":0,"comment_status":"closed","ping_status":"closed","template":"","meta":[],"_links":{"self":[{"href":"http:\/\/lipaassociation.com\/de\/wp-json\/wp\/v2\/pages\/3138"}],"collection":[{"href":"http:\/\/lipaassociation.com\/de\/wp-json\/wp\/v2\/pages"}],"about":[{"href":"http:\/\/lipaassociation.com\/de\/wp-json\/wp\/v2\/types\/page"}],"author":[{"embeddable":true,"href":"http:\/\/lipaassociation.com\/de\/wp-json\/wp\/v2\/users\/1"}],"replies":[{"embeddable":true,"href":"http:\/\/lipaassociation.com\/de\/wp-json\/wp\/v2\/comments?post=3138"}],"version-history":[{"count":8,"href":"http:\/\/lipaassociation.com\/de\/wp-json\/wp\/v2\/pages\/3138\/revisions"}],"predecessor-version":[{"id":4166,"href":"http:\/\/lipaassociation.com\/de\/wp-json\/wp\/v2\/pages\/3138\/revisions\/4166"}],"up":[{"embeddable":true,"href":"http:\/\/lipaassociation.com\/de\/wp-json\/wp\/v2\/pages\/3108"}],"wp:attachment":[{"href":"http:\/\/lipaassociation.com\/de\/wp-json\/wp\/v2\/media?parent=3138"}],"curies":[{"name":"wp","href":"https:\/\/api.w.org\/{rel}","templated":true}]}}