{"id":3245,"date":"2016-12-30T00:00:00","date_gmt":"2016-12-30T00:00:00","guid":{"rendered":"http:\/\/lipaassociation.com\/kako-postati-clan\/"},"modified":"2018-01-24T13:11:50","modified_gmt":"2018-01-24T13:11:50","slug":"wie-wird-man-mitglied","status":"publish","type":"page","link":"http:\/\/lipaassociation.com\/de\/wie-wird-man-mitglied\/","title":{"rendered":"Wie wird man Mitglied?"},"content":{"rendered":"<p>[vc_row][vc_column el_class=&#8221;ng123&#8243;][vc_column_text]Wenn Sie Mitglied des Vereines Lipa Association werden m\u00f6chten, so sind das Mitgliedschafts- und Dienstleistungspaket gem\u00e4\u00df den eigenen Bed\u00fcrfnissen auszuw\u00e4hlen, die erforderlichen Formulare auszuf\u00fcllen und eine Einzahlung der Mitgliedschaft f\u00fcr das erste Jahr zu leisten.<br \/>\nUnseren k\u00fcnftigen Mitgliedern k\u00f6nnen wir drei Arten f\u00fcr die Einreichung der Mitgliedschaft anbieten: auf elektronischem Wege, durch Ausf\u00fcllen des online Formulars, durch Besuch einer unserer Vertreter und Kontaktaufnahme mit unserer Vertretung, um Ihnen die erforderlichen Unterlagen per Post, auf die gew\u00fcnschte Adresse zuzuschicken. Mehr Informationen \u00fcber jede Art k\u00f6nnen Sie unterhalb entnehmen.[\/vc_column_text][vc_separator border_width=&#8221;2&#8243;][vc_tta_accordion active_section=&#8221;&#8221; title=&#8221;Mitgliedschaftsantr\u00e4ge&#8221; el_class=&#8221;ng123&#8243;][vc_tta_section i_icon_fontawesome=&#8221;stm-stm14_country&#8221; title=&#8221;Online Mitgliedschaftsantrag&#8221; tab_id=&#8221;1483024846722-84b09e84-ae59&#8243; add_icon=&#8221;true&#8221;][vc_column_text]F\u00fcr eine Mitgliedschaft im Verein Lipa Association per online Antrag, f\u00fcllen Sie bitte das Formular aus. Nach einem abgeschickten Antrag, wird Ihnen unser Team ein Anmeldeformular sowie die Zahlungsanweisungen zuschicken.[\/vc_column_text][vc_btn title=&#8221;MITGLIEDSCHAFTSANTRAG&#8221; style=&#8221;outline-custom&#8221; outline_custom_color=&#8221;#1caf32&#8243; outline_custom_hover_background=&#8221;#666666&#8243; outline_custom_hover_text=&#8221;#ffffff&#8221; align=&#8221;center&#8221; i_icon_fontawesome=&#8221;fa fa-clone&#8221; add_icon=&#8221;true&#8221; link=&#8221;url:http%3A%2F%2Flipaassociation.com%2Fde%2Fbeitrittsformular%2F||&#8221;][\/vc_tta_section][vc_tta_section i_icon_fontawesome=&#8221;stm-person-globe&#8221; title=&#8221;\u00dcber Vertreter&#8221; tab_id=&#8221;1483025092253-8de2a579-3637&#8243; add_icon=&#8221;true&#8221;][vc_column_text]F\u00fcr ein genaues Angebot und Unterzeichnung der erforderlichen Unterlagen f\u00fcr eine Mitgliedschaft im Verein Lipa Association k\u00f6nnen Sie den Vertreter des Vereins der Ihnen am n\u00e4chsten gelegen ist kontaktieren. Die Liste unserer Vertreter k\u00f6nnen Sie per Mausklick auf der Schaltfl\u00e4che unterhalb abrufen.[\/vc_column_text][vc_btn title=&#8221;UNSERE VERTRETER&#8221; style=&#8221;outline-custom&#8221; outline_custom_color=&#8221;#1caf32&#8243; outline_custom_hover_background=&#8221;#666666&#8243; outline_custom_hover_text=&#8221;#ffffff&#8221; align=&#8221;center&#8221; i_icon_fontawesome=&#8221;stm-person-globe&#8221; add_icon=&#8221;true&#8221; link=&#8221;url:http%3A%2F%2Flipaassociation.com%2Fde%2Funsere-vertretungen%2F||&#8221;][\/vc_tta_section][vc_tta_section i_icon_fontawesome=&#8221;stm-envelope-11&#8243; title=&#8221;Durch Verschicken per Post&#8221; tab_id=&#8221;1483025383140-6bfa725f-6f5c&#8221; add_icon=&#8221;true&#8221;][vc_column_text]Falls keine der oben angebotenen Weisen Ihnen zusagen, bitten wir Sie nicht zu z\u00f6gern, um uns zu kontaktieren. Unser Team wird Ihnen die erforderlichen Unterlagen und Zahlungsanweisungen auf Ihre Hausanschrift zuschicken. Bitte kontaktieren Sie uns bei zus\u00e4tzlichen Fragen. Unser Team wird Ihnen die erforderlichen Informationen jederzeit erteilen. Wir erwarten Ihren Anruf, denn wir sind f\u00fcr Sie da.[\/vc_column_text][vc_btn title=&#8221;KONTAKT&#8221; style=&#8221;outline-custom&#8221; outline_custom_color=&#8221;#1caf32&#8243; outline_custom_hover_background=&#8221;#666666&#8243; outline_custom_hover_text=&#8221;#ffffff&#8221; align=&#8221;center&#8221; i_icon_fontawesome=&#8221;stm-phone&#8221; add_icon=&#8221;true&#8221; link=&#8221;url:http%3A%2F%2Flipaassociation.com%2Fde%2Fkontakt%2F||&#8221;][\/vc_tta_section][\/vc_tta_accordion][\/vc_column][\/vc_row]<\/p>\n","protected":false},"excerpt":{"rendered":"<p>[vc_row][vc_column el_class=&#8221;ng123&#8243;][vc_column_text]Wenn Sie Mitglied des Vereines Lipa Association werden m\u00f6chten, so sind das Mitgliedschafts- und Dienstleistungspaket gem\u00e4\u00df den eigenen Bed\u00fcrfnissen auszuw\u00e4hlen, die erforderlichen Formulare auszuf\u00fcllen und eine Einzahlung der Mitgliedschaft f\u00fcr das erste Jahr zu leisten. Unseren k\u00fcnftigen Mitgliedern k\u00f6nnen wir drei Arten f\u00fcr die Einreichung der Mitgliedschaft anbieten: auf elektronischem Wege, durch Ausf\u00fcllen des<\/p>\n","protected":false},"author":1,"featured_media":0,"parent":0,"menu_order":0,"comment_status":"closed","ping_status":"closed","template":"","meta":[],"_links":{"self":[{"href":"http:\/\/lipaassociation.com\/de\/wp-json\/wp\/v2\/pages\/3245"}],"collection":[{"href":"http:\/\/lipaassociation.com\/de\/wp-json\/wp\/v2\/pages"}],"about":[{"href":"http:\/\/lipaassociation.com\/de\/wp-json\/wp\/v2\/types\/page"}],"author":[{"embeddable":true,"href":"http:\/\/lipaassociation.com\/de\/wp-json\/wp\/v2\/users\/1"}],"replies":[{"embeddable":true,"href":"http:\/\/lipaassociation.com\/de\/wp-json\/wp\/v2\/comments?post=3245"}],"version-history":[{"count":10,"href":"http:\/\/lipaassociation.com\/de\/wp-json\/wp\/v2\/pages\/3245\/revisions"}],"predecessor-version":[{"id":4174,"href":"http:\/\/lipaassociation.com\/de\/wp-json\/wp\/v2\/pages\/3245\/revisions\/4174"}],"wp:attachment":[{"href":"http:\/\/lipaassociation.com\/de\/wp-json\/wp\/v2\/media?parent=3245"}],"curies":[{"name":"wp","href":"https:\/\/api.w.org\/{rel}","templated":true}]}}