{"id":3285,"date":"2016-01-19T00:00:00","date_gmt":"2016-01-19T00:00:00","guid":{"rendered":"http:\/\/lipaassociation.com\/paketi-usluga\/"},"modified":"2018-01-24T08:51:51","modified_gmt":"2018-01-24T08:51:51","slug":"dienstpakete","status":"publish","type":"page","link":"http:\/\/lipaassociation.com\/de\/dienstpakete\/","title":{"rendered":"Dienstpakete"},"content":{"rendered":"<p>[vc_row][vc_column width=&#8221;3\/4&#8243;][vc_column_text]Der Verein Lipa Association kann ihren zuk\u00fcnftigen Mitgliedern vier Pakete anbieten, und zwar BASIC, STANDARD, EXCLUSIVE und GOLD. Diese Mitgliedschaftspakete sind dazu vorgesehen, dass Sie einen Nachlass f\u00fcr Dienstleistungen bekommen, dadurch dass die Dienstleistungen in einem Paket vereint sind, was sich somit auf eine Preiskorrektur auswirkt.Durch eine Auswahl des jeweils gew\u00fcnschten Dienstleistungspakets, setzen Sie mit einem Mitgliedschaftspaket die gr\u00f6\u00dfte Einsparung um.\u00a0F\u00fcr detaillierte Informationen, w\u00e4hlen Sie bitte das jeweilige Dienstleistungspaket aus.[\/vc_column_text][stm_spacing sm_spacing=&#8221;30px&#8221; xs_spacing=&#8221;30px&#8221;][vc_row_inner][vc_column_inner width=&#8221;1\/4&#8243;][stm_info_box style=&#8221;style_5&#8243; icon=&#8221;fa fa-chevron-right&#8221; link=&#8221;url:http%3A%2F%2Flipaassociation.com%2Fde%2Fdienstpakete%2Fformel-basic%2F|title:mehr%20erfahren|&#8221; css=&#8221;.vc_custom_1516783809441{margin-bottom: 0px !important;}&#8221; title=&#8221;BASIC&#8221;]Lipa BASIC\u00a0ist das grundlegende Dienstleistungspaket, das wir Mitgliedern des Vereins Lipa International Association anbieten k\u00f6nnen. Dieses Paket umfasst folgendes \u2026[\/stm_info_box][stm_spacing sm_spacing=&#8221;30px&#8221; xs_spacing=&#8221;30px&#8221;][\/vc_column_inner][vc_column_inner width=&#8221;1\/4&#8243;][stm_info_box style=&#8221;style_5&#8243; icon=&#8221;fa fa-chevron-right&#8221; title=&#8221;STANDARD&#8221; link=&#8221;url:http%3A%2F%2Flipaassociation.com%2Fde%2Fdienstpakete%2Fformel-standard%2F|title:mehr%20erfahren|&#8221; css=&#8221;.vc_custom_1516783842352{margin-bottom: 0px !important;}&#8221;]Lipa STANDARD\u00a0ist das mittlere Dienstleistungspaket, das wir Mitgliedern des Vereins Lipa International Association anbieten k\u00f6nnen. Das Paket Lipa Standard\u00a0umfasst folgendes \u2026[\/stm_info_box][stm_spacing sm_spacing=&#8221;30px&#8221; xs_spacing=&#8221;30px&#8221;][\/vc_column_inner][vc_column_inner width=&#8221;1\/4&#8243;][stm_info_box style=&#8221;style_5&#8243; icon=&#8221;fa fa-chevron-right&#8221; title=&#8221;EXCLUSIVE&#8221; link=&#8221;url:http%3A%2F%2Flipaassociation.com%2Fde%2Fdienstpakete%2Fformel-exclusive%2F|title:mehr%20erfahren|&#8221; css=&#8221;.vc_custom_1516783864022{margin-bottom: 0px !important;}&#8221;]Lipa EXCLUSIVE\u00a0ist das h\u00f6here Dienstleistungspaket, das wir Mitgliedern des Vereins Lipa International Association anbieten k\u00f6nnen. Das Paket Lipa Exclusive\u00a0umfasst folgendes \u2026[\/stm_info_box][stm_spacing sm_spacing=&#8221;30px&#8221; xs_spacing=&#8221;30px&#8221;][\/vc_column_inner][vc_column_inner width=&#8221;1\/4&#8243;][stm_info_box style=&#8221;style_5&#8243; icon=&#8221;fa fa-chevron-right&#8221; title=&#8221;GOLD&#8221; link=&#8221;url:http%3A%2F%2Flipaassociation.com%2Fde%2Fdienstpakete%2Fformel-gold%2F|title:mehr%20erfahren|&#8221; css=&#8221;.vc_custom_1516783886132{margin-bottom: 0px !important;}&#8221;]Lipa GOLD ist das h\u00f6chste Dienstleistungspaket, das wir Mitgliedern des Vereins Lipa International Association anbieten k\u00f6nnen. Das Paket Lipa Gold umasst folgendes \u2026[\/stm_info_box][stm_spacing sm_spacing=&#8221;30px&#8221; xs_spacing=&#8221;30px&#8221;][\/vc_column_inner][\/vc_row_inner][stm_spacing sm_spacing=&#8221;30px&#8221; xs_spacing=&#8221;30px&#8221; lg_spacing=&#8221;30px&#8221; md_spacing=&#8221;30px&#8221;][vc_column_text]<span style=\"color: #1caf32; font-size: 14pt;\">\u2666<\/span> Hinweis:<\/p>\n<p><span style=\"font-size: 10pt;\">\u2013 Der Verein tr\u00e4gt keineswegs die Kosten des Bestattungsplatzes sowie auch nicht die Kosten f\u00fcr die Dienstleistungen des \u00f6ffentlichen Kommunalunternehmens, die das Monopol \u00fcber den Friedh\u00f6fen hat, au\u00dfer in F\u00e4llen in welchen eine Partnerschaft mit dem Verein besteht. <\/span><br \/>\n<span style=\"font-size: 10pt;\">\u2013 F\u00fcr Feuerbestattungen ist mindestens das Paket Standard auszuw\u00e4hlen. Optionales Hinzuf\u00fcgen anderer Dienstleistungen nach M\u00f6glichkeit und Absprache, wie z. B.: Benutzung der Kapelle, Fotograf, Kameramann, Blechmusik, Freisetzung von Tauben. <\/span><br \/>\n<span style=\"font-size: 10pt;\">\u2013 Die Option der Paketauswahl ist nicht m\u00f6glich f\u00fcr Mitglieder mit der Option Lokal, da die Organisation und Logistik seitens des Vereins nicht m\u00f6glich sind. <\/span>[\/vc_column_text][\/vc_column][vc_column width=&#8221;1\/4&#8243;][vc_wp_custommenu nav_menu=&#8221;66&#8243;][stm_sidebar sidebar=&#8221;2956&#8243;][\/vc_column][\/vc_row][vc_row full_width=&#8221;stretch_row&#8221; css=&#8221;.vc_custom_1459505959648{margin-bottom: -60px !important;}&#8221; el_class=&#8221;third_bg_color&#8221;][vc_column][vc_cta h2=&#8221;Werden Sie Mittglied von Lipa Association und Senden Sie uns eine Antrag auf Mitgliedschaft !&#8221; h2_font_container=&#8221;font_size:20px|line_height:24px&#8221; h2_use_theme_fonts=&#8221;yes&#8221; shape=&#8221;square&#8221; style=&#8221;flat&#8221; add_button=&#8221;right&#8221; btn_title=&#8221;ANTRAG AUF MITGLIEDSCHAFT&#8221; btn_style=&#8221;flat&#8221; btn_color=&#8221;theme_style_2&#8243; btn_align=&#8221;right&#8221; btn_i_align=&#8221;right&#8221; btn_i_icon_fontawesome=&#8221;fa fa-chevron-right&#8221; use_custom_fonts_h2=&#8221;true&#8221; btn_link=&#8221;url:http%3A%2F%2Flipaassociation.com%2Fde%2Fbeitrittsformular%2F||&#8221; btn_add_icon=&#8221;true&#8221; el_class=&#8221;third_bg_color&#8221; css=&#8221;.vc_custom_1516783908460{margin-bottom: 0px !important;}&#8221; btn_button_block=&#8221;true&#8221;][\/vc_cta][\/vc_column][\/vc_row]<\/p>\n","protected":false},"excerpt":{"rendered":"<p>[vc_row][vc_column width=&#8221;3\/4&#8243;][vc_column_text]Der Verein Lipa Association kann ihren zuk\u00fcnftigen Mitgliedern vier Pakete anbieten, und zwar BASIC, STANDARD, EXCLUSIVE und GOLD. Diese Mitgliedschaftspakete sind dazu vorgesehen, dass Sie einen Nachlass f\u00fcr Dienstleistungen bekommen, dadurch dass die Dienstleistungen in einem Paket vereint sind, was sich somit auf eine Preiskorrektur auswirkt.Durch eine Auswahl des jeweils gew\u00fcnschten Dienstleistungspakets, setzen Sie<\/p>\n","protected":false},"author":1,"featured_media":0,"parent":0,"menu_order":0,"comment_status":"closed","ping_status":"closed","template":"","meta":[],"_links":{"self":[{"href":"http:\/\/lipaassociation.com\/de\/wp-json\/wp\/v2\/pages\/3285"}],"collection":[{"href":"http:\/\/lipaassociation.com\/de\/wp-json\/wp\/v2\/pages"}],"about":[{"href":"http:\/\/lipaassociation.com\/de\/wp-json\/wp\/v2\/types\/page"}],"author":[{"embeddable":true,"href":"http:\/\/lipaassociation.com\/de\/wp-json\/wp\/v2\/users\/1"}],"replies":[{"embeddable":true,"href":"http:\/\/lipaassociation.com\/de\/wp-json\/wp\/v2\/comments?post=3285"}],"version-history":[{"count":10,"href":"http:\/\/lipaassociation.com\/de\/wp-json\/wp\/v2\/pages\/3285\/revisions"}],"predecessor-version":[{"id":4169,"href":"http:\/\/lipaassociation.com\/de\/wp-json\/wp\/v2\/pages\/3285\/revisions\/4169"}],"wp:attachment":[{"href":"http:\/\/lipaassociation.com\/de\/wp-json\/wp\/v2\/media?parent=3285"}],"curies":[{"name":"wp","href":"https:\/\/api.w.org\/{rel}","templated":true}]}}