{"id":3303,"date":"2016-12-20T00:00:00","date_gmt":"2016-12-20T00:00:00","guid":{"rendered":"http:\/\/lipaassociation.com\/dienstpakete\/basic\/"},"modified":"2018-01-24T09:45:07","modified_gmt":"2018-01-24T09:45:07","slug":"formel-basic","status":"publish","type":"page","link":"http:\/\/lipaassociation.com\/de\/dienstpakete\/formel-basic\/","title":{"rendered":"Formel Basic"},"content":{"rendered":"<p>[vc_row][vc_column width=&#8221;3\/4&#8243;][vc_column_text]Lipa BASIC\u00a0ist das grundlegende Dienstleistungspaket, das wir Mitgliedern des Vereins Lipa International Association anbieten k\u00f6nnen. Dieses Paket umfasst folgendes:[\/vc_column_text][vc_separator align=&#8221;align_left&#8221;][stm_spacing sm_spacing=&#8221;30px&#8221; xs_spacing=&#8221;30px&#8221;][vc_text_separator title=&#8221;Organisation der Bef\u00f6rderung&#8221; title_align=&#8221;separator_align_left&#8221; color=&#8221;custom&#8221; border_width=&#8221;2&#8243; el_class=&#8221;title1&#8243; accent_color=&#8221;#1caf32&#8243;][stm_spacing sm_spacing=&#8221;30px&#8221; xs_spacing=&#8221;30px&#8221;][vc_row_inner][vc_column_inner width=&#8221;1\/4&#8243;][stm_icon_box icon=&#8221;fa fa-file-text-o&#8221; icon_size=&#8221;27&#8243; icon_color=&#8221;custom&#8221; icon_height=&#8221;35&#8243; title=&#8221;Alle Schnitte und Formalit\u00e4ten in allen l\u00e4ndern&#8221; title_font_size=&#8221;20&#8243; icon_color_custom=&#8221;#1caf32&#8243; title_line_height=&#8221;20&#8243;]<i class=\"fa fa-check\" style=\"font-size: 19px; color: #1caf32;\"><\/i> Krankenhaus<br \/>\n<i class=\"fa fa-check\" style=\"font-size: 19px; color: #1caf32;\"><\/i> Rathaus<br \/>\n<i class=\"fa fa-check\" style=\"font-size: 19px; color: #1caf32;\"><\/i> Pr\u00e4fektur<br \/>\n<i class=\"fa fa-check\" style=\"font-size: 19px; color: #1caf32;\"><\/i> Polizei<br \/>\n<i class=\"fa fa-check\" style=\"font-size: 19px; color: #1caf32;\"><\/i> Konsulat[\/stm_icon_box][stm_spacing sm_spacing=&#8221;30px&#8221; xs_spacing=&#8221;30px&#8221; lg_spacing=&#8221;30px&#8221; md_spacing=&#8221;30px&#8221;][\/vc_column_inner][vc_column_inner width=&#8221;1\/4&#8243;][stm_icon_box icon=&#8221;stm-user7&#8243; icon_size=&#8221;27&#8243; icon_color=&#8221;custom&#8221; icon_height=&#8221;35&#8243; title=&#8221;F\u00fcr den Vestorbenen&#8221; title_font_size=&#8221;20&#8243; icon_color_custom=&#8221;#1caf32&#8243; title_line_height=&#8221;20&#8243;]<i class=\"fa fa-check\" style=\"font-size: 19px; color: #1caf32;\"><\/i> Waschen<br \/>\n<i class=\"fa fa-check\" style=\"font-size: 19px; color: #1caf32;\"><\/i> K\u00f6rperkleidung<br \/>\n<i class=\"fa fa-check\" style=\"font-size: 19px; color: #1caf32;\"><\/i> Berufliches Schminken<br \/>\n<i class=\"fa fa-check\" style=\"font-size: 19px; color: #1caf32;\"><\/i> Konservierungspflege[\/stm_icon_box][stm_spacing sm_spacing=&#8221;30px&#8221; xs_spacing=&#8221;30px&#8221; lg_spacing=&#8221;30px&#8221; md_spacing=&#8221;30px&#8221;][\/vc_column_inner][vc_column_inner width=&#8221;1\/4&#8243;][stm_icon_box icon=&#8221;fa fa-stack-exchange&#8221; icon_size=&#8221;27&#8243; icon_color=&#8221;custom&#8221; icon_height=&#8221;35&#8243; title=&#8221;Grab artikel f\u00fcr die Bef\u00f6rderung&#8221; title_font_size=&#8221;20&#8243; icon_color_custom=&#8221;#1caf32&#8243; title_line_height=&#8221;20&#8243;]<i class=\"fa fa-check\" style=\"font-size: 19px; color: #1caf32;\"><\/i> Sarg (Eichen) Qualit\u00e4t zur Auswahl<br \/>\n<i class=\"fa fa-check\" style=\"font-size: 19px; color: #1caf32;\"><\/i> Sarg Zinc notwending f\u00fcr Bef\u00f6rderung<br \/>\n<i class=\"fa fa-check\" style=\"font-size: 19px; color: #1caf32;\"><\/i> Sto\u00dfkissen in Leinen[\/stm_icon_box][stm_spacing sm_spacing=&#8221;30px&#8221; xs_spacing=&#8221;30px&#8221; lg_spacing=&#8221;30px&#8221; md_spacing=&#8221;30px&#8221;][\/vc_column_inner][vc_column_inner width=&#8221;1\/4&#8243;][stm_icon_box icon=&#8221;stm-lorry6&#8243; icon_size=&#8221;27&#8243; icon_color=&#8221;custom&#8221; icon_height=&#8221;35&#8243; title=&#8221;Bef\u00f6rderung bis zu Adresse definiert&#8221; title_font_size=&#8221;20&#8243; icon_color_custom=&#8221;#1caf32&#8243; title_line_height=&#8221;20&#8243;]<i class=\"fa fa-check\" style=\"font-size: 19px; color: #1caf32;\"><\/i> Bef\u00f6rderung bis zu Adresse definiert<br \/>\n<i class=\"fa fa-check\" style=\"font-size: 19px; color: #1caf32;\"><\/i> Bestandige telefonische information der Familie f\u00fcr die Bef\u00f6rderung<br \/>\n<i class=\"fa fa-check\" style=\"font-size: 19px; color: #1caf32;\"><\/i> Lieferung in den \u00f6rtlichen Beerdigunginstituten[\/stm_icon_box][stm_spacing sm_spacing=&#8221;30px&#8221; xs_spacing=&#8221;30px&#8221; lg_spacing=&#8221;30px&#8221; md_spacing=&#8221;30px&#8221;][\/vc_column_inner][\/vc_row_inner][vc_separator align=&#8221;align_left&#8221;][vc_column_text]<span style=\"color: #1caf32; font-size: 14pt;\">\u2666<\/span> Hinweis:<\/p>\n<p><span style=\"font-size: 10pt;\">\u2013 Der Verein tr\u00e4gt keineswegs die Kosten des Bestattungsplatzes sowie auch nicht die Kosten f\u00fcr die Dienstleistungen des \u00f6ffentlichen Kommunalunternehmens, die das Monopol \u00fcber den Friedh\u00f6fen hat, au\u00dfer in F\u00e4llen in welchen eine Partnerschaft mit dem Verein besteht. <\/span><br \/>\n<span style=\"font-size: 10pt;\">\u2013 F\u00fcr Feuerbestattungen ist mindestens das Paket Standard auszuw\u00e4hlen. Optionales Hinzuf\u00fcgen anderer Dienstleistungen nach M\u00f6glichkeit und Absprache, wie z. B.: Benutzung der Kapelle, Fotograf, Kameramann, Blechmusik, Freisetzung von Tauben. <\/span><br \/>\n<span style=\"font-size: 10pt;\">\u2013 Die Option der Paketauswahl ist nicht m\u00f6glich f\u00fcr Mitglieder mit der Option Lokal, da die Organisation und Logistik seitens des Vereins nicht m\u00f6glich sind. <\/span>[\/vc_column_text][\/vc_column][vc_column width=&#8221;1\/4&#8243;][vc_wp_custommenu nav_menu=&#8221;90&#8243;][stm_sidebar sidebar=&#8221;2956&#8243;][\/vc_column][\/vc_row][vc_row full_width=&#8221;stretch_row&#8221; css=&#8221;.vc_custom_1459505959648{margin-bottom: -60px !important;}&#8221; el_class=&#8221;third_bg_color&#8221;][vc_column][vc_cta h2=&#8221;Werden Sie Mittglied von Lipa Association und Senden Sie uns eine Antrag auf Mitgliedschaft !&#8221; h2_font_container=&#8221;font_size:20px|line_height:24px&#8221; h2_use_theme_fonts=&#8221;yes&#8221; shape=&#8221;square&#8221; style=&#8221;flat&#8221; add_button=&#8221;right&#8221; btn_title=&#8221;ANTRAG AUF MITGLIEDSCHAFT&#8221; btn_style=&#8221;flat&#8221; btn_color=&#8221;theme_style_2&#8243; btn_align=&#8221;right&#8221; btn_i_align=&#8221;right&#8221; btn_i_icon_fontawesome=&#8221;fa fa-chevron-right&#8221; use_custom_fonts_h2=&#8221;true&#8221; btn_link=&#8221;url:http%3A%2F%2Flipaassociation.com%2Fde%2Fbeitrittsformular%2F||&#8221; btn_add_icon=&#8221;true&#8221; el_class=&#8221;third_bg_color&#8221; css=&#8221;.vc_custom_1516787102884{margin-bottom: 0px !important;}&#8221; btn_button_block=&#8221;true&#8221;][\/vc_cta][\/vc_column][\/vc_row]<\/p>\n","protected":false},"excerpt":{"rendered":"<p>[vc_row][vc_column width=&#8221;3\/4&#8243;][vc_column_text]Lipa BASIC\u00a0ist das grundlegende Dienstleistungspaket, das wir Mitgliedern des Vereins Lipa International Association anbieten k\u00f6nnen. Dieses Paket umfasst folgendes:[\/vc_column_text][vc_separator align=&#8221;align_left&#8221;][stm_spacing sm_spacing=&#8221;30px&#8221; xs_spacing=&#8221;30px&#8221;][vc_text_separator title=&#8221;Organisation der Bef\u00f6rderung&#8221; title_align=&#8221;separator_align_left&#8221; color=&#8221;custom&#8221; border_width=&#8221;2&#8243; el_class=&#8221;title1&#8243; accent_color=&#8221;#1caf32&#8243;][stm_spacing sm_spacing=&#8221;30px&#8221; xs_spacing=&#8221;30px&#8221;][vc_row_inner][vc_column_inner width=&#8221;1\/4&#8243;][stm_icon_box icon=&#8221;fa fa-file-text-o&#8221; icon_size=&#8221;27&#8243; icon_color=&#8221;custom&#8221; icon_height=&#8221;35&#8243; title=&#8221;Alle Schnitte und Formalit\u00e4ten in allen l\u00e4ndern&#8221; title_font_size=&#8221;20&#8243; icon_color_custom=&#8221;#1caf32&#8243; title_line_height=&#8221;20&#8243;] Krankenhaus Rathaus Pr\u00e4fektur Polizei Konsulat[\/stm_icon_box][stm_spacing sm_spacing=&#8221;30px&#8221;<\/p>\n","protected":false},"author":1,"featured_media":0,"parent":3285,"menu_order":0,"comment_status":"closed","ping_status":"closed","template":"","meta":[],"_links":{"self":[{"href":"http:\/\/lipaassociation.com\/de\/wp-json\/wp\/v2\/pages\/3303"}],"collection":[{"href":"http:\/\/lipaassociation.com\/de\/wp-json\/wp\/v2\/pages"}],"about":[{"href":"http:\/\/lipaassociation.com\/de\/wp-json\/wp\/v2\/types\/page"}],"author":[{"embeddable":true,"href":"http:\/\/lipaassociation.com\/de\/wp-json\/wp\/v2\/users\/1"}],"replies":[{"embeddable":true,"href":"http:\/\/lipaassociation.com\/de\/wp-json\/wp\/v2\/comments?post=3303"}],"version-history":[{"count":10,"href":"http:\/\/lipaassociation.com\/de\/wp-json\/wp\/v2\/pages\/3303\/revisions"}],"predecessor-version":[{"id":4170,"href":"http:\/\/lipaassociation.com\/de\/wp-json\/wp\/v2\/pages\/3303\/revisions\/4170"}],"up":[{"embeddable":true,"href":"http:\/\/lipaassociation.com\/de\/wp-json\/wp\/v2\/pages\/3285"}],"wp:attachment":[{"href":"http:\/\/lipaassociation.com\/de\/wp-json\/wp\/v2\/media?parent=3303"}],"curies":[{"name":"wp","href":"https:\/\/api.w.org\/{rel}","templated":true}]}}