{"id":3365,"date":"2016-12-30T00:00:00","date_gmt":"2016-12-30T00:00:00","guid":{"rendered":"http:\/\/lipaassociation.com\/kalkulator-clanarine\/"},"modified":"2018-01-24T14:04:58","modified_gmt":"2018-01-24T14:04:58","slug":"rechner-beitrag","status":"publish","type":"page","link":"http:\/\/lipaassociation.com\/de\/rechner-beitrag\/","title":{"rendered":"Rechner Beitrag"},"content":{"rendered":"<p>[vc_row][vc_column width=&#8221;1\/3&#8243;][vc_custom_heading stripe_pos=&#8221;between&#8221; stm_title_font_weight=&#8221;500&#8243; text=&#8221;W\u00e4hlen Sie den entsprechenden Mitgliedsbeitrag-Rechner aus&#8221; use_theme_fonts=&#8221;yes&#8221; subtitle=&#8221;F\u00fcr Informationen \u00fcber Mitgliedschaftspreise w\u00e4hlen Sie den entsprechenden Rechner aus. Die Rechner sind gem\u00e4\u00df dem Standort des Wohnsitzes sortiert bzw. gem\u00e4\u00df Standort der Pr\u00e4mienumsetzung. &#8221; el_class=&#8221;marg&#8221;][stm_spacing lg_spacing=&#8221;25&#8243; md_spacing=&#8221;25&#8243; sm_spacing=&#8221;25&#8243; xs_spacing=&#8221;25&#8243;][\/vc_column][vc_column width=&#8221;1\/3&#8243;][stm_info_box style=&#8221;style_3&#8243; title_icon=&#8221;stm-stm14_country&#8221; icon=&#8221;fa fa-angle-right&#8221; title=&#8221;LOKAL EHEMALIGES JUGOSLAWIEN&#8221; link=&#8221;url:http%3A%2F%2Flipaassociation.com%2Fde%2Frechner-beitrag%2Flokal-ehemaliges-jugoslawien%2F|title:mehr%20erfahren|&#8221; image=&#8221;3563&#8243;]Rechner des Mitgliedsbeitrags f\u00fcr ehemalige L\u00e4nder der Sozialistischen F\u00f6derativen Republik Jugoslawien.[\/stm_info_box][stm_spacing lg_spacing=&#8221;25&#8243; md_spacing=&#8221;25&#8243; sm_spacing=&#8221;25&#8243; xs_spacing=&#8221;25&#8243;][\/vc_column][vc_column width=&#8221;1\/3&#8243;][stm_info_box style=&#8221;style_3&#8243; title_icon=&#8221;stm-stm14_country&#8221; icon=&#8221;fa fa-angle-right&#8221; title=&#8221;LOKAL WEST&#8221; link=&#8221;url:http%3A%2F%2Flipaassociation.com%2Fde%2Frechner-beitrag%2Flokal-west%2F|title:mehr%20erfahren|&#8221; image=&#8221;2218&#8243;]Rechner des Mitgliedsbeitrags f\u00fcr das Gebiet der EU-L\u00e4nder.[\/stm_info_box][stm_spacing lg_spacing=&#8221;25&#8243; md_spacing=&#8221;25&#8243; sm_spacing=&#8221;25&#8243; xs_spacing=&#8221;25&#8243;][\/vc_column][\/vc_row][vc_row][vc_column width=&#8221;1\/3&#8243;][stm_info_box style=&#8221;style_3&#8243; title_icon=&#8221;stm-stm14_country&#8221; icon=&#8221;fa fa-angle-right&#8221; title=&#8221;EUROPA 1 \u2013 BALKAN&#8221; link=&#8221;url:http%3A%2F%2Flipaassociation.com%2Fde%2Frechner-beitrag%2Feuropa-1-balkan%2F|title:mehr%20erfahren|&#8221; image=&#8221;2219&#8243;]Wohnsitz in einem der folgenden L\u00e4nder: \u00d6sterreich, Tschechien, Slowakei oder Ungarn, wobei das Land der Umsetzung eines der Balkanl\u00e4nder ist.[\/stm_info_box][stm_spacing lg_spacing=&#8221;25&#8243; md_spacing=&#8221;25&#8243; sm_spacing=&#8221;25&#8243; xs_spacing=&#8221;25&#8243;][\/vc_column][vc_column width=&#8221;1\/3&#8243;][stm_info_box style=&#8221;style_3&#8243; title_icon=&#8221;stm-stm14_country&#8221; icon=&#8221;fa fa-angle-right&#8221; title=&#8221;EUROPA 2 IN RICHTUNG BALKAN&#8221; link=&#8221;url:http%3A%2F%2Flipaassociation.com%2Fde%2Frechner-beitrag%2Feuropa-2-in-richtung-balkan%2F|title:mehr%20erfahren|&#8221; image=&#8221;2276&#8243;]Wohnsitz in einem der folgenden L\u00e4nder: Italien, D\u00e4nemark, Schweden, Spanien oder England, wobei das Land der Umsetzung eines der Balkanl\u00e4nder ist.[\/stm_info_box][stm_spacing lg_spacing=&#8221;25&#8243; md_spacing=&#8221;25&#8243; sm_spacing=&#8221;25&#8243; xs_spacing=&#8221;25&#8243;][\/vc_column][vc_column width=&#8221;1\/3&#8243;][stm_info_box style=&#8221;style_3&#8243; title_icon=&#8221;stm-stm14_country&#8221; icon=&#8221;fa fa-angle-right&#8221; title=&#8221;EUROPA 3 \u2013 BALKAN&#8221; link=&#8221;url:http%3A%2F%2Flipaassociation.com%2Fde%2Frechner-beitrag%2Feuropa-3-balkan%2F|title:mehr%20erfahren|&#8221; image=&#8221;2275&#8243;]Wohnsitz in einem der folgenden L\u00e4nder: Benelux-Staaten, Schweiz, Deutschland oder Frankreich, wobei das Land der Umsetzung eines der Balkanl\u00e4nder ist.[\/stm_info_box][\/vc_column][\/vc_row][vc_row][vc_column width=&#8221;2\/3&#8243;][\/vc_column][vc_column width=&#8221;1\/3&#8243;][\/vc_column][\/vc_row][vc_row full_width=&#8221;stretch_row&#8221; css=&#8221;.vc_custom_1459505959648{margin-bottom: -60px !important;}&#8221; el_class=&#8221;third_bg_color&#8221;][vc_column][vc_cta h2=&#8221;Werden Sie Mittglied von Lipa Association und Senden Sie uns eine Antrag auf Mitgliedschaft !&#8221; h2_font_container=&#8221;font_size:20px|line_height:24px&#8221; h2_use_theme_fonts=&#8221;yes&#8221; shape=&#8221;square&#8221; style=&#8221;flat&#8221; add_button=&#8221;right&#8221; btn_title=&#8221;ANTRAG AUF MITGLIEDSCHAFT&#8221; btn_style=&#8221;flat&#8221; btn_color=&#8221;theme_style_2&#8243; btn_align=&#8221;right&#8221; btn_i_align=&#8221;right&#8221; btn_i_icon_fontawesome=&#8221;fa fa-chevron-right&#8221; use_custom_fonts_h2=&#8221;true&#8221; btn_link=&#8221;url:http%3A%2F%2Flipaassociation.com%2Fde%2Fbeitrittsformular%2F||&#8221; btn_add_icon=&#8221;true&#8221; el_class=&#8221;third_bg_color&#8221; css=&#8221;.vc_custom_1516802694042{margin-bottom: 0px !important;}&#8221; btn_button_block=&#8221;true&#8221;][\/vc_cta][\/vc_column][\/vc_row]<\/p>\n","protected":false},"excerpt":{"rendered":"<p>[vc_row][vc_column width=&#8221;1\/3&#8243;][vc_custom_heading stripe_pos=&#8221;between&#8221; stm_title_font_weight=&#8221;500&#8243; text=&#8221;W\u00e4hlen Sie den entsprechenden Mitgliedsbeitrag-Rechner aus&#8221; use_theme_fonts=&#8221;yes&#8221; subtitle=&#8221;F\u00fcr Informationen \u00fcber Mitgliedschaftspreise w\u00e4hlen Sie den entsprechenden Rechner aus. Die Rechner sind gem\u00e4\u00df dem Standort des Wohnsitzes sortiert bzw. gem\u00e4\u00df Standort der Pr\u00e4mienumsetzung. &#8221; el_class=&#8221;marg&#8221;][stm_spacing lg_spacing=&#8221;25&#8243; md_spacing=&#8221;25&#8243; sm_spacing=&#8221;25&#8243; xs_spacing=&#8221;25&#8243;][\/vc_column][vc_column width=&#8221;1\/3&#8243;][stm_info_box style=&#8221;style_3&#8243; title_icon=&#8221;stm-stm14_country&#8221; icon=&#8221;fa fa-angle-right&#8221; title=&#8221;LOKAL EHEMALIGES JUGOSLAWIEN&#8221; link=&#8221;url:http%3A%2F%2Flipaassociation.com%2Fde%2Frechner-beitrag%2Flokal-ehemaliges-jugoslawien%2F|title:mehr%20erfahren|&#8221; image=&#8221;3563&#8243;]Rechner des Mitgliedsbeitrags f\u00fcr ehemalige<\/p>\n","protected":false},"author":1,"featured_media":0,"parent":0,"menu_order":0,"comment_status":"closed","ping_status":"closed","template":"","meta":[],"_links":{"self":[{"href":"http:\/\/lipaassociation.com\/de\/wp-json\/wp\/v2\/pages\/3365"}],"collection":[{"href":"http:\/\/lipaassociation.com\/de\/wp-json\/wp\/v2\/pages"}],"about":[{"href":"http:\/\/lipaassociation.com\/de\/wp-json\/wp\/v2\/types\/page"}],"author":[{"embeddable":true,"href":"http:\/\/lipaassociation.com\/de\/wp-json\/wp\/v2\/users\/1"}],"replies":[{"embeddable":true,"href":"http:\/\/lipaassociation.com\/de\/wp-json\/wp\/v2\/comments?post=3365"}],"version-history":[{"count":12,"href":"http:\/\/lipaassociation.com\/de\/wp-json\/wp\/v2\/pages\/3365\/revisions"}],"predecessor-version":[{"id":4179,"href":"http:\/\/lipaassociation.com\/de\/wp-json\/wp\/v2\/pages\/3365\/revisions\/4179"}],"wp:attachment":[{"href":"http:\/\/lipaassociation.com\/de\/wp-json\/wp\/v2\/media?parent=3365"}],"curies":[{"name":"wp","href":"https:\/\/api.w.org\/{rel}","templated":true}]}}