{"id":4073,"date":"2017-08-07T20:12:38","date_gmt":"2017-08-07T20:12:38","guid":{"rendered":"http:\/\/lipaassociation.com\/payment-methods\/"},"modified":"2018-01-24T13:23:10","modified_gmt":"2018-01-24T13:23:10","slug":"zahlungsarten","status":"publish","type":"page","link":"http:\/\/lipaassociation.com\/de\/zahlungsarten\/","title":{"rendered":"Zahlungsarten"},"content":{"rendered":"<p>[vc_row][vc_column el_class=&#8221;ng123&#8243;][vc_tta_accordion active_section=&#8221;&#8221; title=&#8221;Die verschiedenen Zahlungsmittel&#8221; el_class=&#8221;ng123&#8243;][vc_tta_section i_icon_fontawesome=&#8221;fa fa-cc-paypal&#8221; title=&#8221;Zahlung mit Paypal oder Bankkarte&#8221; tab_id=&#8221;1483024846722-84b09e84-ae5921b6-18b9&#8243; add_icon=&#8221;true&#8221;][vc_column_text]<img loading=\"lazy\" class=\"alignnone wp-image-4041\" src=\"http:\/\/lipaassociation.com\/wp-content\/uploads\/2017\/08\/PayPal-300x107.png\" alt=\"\" width=\"200\" height=\"71\" srcset=\"http:\/\/lipaassociation.com\/wp-content\/uploads\/2017\/08\/PayPal-300x107.png 300w, http:\/\/lipaassociation.com\/wp-content\/uploads\/2017\/08\/PayPal-768x274.png 768w, http:\/\/lipaassociation.com\/wp-content\/uploads\/2017\/08\/PayPal-1024x366.png 1024w, http:\/\/lipaassociation.com\/wp-content\/uploads\/2017\/08\/PayPal.png 1053w\" sizes=\"(max-width: 200px) 100vw, 200px\" \/><\/p>\n<p>G\u00fcltig in allen L\u00e4ndern.<\/p>\n<p>Mit dieser Option, haben Sie die M\u00f6glischkeit mit Ihrem Paypal Konto zu zahlen, oder mit Ihrer Bankkarte ohne einen Paypal Konto zu \u00f6ffnen.<br \/>\nPaypal akzeptiert Bankkarte Visa, Mastercard, American Express, Discover, Maestro\u2026<\/p>\n<p>Der Beitrittsantrag senden an E-mail Adresse\u00a0: lipaassociation@outlook.com oder an Post Adresse\u00a0:<\/p>\n<p>Lipa Association<br \/>\n15, rue Lauth<br \/>\n67000 Strasbourg &#8211; France<\/p>\n<p>Sie bekommen danach eine Rechnung von der sichere Website Paypal mit zugang an unserem Paypal Konto,<br \/>\nf\u00fcr Ihre Zahlung durchzuf\u00fchren in aller Sicherheit.<\/p>\n<p>Diese Zahlungsmittel gibt Ihnen M\u00f6glischkeit Ihren monatlichen Betrag zu zahlen.<br \/>\nF\u00fcr dieses Zahlungsmittel ist eine E-mail zwingend.[\/vc_column_text][\/vc_tta_section][vc_tta_section i_icon_fontawesome=&#8221;fa fa-credit-card-alt&#8221; title=&#8221;Zahlung durch Entnahme SEPA&#8221; tab_id=&#8221;1483025092253-8de2a579-363721b6-18b9&#8243; add_icon=&#8221;true&#8221;][vc_column_text]<img loading=\"lazy\" class=\"alignnone wp-image-4046\" src=\"http:\/\/lipaassociation.com\/wp-content\/uploads\/2017\/08\/Single_Euro_Payments_Area_logo.svg-300x129.png\" alt=\"\" width=\"200\" height=\"86\" srcset=\"http:\/\/lipaassociation.com\/wp-content\/uploads\/2017\/08\/Single_Euro_Payments_Area_logo.svg-300x129.png 300w, http:\/\/lipaassociation.com\/wp-content\/uploads\/2017\/08\/Single_Euro_Payments_Area_logo.svg-768x331.png 768w, http:\/\/lipaassociation.com\/wp-content\/uploads\/2017\/08\/Single_Euro_Payments_Area_logo.svg-1024x442.png 1024w, http:\/\/lipaassociation.com\/wp-content\/uploads\/2017\/08\/Single_Euro_Payments_Area_logo.svg.png 2000w\" sizes=\"(max-width: 200px) 100vw, 200px\" \/><\/p>\n<p>G\u00fcltig f\u00fcr alle L\u00e4ndern der europ\u00e4ischen Wirtschaftsunion.<\/p>\n<p>Senden Sie den Beitrittsantrag mit Ihre Bank Koordinaten RIB\/IBAN an diseser E-mail Adresse\u00a0: lipaassociation@outlook.com oder an Post Adresse\u00a0:<\/p>\n<p>Lipa Association<br \/>\n15, rue Lauth<br \/>\n67000 Strasbourg &#8211; France<\/p>\n<p>Sie bekommen danach eine Rechnng mit einem SEPA Formular zu unterschreiben und ausf\u00fchlen.<br \/>\nDiese Zahlungsmittel gibt Ihnen M\u00f6glischkeit Ihren monatlichen Betrag zu zahlen.[\/vc_column_text][\/vc_tta_section][vc_tta_section i_icon_fontawesome=&#8221;fa fa-newspaper-o&#8221; title=&#8221;Zahlung per Scheck&#8221; tab_id=&#8221;1502137927500-fe0633fa-388e&#8221; add_icon=&#8221;true&#8221;][vc_column_text]G\u00fcltig f\u00fcr Frankreich, Belgien und Luxemburg.<\/p>\n<p>Den Scheck an Name Lipa Association ausf\u00fchlen, und in mit dem Beitrittsantrag senden, an dieser Adresse\u00a0:<\/p>\n<p>Lipa Association<br \/>\n15, rue Lauth<br \/>\n67000 Strasbourg &#8211; France[\/vc_column_text][\/vc_tta_section][vc_tta_section i_icon_fontawesome=&#8221;fa fa-usd&#8221; title=&#8221;Zahlung von Bank\u00fcberweisung&#8221; tab_id=&#8221;1483025383140-6bfa725f-6f5c21b6-18b9&#8243; add_icon=&#8221;true&#8221;][vc_column_text]G\u00fcltig in allen L\u00e4nder.<\/p>\n<p>Der Beitrittsantrag senden an E-mail Adresse\u00a0: lipaassociation@outlook.com oder an Post Adresse\u00a0:<\/p>\n<p>Lipa Association<br \/>\n15, rue Lauth<br \/>\n67000 Strasbourg &#8211; France<\/p>\n<p>Sie bekommen danach eine Rechnng mit unseren Bank Koordinaten f\u00fcr die Bereitstellung der \u00dcberweisung<br \/>\nmit Ihrer Bank.<br \/>\nDiese Zahlungsmittel gibt Ihnen M\u00f6glischkeit Ihren monatlichen Betrag zu zahlen.[\/vc_column_text][\/vc_tta_section][\/vc_tta_accordion][\/vc_column][\/vc_row][vc_row][vc_column][stm_spacing lg_spacing=&#8221;50px&#8221; md_spacing=&#8221;50px&#8221; sm_spacing=&#8221;50px&#8221; xs_spacing=&#8221;50px&#8221;][\/vc_column][\/vc_row][vc_row full_width=&#8221;stretch_row&#8221; css=&#8221;.vc_custom_1459505959648{margin-bottom: -60px !important;}&#8221; el_class=&#8221;third_bg_color&#8221;][vc_column][vc_cta h2=&#8221;F\u00fcr alle andere Zahlungsmittel, bitte kontaktieren Sie uns.&#8221; h2_font_container=&#8221;font_size:20px|line_height:24px&#8221; h2_use_theme_fonts=&#8221;yes&#8221; shape=&#8221;square&#8221; style=&#8221;flat&#8221; add_button=&#8221;right&#8221; btn_title=&#8221;KONTAKT&#8221; btn_style=&#8221;flat&#8221; btn_color=&#8221;theme_style_2&#8243; btn_align=&#8221;right&#8221; btn_i_align=&#8221;right&#8221; btn_i_icon_fontawesome=&#8221;fa fa-chevron-right&#8221; use_custom_fonts_h2=&#8221;true&#8221; btn_link=&#8221;url:http%3A%2F%2Flipaassociation.com%2Fde%2Fkontakt%2F||&#8221; btn_add_icon=&#8221;true&#8221; el_class=&#8221;third_bg_color&#8221; css=&#8221;.vc_custom_1516800187571{margin-bottom: 0px !important;}&#8221;][\/vc_cta][\/vc_column][\/vc_row]<\/p>\n","protected":false},"excerpt":{"rendered":"<p>[vc_row][vc_column el_class=&#8221;ng123&#8243;][vc_tta_accordion active_section=&#8221;&#8221; title=&#8221;Die verschiedenen Zahlungsmittel&#8221; el_class=&#8221;ng123&#8243;][vc_tta_section i_icon_fontawesome=&#8221;fa fa-cc-paypal&#8221; title=&#8221;Zahlung mit Paypal oder Bankkarte&#8221; tab_id=&#8221;1483024846722-84b09e84-ae5921b6-18b9&#8243; add_icon=&#8221;true&#8221;][vc_column_text] G\u00fcltig in allen L\u00e4ndern. Mit dieser Option, haben Sie die M\u00f6glischkeit mit Ihrem Paypal Konto zu zahlen, oder mit Ihrer Bankkarte ohne einen Paypal Konto zu \u00f6ffnen. Paypal akzeptiert Bankkarte Visa, Mastercard, American Express, Discover, Maestro\u2026 Der Beitrittsantrag senden<\/p>\n","protected":false},"author":1,"featured_media":0,"parent":0,"menu_order":0,"comment_status":"closed","ping_status":"closed","template":"","meta":[],"_links":{"self":[{"href":"http:\/\/lipaassociation.com\/de\/wp-json\/wp\/v2\/pages\/4073"}],"collection":[{"href":"http:\/\/lipaassociation.com\/de\/wp-json\/wp\/v2\/pages"}],"about":[{"href":"http:\/\/lipaassociation.com\/de\/wp-json\/wp\/v2\/types\/page"}],"author":[{"embeddable":true,"href":"http:\/\/lipaassociation.com\/de\/wp-json\/wp\/v2\/users\/1"}],"replies":[{"embeddable":true,"href":"http:\/\/lipaassociation.com\/de\/wp-json\/wp\/v2\/comments?post=4073"}],"version-history":[{"count":4,"href":"http:\/\/lipaassociation.com\/de\/wp-json\/wp\/v2\/pages\/4073\/revisions"}],"predecessor-version":[{"id":4175,"href":"http:\/\/lipaassociation.com\/de\/wp-json\/wp\/v2\/pages\/4073\/revisions\/4175"}],"wp:attachment":[{"href":"http:\/\/lipaassociation.com\/de\/wp-json\/wp\/v2\/media?parent=4073"}],"curies":[{"name":"wp","href":"https:\/\/api.w.org\/{rel}","templated":true}]}}