{"id":2845,"date":"2015-12-15T00:00:00","date_gmt":"2015-12-15T00:00:00","guid":{"rendered":"http:\/\/lipaassociation.com\/o-lipa-association-u\/"},"modified":"2018-01-27T21:52:10","modified_gmt":"2018-01-27T21:52:10","slug":"a-propos-de-lipa-association","status":"publish","type":"page","link":"http:\/\/lipaassociation.com\/fr\/a-propos-de-lipa-association\/","title":{"rendered":"\u00c0 propos de Lipa Association"},"content":{"rendered":"<p>[vc_row css=&#8221;.vc_custom_1451991003825{margin-bottom: 100px !important;}&#8221;][vc_column offset=&#8221;vc_col-lg-9 vc_col-md-9&#8243;]\n<div id=\"rev_slider_33_1_wrapper\" class=\"rev_slider_wrapper fullwidthbanner-container\" data-source=\"gallery\" style=\"margin:0px auto;background:transparent;padding:0px;margin-top:0px;margin-bottom:0px;\">\n<!-- START REVOLUTION SLIDER 5.4.5.1 auto mode -->\n\t<div id=\"rev_slider_33_1\" class=\"rev_slider fullwidthabanner\" style=\"display:none;\" data-version=\"5.4.5.1\">\n<ul>\t<!-- SLIDE  -->\n\t<li data-index=\"rs-58\" data-transition=\"slidehorizontal\" data-slotamount=\"default\" data-hideafterloop=\"0\" data-hideslideonmobile=\"off\"  data-easein=\"default\" data-easeout=\"default\" data-masterspeed=\"default\"  data-rotate=\"0\"  data-saveperformance=\"off\"  class=\"third_bg_color\" data-title=\"Slide\" data-param1=\"\" data-param2=\"\" data-param3=\"\" data-param4=\"\" data-param5=\"\" data-param6=\"\" data-param7=\"\" data-param8=\"\" data-param9=\"\" data-param10=\"\" data-description=\"\">\n\t\t<!-- MAIN IMAGE -->\n\t\t<img src=\"http:\/\/lipaassociation.com\/wp-content\/uploads\/2016\/08\/Lipa-slider-2.png\"  alt=\"\" title=\"Lipa slider 2\"  width=\"2019\" height=\"1200\" data-bgposition=\"center center\" data-bgfit=\"cover\" data-bgrepeat=\"no-repeat\" class=\"rev-slidebg\" data-no-retina>\n\t\t<!-- LAYERS -->\n\n\t\t<!-- LAYER NR. 1 -->\n\t\t<div class=\"tp-caption   tp-resizeme\" \n\t\t\t id=\"slide-58-layer-3\" \n\t\t\t data-x=\"49\" \n\t\t\t data-y=\"214\" \n\t\t\t\t\t\tdata-width=\"['473']\"\n\t\t\tdata-height=\"['108']\"\n \n\t\t\tdata-type=\"text\" \n\t\t\tdata-responsive_offset=\"on\" \n\n\t\t\tdata-frames='[{\"from\":\"y:[100{ff029b9ed727a8cfab64ff35f0970f431e658f61ec42594ff25da87028f3ebdc}];z:0;rX:0deg;rY:0;rZ:0;sX:1;sY:1;skX:0;skY:0;opacity:0;\",\"mask\":\"x:0px;y:[100{ff029b9ed727a8cfab64ff35f0970f431e658f61ec42594ff25da87028f3ebdc}];\",\"speed\":2000,\"to\":\"o:1;\",\"delay\":500,\"ease\":\"Power2.easeInOut\"},{\"delay\":\"wait\",\"speed\":300,\"to\":\"opacity:0;\",\"ease\":\"nothing\"}]'\n\t\t\tdata-textAlign=\"['left','left','left','left']\"\n\t\t\tdata-paddingtop=\"[0,0,0,0]\"\n\t\t\tdata-paddingright=\"[0,0,0,0]\"\n\t\t\tdata-paddingbottom=\"[0,0,0,0]\"\n\t\t\tdata-paddingleft=\"[0,0,0,0]\"\n\n\t\t\tstyle=\"z-index: 5; min-width: 473px; max-width: 473px; max-width: 108px; max-width: 108px; white-space: normal; font-size: 22px; line-height: 24px; font-weight: 400; color: rgba(51,51,51,1);\">Nous somme l\u00e0 pour prendre soin de votre budget.\nToujours pr\u00e9sent pour vous. <\/div>\n\n\t\t<!-- LAYER NR. 2 -->\n\t\t<div class=\"tp-caption   tp-resizeme\" \n\t\t\t id=\"slide-58-layer-6\" \n\t\t\t data-x=\"47\" \n\t\t\t data-y=\"145\" \n\t\t\t\t\t\tdata-width=\"['481']\"\n\t\t\tdata-height=\"['auto']\"\n \n\t\t\tdata-type=\"text\" \n\t\t\tdata-responsive_offset=\"on\" \n\n\t\t\tdata-frames='[{\"from\":\"y:[100{ff029b9ed727a8cfab64ff35f0970f431e658f61ec42594ff25da87028f3ebdc}];z:0;rX:0deg;rY:0;rZ:0;sX:1;sY:1;skX:0;skY:0;opacity:0;\",\"mask\":\"x:0px;y:[100{ff029b9ed727a8cfab64ff35f0970f431e658f61ec42594ff25da87028f3ebdc}];s:inherit;e:inherit;\",\"speed\":2000,\"to\":\"o:1;\",\"delay\":500,\"ease\":\"Power2.easeInOut\"},{\"delay\":\"wait\",\"speed\":300,\"to\":\"opacity:0;\",\"ease\":\"nothing\"}]'\n\t\t\tdata-textAlign=\"['left','left','left','left']\"\n\t\t\tdata-paddingtop=\"[0,0,0,0]\"\n\t\t\tdata-paddingright=\"[0,0,0,0]\"\n\t\t\tdata-paddingbottom=\"[0,0,0,0]\"\n\t\t\tdata-paddingleft=\"[0,0,0,0]\"\n\n\t\t\tstyle=\"z-index: 6; min-width: 481px; max-width: 481px; white-space: normal; font-size: 40px; line-height: 45px; font-weight: 500; color: rgba(28,175,50,1);\">Lipa Association <\/div>\n\t<\/li>\n<\/ul>\n<div class=\"tp-bannertimer tp-bottom\" style=\"visibility: hidden !important;\"><\/div>\t<\/div>\n<script>var htmlDiv = document.getElementById(\"rs-plugin-settings-inline-css\"); var htmlDivCss=\"\";\r\n\t\t\t\tif(htmlDiv) {\r\n\t\t\t\t\thtmlDiv.innerHTML = htmlDiv.innerHTML + htmlDivCss;\r\n\t\t\t\t}else{\r\n\t\t\t\t\tvar htmlDiv = document.createElement(\"div\");\r\n\t\t\t\t\thtmlDiv.innerHTML = \"<style>\" + htmlDivCss + \"<\/style>\";\r\n\t\t\t\t\tdocument.getElementsByTagName(\"head\")[0].appendChild(htmlDiv.childNodes[0]);\r\n\t\t\t\t}\r\n\t\t\t<\/script>\n\t\t<script type=\"text\/javascript\">\r\nsetREVStartSize({c: jQuery('#rev_slider_33_1'), gridwidth: [825], gridheight: [407], sliderLayout: 'auto'});\r\n\t\t\t\r\nvar revapi33,\r\n\ttpj=jQuery;\r\n\t\t\t\r\ntpj(document).ready(function() {\n\tif(tpj(\"#rev_slider_33_1\").revolution == undefined){\n\t\trevslider_showDoubleJqueryError(\"#rev_slider_33_1\");\n\t}else{\n\t\trevapi33 = tpj(\"#rev_slider_33_1\").show().revolution({\n\t\t\tsliderType:\"carousel\",\n\t\t\tjsFileLocation:\"\/\/lipaassociation.com\/wp-content\/plugins\/revslider\/public\/assets\/js\/\",\n\t\t\tsliderLayout:\"auto\",\n\t\t\tdottedOverlay:\"none\",\n\t\t\tdelay:9000,\n\t\t\tnavigation: {\n\t\t\t\tonHoverStop:\"off\",\n\t\t\t},\n\t\t\tcarousel: {\n\t\t\t\thorizontal_align: \"center\",\n\t\t\t\tvertical_align: \"center\",\n\t\t\t\tfadeout: \"on\",\n\t\t\t\tvary_fade: \"off\",\n\t\t\t\tmaxVisibleItems: 3,\n\t\t\t\tinfinity: \"off\",\n\t\t\t\tspace: 0,\n\t\t\t\tstretch: \"off\",\n \t\t\t\t\t\t\tshowLayersAllTime: \"off\",\n \t\t\t\t\t\t\teasing: \"Power3.easeInOut\",\n \t\t\t\t\t\t\tspeed: \"800\"\n\t\t\t},\n\t\t\tvisibilityLevels:[1240,1024,778,480],\n\t\t\tgridwidth:825,\n\t\t\tgridheight:407,\n\t\t\tlazyType:\"none\",\n\t\t\tshadow:0,\n\t\t\tspinner:\"spinner0\",\n\t\t\tstopLoop:\"off\",\n\t\t\tstopAfterLoops:-1,\n\t\t\tstopAtSlide:-1,\n\t\t\tshuffle:\"off\",\n\t\t\tautoHeight:\"off\",\n\t\t\tdisableProgressBar:\"on\",\n\t\t\thideThumbsOnMobile:\"off\",\n\t\t\thideSliderAtLimit:0,\n\t\t\thideCaptionAtLimit:0,\n\t\t\thideAllCaptionAtLilmit:0,\n\t\t\tdebugMode:false,\n\t\t\tfallbacks: {\n\t\t\t\tsimplifyAll:\"off\",\n\t\t\t\tnextSlideOnWindowFocus:\"off\",\n\t\t\t\tdisableFocusListener:false,\n\t\t\t}\n\t\t});\n\t}\n\t\n});\t\/*ready*\/\n<\/script>\r\n\t\t<\/div><!-- END REVOLUTION SLIDER -->[vc_column_text css=&#8221;.vc_custom_1499194381804{margin-top: 40px !important;}&#8221;]<\/p>\n<h3>A propos de l\u2019Association Lipa<\/h3>\n<p>La crise \u00e9conomique dans tous les pays du monde et la chute de revenus dans presque toutes les classes sociales au cours des 10 derni\u00e8res ann\u00e9es, a conduit \u00e0 une situation o\u00f9 les gens ont de moins en moins de moyens pour les services fun\u00e9raires, qui sont de plus en plus on\u00e9reux.<br \/>\nL\u2019Association LIPA a \u00e9t\u00e9 fond\u00e9e gr\u00e2ce aux soutiens d\u2019un grand nombre d\u2019organismes \u2013 entreprises et institutions de divers secteurs d\u2019activit\u00e9 telles que des Fonds Maladie et Vieillesse, Organismes d\u2019Assurance obs\u00e8ques, entreprises de pompes fun\u00e8bres de toute l\u2019Europe et des Balkans ainsi que diff\u00e9rentes institutions religieuses.<br \/>\nNous sommes tous conscient du fait que les services fun\u00e9raires \u00e0 l\u2019heure actuelle co\u00fbtent cher, et au lieu que dans les moments de deuil nous soyons concentr\u00e9 sur la fa\u00e7on de faire face \u00e0 la perte d\u2019un \u00eatre cher, nous soyons oblig\u00e9 de penser \u00e0 la somme d\u2019argent qui est n\u00e9cessaire, et qui est de nos jours difficiles \u00e0 mettre de c\u00f4t\u00e9. C\u2019est la raison pour laquelle l\u2019Association LIPA a \u00e9t\u00e9 cr\u00e9e, pour que dans les moments les plus difficiles, vous ne vous inqui\u00e9tiez pas d\u2019argent et de paiement des services fun\u00e9raires. L\u2019objectif de l\u2019association est que le plus grand nombre de personnes, de toute classe sociale, puissent b\u00e9n\u00e9ficier des services fun\u00e9raires de qualit\u00e9 et accessibles.<br \/>\nLe fonctionnement est fond\u00e9 sur le principe suivant\u00a0:<br \/>\nD\u2019une part comme Caisse de d\u00e9c\u00e8s (subventions, dons, aides des divers organismes publics et priv\u00e9s, adh\u00e9sions, etc.), et d\u2019autre part, majoritairement, sur le principe de l\u2019assurance collective, qui permet d\u2019avoir des tarifs jusqu\u2019\u00e0 12 fois inf\u00e9rieurs \u00e0 ceux d\u2019une assurance individuelle.<br \/>\nL\u2019Association LIPA est la garantie fun\u00e9raire, qui est l\u00e0 pour prot\u00e9ger et soutenir ses membres, avant et apr\u00e8s les obs\u00e8ques, pour les repr\u00e9senter, les conseiller et leur fournir l\u2019aide dans tous les domaines \u2013 financiers, psychologique, administratif.[\/vc_column_text][vc_column_text css=&#8221;.vc_custom_1499188397405{margin-bottom: 34px !important;}&#8221;]<\/p>\n<blockquote><p>Devenez membre de l\u2019association et constituez pour vous et vos proches une assistance obs\u00e8ques. Nous sommes toujours l\u00e0, avec vous, \u00e0 vos c\u00f4t\u00e9s.<\/p><\/blockquote>\n<p>[\/vc_column_text][\/vc_column][vc_column width=&#8221;1\/4&#8243; offset=&#8221;vc_hidden-sm vc_hidden-xs&#8221;][vc_wp_custommenu nav_menu=&#8221;65&#8243;][stm_sidebar sidebar=&#8221;2960&#8243;][\/vc_column][\/vc_row][vc_row full_width=&#8221;stretch_row&#8221; css=&#8221;.vc_custom_1459505959648{margin-bottom: -60px !important;}&#8221; el_class=&#8221;third_bg_color&#8221;][vc_column][vc_cta h2=&#8221;Devenez membre de Lipa Association &#8211; envoyez une demande d\u2019adh\u00e9sion !&#8221; h2_font_container=&#8221;font_size:20px|line_height:24px&#8221; h2_use_theme_fonts=&#8221;yes&#8221; shape=&#8221;square&#8221; style=&#8221;flat&#8221; add_button=&#8221;right&#8221; btn_title=&#8221;DEMANDE D\u2019ADHESION &#8221; btn_style=&#8221;flat&#8221; btn_color=&#8221;theme_style_2&#8243; btn_align=&#8221;right&#8221; btn_i_align=&#8221;right&#8221; btn_i_icon_fontawesome=&#8221;fa fa-chevron-right&#8221; use_custom_fonts_h2=&#8221;true&#8221; btn_link=&#8221;url:http%3A%2F%2Flipaassociation.com%2Ffr%2Fformulaire-dadhesion%2F||&#8221; btn_add_icon=&#8221;true&#8221; el_class=&#8221;third_bg_color&#8221; css=&#8221;.vc_custom_1517089919731{margin-bottom: 0px !important;}&#8221;][\/vc_cta][\/vc_column][\/vc_row]<\/p>\n","protected":false},"excerpt":{"rendered":"<p>[vc_row css=&#8221;.vc_custom_1451991003825{margin-bottom: 100px !important;}&#8221;][vc_column offset=&#8221;vc_col-lg-9 vc_col-md-9&#8243;][vc_column_text css=&#8221;.vc_custom_1499194381804{margin-top: 40px !important;}&#8221;] A propos de l\u2019Association Lipa La crise \u00e9conomique dans tous les pays du monde et la chute de revenus dans presque toutes les classes sociales au cours des 10 derni\u00e8res ann\u00e9es, a conduit \u00e0 une situation o\u00f9 les gens ont de moins en moins de moyens<\/p>\n","protected":false},"author":1,"featured_media":0,"parent":0,"menu_order":0,"comment_status":"closed","ping_status":"closed","template":"","meta":[],"_links":{"self":[{"href":"http:\/\/lipaassociation.com\/fr\/wp-json\/wp\/v2\/pages\/2845"}],"collection":[{"href":"http:\/\/lipaassociation.com\/fr\/wp-json\/wp\/v2\/pages"}],"about":[{"href":"http:\/\/lipaassociation.com\/fr\/wp-json\/wp\/v2\/types\/page"}],"author":[{"embeddable":true,"href":"http:\/\/lipaassociation.com\/fr\/wp-json\/wp\/v2\/users\/1"}],"replies":[{"embeddable":true,"href":"http:\/\/lipaassociation.com\/fr\/wp-json\/wp\/v2\/comments?post=2845"}],"version-history":[{"count":10,"href":"http:\/\/lipaassociation.com\/fr\/wp-json\/wp\/v2\/pages\/2845\/revisions"}],"predecessor-version":[{"id":4186,"href":"http:\/\/lipaassociation.com\/fr\/wp-json\/wp\/v2\/pages\/2845\/revisions\/4186"}],"wp:attachment":[{"href":"http:\/\/lipaassociation.com\/fr\/wp-json\/wp\/v2\/media?parent=2845"}],"curies":[{"name":"wp","href":"https:\/\/api.w.org\/{rel}","templated":true}]}}