{"id":2968,"date":"2016-01-06T00:00:00","date_gmt":"2016-01-06T00:00:00","guid":{"rendered":"http:\/\/lipaassociation.com\/a-propos-de-lipa-association\/usluge\/"},"modified":"2018-01-27T21:54:06","modified_gmt":"2018-01-27T21:54:06","slug":"formules-et-services","status":"publish","type":"page","link":"http:\/\/lipaassociation.com\/fr\/a-propos-de-lipa-association\/formules-et-services\/","title":{"rendered":"Formules et services"},"content":{"rendered":"<p>[vc_row css=&#8221;.vc_custom_1459506276575{margin-bottom: 100px !important;}&#8221;][vc_column width=&#8221;3\/4&#8243;]\n<div id=\"rev_slider_30_1_wrapper\" class=\"rev_slider_wrapper fullwidthbanner-container\" data-source=\"gallery\" style=\"margin:0px auto;background:transparent;padding:0px;margin-top:0px;margin-bottom:0px;\">\n<!-- START REVOLUTION SLIDER 5.4.5.1 auto mode -->\n\t<div id=\"rev_slider_30_1\" class=\"rev_slider fullwidthabanner\" style=\"display:none;\" data-version=\"5.4.5.1\">\n<ul>\t<!-- SLIDE  -->\n\t<li data-index=\"rs-55\" data-transition=\"slidehorizontal\" data-slotamount=\"default\" data-hideafterloop=\"0\" data-hideslideonmobile=\"off\"  data-easein=\"default\" data-easeout=\"default\" data-masterspeed=\"default\"  data-rotate=\"0\"  data-saveperformance=\"off\"  class=\"third_bg_color\" data-title=\"Slide\" data-param1=\"\" data-param2=\"\" data-param3=\"\" data-param4=\"\" data-param5=\"\" data-param6=\"\" data-param7=\"\" data-param8=\"\" data-param9=\"\" data-param10=\"\" data-description=\"\">\n\t\t<!-- MAIN IMAGE -->\n\t\t<img src=\"http:\/\/lipaassociation.com\/wp-content\/uploads\/2015\/12\/Layer-8067_01.jpg\"  alt=\"\" title=\"Layer-8067_01\"  width=\"1920\" height=\"613\" data-bgposition=\"center center\" data-bgfit=\"cover\" data-bgrepeat=\"no-repeat\" class=\"rev-slidebg\" data-no-retina>\n\t\t<!-- LAYERS -->\n\n\t\t<!-- LAYER NR. 1 -->\n\t\t<div class=\"tp-caption   tp-resizeme\" \n\t\t\t id=\"slide-55-layer-3\" \n\t\t\t data-x=\"18\" \n\t\t\t data-y=\"230\" \n\t\t\t\t\t\tdata-width=\"['495']\"\n\t\t\tdata-height=\"['109']\"\n \n\t\t\tdata-type=\"text\" \n\t\t\tdata-responsive_offset=\"on\" \n\n\t\t\tdata-frames='[{\"from\":\"z:0;rX:0;rY:0;rZ:0;sX:0.9;sY:0.9;skX:0;skY:0;opacity:0;\",\"speed\":1500,\"to\":\"o:1;\",\"delay\":2000,\"ease\":\"Power3.easeInOut\"},{\"delay\":\"wait\",\"speed\":300,\"to\":\"opacity:0;\",\"ease\":\"nothing\"}]'\n\t\t\tdata-textAlign=\"['left','left','left','left']\"\n\t\t\tdata-paddingtop=\"[0,0,0,0]\"\n\t\t\tdata-paddingright=\"[0,0,0,0]\"\n\t\t\tdata-paddingbottom=\"[0,0,0,0]\"\n\t\t\tdata-paddingleft=\"[0,0,0,0]\"\n\n\t\t\tstyle=\"z-index: 5; min-width: 495px; max-width: 495px; max-width: 109px; max-width: 109px; white-space: normal; font-size: 22px; line-height: 24px; font-weight: 400; color: rgba(51,51,51,1);\">Cr\u00e9ez votre adh\u00e9sion suivant vos besoins.\nVous disposez de trois formules d\u2019adh\u00e9sion et quatre paquets de services. <\/div>\n\n\t\t<!-- LAYER NR. 2 -->\n\t\t<div class=\"tp-caption   tp-resizeme\" \n\t\t\t id=\"slide-55-layer-6\" \n\t\t\t data-x=\"20\" \n\t\t\t data-y=\"132\" \n\t\t\t\t\t\tdata-width=\"['481']\"\n\t\t\tdata-height=\"['auto']\"\n \n\t\t\tdata-type=\"text\" \n\t\t\tdata-responsive_offset=\"on\" \n\n\t\t\tdata-frames='[{\"from\":\"x:[-100{ff029b9ed727a8cfab64ff35f0970f431e658f61ec42594ff25da87028f3ebdc}];z:0;rX:0deg;rY:0;rZ:0;sX:1;sY:1;skX:0;skY:0;\",\"mask\":\"x:0px;y:0px;\",\"speed\":1500,\"to\":\"o:1;\",\"delay\":500,\"ease\":\"Power3.easeInOut\"},{\"delay\":\"wait\",\"speed\":300,\"to\":\"opacity:0;\",\"ease\":\"nothing\"}]'\n\t\t\tdata-textAlign=\"['left','left','left','left']\"\n\t\t\tdata-paddingtop=\"[0,0,0,0]\"\n\t\t\tdata-paddingright=\"[0,0,0,0]\"\n\t\t\tdata-paddingbottom=\"[0,0,0,0]\"\n\t\t\tdata-paddingleft=\"[0,0,0,0]\"\n\n\t\t\tstyle=\"z-index: 6; min-width: 481px; max-width: 481px; white-space: normal; font-size: 40px; line-height: 45px; font-weight: 500; color: rgba(28,175,50,1);\">Forfaits d\u2019adh\u00e9sion et paquets de services  <\/div>\n\t<\/li>\n<\/ul>\n<div class=\"tp-bannertimer tp-bottom\" style=\"visibility: hidden !important;\"><\/div>\t<\/div>\n<script>var htmlDiv = document.getElementById(\"rs-plugin-settings-inline-css\"); var htmlDivCss=\"\";\r\n\t\t\t\tif(htmlDiv) {\r\n\t\t\t\t\thtmlDiv.innerHTML = htmlDiv.innerHTML + htmlDivCss;\r\n\t\t\t\t}else{\r\n\t\t\t\t\tvar htmlDiv = document.createElement(\"div\");\r\n\t\t\t\t\thtmlDiv.innerHTML = \"<style>\" + htmlDivCss + \"<\/style>\";\r\n\t\t\t\t\tdocument.getElementsByTagName(\"head\")[0].appendChild(htmlDiv.childNodes[0]);\r\n\t\t\t\t}\r\n\t\t\t<\/script>\n\t\t<script type=\"text\/javascript\">\r\nsetREVStartSize({c: jQuery('#rev_slider_30_1'), gridwidth: [825], gridheight: [407], sliderLayout: 'auto'});\r\n\t\t\t\r\nvar revapi30,\r\n\ttpj=jQuery;\r\n\t\t\t\r\ntpj(document).ready(function() {\n\tif(tpj(\"#rev_slider_30_1\").revolution == undefined){\n\t\trevslider_showDoubleJqueryError(\"#rev_slider_30_1\");\n\t}else{\n\t\trevapi30 = tpj(\"#rev_slider_30_1\").show().revolution({\n\t\t\tsliderType:\"carousel\",\n\t\t\tjsFileLocation:\"\/\/lipaassociation.com\/wp-content\/plugins\/revslider\/public\/assets\/js\/\",\n\t\t\tsliderLayout:\"auto\",\n\t\t\tdottedOverlay:\"none\",\n\t\t\tdelay:9000,\n\t\t\tnavigation: {\n\t\t\t\tonHoverStop:\"off\",\n\t\t\t},\n\t\t\tcarousel: {\n\t\t\t\thorizontal_align: \"center\",\n\t\t\t\tvertical_align: \"center\",\n\t\t\t\tfadeout: \"on\",\n\t\t\t\tvary_fade: \"off\",\n\t\t\t\tmaxVisibleItems: 3,\n\t\t\t\tinfinity: \"off\",\n\t\t\t\tspace: 0,\n\t\t\t\tstretch: \"off\",\n \t\t\t\t\t\t\tshowLayersAllTime: \"off\",\n \t\t\t\t\t\t\teasing: \"Power3.easeInOut\",\n \t\t\t\t\t\t\tspeed: \"800\"\n\t\t\t},\n\t\t\tvisibilityLevels:[1240,1024,778,480],\n\t\t\tgridwidth:825,\n\t\t\tgridheight:407,\n\t\t\tlazyType:\"none\",\n\t\t\tshadow:0,\n\t\t\tspinner:\"spinner0\",\n\t\t\tstopLoop:\"off\",\n\t\t\tstopAfterLoops:-1,\n\t\t\tstopAtSlide:-1,\n\t\t\tshuffle:\"off\",\n\t\t\tautoHeight:\"off\",\n\t\t\tdisableProgressBar:\"on\",\n\t\t\thideThumbsOnMobile:\"off\",\n\t\t\thideSliderAtLimit:0,\n\t\t\thideCaptionAtLimit:0,\n\t\t\thideAllCaptionAtLilmit:0,\n\t\t\tdebugMode:false,\n\t\t\tfallbacks: {\n\t\t\t\tsimplifyAll:\"off\",\n\t\t\t\tnextSlideOnWindowFocus:\"off\",\n\t\t\t\tdisableFocusListener:false,\n\t\t\t}\n\t\t});\n\t}\n\t\n});\t\/*ready*\/\n<\/script>\r\n\t\t<\/div><!-- END REVOLUTION SLIDER -->[vc_column_text css=&#8221;.vc_custom_1499250536226{margin-top: 45px !important;}&#8221;]Lipa Association dans ses offres d\u2019adh\u00e9sion propose \u00e0 ses membres deux grandes cat\u00e9gories d\u2019options, le Local et l\u2019Internationale. L\u2019adh\u00e9sion au niveau Local se r\u00e9f\u00e9rant \u00e0 Local EX YU et Local Ouest, alors que l\u2019Internationale se partageant en Europe I, Europe II et Euro III.\u00a0Ci-dessous, nous allons essayer de clarifier la diff\u00e9rence entre le Local et l\u2019International, et quelles en sont les caract\u00e9ristiques.\u00a0En plus des cat\u00e9gories en place, chaque membre a la possibilit\u00e9 de choisir une adh\u00e9sion \u00e0 un paquet de services li\u00e9s \u00e0 l\u2019Internationale[\/vc_column_text][vc_column_text css=&#8221;.vc_custom_1499250761043{margin-top: 45px !important;}&#8221;]<\/p>\n<h3>Local<\/h3>\n<p>Dans l\u2019hypoth\u00e8se que le paquet propos\u00e9 ne corresponde pas \u00e0 vos besoins, l\u2019Association vous sugg\u00e8re de choisir le Local.<\/p>\n<p>Les forfaits d\u2019adh\u00e9sion restent les m\u00eames, et la garantie obs\u00e8ques en accord entre Lipa et ses membres peut inclure\u00a0:<\/p>\n<ul>\n<li>Les fun\u00e9railles dans le pays de votre r\u00e9sidence.<\/li>\n<li>Les fun\u00e9railles dans un \u00c9tat qui n\u2019est pas r\u00e9pertori\u00e9 dans nos forfaits.<\/li>\n<li>Des besoins et souhaits qui ne figurent pas dans nos forfaits.<\/li>\n<li>Des souhaits sp\u00e9cifiques et sp\u00e9ciaux.<\/li>\n<li>Des situations particuli\u00e8res et sp\u00e9ciales qui ne sont pas r\u00e9pertori\u00e9es.<\/li>\n<\/ul>\n<p>Pour chaque demande de composition d\u2019un paquet sp\u00e9cifique de garantie obs\u00e8ques, vous devez\u00a0:<\/p>\n<ul>\n<li>En personne \u2013 vous rendre chez le partenaire de l\u2019Association Lipa le plus proche<\/li>\n<li>Ou en faire la demande directement sur le site de l\u2019Association LIPA<\/li>\n<\/ul>\n<p>Vous devez adresser une demande avec vos souhaits et particularit\u00e9s, afin d\u2019examiner vos besoins et le co\u00fbt de votre cotisation annuelle, et vous recevrez une r\u00e9ponse dans les 3 jours ouvrables<\/p>\n<p>Pour chaque nouveau membre, la garantie obs\u00e8ques entrera en vigueur 190 jours apr\u00e8s l\u2019enregistrement.<br \/>\nPendant ce temps, les seuls accidents de la circulation et les accidents du travail sont garantis, ainsi que les causes impr\u00e9visibles de d\u00e9c\u00e8s (cardiaque et accident vasculaire c\u00e9r\u00e9bral).<\/p>\n<p>LIPA Association se tiendra derri\u00e8re chacun de ses membres et sera pr\u00e9sente pour assister la famille dans les moments les plus difficiles.[\/vc_column_text][vc_column_text css=&#8221;.vc_custom_1517090009971{margin-top: 45px !important;}&#8221;]<\/p>\n<h3>International<\/h3>\n<p>L\u2019International ou comme nous les appelons les paquets de services pr\u00e9d\u00e9finis, sont le plus souvent demand\u00e9s pour le rapatriement des d\u00e9funts dans leur pays d\u2019origine.\u00a0Il existe quatre diff\u00e9rents forfaits sous les noms\u00a0: Basic, Standard, Exclusive et Gold.<\/p>\n<p>Ils sont le plus souvent choisis, \u00e9tant 15 % \u00e0 20 % moins cher.<\/p>\n<p>Les forfaits d\u2019adh\u00e9sion restent les m\u00eames, et la garantie obs\u00e8ques des paquets internationaux de services, en consultation avec ses membres peuvent inclure\u00a0:<\/p>\n<ul>\n<li>Transport du d\u00e9funt pour les fun\u00e9railles dans le pays d\u2019origine<\/li>\n<li>Transport du d\u00e9funt dans le pays d\u2019origine et l\u2019organisation des obs\u00e8ques<\/li>\n<\/ul>\n<p>Pour chaque demande d\u2019un paquet Internationale, vous devez:<\/p>\n<ul>\n<li>En personne \u2013 vous rendre chez le partenaire de l\u2019Association Lipa le plus proche<\/li>\n<li>Ou en faire la demande directement sur le site de l\u2019Association LIPA.<\/li>\n<\/ul>\n<p>Pour chaque nouveau membre, la garantie obs\u00e8ques entrera en vigueur 190 jours apr\u00e8s l\u2019enregistrement.<br \/>\nPendant ce temps, les seuls accidents de la circulation et les accidents du travail sont garantis, ainsi que les causes impr\u00e9visibles de d\u00e9c\u00e8s (cardiaque et accident vasculaire c\u00e9r\u00e9bral).<\/p>\n<p>LIPA Association se tiendra derri\u00e8re chacun de ses membres et sera pr\u00e9sente pour assist\u00e9e la famille dans les moments les plus difficiles.[\/vc_column_text][vc_column_text css=&#8221;.vc_custom_1499251000391{margin-top: 45px !important;}&#8221;]<\/p>\n<h3>Forfaits d\u2019adh\u00e9sion<\/h3>\n<p>Afin de choisir la garantie obs\u00e8ques ad\u00e9quate, vous devez choisir la bonne adh\u00e9sion avec le paquet de services que vous souhaitez pour obtenir les meilleures prestations et services.[\/vc_column_text][vc_tta_accordion c_position=&#8221;right&#8221; active_section=&#8221;1&#8243; no_fill=&#8221;true&#8221;][vc_tta_section title=&#8221;Les forfaits d\u2019adh\u00e9sion comprennent les cat\u00e9gories suivantes :&#8221; tab_id=&#8221;1473110130796-d2c2b469-dd52&#8243;][vc_column_text]\u2013 <strong>Lipa Single<\/strong> est une garantie obs\u00e8ques personnel pour une personne seule d\u2019au moins 18 ans, de toute nationalit\u00e9 et confession religieuse avec la r\u00e9sidence r\u00e9guli\u00e8re en Europe.<br \/>\n\u2013 <strong>Lipa DUO<\/strong> est une garantie pour les couples\u00a0ou deux personnes majeures (plus de 18 ans) qui ont la m\u00eame adresse (couple mari\u00e9, un couple en union libre, fr\u00e8re et s\u0153ur) de toutes nationalit\u00e9s et confession religieuse avec la r\u00e9sidence r\u00e9guli\u00e8re en Europe. Cette garantie est la solution id\u00e9ale pour les couples marie ou extra-conjugaux sans enfants, un fr\u00e8re et une s\u0153ur, deux personnes vivants ensemble.<br \/>\n\u2013 <strong>Lipa Family<\/strong> est une garantie obs\u00e8ques familiales\u00a0pour une ou deux personnes majeures (plus de 18 ans) qui ont la m\u00eame adresse (couple mari\u00e9 ou couple en union libre) avec un maximum de quatre enfants jusqu&#8217;\u00e0 21 ans de toutes nationalit\u00e9s et confession religieuse avec la r\u00e9sidence r\u00e9guli\u00e8re en Europe. Cette\u00a0garantie familiale est la solution id\u00e9ale pour les couples marie ou extra-conjugaux avec des enfants ou bien les familles multi-g\u00e9n\u00e9ration.[\/vc_column_text][\/vc_tta_section][vc_tta_section title=&#8221;Les paquets de service incluent les modules suivants :&#8221; tab_id=&#8221;1473110130891-0d859b40-43b1&#8243;][vc_column_text]\u2013 <strong>Lipa Basic<\/strong>\u00a0est un paquet qui inclut des services de base\u00a0: transport, administration, mat\u00e9riel fun\u00e9raire<\/p>\n<p>\u2013 <strong>Lipa Standard<\/strong>\u00a0est un paquet de services moyen qui en plus des services couverts par le forfait de base dispose d\u2019un service suppl\u00e9mentaire \u2013 Organisation des fun\u00e9railles<\/p>\n<p>\u2013 <strong>Lipa Exclusive<\/strong>\u00a0est un paquet sup\u00e9rieur qui inclut les services standard avec des \u00e9quipements haut de gamme<\/p>\n<p>\u2013 <strong>Lipa Gold\u00a0<\/strong>est le plus \u00e9lev\u00e9 des paquets, de ce fait le plus complet et de tr\u00e8s haute gamme[\/vc_column_text][\/vc_tta_section][\/vc_tta_accordion][vc_column_text]Services fournis selon la s\u00e9lection du paquet :[\/vc_column_text][vc_row_inner css=&#8221;.vc_custom_1455886051719{margin-bottom: 10px !important;}&#8221;][vc_column_inner width=&#8221;1\/2&#8243;][stm_icon_box hide_title_line=&#8221;hide_title_line&#8221; enable_hexagon=&#8221;enable&#8221; enable_hexagon_animation=&#8221;enable&#8221; icon=&#8221;fa fa-file-powerpoint-o&#8221; style=&#8221;icon_left&#8221; icon_size=&#8221;22&#8243; icon_width=&#8221;78&#8243; title=&#8221;D\u00e9marches administratives&#8221;]En cas de d\u00e9c\u00e8s, l\u2019Association Lipa en collaboration avec ses partenaires \u00e0 travers l\u2019Europe, s\u2019occupe enti\u00e8rement de la partie administrative, peu importe o\u00f9 se trouve le d\u00e9funt.[\/stm_icon_box][\/vc_column_inner][vc_column_inner width=&#8221;1\/2&#8243;][stm_icon_box hide_title_line=&#8221;hide_title_line&#8221; enable_hexagon=&#8221;enable&#8221; enable_hexagon_animation=&#8221;enable&#8221; icon=&#8221;stm-user7&#8243; style=&#8221;icon_left&#8221; icon_size=&#8221;21&#8243; icon_width=&#8221;78&#8243; title=&#8221;Pour le d\u00e9funt&#8221;]L\u2019Association Lipa en consultation avec ses membres s\u2019occupera de tous les d\u00e9tails sur la personne d\u00e9c\u00e9d\u00e9e\u00a0: toilette, habillement, maquillage professionnel, soins de conservation (seulement sur demande de la famille).[\/stm_icon_box][\/vc_column_inner][\/vc_row_inner][vc_row_inner css=&#8221;.vc_custom_1455886085190{margin-bottom: 10px !important;}&#8221;][vc_column_inner width=&#8221;1\/2&#8243;][stm_icon_box hide_title_line=&#8221;hide_title_line&#8221; enable_hexagon=&#8221;enable&#8221; enable_hexagon_animation=&#8221;enable&#8221; icon=&#8221;fa fa-bookmark&#8221; style=&#8221;icon_left&#8221; icon_size=&#8221;23&#8243; icon_width=&#8221;78&#8243; title=&#8221;Mat\u00e9riels fun\u00e9raires&#8221;]Conform\u00e9ment \u00e0 la s\u00e9lection du paquet Lipa Association propose une large gamme d\u2019\u00e9quipements fun\u00e9raires complets et de haute qualit\u00e9.[\/stm_icon_box][\/vc_column_inner][vc_column_inner width=&#8221;1\/2&#8243;][stm_icon_box hide_title_line=&#8221;hide_title_line&#8221; enable_hexagon=&#8221;enable&#8221; enable_hexagon_animation=&#8221;enable&#8221; icon=&#8221;stm-truck&#8221; style=&#8221;icon_left&#8221; icon_size=&#8221;15&#8243; icon_width=&#8221;78&#8243; title=&#8221;Organisation du transport du d\u00e9funt&#8221;]Pour ses membres, L\u2019Association Lipa reprend l\u2019organisation compl\u00e8te du transport du d\u00e9funt sur le territoire de toute l\u2019Europe.\u00a0Les transports de corps sont r\u00e9alis\u00e9s dans des v\u00e9hicules sp\u00e9cialis\u00e9s \u00e0 cet effet.[\/stm_icon_box][\/vc_column_inner][\/vc_row_inner][vc_row_inner][vc_column_inner width=&#8221;1\/2&#8243;][stm_icon_box hide_title_line=&#8221;hide_title_line&#8221; enable_hexagon=&#8221;enable&#8221; enable_hexagon_animation=&#8221;enable&#8221; icon=&#8221;stm-building6&#8243; style=&#8221;icon_left&#8221; icon_size=&#8221;27&#8243; icon_width=&#8221;78&#8243; title=&#8221;Organisation des fun\u00e9railles&#8221;]En collaboration avec nos partenaires et en consultation avec ses membres, l\u2019Association Lipa organisera des fun\u00e9railles selon vos souhaits et possibilit\u00e9s.\u00a0LIPA Association est l\u00e0 pour vous permettre de r\u00e9aliser toutes les traditions et coutumes (religieuses ou autres).[\/stm_icon_box][\/vc_column_inner][vc_column_inner width=&#8221;1\/2&#8243;][stm_icon_box hide_title_line=&#8221;hide_title_line&#8221; enable_hexagon=&#8221;enable&#8221; enable_hexagon_animation=&#8221;enable&#8221; icon=&#8221;stm-stm14_calendar&#8221; style=&#8221;icon_left&#8221; icon_size=&#8221;19&#8243; icon_width=&#8221;78&#8243; title=&#8221;L\u2019Organisation apr\u00e8s les fun\u00e9railles&#8221;]LIPA Association est l\u00e0 pour prot\u00e9ger et soutenir ses membres avant et apr\u00e8s les fun\u00e9railles, pour les repr\u00e9senter, conseiller et fournir une assistance dans tous les aspects.[\/stm_icon_box][\/vc_column_inner][\/vc_row_inner][vc_row_inner][vc_column_inner][\/vc_column_inner][\/vc_row_inner][\/vc_column][vc_column width=&#8221;1\/4&#8243;][vc_wp_custommenu nav_menu=&#8221;65&#8243;][stm_sidebar sidebar=&#8221;2960&#8243;][\/vc_column][\/vc_row][vc_row full_width=&#8221;stretch_row&#8221; css=&#8221;.vc_custom_1459505959648{margin-bottom: -60px !important;}&#8221; el_class=&#8221;third_bg_color&#8221;][vc_column][vc_cta h2=&#8221;Devenez membre de Lipa Association &#8211; envoyez une demande d\u2019adh\u00e9sion !&#8221; h2_font_container=&#8221;font_size:20px|line_height:24px&#8221; h2_use_theme_fonts=&#8221;yes&#8221; shape=&#8221;square&#8221; style=&#8221;flat&#8221; add_button=&#8221;right&#8221; btn_title=&#8221;DEMANDE D\u2019ADHESION&#8221; btn_style=&#8221;flat&#8221; btn_color=&#8221;theme_style_2&#8243; btn_align=&#8221;right&#8221; btn_i_align=&#8221;right&#8221; btn_i_icon_fontawesome=&#8221;fa fa-chevron-right&#8221; use_custom_fonts_h2=&#8221;true&#8221; btn_link=&#8221;url:http%3A%2F%2Flipaassociation.com%2Ffr%2Fformulaire-dadhesion%2F||&#8221; btn_add_icon=&#8221;true&#8221; el_class=&#8221;third_bg_color&#8221; css=&#8221;.vc_custom_1517090042998{margin-bottom: 0px !important;}&#8221; btn_button_block=&#8221;true&#8221;][\/vc_cta][\/vc_column][\/vc_row]<\/p>\n","protected":false},"excerpt":{"rendered":"<p>[vc_row css=&#8221;.vc_custom_1459506276575{margin-bottom: 100px !important;}&#8221;][vc_column width=&#8221;3\/4&#8243;][vc_column_text css=&#8221;.vc_custom_1499250536226{margin-top: 45px !important;}&#8221;]Lipa Association dans ses offres d\u2019adh\u00e9sion propose \u00e0 ses membres deux grandes cat\u00e9gories d\u2019options, le Local et l\u2019Internationale. L\u2019adh\u00e9sion au niveau Local se r\u00e9f\u00e9rant \u00e0 Local EX YU et Local Ouest, alors que l\u2019Internationale se partageant en Europe I, Europe II et Euro III.\u00a0Ci-dessous, nous allons essayer de<\/p>\n","protected":false},"author":1,"featured_media":0,"parent":2845,"menu_order":0,"comment_status":"closed","ping_status":"closed","template":"","meta":[],"_links":{"self":[{"href":"http:\/\/lipaassociation.com\/fr\/wp-json\/wp\/v2\/pages\/2968"}],"collection":[{"href":"http:\/\/lipaassociation.com\/fr\/wp-json\/wp\/v2\/pages"}],"about":[{"href":"http:\/\/lipaassociation.com\/fr\/wp-json\/wp\/v2\/types\/page"}],"author":[{"embeddable":true,"href":"http:\/\/lipaassociation.com\/fr\/wp-json\/wp\/v2\/users\/1"}],"replies":[{"embeddable":true,"href":"http:\/\/lipaassociation.com\/fr\/wp-json\/wp\/v2\/comments?post=2968"}],"version-history":[{"count":12,"href":"http:\/\/lipaassociation.com\/fr\/wp-json\/wp\/v2\/pages\/2968\/revisions"}],"predecessor-version":[{"id":4187,"href":"http:\/\/lipaassociation.com\/fr\/wp-json\/wp\/v2\/pages\/2968\/revisions\/4187"}],"up":[{"embeddable":true,"href":"http:\/\/lipaassociation.com\/fr\/wp-json\/wp\/v2\/pages\/2845"}],"wp:attachment":[{"href":"http:\/\/lipaassociation.com\/fr\/wp-json\/wp\/v2\/media?parent=2968"}],"curies":[{"name":"wp","href":"https:\/\/api.w.org\/{rel}","templated":true}]}}