{"id":3019,"date":"2016-01-07T00:00:00","date_gmt":"2016-01-07T00:00:00","guid":{"rendered":"http:\/\/lipaassociation.com\/a-propos-de-lipa-association\/zasto-bas-lipa-association\/"},"modified":"2018-01-27T22:00:05","modified_gmt":"2018-01-27T22:00:05","slug":"pourquoi-lipa-association","status":"publish","type":"page","link":"http:\/\/lipaassociation.com\/fr\/a-propos-de-lipa-association\/pourquoi-lipa-association\/","title":{"rendered":"Pourquoi Lipa Association?"},"content":{"rendered":"<p>[vc_row css=&#8221;.vc_custom_1459506339266{margin-bottom: 100px !important;}&#8221;][vc_column width=&#8221;3\/4&#8243;]\n<div id=\"rev_slider_25_1_wrapper\" class=\"rev_slider_wrapper fullwidthbanner-container\" data-source=\"gallery\" style=\"margin:0px auto;background:transparent;padding:0px;margin-top:0px;margin-bottom:0px;\">\n<!-- START REVOLUTION SLIDER 5.4.5.1 auto mode -->\n\t<div id=\"rev_slider_25_1\" class=\"rev_slider fullwidthabanner\" style=\"display:none;\" data-version=\"5.4.5.1\">\n<ul>\t<!-- SLIDE  -->\n\t<li data-index=\"rs-50\" data-transition=\"slidehorizontal\" data-slotamount=\"default\" data-hideafterloop=\"0\" data-hideslideonmobile=\"off\"  data-easein=\"default\" data-easeout=\"default\" data-masterspeed=\"default\"  data-rotate=\"0\"  data-saveperformance=\"off\"  class=\"third_bg_color\" data-title=\"Slide\" data-param1=\"\" data-param2=\"\" data-param3=\"\" data-param4=\"\" data-param5=\"\" data-param6=\"\" data-param7=\"\" data-param8=\"\" data-param9=\"\" data-param10=\"\" data-description=\"\">\n\t\t<!-- MAIN IMAGE -->\n\t\t<img src=\"http:\/\/lipaassociation.com\/wp-content\/uploads\/2016\/09\/zasto-lipa.jpg\"  alt=\"\"  width=\"1382\" height=\"922\" data-bgposition=\"center center\" data-bgfit=\"cover\" data-bgrepeat=\"no-repeat\" class=\"rev-slidebg\" data-no-retina>\n\t\t<!-- LAYERS -->\n\n\t\t<!-- LAYER NR. 1 -->\n\t\t<div class=\"tp-caption   tp-resizeme\" \n\t\t\t id=\"slide-50-layer-3\" \n\t\t\t data-x=\"30\" \n\t\t\t data-y=\"325\" \n\t\t\t\t\t\tdata-width=\"['683']\"\n\t\t\tdata-height=\"['auto']\"\n \n\t\t\tdata-type=\"text\" \n\t\t\tdata-responsive_offset=\"on\" \n\n\t\t\tdata-frames='[{\"from\":\"x:[175{ff029b9ed727a8cfab64ff35f0970f431e658f61ec42594ff25da87028f3ebdc}];y:0px;z:0;rX:0;rY:0;rZ:0;sX:1;sY:1;skX:0;skY:0;opacity:1;\",\"mask\":\"x:[-100{ff029b9ed727a8cfab64ff35f0970f431e658f61ec42594ff25da87028f3ebdc}];y:0;\",\"speed\":1500,\"to\":\"o:1;\",\"delay\":2000,\"ease\":\"Power3.easeOut\"},{\"delay\":\"wait\",\"speed\":300,\"to\":\"opacity:0;\",\"ease\":\"nothing\"}]'\n\t\t\tdata-textAlign=\"['left','left','left','left']\"\n\t\t\tdata-paddingtop=\"[0,0,0,0]\"\n\t\t\tdata-paddingright=\"[0,0,0,0]\"\n\t\t\tdata-paddingbottom=\"[0,0,0,0]\"\n\t\t\tdata-paddingleft=\"[0,0,0,0]\"\n\n\t\t\tstyle=\"z-index: 5; min-width: 683px; max-width: 683px; white-space: normal; font-size: 22px; line-height: 24px; font-weight: 400; color: rgba(51,51,51,1);background-color:rgba(255,255,255,0.70);\">Nous allons vous montrer, \u00e0 travers une analyse d\u00e9taill\u00e9e des donn\u00e9es statistiques, pourquoi l\u2019Association Lipa est unique en Europe. <\/div>\n\n\t\t<!-- LAYER NR. 2 -->\n\t\t<div class=\"tp-caption   tp-resizeme\" \n\t\t\t id=\"slide-50-layer-6\" \n\t\t\t data-x=\"31\" \n\t\t\t data-y=\"228\" \n\t\t\t\t\t\tdata-width=\"['411']\"\n\t\t\tdata-height=\"['auto']\"\n \n\t\t\tdata-type=\"text\" \n\t\t\tdata-responsive_offset=\"on\" \n\n\t\t\tdata-frames='[{\"from\":\"opacity:0;\",\"speed\":1500,\"to\":\"o:1;\",\"delay\":500,\"ease\":\"Power2.easeInOut\"},{\"delay\":\"wait\",\"speed\":300,\"to\":\"opacity:0;\",\"ease\":\"nothing\"}]'\n\t\t\tdata-textAlign=\"['left','left','left','left']\"\n\t\t\tdata-paddingtop=\"[0,0,0,0]\"\n\t\t\tdata-paddingright=\"[0,0,0,0]\"\n\t\t\tdata-paddingbottom=\"[0,0,0,0]\"\n\t\t\tdata-paddingleft=\"[0,0,0,0]\"\n\n\t\t\tstyle=\"z-index: 6; min-width: 411px; max-width: 411px; white-space: normal; font-size: 40px; line-height: 45px; font-weight: 500; color: rgba(28,175,50,1);background-color:rgba(255,255,255,0.30);\">Pourquoi l\u2019Association Lipa? <\/div>\n\t<\/li>\n<\/ul>\n<div class=\"tp-bannertimer tp-bottom\" style=\"visibility: hidden !important;\"><\/div>\t<\/div>\n<script>var htmlDiv = document.getElementById(\"rs-plugin-settings-inline-css\"); var htmlDivCss=\"\";\r\n\t\t\t\tif(htmlDiv) {\r\n\t\t\t\t\thtmlDiv.innerHTML = htmlDiv.innerHTML + htmlDivCss;\r\n\t\t\t\t}else{\r\n\t\t\t\t\tvar htmlDiv = document.createElement(\"div\");\r\n\t\t\t\t\thtmlDiv.innerHTML = \"<style>\" + htmlDivCss + \"<\/style>\";\r\n\t\t\t\t\tdocument.getElementsByTagName(\"head\")[0].appendChild(htmlDiv.childNodes[0]);\r\n\t\t\t\t}\r\n\t\t\t<\/script>\n\t\t<script type=\"text\/javascript\">\r\nsetREVStartSize({c: jQuery('#rev_slider_25_1'), gridwidth: [825], gridheight: [407], sliderLayout: 'auto'});\r\n\t\t\t\r\nvar revapi25,\r\n\ttpj=jQuery;\r\n\t\t\t\r\ntpj(document).ready(function() {\n\tif(tpj(\"#rev_slider_25_1\").revolution == undefined){\n\t\trevslider_showDoubleJqueryError(\"#rev_slider_25_1\");\n\t}else{\n\t\trevapi25 = tpj(\"#rev_slider_25_1\").show().revolution({\n\t\t\tsliderType:\"carousel\",\n\t\t\tjsFileLocation:\"\/\/lipaassociation.com\/wp-content\/plugins\/revslider\/public\/assets\/js\/\",\n\t\t\tsliderLayout:\"auto\",\n\t\t\tdottedOverlay:\"none\",\n\t\t\tdelay:9000,\n\t\t\tnavigation: {\n\t\t\t\tonHoverStop:\"off\",\n\t\t\t},\n\t\t\tcarousel: {\n\t\t\t\thorizontal_align: \"center\",\n\t\t\t\tvertical_align: \"center\",\n\t\t\t\tfadeout: \"on\",\n\t\t\t\tvary_fade: \"off\",\n\t\t\t\tmaxVisibleItems: 3,\n\t\t\t\tinfinity: \"off\",\n\t\t\t\tspace: 0,\n\t\t\t\tstretch: \"off\",\n \t\t\t\t\t\t\tshowLayersAllTime: \"off\",\n \t\t\t\t\t\t\teasing: \"Power3.easeInOut\",\n \t\t\t\t\t\t\tspeed: \"800\"\n\t\t\t},\n\t\t\tvisibilityLevels:[1240,1024,778,480],\n\t\t\tgridwidth:825,\n\t\t\tgridheight:407,\n\t\t\tlazyType:\"none\",\n\t\t\tshadow:0,\n\t\t\tspinner:\"spinner0\",\n\t\t\tstopLoop:\"off\",\n\t\t\tstopAfterLoops:-1,\n\t\t\tstopAtSlide:-1,\n\t\t\tshuffle:\"off\",\n\t\t\tautoHeight:\"off\",\n\t\t\tdisableProgressBar:\"on\",\n\t\t\thideThumbsOnMobile:\"off\",\n\t\t\thideSliderAtLimit:0,\n\t\t\thideCaptionAtLimit:0,\n\t\t\thideAllCaptionAtLilmit:0,\n\t\t\tdebugMode:false,\n\t\t\tfallbacks: {\n\t\t\t\tsimplifyAll:\"off\",\n\t\t\t\tnextSlideOnWindowFocus:\"off\",\n\t\t\t\tdisableFocusListener:false,\n\t\t\t}\n\t\t});\n\t}\n\t\n});\t\/*ready*\/\n<\/script>\r\n\t\t<\/div><!-- END REVOLUTION SLIDER -->[stm_spacing lg_spacing=&#8221;25&#8243; md_spacing=&#8221;25&#8243; sm_spacing=&#8221;25&#8243; xs_spacing=&#8221;25&#8243;][vc_column_text css=&#8221;.vc_custom_1517090369922{margin-bottom: 25px !important;}&#8221;]<\/p>\n<h3>Analyse de la situation actuelle du march\u00e9<\/h3>\n<p>Selon les pays europ\u00e9ens, mais d\u2019une mani\u00e8re g\u00e9n\u00e9rale, au cours des dix derni\u00e8res ann\u00e9es, les prix des services fun\u00e9raires n\u2019ont pas augment\u00e9, au contraire une baisse des prix a \u00e9t\u00e9 observ\u00e9e (de 10% \u00e0 20%). La crise \u00e9conomique des derni\u00e8res ann\u00e9es a engendrer des baisses de revenus (malheureusement, parfois jusqu\u2019\u00e0 50%), ainsi que des pertes d\u2019emplois touchant toutes les classes sociales. Par notre comparaison, nous avons analys\u00e9 la situation dans les deux plus grands pays d\u2019Europe occidentale \u2013 en France et en Allemagne.<br \/>\nSelon les statistiques des instituts nationaux, il manque d\u00e9j\u00e0 des entreprises de services fun\u00e9raires (nombre d\u2019inhumations par rapport au nombre d\u2019entreprises et la capacit\u00e9 moyenne mensuelle d\u2019inhumations), environ 150 entreprises pour la France et 250 pour l\u2019Allemagne.<br \/>\nDans les ann\u00e9es \u00e0 venir, est attendue une augmentation du nombre de d\u00e9c\u00e8s, qui devrait m\u00eame doubler. C\u2019est en 2040 que ce nombre pourrait diminuer, et \u00eatre ramen\u00e9 \u00e0 0.86% en France, et 0.92% en Allemagne. La cause de l\u2019augmentation du nombre de d\u00e9c\u00e8s attendu est la cons\u00e9quence du baby-boom de l\u2019apr\u00e8s-guerre, de 1950 \u00e0 1960. On estime qu\u2019en 2030 il manquera des entreprises de services fun\u00e9raires, 350 entreprises en France et 550 en Allemagne.[\/vc_column_text][vc_column_text css=&#8221;.vc_custom_1499254786531{margin-bottom: 25px !important;}&#8221;]<\/p>\n<h3>Conclusion de l\u2019analyse<\/h3>\n<p>Il n\u2019existe aucune annonce qu\u2019\u00e0 l\u2019avenir les prix des services fun\u00e9raires, en raison de la concurrence accrue, pourraient aller \u00e0 la baisse, au contraire ils ne pourront qu\u2019augmenter. Dans cette perspective, les compagnies d\u2019assurance ajusteront le prix de leurs polices d\u2019assurance \u00e0 la hausse. C\u2019est pourquoi, nous devons chercher et trouver, d\u00e8s maintenant, un autre moyen de financement.[\/vc_column_text][vc_column_text css=&#8221;.vc_custom_1499254832383{margin-bottom: 10px !important;}&#8221;]<\/p>\n<h3>Comparaison<\/h3>\n<p>Pour les besoins de notre comparaison, nous avons demand\u00e9 des offres individuelles de 30 compagnies d\u2019assurance en France, et le m\u00eame nombre en Allemagne. Apr\u00e8s une analyse d\u00e9taill\u00e9e et leur comparaison nous avons choisi parmi les offres les plus avantageuses. Pour la France, dans le texte qui suit, nous appellerons cette compagnie\u00a0\u00ab\u00a0 assurance F\u00a0\u00bb, et pour l\u2019Allemagne \u00ab\u00a0assurance N\u00a0\u00bb.<br \/>\nL\u2019esp\u00e9rance moyenne de vie en Europe occidentale est de 79 ans (moyenne des deux sexes), et en Europe de l\u2019Est elle est de 75 ans. Pour la comparaison, nous prendrons une esp\u00e9rance de vie moyenne de 77 ans, et 99 ans comme \u00e2ge extr\u00eame.<br \/>\nPour l\u2019ann\u00e9e de souscription nous allons prendre 3 diff\u00e9rentes tranches d\u2019\u00e2ge \u2013 40 ans, 50 ans (\u00e2ge de souscription le plus courant) et 65 ans (\u00e2ge de d\u00e9part \u00e0 la retraite). Nous allons comparer seulement l\u2019adh\u00e9sion individuelle, car les adh\u00e9sions de couple ou familiales sont plus avantageuses. Les frais d\u2019obs\u00e8ques moyens avec le rapatriement depuis l\u2019\u00e9tranger et l\u2019inhumation dans un des pays des Balkans sont d\u2019environ 4500 euros (sans pierre tombale). Nous prendrons donc ce chiffre comme comparatif avec les assurances F et N.<br \/>\nPour la comparaison, nous prendrons la formule Standard Lipa de notre association, et ce pour un rapatriement de l\u2019Allemagne vers la Serbie, car il s\u2019agit de la m\u00eame valeur de formule.[\/vc_column_text][vc_column_text css=&#8221;.vc_custom_1499254849132{margin-bottom: 10px !important;}&#8221;]<\/p>\n<h4>Exemple de comparaison de formule d\u2019un montant de 4500 \u20ac<\/h4>\n<p>[\/vc_column_text][vc_single_image image=&#8221;3096&#8243; img_size=&#8221;full&#8221;][vc_column_text css=&#8221;.vc_custom_1499254939547{margin-top: -15px !important;margin-bottom: -10px !important;}&#8221;]<\/p>\n<h3>Conclusion de la comparaison<\/h3>\n<p>Dans le tableau ci-dessus, on d\u00e9montre clairement que les cotisations de l\u2019Association Lipa sont 4 fois moins cher que les meilleures assurances standards.\u00a0Avec les polices d\u2019assurance vous payez toujours plus que le montant que vous recevez, alors que en tant que membre de l\u2019Association LIPA dans aucun des cas vous ne surpayer votre garanti obs\u00e8ques.[\/vc_column_text][\/vc_column][vc_column width=&#8221;1\/4&#8243;][vc_wp_custommenu nav_menu=&#8221;65&#8243;][stm_sidebar sidebar=&#8221;2960&#8243;][\/vc_column][\/vc_row][vc_row full_width=&#8221;stretch_row&#8221; css=&#8221;.vc_custom_1459505959648{margin-bottom: -60px !important;}&#8221; el_class=&#8221;third_bg_color&#8221;][vc_column][vc_cta h2=&#8221;Devenez membre de Lipa Association &#8211; envoyez une demande d\u2019adh\u00e9sion !&#8221; h2_font_container=&#8221;font_size:20px|line_height:24px&#8221; h2_use_theme_fonts=&#8221;yes&#8221; shape=&#8221;square&#8221; style=&#8221;flat&#8221; add_button=&#8221;right&#8221; btn_title=&#8221;DEMANDE D\u2019ADHESION &#8221; btn_style=&#8221;flat&#8221; btn_color=&#8221;theme_style_2&#8243; btn_align=&#8221;right&#8221; btn_i_align=&#8221;right&#8221; btn_i_icon_fontawesome=&#8221;fa fa-chevron-right&#8221; use_custom_fonts_h2=&#8221;true&#8221; btn_link=&#8221;url:http%3A%2F%2Flipaassociation.com%2Ffr%2Fformulaire-dadhesion%2F||&#8221; btn_add_icon=&#8221;true&#8221; el_class=&#8221;third_bg_color&#8221; css=&#8221;.vc_custom_1517090398593{margin-bottom: 0px !important;}&#8221;][\/vc_cta][\/vc_column][\/vc_row]<\/p>\n","protected":false},"excerpt":{"rendered":"<p>[vc_row css=&#8221;.vc_custom_1459506339266{margin-bottom: 100px !important;}&#8221;][vc_column width=&#8221;3\/4&#8243;][stm_spacing lg_spacing=&#8221;25&#8243; md_spacing=&#8221;25&#8243; sm_spacing=&#8221;25&#8243; xs_spacing=&#8221;25&#8243;][vc_column_text css=&#8221;.vc_custom_1517090369922{margin-bottom: 25px !important;}&#8221;] Analyse de la situation actuelle du march\u00e9 Selon les pays europ\u00e9ens, mais d\u2019une mani\u00e8re g\u00e9n\u00e9rale, au cours des dix derni\u00e8res ann\u00e9es, les prix des services fun\u00e9raires n\u2019ont pas augment\u00e9, au contraire une baisse des prix a \u00e9t\u00e9 observ\u00e9e (de 10% \u00e0 20%). La<\/p>\n","protected":false},"author":1,"featured_media":0,"parent":2845,"menu_order":0,"comment_status":"closed","ping_status":"closed","template":"","meta":[],"_links":{"self":[{"href":"http:\/\/lipaassociation.com\/fr\/wp-json\/wp\/v2\/pages\/3019"}],"collection":[{"href":"http:\/\/lipaassociation.com\/fr\/wp-json\/wp\/v2\/pages"}],"about":[{"href":"http:\/\/lipaassociation.com\/fr\/wp-json\/wp\/v2\/types\/page"}],"author":[{"embeddable":true,"href":"http:\/\/lipaassociation.com\/fr\/wp-json\/wp\/v2\/users\/1"}],"replies":[{"embeddable":true,"href":"http:\/\/lipaassociation.com\/fr\/wp-json\/wp\/v2\/comments?post=3019"}],"version-history":[{"count":9,"href":"http:\/\/lipaassociation.com\/fr\/wp-json\/wp\/v2\/pages\/3019\/revisions"}],"predecessor-version":[{"id":4189,"href":"http:\/\/lipaassociation.com\/fr\/wp-json\/wp\/v2\/pages\/3019\/revisions\/4189"}],"up":[{"embeddable":true,"href":"http:\/\/lipaassociation.com\/fr\/wp-json\/wp\/v2\/pages\/2845"}],"wp:attachment":[{"href":"http:\/\/lipaassociation.com\/fr\/wp-json\/wp\/v2\/media?parent=3019"}],"curies":[{"name":"wp","href":"https:\/\/api.w.org\/{rel}","templated":true}]}}