{"id":3104,"date":"2016-12-27T00:00:00","date_gmt":"2016-12-27T00:00:00","guid":{"rendered":"http:\/\/lipaassociation.com\/clanski-paketi\/"},"modified":"2018-01-27T22:14:11","modified_gmt":"2018-01-27T22:14:11","slug":"forfaits-dadhesion","status":"publish","type":"page","link":"http:\/\/lipaassociation.com\/fr\/forfaits-dadhesion\/","title":{"rendered":"Forfaits d\u2019adh\u00e9sion"},"content":{"rendered":"<p>[vc_row][vc_column][vc_custom_heading text=&#8221;Nos forfaits d\u2019adh\u00e9sion&#8221; font_container=&#8221;tag:h3|text_align:left&#8221; use_theme_fonts=&#8221;yes&#8221; subtitle=&#8221;Notre offre de garantie comprend 3 formules appel\u00e9es Single, Duo et Familiale.&#8221;][\/vc_column][\/vc_row][vc_row full_width=&#8221;stretch_row&#8221; css=&#8221;.vc_custom_1485873592222{padding-top: 0px !important;padding-bottom: 50px !important;}&#8221;][vc_column width=&#8221;1\/2&#8243; offset=&#8221;vc_col-lg-4 vc_col-md-4&#8243;][stm_info_box style=&#8221;style_3&#8243; title_icon=&#8221;fa fa-male&#8221; icon=&#8221;fa fa-chevron-right&#8221; title=&#8221;LIPA SINGLE \u2013 GARANTIE PERSONNEL&#8221; image=&#8221;1577&#8243; link=&#8221;url:http%3A%2F%2Flipaassociation.com%2Ffr%2Fforfaits-dadhesion%2Fformule-single%2F|title:en%20savoir%20plus|&#8221; css=&#8221;.vc_custom_1517091139650{margin-bottom: 0px !important;}&#8221;]Lipa SINGLE est une garantie pour une personne\u00a0seule d\u2019au moins 18 ans.[\/stm_info_box][stm_spacing sm_spacing=&#8221;30px&#8221; xs_spacing=&#8221;30px&#8221;][\/vc_column][vc_column width=&#8221;1\/2&#8243; offset=&#8221;vc_col-lg-4 vc_col-md-4&#8243;][stm_info_box style=&#8221;style_3&#8243; title_icon=&#8221;stm-nokia&#8221; icon=&#8221;fa fa-chevron-right&#8221; title=&#8221;LIPA DUO \u2013 GARANTIE POUR COUPLES&#8221; image=&#8221;1574&#8243; link=&#8221;url:http%3A%2F%2Flipaassociation.com%2Ffr%2Fforfaits-dadhesion%2Fformule-duo%2F|title:en%20savoir%20plus|&#8221; css=&#8221;.vc_custom_1517091162047{margin-bottom: 0px !important;}&#8221;]Lipa DUO est une garantie pour couples, ou deux personnes majeures habitant \u00e0 la m\u00eame adresse.[\/stm_info_box][stm_spacing sm_spacing=&#8221;30px&#8221; xs_spacing=&#8221;30px&#8221;][\/vc_column][vc_column width=&#8221;1\/2&#8243; offset=&#8221;vc_col-lg-4 vc_col-md-4&#8243;][stm_info_box style=&#8221;style_3&#8243; title_icon=&#8221;stm-mans&#8221; icon=&#8221;fa fa-chevron-right&#8221; title=&#8221;LIPA FAMILY \u2013 GARANTIE FAMILIALES&#8221; image=&#8221;1575&#8243; link=&#8221;url:http%3A%2F%2Flipaassociation.com%2Ffr%2Fforfaits-dadhesion%2Fformule-family%2F|title:en%20savoir%20plus|&#8221; css=&#8221;.vc_custom_1517091184146{margin-bottom: 0px !important;}&#8221;]Lipa FAMILY est une garantie familiales\u00a0pour une ou deux personnes majeures, qui ont la m\u00eame a adresse avec un maximum de quatre enfants\u2026[\/stm_info_box][\/vc_column][\/vc_row][vc_row][vc_column width=&#8221;2\/3&#8243; css=&#8221;.vc_custom_1485870655789{padding-top: 10px !important;padding-bottom: 10px !important;}&#8221;][vc_row_inner css=&#8221;.vc_custom_1485873286124{background-color: #f7f7f7 !important;}&#8221;][vc_column_inner css=&#8221;.vc_custom_1485873316621{padding-bottom: 15px !important;}&#8221;][vc_custom_heading text=&#8221;R\u00e8gles&#8221; font_container=&#8221;tag:h3|text_align:left&#8221; use_theme_fonts=&#8221;yes&#8221;][vc_column_text]L\u2019inscription et l\u2019adh\u00e9sion peut \u00eatre demander par toute personne majeur (18 ans) sans restrictions de nationalit\u00e9 ou de religion.<br \/>\nLa r\u00e9gularit\u00e9 de s\u00e9jour dans le pays de r\u00e9sidence n\u2019est pas obligatoire, ni prise en consid\u00e9ration.<br \/>\nToute nouvelle adh\u00e9sion est sans limite d\u2019\u00e2ge.<br \/>\nChaque nouveau membre doit transmettre une copie d\u2019une pi\u00e8ce d\u2019identit\u00e9 personnelle pour l\u2019enregistrement.<br \/>\nAucune inscription ne sera enregistr\u00e9e sans payement.<br \/>\nLe prix de l\u2019inscription est d\u00e9fini par l\u2019association pour l\u2019ann\u00e9e en cours, et pay\u00e9 qu\u2019une fois, lors de l\u2019inscription.<\/p>\n<p>La date d\u2019enregistrement est effective le jour o\u00f9 le paiement est enregistr\u00e9 sur le compte de l\u2019Association.<\/p>\n<p>Pour chaque nouveau membre, la garantie obs\u00e8ques entrera en vigueur 190 jours apr\u00e8s l\u2019enregistrement.<\/p>\n<p>Pendant ce temps, les seuls accidents de la circulation et les accidents du travail sont garantis, ainsi que les causes impr\u00e9visibles de d\u00e9c\u00e8s (cardiaque et accident vasculaire c\u00e9r\u00e9bral).<\/p>\n<p>LIPA Association se tiendra derri\u00e8re chacun de ses membres et sera pr\u00e9sente pour assist\u00e9e la famille dans les moments les plus difficiles.[\/vc_column_text][\/vc_column_inner][\/vc_row_inner][\/vc_column][vc_column width=&#8221;1\/3&#8243; css=&#8221;.vc_custom_1485870823752{margin-top: 10px !important;}&#8221;][stm_sidebar sidebar=&#8221;3127&#8243;][\/vc_column][\/vc_row][vc_row][vc_column][stm_spacing sm_spacing=&#8221;30px&#8221; xs_spacing=&#8221;30px&#8221; lg_spacing=&#8221;30&#8243; md_spacing=&#8221;30&#8243;][\/vc_column][\/vc_row][vc_row full_width=&#8221;stretch_row&#8221; css=&#8221;.vc_custom_1459505959648{margin-bottom: -60px !important;}&#8221; el_class=&#8221;third_bg_color&#8221;][vc_column][vc_cta h2=&#8221;Devenez membre de Lipa Association &#8211; envoyez une demande d\u2019adh\u00e9sion !&#8221; h2_font_container=&#8221;font_size:20px|line_height:24px&#8221; h2_use_theme_fonts=&#8221;yes&#8221; shape=&#8221;square&#8221; style=&#8221;flat&#8221; add_button=&#8221;right&#8221; btn_title=&#8221;DEMANDE D\u2019ADHESION&#8221; btn_style=&#8221;flat&#8221; btn_color=&#8221;theme_style_2&#8243; btn_align=&#8221;right&#8221; btn_i_align=&#8221;right&#8221; btn_i_icon_fontawesome=&#8221;fa fa-chevron-right&#8221; use_custom_fonts_h2=&#8221;true&#8221; btn_link=&#8221;url:http%3A%2F%2Flipaassociation.com%2Ffr%2Fformulaire-dadhesion%2F||&#8221; btn_add_icon=&#8221;true&#8221; el_class=&#8221;third_bg_color&#8221; css=&#8221;.vc_custom_1517091247062{margin-bottom: 0px !important;}&#8221;][\/vc_cta][\/vc_column][\/vc_row]<\/p>\n","protected":false},"excerpt":{"rendered":"<p>[vc_row][vc_column][vc_custom_heading text=&#8221;Nos forfaits d\u2019adh\u00e9sion&#8221; font_container=&#8221;tag:h3|text_align:left&#8221; use_theme_fonts=&#8221;yes&#8221; subtitle=&#8221;Notre offre de garantie comprend 3 formules appel\u00e9es Single, Duo et Familiale.&#8221;][\/vc_column][\/vc_row][vc_row full_width=&#8221;stretch_row&#8221; css=&#8221;.vc_custom_1485873592222{padding-top: 0px !important;padding-bottom: 50px !important;}&#8221;][vc_column width=&#8221;1\/2&#8243; offset=&#8221;vc_col-lg-4 vc_col-md-4&#8243;][stm_info_box style=&#8221;style_3&#8243; title_icon=&#8221;fa fa-male&#8221; icon=&#8221;fa fa-chevron-right&#8221; title=&#8221;LIPA SINGLE \u2013 GARANTIE PERSONNEL&#8221; image=&#8221;1577&#8243; link=&#8221;url:http%3A%2F%2Flipaassociation.com%2Ffr%2Fforfaits-dadhesion%2Fformule-single%2F|title:en%20savoir%20plus|&#8221; css=&#8221;.vc_custom_1517091139650{margin-bottom: 0px !important;}&#8221;]Lipa SINGLE est une garantie pour une personne\u00a0seule d\u2019au moins 18 ans.[\/stm_info_box][stm_spacing sm_spacing=&#8221;30px&#8221; xs_spacing=&#8221;30px&#8221;][\/vc_column][vc_column<\/p>\n","protected":false},"author":1,"featured_media":0,"parent":0,"menu_order":0,"comment_status":"closed","ping_status":"closed","template":"","meta":[],"_links":{"self":[{"href":"http:\/\/lipaassociation.com\/fr\/wp-json\/wp\/v2\/pages\/3104"}],"collection":[{"href":"http:\/\/lipaassociation.com\/fr\/wp-json\/wp\/v2\/pages"}],"about":[{"href":"http:\/\/lipaassociation.com\/fr\/wp-json\/wp\/v2\/types\/page"}],"author":[{"embeddable":true,"href":"http:\/\/lipaassociation.com\/fr\/wp-json\/wp\/v2\/users\/1"}],"replies":[{"embeddable":true,"href":"http:\/\/lipaassociation.com\/fr\/wp-json\/wp\/v2\/comments?post=3104"}],"version-history":[{"count":9,"href":"http:\/\/lipaassociation.com\/fr\/wp-json\/wp\/v2\/pages\/3104\/revisions"}],"predecessor-version":[{"id":4190,"href":"http:\/\/lipaassociation.com\/fr\/wp-json\/wp\/v2\/pages\/3104\/revisions\/4190"}],"wp:attachment":[{"href":"http:\/\/lipaassociation.com\/fr\/wp-json\/wp\/v2\/media?parent=3104"}],"curies":[{"name":"wp","href":"https:\/\/api.w.org\/{rel}","templated":true}]}}