{"id":3149,"date":"2016-12-27T00:00:00","date_gmt":"2016-12-27T00:00:00","guid":{"rendered":"http:\/\/lipaassociation.com\/forfaits-dadhesion\/duo\/"},"modified":"2018-01-27T22:18:56","modified_gmt":"2018-01-27T22:18:56","slug":"formule-duo","status":"publish","type":"page","link":"http:\/\/lipaassociation.com\/fr\/forfaits-dadhesion\/formule-duo\/","title":{"rendered":"Formule Duo"},"content":{"rendered":"<p>[vc_row][vc_column width=&#8221;2\/3&#8243; css=&#8221;.vc_custom_1485870655789{padding-top: 10px !important;padding-bottom: 10px !important;}&#8221;][vc_row_inner][vc_column_inner css=&#8221;.vc_custom_1485871535321{padding-bottom: 15px !important;background-color: #f7f7f7 !important;}&#8221;][vc_custom_heading text=&#8221;La formule Duo implique &#8221; font_container=&#8221;tag:h3|text_align:left&#8221; use_theme_fonts=&#8221;yes&#8221;][vc_column_text]<\/p>\n<ul>\n<li>un couple ou deux personnes majeures (plus de 18 ans) vivant \u00e0 la m\u00eame adresse (couple mari\u00e9, couple en union libre, fr\u00e8re et s\u0153ur)<\/li>\n<li>de toutes nationalit\u00e9s et confession religieuse<\/li>\n<li>avec la r\u00e9sidence r\u00e9guli\u00e8re en Europe<\/li>\n<li>pour l\u2019inscription est prise en compte l\u2019ann\u00e9e de naissance de la personne la plus \u00e2g\u00e9e<\/li>\n<\/ul>\n<p>[\/vc_column_text][\/vc_column_inner][\/vc_row_inner][stm_spacing lg_spacing=&#8221;35&#8243; md_spacing=&#8221;35&#8243; sm_spacing=&#8221;35&#8243; xs_spacing=&#8221;35&#8243;][vc_row_inner][vc_column_inner css=&#8221;.vc_custom_1485871565659{padding-bottom: 15px !important;background-color: #f7f7f7 !important;}&#8221;][vc_custom_heading text=&#8221;Avantages du Duo &#8221; font_container=&#8221;tag:h3|text_align:left&#8221; use_theme_fonts=&#8221;yes&#8221;][vc_column_text]<\/p>\n<ul>\n<li>un seul paiement d\u2019inscription<\/li>\n<li>environ 40% moins chers pour la deuxi\u00e8me personne<\/li>\n<li>en cas d\u2019accident, l\u2019autre personne est transf\u00e9r\u00e9e sur la formule Single sans nouvelle inscription et d\u00e9lai de 190 jours pour les nouveaux membres<\/li>\n<\/ul>\n<p>[\/vc_column_text][\/vc_column_inner][\/vc_row_inner][stm_spacing lg_spacing=&#8221;35&#8243; md_spacing=&#8221;35&#8243; sm_spacing=&#8221;35&#8243; xs_spacing=&#8221;35&#8243;][vc_row_inner css=&#8221;.vc_custom_1485871581456{padding-bottom: 15px !important;background-color: #f7f7f7 !important;}&#8221;][vc_column_inner][vc_custom_heading text=&#8221;R\u00e8gles&#8221; font_container=&#8221;tag:h3|text_align:left&#8221; use_theme_fonts=&#8221;yes&#8221;][vc_column_text]L\u2019inscription \u00e0 l\u2019Association est au prix de 58 \u20ac pour les personnes de moins de 65 ans le jour de l\u2019enregistrement (Europe de l\u2019ouest et centrale).<\/p>\n<p>L\u2019inscription \u00e0 l\u2019Association est au prix de 38 \u20ac pour les personnes de moins de 65 ans le jour de l\u2019enregistrement (pour les pays de l\u2019ex-Yougoslavie).<\/p>\n<p>Pour les nouveaux membres de plus de 65 ans, voir le tableau des tarifs d\u2019inscription.<\/p>\n<p>Payable qu\u2019une seule fois, l\u2019inscription est ind\u00e9pendante des formules et paquets que vous choisissez.<\/p>\n<p>La date d\u2019enregistrement est effective le jour o\u00f9 le paiement est enregistr\u00e9 sur le compte de l\u2019Association.<\/p>\n<p>Pour chaque nouveau membre, la garantie obs\u00e8ques entrera en vigueur 190 jours apr\u00e8s l\u2019enregistrement.<br \/>\nPendant ce temps, les seuls accidents de la circulation et les accidents du travail sont garantis, ainsi que les causes impr\u00e9visibles de d\u00e9c\u00e8s (cardiaque et accident vasculaire c\u00e9r\u00e9bral).<\/p>\n<p>LIPA Association se tiendra derri\u00e8re chacun de ses membres et sera pr\u00e9sente pour assist\u00e9e la famille dans les moments les plus difficiles.[\/vc_column_text][\/vc_column_inner][\/vc_row_inner][\/vc_column][vc_column width=&#8221;1\/3&#8243; css=&#8221;.vc_custom_1485870823752{margin-top: 10px !important;}&#8221;][vc_wp_custommenu nav_menu=&#8221;78&#8243;][stm_sidebar sidebar=&#8221;2960&#8243;][\/vc_column][\/vc_row][vc_row][vc_column][stm_spacing lg_spacing=&#8221;35&#8243; md_spacing=&#8221;35&#8243; sm_spacing=&#8221;35&#8243; xs_spacing=&#8221;35&#8243;][\/vc_column][\/vc_row][vc_row full_width=&#8221;stretch_row&#8221; css=&#8221;.vc_custom_1459505959648{margin-bottom: -60px !important;}&#8221; el_class=&#8221;third_bg_color&#8221;][vc_column][vc_cta h2=&#8221;Devenez membre de Lipa Association &#8211; envoyez une demande d\u2019adh\u00e9sion !&#8221; h2_font_container=&#8221;font_size:20px|line_height:24px&#8221; h2_use_theme_fonts=&#8221;yes&#8221; shape=&#8221;square&#8221; style=&#8221;flat&#8221; add_button=&#8221;right&#8221; btn_title=&#8221;DEMANDE D\u2019ADHESION &#8221; btn_style=&#8221;flat&#8221; btn_color=&#8221;theme_style_2&#8243; btn_align=&#8221;right&#8221; btn_i_align=&#8221;right&#8221; btn_i_icon_fontawesome=&#8221;fa fa-chevron-right&#8221; use_custom_fonts_h2=&#8221;true&#8221; btn_link=&#8221;url:http%3A%2F%2Flipaassociation.com%2Ffr%2Fformulaire-dadhesion%2F||&#8221; btn_add_icon=&#8221;true&#8221; el_class=&#8221;third_bg_color&#8221; css=&#8221;.vc_custom_1517091531676{margin-bottom: 0px !important;}&#8221;][\/vc_cta][\/vc_column][\/vc_row]<\/p>\n","protected":false},"excerpt":{"rendered":"<p>[vc_row][vc_column width=&#8221;2\/3&#8243; css=&#8221;.vc_custom_1485870655789{padding-top: 10px !important;padding-bottom: 10px !important;}&#8221;][vc_row_inner][vc_column_inner css=&#8221;.vc_custom_1485871535321{padding-bottom: 15px !important;background-color: #f7f7f7 !important;}&#8221;][vc_custom_heading text=&#8221;La formule Duo implique &#8221; font_container=&#8221;tag:h3|text_align:left&#8221; use_theme_fonts=&#8221;yes&#8221;][vc_column_text] un couple ou deux personnes majeures (plus de 18 ans) vivant \u00e0 la m\u00eame adresse (couple mari\u00e9, couple en union libre, fr\u00e8re et s\u0153ur) de toutes nationalit\u00e9s et confession religieuse avec la r\u00e9sidence r\u00e9guli\u00e8re en Europe<\/p>\n","protected":false},"author":1,"featured_media":0,"parent":3104,"menu_order":0,"comment_status":"closed","ping_status":"closed","template":"","meta":[],"_links":{"self":[{"href":"http:\/\/lipaassociation.com\/fr\/wp-json\/wp\/v2\/pages\/3149"}],"collection":[{"href":"http:\/\/lipaassociation.com\/fr\/wp-json\/wp\/v2\/pages"}],"about":[{"href":"http:\/\/lipaassociation.com\/fr\/wp-json\/wp\/v2\/types\/page"}],"author":[{"embeddable":true,"href":"http:\/\/lipaassociation.com\/fr\/wp-json\/wp\/v2\/users\/1"}],"replies":[{"embeddable":true,"href":"http:\/\/lipaassociation.com\/fr\/wp-json\/wp\/v2\/comments?post=3149"}],"version-history":[{"count":8,"href":"http:\/\/lipaassociation.com\/fr\/wp-json\/wp\/v2\/pages\/3149\/revisions"}],"predecessor-version":[{"id":4192,"href":"http:\/\/lipaassociation.com\/fr\/wp-json\/wp\/v2\/pages\/3149\/revisions\/4192"}],"up":[{"embeddable":true,"href":"http:\/\/lipaassociation.com\/fr\/wp-json\/wp\/v2\/pages\/3104"}],"wp:attachment":[{"href":"http:\/\/lipaassociation.com\/fr\/wp-json\/wp\/v2\/media?parent=3149"}],"curies":[{"name":"wp","href":"https:\/\/api.w.org\/{rel}","templated":true}]}}