{"id":3227,"date":"2016-12-30T00:00:00","date_gmt":"2016-12-30T00:00:00","guid":{"rendered":"http:\/\/lipaassociation.com\/kako-postati-clan\/"},"modified":"2018-01-27T22:32:23","modified_gmt":"2018-01-27T22:32:23","slug":"comment-devenir-membre","status":"publish","type":"page","link":"http:\/\/lipaassociation.com\/fr\/comment-devenir-membre\/","title":{"rendered":"Comment Devenir Membre?"},"content":{"rendered":"<p>[vc_row][vc_column el_class=&#8221;ng123&#8243;][vc_column_text]Si vous souhaitez devenir membre de Lipa Association, vous devez choisir un forfait d\u2019adh\u00e9sion et de services suivant vos besoins, remplissez les informations n\u00e9cessaires et effectuer un paiement de la cotisation pour la premi\u00e8re ann\u00e9e.<br \/>\nA nos futurs membres, nous pouvons proposer trois fa\u00e7ons de demande d\u2019adh\u00e9sion\u00a0: par voie \u00e9lectronique en remplissant le formulaire en ligne, par une visite \u00e0 l\u2019un de nos partenaires repr\u00e9sentants ou en contactant notre si\u00e8ge ou filial pour vous envoyer les documents requis par courrier \u00e0 l\u2019adresse souhait\u00e9e.\u00a0Pour plus d\u2019informations voir ci-dessous.[\/vc_column_text][vc_separator border_width=&#8221;2&#8243;][vc_tta_accordion active_section=&#8221;&#8221; title=&#8221;Demandes d\u2019adh\u00e9sion&#8221; el_class=&#8221;ng123&#8243;][vc_tta_section i_icon_fontawesome=&#8221;stm-stm14_country&#8221; title=&#8221;Demande d\u2019adh\u00e9sion en ligne&#8221; tab_id=&#8221;1483024846722-84b09e84-ae59&#8243; add_icon=&#8221;true&#8221;][vc_column_text]Pour effectuer une demande d\u2019adh\u00e9sion \u00e0 Lipa Association par le biais de demandes en ligne, vous devrez remplir un formulaire. D\u00e8s r\u00e9ception de celui-ci, notre \u00e9quipe vous fera parvenir votre formulaire d\u2019adh\u00e9sion et les instructions de paiement.[\/vc_column_text][vc_btn title=&#8221;DEMANDE D\u2019ADH\u00c9SION&#8221; style=&#8221;outline-custom&#8221; outline_custom_color=&#8221;#1caf32&#8243; outline_custom_hover_background=&#8221;#666666&#8243; outline_custom_hover_text=&#8221;#ffffff&#8221; align=&#8221;center&#8221; i_icon_fontawesome=&#8221;fa fa-clone&#8221; add_icon=&#8221;true&#8221; link=&#8221;url:http%3A%2F%2Flipaassociation.com%2Ffr%2Fformulaire-dadhesion%2F||&#8221;][\/vc_tta_section][vc_tta_section i_icon_fontawesome=&#8221;stm-person-globe&#8221; title=&#8221;Par le biais d\u2019un partenaire repr\u00e9sentant&#8221; tab_id=&#8221;1483025092253-8de2a579-3637&#8243; add_icon=&#8221;true&#8221;][vc_column_text]Pour un devis pr\u00e9cis et signer les documents n\u00e9cessaires pour l\u2019adh\u00e9sion \u00e0 Lipa Association vous pouvez contacter et rendre visite \u00e0 l\u2019un de nos partenaires repr\u00e9sentant les plus proches de chez vous. Vous pouvez afficher la liste de nos partenaires repr\u00e9sentants en cliquant sur le bouton ci-dessous.[\/vc_column_text][vc_btn title=&#8221;NOS PARTENAIRES&#8221; style=&#8221;outline-custom&#8221; outline_custom_color=&#8221;#1caf32&#8243; outline_custom_hover_background=&#8221;#666666&#8243; outline_custom_hover_text=&#8221;#ffffff&#8221; align=&#8221;center&#8221; i_icon_fontawesome=&#8221;stm-person-globe&#8221; add_icon=&#8221;true&#8221; link=&#8221;url:http%3A%2F%2Flipaassociation.com%2Ffr%2Fnos-representations%2F||&#8221;][\/vc_tta_section][vc_tta_section i_icon_fontawesome=&#8221;stm-envelope-11&#8243; title=&#8221;Par courrier&#8221; tab_id=&#8221;1483025383140-6bfa725f-6f5c&#8221; add_icon=&#8221;true&#8221;][vc_column_text]Si aucun des moyens pr\u00e9c\u00e9demment propose ne vous convient, n\u2019h\u00e9sitez pas \u00e0 nous contacter par courrier et notre \u00e9quipe vous enverra les documents n\u00e9cessaires et les instructions de paiement \u00e0 votre domicile.\u00a0Pour toute information compl\u00e9mentaire n\u2019h\u00e9sitez pas \u00e0 nous contacter.\u00a0Notre \u00e9quipe est l\u00e0 pour vous \u00e0 tout moment, pour vous fournir tous les renseignements n\u00e9cessaires.\u00a0Nous attendons votre appel, parce que nous sommes l\u00e0 pour vous.[\/vc_column_text][vc_btn title=&#8221;CONTACT&#8221; style=&#8221;outline-custom&#8221; outline_custom_color=&#8221;#1caf32&#8243; outline_custom_hover_background=&#8221;#666666&#8243; outline_custom_hover_text=&#8221;#ffffff&#8221; align=&#8221;center&#8221; i_icon_fontawesome=&#8221;stm-phone&#8221; add_icon=&#8221;true&#8221; link=&#8221;url:http%3A%2F%2Flipaassociation.com%2Ffr%2Fcontact%2F||&#8221;][\/vc_tta_section][\/vc_tta_accordion][\/vc_column][\/vc_row]<\/p>\n","protected":false},"excerpt":{"rendered":"<p>[vc_row][vc_column el_class=&#8221;ng123&#8243;][vc_column_text]Si vous souhaitez devenir membre de Lipa Association, vous devez choisir un forfait d\u2019adh\u00e9sion et de services suivant vos besoins, remplissez les informations n\u00e9cessaires et effectuer un paiement de la cotisation pour la premi\u00e8re ann\u00e9e. A nos futurs membres, nous pouvons proposer trois fa\u00e7ons de demande d\u2019adh\u00e9sion\u00a0: par voie \u00e9lectronique en remplissant le formulaire<\/p>\n","protected":false},"author":1,"featured_media":0,"parent":0,"menu_order":0,"comment_status":"closed","ping_status":"closed","template":"","meta":[],"_links":{"self":[{"href":"http:\/\/lipaassociation.com\/fr\/wp-json\/wp\/v2\/pages\/3227"}],"collection":[{"href":"http:\/\/lipaassociation.com\/fr\/wp-json\/wp\/v2\/pages"}],"about":[{"href":"http:\/\/lipaassociation.com\/fr\/wp-json\/wp\/v2\/types\/page"}],"author":[{"embeddable":true,"href":"http:\/\/lipaassociation.com\/fr\/wp-json\/wp\/v2\/users\/1"}],"replies":[{"embeddable":true,"href":"http:\/\/lipaassociation.com\/fr\/wp-json\/wp\/v2\/comments?post=3227"}],"version-history":[{"count":11,"href":"http:\/\/lipaassociation.com\/fr\/wp-json\/wp\/v2\/pages\/3227\/revisions"}],"predecessor-version":[{"id":4199,"href":"http:\/\/lipaassociation.com\/fr\/wp-json\/wp\/v2\/pages\/3227\/revisions\/4199"}],"wp:attachment":[{"href":"http:\/\/lipaassociation.com\/fr\/wp-json\/wp\/v2\/media?parent=3227"}],"curies":[{"name":"wp","href":"https:\/\/api.w.org\/{rel}","templated":true}]}}