{"id":3280,"date":"2016-01-19T00:00:00","date_gmt":"2016-01-19T00:00:00","guid":{"rendered":"http:\/\/lipaassociation.com\/paketi-usluga\/"},"modified":"2018-01-27T22:23:09","modified_gmt":"2018-01-27T22:23:09","slug":"paquets-de-services","status":"publish","type":"page","link":"http:\/\/lipaassociation.com\/fr\/paquets-de-services\/","title":{"rendered":"Paquets de Services"},"content":{"rendered":"<p>[vc_row][vc_column width=&#8221;3\/4&#8243;][vc_column_text]L\u2019Association LIPA propose \u00e0 ses futurs membres quatre formules BASIC, STANDARD, EXCLUSIVE et GOLD. Le but des formules d\u2019abonnement est de proposer des remises suppl\u00e9mentaires car les services int\u00e9gr\u00e9s dans les formules b\u00e9n\u00e9ficient d\u2019un ajustement des prix.En choisissant la formule souhait\u00e9e, avec la formule d\u2019abonnement vous r\u00e9alisez la plus importante \u00e9conomie. Pour des informations d\u00e9taill\u00e9es sur les services des formules, veuillez s\u00e9lectionner la formule souhait\u00e9e.[\/vc_column_text][stm_spacing sm_spacing=&#8221;30px&#8221; xs_spacing=&#8221;30px&#8221;][vc_row_inner][vc_column_inner width=&#8221;1\/4&#8243;][stm_info_box style=&#8221;style_5&#8243; icon=&#8221;fa fa-chevron-right&#8221; link=&#8221;url:http%3A%2F%2Flipaassociation.com%2Ffr%2Fpaquets-de-services%2Fformule-basic%2F|title:en%20savoir%20plus|&#8221; css=&#8221;.vc_custom_1517091697977{margin-bottom: 0px !important;}&#8221; title=&#8221;BASIC&#8221;]Lipa BASIC\u00a0est la formule de services de base que nous pouvons proposer aux membres de l\u2019Association LIPA International. La formule Lipa BASIC comprend les services suivants\u2026[\/stm_info_box][stm_spacing sm_spacing=&#8221;30px&#8221; xs_spacing=&#8221;30px&#8221;][\/vc_column_inner][vc_column_inner width=&#8221;1\/4&#8243;][stm_info_box style=&#8221;style_5&#8243; icon=&#8221;fa fa-chevron-right&#8221; title=&#8221;STANDARD&#8221; link=&#8221;url:http%3A%2F%2Flipaassociation.com%2Ffr%2Fpaquets-de-services%2Fformule-standard%2F|title:en%20savoir%20plus|&#8221; css=&#8221;.vc_custom_1517091720183{margin-bottom: 0px !important;}&#8221;]Lipa STANDARD\u00a0est la formule moyenne de services que nous pouvons proposer aux membres de l\u2019Association LIPA International. La formule Lipa STANDARD comprend les services suivants\u2026[\/stm_info_box][stm_spacing sm_spacing=&#8221;30px&#8221; xs_spacing=&#8221;30px&#8221;][\/vc_column_inner][vc_column_inner width=&#8221;1\/4&#8243;][stm_info_box style=&#8221;style_5&#8243; icon=&#8221;fa fa-chevron-right&#8221; title=&#8221;EXCLUSIVE&#8221; link=&#8221;url:http%3A%2F%2Flipaassociation.com%2Ffr%2Fpaquets-de-services%2Fformule-exclusive%2F|title:en%20savoir%20plus|&#8221; css=&#8221;.vc_custom_1517091738692{margin-bottom: 0px !important;}&#8221;]Lipa EXCLUSIVE est la formule sup\u00e9rieure de services que nous pouvons proposer\u00a0aux membres de l\u2019Association LIPA International. La formule Lipa EXCLUSIVE comprend les services suivants\u2026[\/stm_info_box][stm_spacing sm_spacing=&#8221;30px&#8221; xs_spacing=&#8221;30px&#8221;][\/vc_column_inner][vc_column_inner width=&#8221;1\/4&#8243;][stm_info_box style=&#8221;style_5&#8243; icon=&#8221;fa fa-chevron-right&#8221; title=&#8221;GOLD&#8221; link=&#8221;url:http%3A%2F%2Flipaassociation.com%2Ffr%2Fpaquets-de-services%2Fformule-gold%2F|title:en%20savoir%20plus|&#8221; css=&#8221;.vc_custom_1517091762319{margin-bottom: 0px !important;}&#8221;]Lipa GOLD est la formule la plus haute de services que nous pouvons proposer aux membres de l\u2019Association LIPA International. La formule Lipa GOLD comprend les services suivants\u2026[\/stm_info_box][stm_spacing sm_spacing=&#8221;30px&#8221; xs_spacing=&#8221;30px&#8221;][\/vc_column_inner][\/vc_row_inner][stm_spacing sm_spacing=&#8221;30px&#8221; xs_spacing=&#8221;30px&#8221; lg_spacing=&#8221;30px&#8221; md_spacing=&#8221;30px&#8221;][vc_column_text]<span style=\"color: #1caf32; font-size: 14pt;\">\u2666<\/span> Remarque:<\/p>\n<p><span style=\"font-size: 10pt;\">\u2013 En aucun cas l\u2019association ne prend en charge les frais de concession fun\u00e9raires, ni les frais des agents communaux dans les villes o\u00f9 ils ont le monopole des cimeti\u00e8res, sauf en cas de partenariat avec l\u2019association. <\/span><br \/>\n<span style=\"font-size: 10pt;\">\u2013 Pour la cr\u00e9mation choisir au minimum la formule Standard. Possibilit\u00e9 d\u2019ajout d\u2019options aux formules et d\u2019autres services selon les possibilit\u00e9s et avec accord, comme\u00a0: mise \u00e0 disposition de la chapelle, photographe, cam\u00e9raman, orchestre fun\u00e9raire, l\u00e2cher de colombes. <\/span><br \/>\n<span style=\"font-size: 10pt;\">\u2013 L\u2019option du choix de formules et de services pour les membres n\u2019est pas accessible pour l\u2019adh\u00e9sion locale en raison de l\u2019impossibilit\u00e9 d\u2019organisation et de logistique de la part de l\u2019association. <\/span>[\/vc_column_text][\/vc_column][vc_column width=&#8221;1\/4&#8243;][vc_wp_custommenu nav_menu=&#8221;66&#8243;][stm_sidebar sidebar=&#8221;2960&#8243;][\/vc_column][\/vc_row][vc_row full_width=&#8221;stretch_row&#8221; css=&#8221;.vc_custom_1459505959648{margin-bottom: -60px !important;}&#8221; el_class=&#8221;third_bg_color&#8221;][vc_column][vc_cta h2=&#8221;Devenez membre de Lipa Association &#8211; envoyez une demande d\u2019adh\u00e9sion !&#8221; h2_font_container=&#8221;font_size:20px|line_height:24px&#8221; h2_use_theme_fonts=&#8221;yes&#8221; shape=&#8221;square&#8221; style=&#8221;flat&#8221; add_button=&#8221;right&#8221; btn_title=&#8221;DEMANDE D\u2019ADHESION&#8221; btn_style=&#8221;flat&#8221; btn_color=&#8221;theme_style_2&#8243; btn_align=&#8221;right&#8221; btn_i_align=&#8221;right&#8221; btn_i_icon_fontawesome=&#8221;fa fa-chevron-right&#8221; use_custom_fonts_h2=&#8221;true&#8221; btn_link=&#8221;url:http%3A%2F%2Flipaassociation.com%2Ffr%2Fformulaire-dadhesion%2F||&#8221; btn_add_icon=&#8221;true&#8221; el_class=&#8221;third_bg_color&#8221; css=&#8221;.vc_custom_1517091786440{margin-bottom: 0px !important;}&#8221; btn_button_block=&#8221;true&#8221;][\/vc_cta][\/vc_column][\/vc_row]<\/p>\n","protected":false},"excerpt":{"rendered":"<p>[vc_row][vc_column width=&#8221;3\/4&#8243;][vc_column_text]L\u2019Association LIPA propose \u00e0 ses futurs membres quatre formules BASIC, STANDARD, EXCLUSIVE et GOLD. Le but des formules d\u2019abonnement est de proposer des remises suppl\u00e9mentaires car les services int\u00e9gr\u00e9s dans les formules b\u00e9n\u00e9ficient d\u2019un ajustement des prix.En choisissant la formule souhait\u00e9e, avec la formule d\u2019abonnement vous r\u00e9alisez la plus importante \u00e9conomie. Pour des informations<\/p>\n","protected":false},"author":1,"featured_media":0,"parent":0,"menu_order":0,"comment_status":"closed","ping_status":"closed","template":"","meta":[],"_links":{"self":[{"href":"http:\/\/lipaassociation.com\/fr\/wp-json\/wp\/v2\/pages\/3280"}],"collection":[{"href":"http:\/\/lipaassociation.com\/fr\/wp-json\/wp\/v2\/pages"}],"about":[{"href":"http:\/\/lipaassociation.com\/fr\/wp-json\/wp\/v2\/types\/page"}],"author":[{"embeddable":true,"href":"http:\/\/lipaassociation.com\/fr\/wp-json\/wp\/v2\/users\/1"}],"replies":[{"embeddable":true,"href":"http:\/\/lipaassociation.com\/fr\/wp-json\/wp\/v2\/comments?post=3280"}],"version-history":[{"count":8,"href":"http:\/\/lipaassociation.com\/fr\/wp-json\/wp\/v2\/pages\/3280\/revisions"}],"predecessor-version":[{"id":4194,"href":"http:\/\/lipaassociation.com\/fr\/wp-json\/wp\/v2\/pages\/3280\/revisions\/4194"}],"wp:attachment":[{"href":"http:\/\/lipaassociation.com\/fr\/wp-json\/wp\/v2\/media?parent=3280"}],"curies":[{"name":"wp","href":"https:\/\/api.w.org\/{rel}","templated":true}]}}