{"id":3330,"date":"2016-12-20T00:00:00","date_gmt":"2016-12-20T00:00:00","guid":{"rendered":"http:\/\/lipaassociation.com\/paquets-de-services\/exclusive\/"},"modified":"2018-01-27T22:26:11","modified_gmt":"2018-01-27T22:26:11","slug":"formule-exclusive","status":"publish","type":"page","link":"http:\/\/lipaassociation.com\/fr\/paquets-de-services\/formule-exclusive\/","title":{"rendered":"Formule Exclusive"},"content":{"rendered":"<p>[vc_row][vc_column][\/vc_column][\/vc_row][vc_row][vc_column width=&#8221;3\/4&#8243;][vc_column_text]Lipa EXCLUSIVE est la formule sup\u00e9rieure de services que nous pouvons proposer\u00a0aux membres de l\u2019Association LIPA International. La formule Lipa EXCLUSIVE comprend les services suivants:[\/vc_column_text][vc_separator align=&#8221;align_left&#8221;][stm_spacing sm_spacing=&#8221;30px&#8221; xs_spacing=&#8221;30px&#8221;][vc_text_separator title=&#8221;Organisation du transport&#8221; title_align=&#8221;separator_align_left&#8221; color=&#8221;custom&#8221; border_width=&#8221;2&#8243; el_class=&#8221;title1&#8243; accent_color=&#8221;#1caf32&#8243;][stm_spacing sm_spacing=&#8221;30px&#8221; xs_spacing=&#8221;30px&#8221;][vc_row_inner][vc_column_inner width=&#8221;1\/4&#8243;][stm_icon_box icon=&#8221;fa fa-file-text-o&#8221; icon_size=&#8221;27&#8243; icon_color=&#8221;custom&#8221; icon_height=&#8221;35&#8243; title=&#8221;Toutes d\u00e9marches et formalit\u00e9s administrative dans tous les pays&#8221; title_font_size=&#8221;20&#8243; icon_color_custom=&#8221;#1caf32&#8243; title_line_height=&#8221;20&#8243;]<i class=\"fa fa-check\" style=\"font-size: 19px; color: #1caf32;\"><\/i> H\u00f4pital<br \/>\n<i class=\"fa fa-check\" style=\"font-size: 19px; color: #1caf32;\"><\/i> Mairie<br \/>\n<i class=\"fa fa-check\" style=\"font-size: 19px; color: #1caf32;\"><\/i> Pr\u00e9fecture<br \/>\n<i class=\"fa fa-check\" style=\"font-size: 19px; color: #1caf32;\"><\/i> Police<br \/>\n<i class=\"fa fa-check\" style=\"font-size: 19px; color: #1caf32;\"><\/i> Consulat<br \/>\n<i class=\"fa fa-check\" style=\"font-size: 19px; color: #1caf32;\"><\/i> Appel d\u2019un eccl\u00e9siaste (suivant religion et possibilit\u00e9)[\/stm_icon_box][stm_spacing sm_spacing=&#8221;30px&#8221; xs_spacing=&#8221;30px&#8221; lg_spacing=&#8221;30px&#8221; md_spacing=&#8221;30px&#8221;][\/vc_column_inner][vc_column_inner width=&#8221;1\/4&#8243;][stm_icon_box icon=&#8221;stm-user7&#8243; icon_size=&#8221;27&#8243; icon_color=&#8221;custom&#8221; icon_height=&#8221;35&#8243; title=&#8221;Pour le d\u00e9funt&#8221; title_font_size=&#8221;20&#8243; icon_color_custom=&#8221;#1caf32&#8243; title_line_height=&#8221;20&#8243;]<i class=\"fa fa-check\" style=\"font-size: 19px; color: #1caf32;\"><\/i> Toilette<br \/>\n<i class=\"fa fa-check\" style=\"font-size: 19px; color: #1caf32;\"><\/i> Habillement de corps<br \/>\n<i class=\"fa fa-check\" style=\"font-size: 19px; color: #1caf32;\"><\/i> Maquillage professionnel<br \/>\n<i class=\"fa fa-check\" style=\"font-size: 19px; color: #1caf32;\"><\/i> Soins de conservation (sur demande au pr\u00e9alable)[\/stm_icon_box][stm_spacing sm_spacing=&#8221;30px&#8221; xs_spacing=&#8221;30px&#8221; lg_spacing=&#8221;30px&#8221; md_spacing=&#8221;30px&#8221;][\/vc_column_inner][vc_column_inner width=&#8221;1\/4&#8243;][stm_icon_box icon=&#8221;fa fa-stack-exchange&#8221; icon_size=&#8221;27&#8243; icon_color=&#8221;custom&#8221; icon_height=&#8221;35&#8243; title=&#8221;Articles fun\u00e9raire pour le transport&#8221; title_font_size=&#8221;20&#8243; icon_color_custom=&#8221;#1caf32&#8243; title_line_height=&#8221;20&#8243;]<i class=\"fa fa-check\" style=\"font-size: 19px; color: #1caf32;\"><\/i> Cercueil en ch\u00eane de qualit\u00e9 au choix<br \/>\n<i class=\"fa fa-check\" style=\"font-size: 19px; color: #1caf32;\"><\/i> Cercueil en zinc obligatoire pour le transport<br \/>\n<i class=\"fa fa-check\" style=\"font-size: 19px; color: #1caf32;\"><\/i> Capiton en lin<br \/>\n<i class=\"fa fa-check\" style=\"font-size: 19px; color: #1caf32;\"><\/i> Grande gerbe pour tranport (suivant possibilit\u00e9) 1,2 m[\/stm_icon_box][stm_spacing sm_spacing=&#8221;30px&#8221; xs_spacing=&#8221;30px&#8221; lg_spacing=&#8221;30px&#8221; md_spacing=&#8221;30px&#8221;][\/vc_column_inner][vc_column_inner width=&#8221;1\/4&#8243;][stm_icon_box icon=&#8221;stm-lorry6&#8243; icon_size=&#8221;27&#8243; icon_color=&#8221;custom&#8221; icon_height=&#8221;35&#8243; title=&#8221;Transport jusqu\u2019\u00e0 l\u2019adresse d\u00e9finie&#8221; title_font_size=&#8221;20&#8243; icon_color_custom=&#8221;#1caf32&#8243; title_line_height=&#8221;20&#8243;]<i class=\"fa fa-check\" style=\"font-size: 19px; color: #1caf32;\"><\/i> Transport jusqu\u2019\u00e0 l\u2019adresse d\u00e9finie<br \/>\n<i class=\"fa fa-check\" style=\"font-size: 19px; color: #1caf32;\"><\/i> Information t\u00e9l\u00e9phonique constante de la famille pour le transport<br \/>\n<i class=\"fa fa-check\" style=\"font-size: 19px; color: #1caf32;\"><\/i> Livraison \u00e0 la famille ou aux pompes fun\u00e8bres locales[\/stm_icon_box][stm_spacing sm_spacing=&#8221;30px&#8221; xs_spacing=&#8221;30px&#8221; lg_spacing=&#8221;30px&#8221; md_spacing=&#8221;30px&#8221;][\/vc_column_inner][\/vc_row_inner][vc_separator align=&#8221;align_left&#8221;][vc_text_separator title=&#8221;Organisation des obs\u00e8ques&#8221; title_align=&#8221;separator_align_left&#8221; color=&#8221;custom&#8221; border_width=&#8221;2&#8243; el_class=&#8221;title1&#8243; accent_color=&#8221;#1caf32&#8243;][stm_spacing sm_spacing=&#8221;30px&#8221; xs_spacing=&#8221;30px&#8221;][vc_row_inner][vc_column_inner width=&#8221;1\/3&#8243;][stm_icon_box icon=&#8221;stm-stm14_public&#8221; icon_size=&#8221;27&#8243; icon_color=&#8221;custom&#8221; icon_height=&#8221;35&#8243; title=&#8221;Obs\u00e8ques&#8221; title_font_size=&#8221;20&#8243; icon_color_custom=&#8221;#1caf32&#8243; title_line_height=&#8221;20&#8243;]<i class=\"fa fa-check\" style=\"font-size: 19px; color: #1caf32;\"><\/i> Organisations des obs\u00e8ques<br \/>\n<i class=\"fa fa-check\" style=\"font-size: 19px; color: #1caf32;\"><\/i> Impression des faire-part de d\u00e9c\u00e8s<br \/>\n<i class=\"fa fa-check\" style=\"font-size: 19px; color: #1caf32;\"><\/i> Impression de photo au format A4 avec cadre en bois<br \/>\n<i class=\"fa fa-check\" style=\"font-size: 19px; color: #1caf32;\"><\/i> Annonce de faire-part dans les journaux locaux<br \/>\n<i class=\"fa fa-check\" style=\"font-size: 19px; color: #1caf32;\"><\/i> M\u00e9morial en bois pour la tombe<br \/>\n<i class=\"fa fa-check\" style=\"font-size: 19px; color: #1caf32;\"><\/i> Orchestre fun\u00e9raire (sur demande)<br \/>\n<i class=\"fa fa-check\" style=\"font-size: 19px; color: #1caf32;\"><\/i> Serviettes et chemises pour porteurs<br \/>\n<i class=\"fa fa-check\" style=\"font-size: 19px; color: #1caf32;\"><\/i> Bougies pour une valeur de 100 \u20ac<br \/>\n<i class=\"fa fa-check\" style=\"font-size: 19px; color: #1caf32;\"><\/i> Fleurs, gerbes ou couronnes pour une valeur de 300 \u20ac[\/stm_icon_box][stm_spacing sm_spacing=&#8221;30px&#8221; xs_spacing=&#8221;30px&#8221; lg_spacing=&#8221;30px&#8221; md_spacing=&#8221;30px&#8221;][\/vc_column_inner][vc_column_inner width=&#8221;1\/3&#8243;][stm_icon_box icon=&#8221;stm-oil&#8221; icon_size=&#8221;27&#8243; icon_color=&#8221;custom&#8221; icon_height=&#8221;35&#8243; title=&#8221;Creusement de tombe&#8221; title_font_size=&#8221;20&#8243; icon_color_custom=&#8221;#1caf32&#8243; title_line_height=&#8221;20&#8243;]<i class=\"fa fa-check\" style=\"font-size: 19px; color: #1caf32;\"><\/i> Nous organisons le creusement sauf dans les cimeti\u00e8res sous monopole[\/stm_icon_box][stm_spacing sm_spacing=&#8221;30px&#8221; xs_spacing=&#8221;30px&#8221; lg_spacing=&#8221;30px&#8221; md_spacing=&#8221;30px&#8221;][\/vc_column_inner][vc_column_inner width=&#8221;1\/3&#8243;][stm_icon_box icon=&#8221;fa fa-car&#8221; icon_size=&#8221;27&#8243; icon_color=&#8221;custom&#8221; icon_height=&#8221;35&#8243; title=&#8221;Transport du d\u00e9funt au cimeti\u00e8re&#8221; title_font_size=&#8221;20&#8243; icon_color_custom=&#8221;#1caf32&#8243; title_line_height=&#8221;20&#8243;]<i class=\"fa fa-check\" style=\"font-size: 19px; color: #1caf32;\"><\/i> Transport du d\u00e9funt au cimeti\u00e8re<br \/>\n<i class=\"fa fa-check\" style=\"font-size: 19px; color: #1caf32;\"><\/i> Appel d\u2019un eccl\u00e9siaste (suivant religion et possibilit\u00e9)<br \/>\n<i class=\"fa fa-check\" style=\"font-size: 19px; color: #1caf32;\"><\/i> Livraison du bl\u00e9 et accessoires pour la messe \u00e0 l\u2019adresse<br \/>\n<i class=\"fa fa-check\" style=\"font-size: 19px; color: #1caf32;\"><\/i> Organisation du transport d\u2019honneur[\/stm_icon_box][stm_spacing sm_spacing=&#8221;30px&#8221; xs_spacing=&#8221;30px&#8221; lg_spacing=&#8221;30px&#8221; md_spacing=&#8221;30px&#8221;][\/vc_column_inner][\/vc_row_inner][vc_separator align=&#8221;align_left&#8221;][vc_column_text]<span style=\"color: #1caf32; font-size: 14pt;\">\u2666<\/span> Remarque:<\/p>\n<p><span style=\"font-size: 10pt;\">\u2013 En aucun cas l\u2019association ne prend en charge les frais de concession fun\u00e9raires, ni les frais des agents communaux dans les villes o\u00f9 ils ont le monopole des cimeti\u00e8res, sauf en cas de partenariat avec l\u2019association. <\/span><br \/>\n<span style=\"font-size: 10pt;\">\u2013 Pour la cr\u00e9mation choisir au minimum la formule Standard. Possibilit\u00e9 d\u2019ajout d\u2019options aux formules et d\u2019autres services selon les possibilit\u00e9s et avec accord, comme\u00a0: mise \u00e0 disposition de la chapelle, photographe, cam\u00e9raman, orchestre fun\u00e9raire, l\u00e2cher de colombes. <\/span><br \/>\n<span style=\"font-size: 10pt;\">\u2013 L\u2019option du choix de formules et de services pour les membres n\u2019est pas accessible pour l\u2019adh\u00e9sion locale en raison de l\u2019impossibilit\u00e9 d\u2019organisation et de logistique de la part de l\u2019association. <\/span>[\/vc_column_text][stm_spacing sm_spacing=&#8221;30px&#8221; xs_spacing=&#8221;30px&#8221;][\/vc_column][vc_column width=&#8221;1\/4&#8243;][vc_wp_custommenu nav_menu=&#8221;89&#8243;][stm_sidebar sidebar=&#8221;2960&#8243;][\/vc_column][\/vc_row][vc_row full_width=&#8221;stretch_row&#8221; css=&#8221;.vc_custom_1459505959648{margin-bottom: -60px !important;}&#8221; el_class=&#8221;third_bg_color&#8221;][vc_column][vc_cta h2=&#8221;Devenez membre de Lipa Association &#8211; envoyez une demande d\u2019adh\u00e9sion !&#8221; h2_font_container=&#8221;font_size:20px|line_height:24px&#8221; h2_use_theme_fonts=&#8221;yes&#8221; shape=&#8221;square&#8221; style=&#8221;flat&#8221; add_button=&#8221;right&#8221; btn_title=&#8221;DEMANDE D\u2019ADHESION&#8221; btn_style=&#8221;flat&#8221; btn_color=&#8221;theme_style_2&#8243; btn_align=&#8221;right&#8221; btn_i_align=&#8221;right&#8221; btn_i_icon_fontawesome=&#8221;fa fa-chevron-right&#8221; use_custom_fonts_h2=&#8221;true&#8221; btn_link=&#8221;url:http%3A%2F%2Flipaassociation.com%2Ffr%2Fformulaire-dadhesion%2F||&#8221; btn_add_icon=&#8221;true&#8221; el_class=&#8221;third_bg_color&#8221; css=&#8221;.vc_custom_1517091967156{margin-bottom: 0px !important;}&#8221;][\/vc_cta][\/vc_column][\/vc_row]<\/p>\n","protected":false},"excerpt":{"rendered":"<p>[vc_row][vc_column][\/vc_column][\/vc_row][vc_row][vc_column width=&#8221;3\/4&#8243;][vc_column_text]Lipa EXCLUSIVE est la formule sup\u00e9rieure de services que nous pouvons proposer\u00a0aux membres de l\u2019Association LIPA International. La formule Lipa EXCLUSIVE comprend les services suivants:[\/vc_column_text][vc_separator align=&#8221;align_left&#8221;][stm_spacing sm_spacing=&#8221;30px&#8221; xs_spacing=&#8221;30px&#8221;][vc_text_separator title=&#8221;Organisation du transport&#8221; title_align=&#8221;separator_align_left&#8221; color=&#8221;custom&#8221; border_width=&#8221;2&#8243; el_class=&#8221;title1&#8243; accent_color=&#8221;#1caf32&#8243;][stm_spacing sm_spacing=&#8221;30px&#8221; xs_spacing=&#8221;30px&#8221;][vc_row_inner][vc_column_inner width=&#8221;1\/4&#8243;][stm_icon_box icon=&#8221;fa fa-file-text-o&#8221; icon_size=&#8221;27&#8243; icon_color=&#8221;custom&#8221; icon_height=&#8221;35&#8243; title=&#8221;Toutes d\u00e9marches et formalit\u00e9s administrative dans tous les pays&#8221; title_font_size=&#8221;20&#8243;<\/p>\n","protected":false},"author":1,"featured_media":0,"parent":3280,"menu_order":0,"comment_status":"closed","ping_status":"closed","template":"","meta":[],"_links":{"self":[{"href":"http:\/\/lipaassociation.com\/fr\/wp-json\/wp\/v2\/pages\/3330"}],"collection":[{"href":"http:\/\/lipaassociation.com\/fr\/wp-json\/wp\/v2\/pages"}],"about":[{"href":"http:\/\/lipaassociation.com\/fr\/wp-json\/wp\/v2\/types\/page"}],"author":[{"embeddable":true,"href":"http:\/\/lipaassociation.com\/fr\/wp-json\/wp\/v2\/users\/1"}],"replies":[{"embeddable":true,"href":"http:\/\/lipaassociation.com\/fr\/wp-json\/wp\/v2\/comments?post=3330"}],"version-history":[{"count":8,"href":"http:\/\/lipaassociation.com\/fr\/wp-json\/wp\/v2\/pages\/3330\/revisions"}],"predecessor-version":[{"id":4196,"href":"http:\/\/lipaassociation.com\/fr\/wp-json\/wp\/v2\/pages\/3330\/revisions\/4196"}],"up":[{"embeddable":true,"href":"http:\/\/lipaassociation.com\/fr\/wp-json\/wp\/v2\/pages\/3280"}],"wp:attachment":[{"href":"http:\/\/lipaassociation.com\/fr\/wp-json\/wp\/v2\/media?parent=3330"}],"curies":[{"name":"wp","href":"https:\/\/api.w.org\/{rel}","templated":true}]}}