{"id":3360,"date":"2016-12-30T00:00:00","date_gmt":"2016-12-30T00:00:00","guid":{"rendered":"http:\/\/lipaassociation.com\/kalkulator-clanarine\/"},"modified":"2018-01-27T22:46:18","modified_gmt":"2018-01-27T22:46:18","slug":"calculatrice-de-cotisations","status":"publish","type":"page","link":"http:\/\/lipaassociation.com\/fr\/calculatrice-de-cotisations\/","title":{"rendered":"Calculatrice de Cotisations"},"content":{"rendered":"<p>[vc_row][vc_column width=&#8221;1\/3&#8243;][vc_custom_heading stripe_pos=&#8221;between&#8221; stm_title_font_weight=&#8221;500&#8243; text=&#8221;S\u00e9lectionner le calculateur de cotisations appropri\u00e9&#8221; use_theme_fonts=&#8221;yes&#8221; subtitle=&#8221;Pour plus d\u2019informations sur le prix d\u2019adh\u00e9sion, veuillez choisir la calculatrice appropri\u00e9e. Les calculatrices sont tri\u00e9es en fonction du lieu de r\u00e9sidence et du lieu de r\u00e9alisation des garanties.&#8221; el_class=&#8221;marg&#8221;][stm_spacing lg_spacing=&#8221;25&#8243; md_spacing=&#8221;25&#8243; sm_spacing=&#8221;25&#8243; xs_spacing=&#8221;25&#8243;][\/vc_column][vc_column width=&#8221;1\/3&#8243;][stm_info_box style=&#8221;style_3&#8243; title_icon=&#8221;stm-stm14_country&#8221; icon=&#8221;fa fa-angle-right&#8221; title=&#8221;LOCAL EX-YU&#8221; link=&#8221;url:http%3A%2F%2Flipaassociation.com%2Ffr%2Fcalculatrice-de-cotisations%2Flocal-ex-yu%2F|title:en%20savoir%20plus|&#8221; image=&#8221;3562&#8243;]Calculatrice de cotisations d\u2019adh\u00e9sion Local pour les pays qui faisaient partie de l\u2019ex-Yougoslavie.[\/stm_info_box][stm_spacing lg_spacing=&#8221;25&#8243; md_spacing=&#8221;25&#8243; sm_spacing=&#8221;25&#8243; xs_spacing=&#8221;25&#8243;][\/vc_column][vc_column width=&#8221;1\/3&#8243;][stm_info_box style=&#8221;style_3&#8243; title_icon=&#8221;stm-stm14_country&#8221; icon=&#8221;fa fa-angle-right&#8221; title=&#8221;LOCAL EUROPE&#8221; link=&#8221;url:http%3A%2F%2Flipaassociation.com%2Ffr%2Fcalculatrice-de-cotisations%2Flocal-europe%2F|title:en%20savoir%20plus|&#8221; image=&#8221;2218&#8243;]Calculatrice de cotisations d\u2019adh\u00e9sion Local pour les pays qui font partie de l\u2019Union europ\u00e9enne.[\/stm_info_box][stm_spacing lg_spacing=&#8221;25&#8243; md_spacing=&#8221;25&#8243; sm_spacing=&#8221;25&#8243; xs_spacing=&#8221;25&#8243;][\/vc_column][\/vc_row][vc_row][vc_column width=&#8221;1\/3&#8243;][stm_info_box style=&#8221;style_3&#8243; title_icon=&#8221;stm-stm14_country&#8221; icon=&#8221;fa fa-angle-right&#8221; title=&#8221;EUROPE 1 &#8211; BALKANS&#8221; link=&#8221;url:http%3A%2F%2Flipaassociation.com%2Ffr%2Fcalculatrice-de-cotisations%2Feurope-1-balkans%2F|title:en%20savoir%20plus|&#8221; image=&#8221;2219&#8243;]R\u00e9sidence dans l\u2019un des pays suivants Autriche, R\u00e9publique tch\u00e8que, Slovaquie et Hongrie, tandis que le lieu de r\u00e9alisation des garanties est l\u2019un des \u00c9tats sur le territoire des Balkans.[\/stm_info_box][stm_spacing lg_spacing=&#8221;25&#8243; md_spacing=&#8221;25&#8243; sm_spacing=&#8221;25&#8243; xs_spacing=&#8221;25&#8243;][\/vc_column][vc_column width=&#8221;1\/3&#8243;][stm_info_box style=&#8221;style_3&#8243; title_icon=&#8221;stm-stm14_country&#8221; icon=&#8221;fa fa-angle-right&#8221; title=&#8221;EUROPE 2 &#8211; BALKANS&#8221; link=&#8221;url:http%3A%2F%2Flipaassociation.com%2Ffr%2Fcalculatrice-de-cotisations%2Feurope-2-balkans%2F|title:en%20savoir%20plus|&#8221; image=&#8221;2276&#8243;]R\u00e9sidence dans l\u2019un des \u00c9tats suivants, Italie, Danemark, Su\u00e8de, Espagne et Angleterre, tandis que le lieu de r\u00e9alisation des garanties est l\u2019un des \u00c9tats sur le territoire des Balkans.[\/stm_info_box][stm_spacing lg_spacing=&#8221;25&#8243; md_spacing=&#8221;25&#8243; sm_spacing=&#8221;25&#8243; xs_spacing=&#8221;25&#8243;][\/vc_column][vc_column width=&#8221;1\/3&#8243;][stm_info_box style=&#8221;style_3&#8243; title_icon=&#8221;stm-stm14_country&#8221; icon=&#8221;fa fa-angle-right&#8221; title=&#8221;EUROPE III &#8211; BALKANS&#8221; link=&#8221;url:http%3A%2F%2Flipaassociation.com%2Ffr%2Fcalculatrice-de-cotisations%2Feurope-3-balkans%2F|title:en%20savoir%20plus|&#8221; image=&#8221;2275&#8243;]R\u00e9sidence dans l\u2019un des \u00c9tats suivants, Benelux, Suisse, Allemagne et France, tandis que le lieu de r\u00e9alisation des garanties est l\u2019un des \u00c9tats sur le territoire des Balkans.[\/stm_info_box][\/vc_column][\/vc_row][vc_row][vc_column width=&#8221;2\/3&#8243;][\/vc_column][vc_column width=&#8221;1\/3&#8243;][\/vc_column][\/vc_row][vc_row full_width=&#8221;stretch_row&#8221; css=&#8221;.vc_custom_1459505959648{margin-bottom: -60px !important;}&#8221; el_class=&#8221;third_bg_color&#8221;][vc_column][vc_cta h2=&#8221;Devenez membre de Lipa Association &#8211; envoyez une demande d\u2019adh\u00e9sion !&#8221; h2_font_container=&#8221;font_size:20px|line_height:24px&#8221; h2_use_theme_fonts=&#8221;yes&#8221; shape=&#8221;square&#8221; style=&#8221;flat&#8221; add_button=&#8221;right&#8221; btn_title=&#8221;DEMANDE D\u2019ADHESION&#8221; btn_style=&#8221;flat&#8221; btn_color=&#8221;theme_style_2&#8243; btn_align=&#8221;right&#8221; btn_i_align=&#8221;right&#8221; btn_i_icon_fontawesome=&#8221;fa fa-chevron-right&#8221; use_custom_fonts_h2=&#8221;true&#8221; btn_link=&#8221;url:http%3A%2F%2Flipaassociation.com%2Ffr%2Fformulaire-dadhesion%2F||&#8221; btn_add_icon=&#8221;true&#8221; el_class=&#8221;third_bg_color&#8221; css=&#8221;.vc_custom_1517093173732{margin-bottom: 0px !important;}&#8221; btn_button_block=&#8221;true&#8221;][\/vc_cta][\/vc_column][\/vc_row]<\/p>\n","protected":false},"excerpt":{"rendered":"<p>[vc_row][vc_column width=&#8221;1\/3&#8243;][vc_custom_heading stripe_pos=&#8221;between&#8221; stm_title_font_weight=&#8221;500&#8243; text=&#8221;S\u00e9lectionner le calculateur de cotisations appropri\u00e9&#8221; use_theme_fonts=&#8221;yes&#8221; subtitle=&#8221;Pour plus d\u2019informations sur le prix d\u2019adh\u00e9sion, veuillez choisir la calculatrice appropri\u00e9e. Les calculatrices sont tri\u00e9es en fonction du lieu de r\u00e9sidence et du lieu de r\u00e9alisation des garanties.&#8221; el_class=&#8221;marg&#8221;][stm_spacing lg_spacing=&#8221;25&#8243; md_spacing=&#8221;25&#8243; sm_spacing=&#8221;25&#8243; xs_spacing=&#8221;25&#8243;][\/vc_column][vc_column width=&#8221;1\/3&#8243;][stm_info_box style=&#8221;style_3&#8243; title_icon=&#8221;stm-stm14_country&#8221; icon=&#8221;fa fa-angle-right&#8221; title=&#8221;LOCAL EX-YU&#8221; link=&#8221;url:http%3A%2F%2Flipaassociation.com%2Ffr%2Fcalculatrice-de-cotisations%2Flocal-ex-yu%2F|title:en%20savoir%20plus|&#8221; image=&#8221;3562&#8243;]Calculatrice de<\/p>\n","protected":false},"author":1,"featured_media":0,"parent":0,"menu_order":0,"comment_status":"closed","ping_status":"closed","template":"","meta":[],"_links":{"self":[{"href":"http:\/\/lipaassociation.com\/fr\/wp-json\/wp\/v2\/pages\/3360"}],"collection":[{"href":"http:\/\/lipaassociation.com\/fr\/wp-json\/wp\/v2\/pages"}],"about":[{"href":"http:\/\/lipaassociation.com\/fr\/wp-json\/wp\/v2\/types\/page"}],"author":[{"embeddable":true,"href":"http:\/\/lipaassociation.com\/fr\/wp-json\/wp\/v2\/users\/1"}],"replies":[{"embeddable":true,"href":"http:\/\/lipaassociation.com\/fr\/wp-json\/wp\/v2\/comments?post=3360"}],"version-history":[{"count":10,"href":"http:\/\/lipaassociation.com\/fr\/wp-json\/wp\/v2\/pages\/3360\/revisions"}],"predecessor-version":[{"id":4203,"href":"http:\/\/lipaassociation.com\/fr\/wp-json\/wp\/v2\/pages\/3360\/revisions\/4203"}],"wp:attachment":[{"href":"http:\/\/lipaassociation.com\/fr\/wp-json\/wp\/v2\/media?parent=3360"}],"curies":[{"name":"wp","href":"https:\/\/api.w.org\/{rel}","templated":true}]}}