{"id":4068,"date":"2017-08-07T20:12:38","date_gmt":"2017-08-07T20:12:38","guid":{"rendered":"http:\/\/lipaassociation.com\/payment-methods\/"},"modified":"2018-01-27T22:34:03","modified_gmt":"2018-01-27T22:34:03","slug":"methodes-de-payement","status":"publish","type":"page","link":"http:\/\/lipaassociation.com\/fr\/methodes-de-payement\/","title":{"rendered":"M\u00e9thodes de payement"},"content":{"rendered":"<p>[vc_row][vc_column el_class=&#8221;ng123&#8243;][vc_tta_accordion active_section=&#8221;&#8221; title=&#8221;Les diff\u00e9rents moyens de paiement&#8221; el_class=&#8221;ng123&#8243;][vc_tta_section i_icon_fontawesome=&#8221;fa fa-cc-paypal&#8221; title=&#8221;Paiement via PayPal ou carte bancaire&#8221; tab_id=&#8221;1483024846722-84b09e84-ae5921b6-18b9&#8243; add_icon=&#8221;true&#8221;][vc_column_text]<img loading=\"lazy\" class=\"alignnone wp-image-4041\" src=\"http:\/\/lipaassociation.com\/wp-content\/uploads\/2017\/08\/PayPal-300x107.png\" alt=\"\" width=\"200\" height=\"71\" srcset=\"http:\/\/lipaassociation.com\/wp-content\/uploads\/2017\/08\/PayPal-300x107.png 300w, http:\/\/lipaassociation.com\/wp-content\/uploads\/2017\/08\/PayPal-768x274.png 768w, http:\/\/lipaassociation.com\/wp-content\/uploads\/2017\/08\/PayPal-1024x366.png 1024w, http:\/\/lipaassociation.com\/wp-content\/uploads\/2017\/08\/PayPal.png 1053w\" sizes=\"(max-width: 200px) 100vw, 200px\" \/><\/p>\n<p>Valable pour tous les pays.<\/p>\n<p>Avec cette option, vous avez la possibilit\u00e9 de payer avec votre compte PayPal, ou avec votre Carte bancaire sans obligation d\u2019ouverture de compte PayPal.<br \/>\nPayPal accepte les Cartes bancaires Visa, Mastercard, American Express, Discover, Maestro etc&#8230;<\/p>\n<p>Envoyer la demande d\u2019adh\u00e9sion \u00e0 l\u2019adresse mail lipaassociation@outlook.com ou \u00e0 l\u2019adresse postale :<\/p>\n<p>Lipa Association<br \/>\n15, rue Lauth<br \/>\n67000 Strasbourg &#8211; France<\/p>\n<p>Vous recevrez ensuite une facture du site s\u00e9curis\u00e9 PayPal avec acc\u00e8s \u00e0 la page de notre compte PayPal pour effectuer votre paiement en toute s\u00e9curit\u00e9.<\/p>\n<p>Ce moyen de paiement vous donne la possibilit\u00e9 de payer votre cotisation mensuellement.<br \/>\nPour ce moyen de paiement une adresse mail est obligatoire.[\/vc_column_text][\/vc_tta_section][vc_tta_section i_icon_fontawesome=&#8221;fa fa-credit-card-alt&#8221; title=&#8221;Paiement par pr\u00e9l\u00e9vement SEPA &#8221; tab_id=&#8221;1483025092253-8de2a579-363721b6-18b9&#8243; add_icon=&#8221;true&#8221;][vc_column_text]<img loading=\"lazy\" class=\"alignnone wp-image-4046\" src=\"http:\/\/lipaassociation.com\/wp-content\/uploads\/2017\/08\/Single_Euro_Payments_Area_logo.svg-300x129.png\" alt=\"\" width=\"200\" height=\"86\" srcset=\"http:\/\/lipaassociation.com\/wp-content\/uploads\/2017\/08\/Single_Euro_Payments_Area_logo.svg-300x129.png 300w, http:\/\/lipaassociation.com\/wp-content\/uploads\/2017\/08\/Single_Euro_Payments_Area_logo.svg-768x331.png 768w, http:\/\/lipaassociation.com\/wp-content\/uploads\/2017\/08\/Single_Euro_Payments_Area_logo.svg-1024x442.png 1024w, http:\/\/lipaassociation.com\/wp-content\/uploads\/2017\/08\/Single_Euro_Payments_Area_logo.svg.png 2000w\" sizes=\"(max-width: 200px) 100vw, 200px\" \/><\/p>\n<p>Valable pour tous les pays de l\u2019Union Economique Europ\u00e9enne.<\/p>\n<p>Envoyer la demande d\u2019adh\u00e9sion avec vos coordonn\u00e9es bancaires RIB\/IBAN \u00e0 l\u2019adresse mail<br \/>\nlipaassociation@outlook.com ou \u00e0 l\u2019adresse postale\u00a0:<\/p>\n<p>Lipa Association<br \/>\n15, rue Lauth<br \/>\n67000 Strasbourg &#8211; France<\/p>\n<p>Vous recevrez ensuite une facture avec un formulaire SEPA pr\u00e9l\u00e8vement \u00e0 signer et \u00e0 renvoyer.<br \/>\nCe moyen de paiement vous donne la possibilit\u00e9 de payer votre cotisation mensuellement.[\/vc_column_text][\/vc_tta_section][vc_tta_section i_icon_fontawesome=&#8221;fa fa-newspaper-o&#8221; title=&#8221;Paiement par ch\u00e8que&#8221; tab_id=&#8221;1502137927500-fe0633fa-388e&#8221; add_icon=&#8221;true&#8221;][vc_column_text]Valable pour la France, la Belgique et le Luxembourg.<\/p>\n<p>Remplir le ch\u00e8que au nom de Lipa Association et l\u2019envoyer avec la demande d\u2019adh\u00e9sion \u00e0 l\u2019adresse\u00a0:<\/p>\n<p>Lipa Association<br \/>\n15, rue Lauth<br \/>\n67000 Strasbourg &#8211; France[\/vc_column_text][\/vc_tta_section][vc_tta_section i_icon_fontawesome=&#8221;fa fa-usd&#8221; title=&#8221;Paiement par virement bancaire&#8221; tab_id=&#8221;1483025383140-6bfa725f-6f5c21b6-18b9&#8243; add_icon=&#8221;true&#8221;][vc_column_text]Valable pour tous les pays.<\/p>\n<p>Envoyer la demande d\u2019adh\u00e9sion \u00e0 l\u2019adresse mail lipaassociation@outlook.com ou \u00e0 l\u2019adresse postale\u00a0:<\/p>\n<p>Lipa Association<br \/>\n15, rue Lauth<br \/>\n67000 Strasbourg &#8211; France<\/p>\n<p>Vous recevrez ensuite une facture avec nos coordonn\u00e9es bancaires IBAN pour la mise en place du virement avec votre banque.<br \/>\nCe moyen de paiement vous donne la possibilit\u00e9 de payer votre cotisation mensuellement.[\/vc_column_text][\/vc_tta_section][\/vc_tta_accordion][\/vc_column][\/vc_row][vc_row][vc_column][stm_spacing lg_spacing=&#8221;50px&#8221; md_spacing=&#8221;50px&#8221; sm_spacing=&#8221;50px&#8221; xs_spacing=&#8221;50px&#8221;][\/vc_column][\/vc_row][vc_row full_width=&#8221;stretch_row&#8221; css=&#8221;.vc_custom_1459505959648{margin-bottom: -60px !important;}&#8221; el_class=&#8221;third_bg_color&#8221;][vc_column][vc_cta h2=&#8221;Pour tout autres moyens de paiement veuillez nous contacter.&#8221; h2_font_container=&#8221;font_size:20px|line_height:24px&#8221; h2_use_theme_fonts=&#8221;yes&#8221; shape=&#8221;square&#8221; style=&#8221;flat&#8221; add_button=&#8221;right&#8221; btn_title=&#8221;CONTACT&#8221; btn_style=&#8221;flat&#8221; btn_color=&#8221;theme_style_2&#8243; btn_align=&#8221;right&#8221; btn_i_align=&#8221;right&#8221; btn_i_icon_fontawesome=&#8221;fa fa-chevron-right&#8221; use_custom_fonts_h2=&#8221;true&#8221; btn_link=&#8221;url:http%3A%2F%2Flipaassociation.com%2Ffr%2Fcontact%2F||&#8221; btn_add_icon=&#8221;true&#8221; el_class=&#8221;third_bg_color&#8221; css=&#8221;.vc_custom_1517092439875{margin-bottom: 0px !important;}&#8221;][\/vc_cta][\/vc_column][\/vc_row]<\/p>\n","protected":false},"excerpt":{"rendered":"<p>[vc_row][vc_column el_class=&#8221;ng123&#8243;][vc_tta_accordion active_section=&#8221;&#8221; title=&#8221;Les diff\u00e9rents moyens de paiement&#8221; el_class=&#8221;ng123&#8243;][vc_tta_section i_icon_fontawesome=&#8221;fa fa-cc-paypal&#8221; title=&#8221;Paiement via PayPal ou carte bancaire&#8221; tab_id=&#8221;1483024846722-84b09e84-ae5921b6-18b9&#8243; add_icon=&#8221;true&#8221;][vc_column_text] Valable pour tous les pays. Avec cette option, vous avez la possibilit\u00e9 de payer avec votre compte PayPal, ou avec votre Carte bancaire sans obligation d\u2019ouverture de compte PayPal. PayPal accepte les Cartes bancaires Visa, Mastercard,<\/p>\n","protected":false},"author":1,"featured_media":0,"parent":0,"menu_order":0,"comment_status":"closed","ping_status":"closed","template":"","meta":[],"_links":{"self":[{"href":"http:\/\/lipaassociation.com\/fr\/wp-json\/wp\/v2\/pages\/4068"}],"collection":[{"href":"http:\/\/lipaassociation.com\/fr\/wp-json\/wp\/v2\/pages"}],"about":[{"href":"http:\/\/lipaassociation.com\/fr\/wp-json\/wp\/v2\/types\/page"}],"author":[{"embeddable":true,"href":"http:\/\/lipaassociation.com\/fr\/wp-json\/wp\/v2\/users\/1"}],"replies":[{"embeddable":true,"href":"http:\/\/lipaassociation.com\/fr\/wp-json\/wp\/v2\/comments?post=4068"}],"version-history":[{"count":4,"href":"http:\/\/lipaassociation.com\/fr\/wp-json\/wp\/v2\/pages\/4068\/revisions"}],"predecessor-version":[{"id":4200,"href":"http:\/\/lipaassociation.com\/fr\/wp-json\/wp\/v2\/pages\/4068\/revisions\/4200"}],"wp:attachment":[{"href":"http:\/\/lipaassociation.com\/fr\/wp-json\/wp\/v2\/media?parent=4068"}],"curies":[{"name":"wp","href":"https:\/\/api.w.org\/{rel}","templated":true}]}}