{"id":2798,"date":"2015-12-14T07:14:55","date_gmt":"2015-12-14T07:14:55","guid":{"rendered":"http:\/\/lipaassociation.com\/sample-page-2\/"},"modified":"2018-01-23T02:35:47","modified_gmt":"2018-01-23T02:35:47","slug":"sample-page-2","status":"publish","type":"page","link":"http:\/\/lipaassociation.com\/sr\/","title":{"rendered":"Home"},"content":{"rendered":"<p>[vc_row css=&#8221;.vc_custom_1461134371794{margin-bottom: 0px !important;}&#8221;][vc_column offset=&#8221;vc_hidden-xs&#8221;][stm_spacing lg_spacing=&#8221;112px&#8221; md_spacing=&#8221;112px&#8221; sm_spacing=&#8221;112px&#8221;][rev_slider_vc alias=&#8221;test&#8221;][\/vc_column][\/vc_row][vc_row full_width=&#8221;stretch_row&#8221; el_class=&#8221;third_bg_color&#8221;][vc_column][vc_cta h2=&#8221;Postanite \u010dlan Lipa Association &#8211; Association po\u0161aljite zahtev za \u010dlanstvo !&#8221; h2_font_container=&#8221;font_size:24px|color:{ff029b9ed727a8cfab64ff35f0970f431e658f61ec42594ff25da87028f3ebdc}23ffffff|line_height:24px&#8221; h2_use_theme_fonts=&#8221;yes&#8221; shape=&#8221;square&#8221; style=&#8221;flat&#8221; add_button=&#8221;right&#8221; btn_title=&#8221;ZAHTEV ZA \u010cLANSTVO&#8221; btn_style=&#8221;flat&#8221; btn_color=&#8221;theme_style_2&#8243; btn_align=&#8221;right&#8221; btn_i_align=&#8221;right&#8221; btn_i_icon_fontawesome=&#8221;fa fa-chevron-right&#8221; use_custom_fonts_h2=&#8221;true&#8221; btn_link=&#8221;url:http{ff029b9ed727a8cfab64ff35f0970f431e658f61ec42594ff25da87028f3ebdc}3A{ff029b9ed727a8cfab64ff35f0970f431e658f61ec42594ff25da87028f3ebdc}2F{ff029b9ed727a8cfab64ff35f0970f431e658f61ec42594ff25da87028f3ebdc}2Fwww.lipaassociation.com{ff029b9ed727a8cfab64ff35f0970f431e658f61ec42594ff25da87028f3ebdc}2Fsr{ff029b9ed727a8cfab64ff35f0970f431e658f61ec42594ff25da87028f3ebdc}2Fzahtev-za-clanstvo{ff029b9ed727a8cfab64ff35f0970f431e658f61ec42594ff25da87028f3ebdc}2F||&#8221; btn_add_icon=&#8221;true&#8221; el_class=&#8221;third_bg_color&#8221; btn_button_block=&#8221;true&#8221;][\/vc_cta][\/vc_column][\/vc_row][vc_row full_width=&#8221;stretch_row&#8221; css=&#8221;.vc_custom_1485789280784{padding-top: 70px !important;padding-bottom: 70px !important;background-color: #f2f2f2 !important;}&#8221;][vc_column width=&#8221;1\/2&#8243; offset=&#8221;vc_col-lg-4 vc_col-md-4&#8243;][stm_info_box style=&#8221;style_3&#8243; title_icon=&#8221;fa fa-male&#8221; icon=&#8221;fa fa-chevron-right&#8221; title=&#8221;LIPA SINGLE \u2013 PERSONALNA \u010cLANARINA&#8221; image=&#8221;1577&#8243; link=&#8221;url:http%3A%2F%2Flipaassociation.com%2Fsr%2Fclanski-paketi%2Fsingle%2F|title:saznaj%20vi%C5%A1e|&#8221; css=&#8221;.vc_custom_1516674871020{margin-bottom: 0px !important;}&#8221;]Lipa SINGLE je pojedina\u010dna pogrebna\u00a0garancija za punoletnu osobu sa navr\u0161enih\u00a018 i vi\u0161e godina.[\/stm_info_box][stm_spacing sm_spacing=&#8221;30px&#8221; xs_spacing=&#8221;30px&#8221;][\/vc_column][vc_column width=&#8221;1\/2&#8243; offset=&#8221;vc_col-lg-4 vc_col-md-4&#8243;][stm_info_box style=&#8221;style_3&#8243; title_icon=&#8221;stm-nokia&#8221; icon=&#8221;fa fa-chevron-right&#8221; title=&#8221;LIPA DUO \u2013 \u010cLANARINA ZA PAROVE&#8221; image=&#8221;1574&#8243; link=&#8221;url:http%3A%2F%2Flipaassociation.com%2Fsr%2Fclanski-paketi%2Fduo%2F|title:saznaj%20vi%C5%A1e|&#8221; css=&#8221;.vc_custom_1516674902588{margin-bottom: 0px !important;}&#8221;]Lipa DUO je pogrebna garancija za parove\u00a0odnosno za dve punoletne osobe koje\u00a0imaju istu adresu stanovanja.[\/stm_info_box][stm_spacing sm_spacing=&#8221;30px&#8221; xs_spacing=&#8221;30px&#8221;][\/vc_column][vc_column width=&#8221;1\/2&#8243; offset=&#8221;vc_col-lg-4 vc_col-md-4&#8243;][stm_info_box style=&#8221;style_3&#8243; title_icon=&#8221;stm-mans&#8221; icon=&#8221;fa fa-chevron-right&#8221; title=&#8221;LIPA FAMILY \u2013 PORODI\u010cNA \u010cLANARINE&#8221; image=&#8221;1575&#8243; link=&#8221;url:http%3A%2F%2Flipaassociation.com%2Fsr%2Fclanski-paketi%2Ffamily%2F|title:saznaj%20vi%C5%A1e|&#8221; css=&#8221;.vc_custom_1516674930547{margin-bottom: 0px !important;}&#8221;]Lipa FAMILY je porodi\u010dna pogrebna\u00a0garancija za jednu ili dve punoletne osobe\u00a0sa najvi\u0161e \u010detvoro dece do 21 godine starosti.[\/stm_info_box][\/vc_column][\/vc_row][vc_row full_width=&#8221;stretch_row_content&#8221; css=&#8221;.vc_custom_1473037206238{margin-bottom: 61px !important;padding-top: 80px !important;padding-bottom: 80px !important;background-image: url(http:\/\/marko-knezevic.com\/wp-content\/uploads\/2015\/12\/photo-1427751840561-9852520f8ce8.jpg?id=1579) !important;background-position: center !important;background-repeat: no-repeat !important;background-size: cover !important;}&#8221; el_class=&#8221;overlay_4 fixed_bg&#8221;][vc_column][vc_custom_heading stripe_pos=&#8221;hide&#8221; text=&#8221;Odaberite odgovaraju\u0107i paket \u010dlanarine i usluga kako bi ostvarili \u0161to ve\u0107i popust.&#8221; font_container=&#8221;tag:h5|font_size:28px|text_align:center|color:{ff029b9ed727a8cfab64ff35f0970f431e658f61ec42594ff25da87028f3ebdc}23ffffff|line_height:34px&#8221; use_theme_fonts=&#8221;yes&#8221; stripe_hide=&#8221;yes&#8221;][vc_btn title=&#8221;KALKULATOR \u010cLANARINE&#8221; style=&#8221;flat&#8221; shape=&#8221;square&#8221; color=&#8221;theme_style_3&#8243; size=&#8221;lg&#8221; align=&#8221;center&#8221; i_align=&#8221;right&#8221; i_icon_fontawesome=&#8221;fa fa-chevron-right&#8221; add_icon=&#8221;true&#8221; link=&#8221;url:http{ff029b9ed727a8cfab64ff35f0970f431e658f61ec42594ff25da87028f3ebdc}3A{ff029b9ed727a8cfab64ff35f0970f431e658f61ec42594ff25da87028f3ebdc}2F{ff029b9ed727a8cfab64ff35f0970f431e658f61ec42594ff25da87028f3ebdc}2Fwww.lipaassociation.com{ff029b9ed727a8cfab64ff35f0970f431e658f61ec42594ff25da87028f3ebdc}2Fsr{ff029b9ed727a8cfab64ff35f0970f431e658f61ec42594ff25da87028f3ebdc}2Fkalkulator-clanarine{ff029b9ed727a8cfab64ff35f0970f431e658f61ec42594ff25da87028f3ebdc}2F||&#8221;][\/vc_column][\/vc_row][vc_row css=&#8221;.vc_custom_1473037068423{padding-top: 10px !important;padding-bottom: 50px !important;}&#8221;][vc_column][vc_custom_heading text=&#8221;Paketi Usluga&#8221; font_container=&#8221;tag:h1|text_align:center&#8221; use_theme_fonts=&#8221;yes&#8221;][stm_spacing sm_spacing=&#8221;30px&#8221; xs_spacing=&#8221;30px&#8221; lg_spacing=&#8221;30px&#8221; md_spacing=&#8221;30px&#8221;][vc_row_inner][vc_column_inner width=&#8221;1\/4&#8243;][stm_info_box style=&#8221;style_5&#8243; icon=&#8221;fa fa-chevron-right&#8221; title=&#8221;BASIC &#8221; link=&#8221;url:http%3A%2F%2Flipaassociation.com%2Fsr%2Fpaketi-usluga%2Fbasic%2F|title:saznaj%20vi%C5%A1e|&#8221; css=&#8221;.vc_custom_1516674558768{margin-bottom: 0px !important;}&#8221;]Lipa BASIC\u00a0je osnovni\u00a0paket usluga koji mo\u017eemo ponuditi \u010dlanovima \u00a0Lipa International\u00a0association -a. Paket Lipa Basic\u00a0obuhvata slede\u0107e \u2026[\/stm_info_box][stm_spacing sm_spacing=&#8221;30px&#8221; xs_spacing=&#8221;30px&#8221;][\/vc_column_inner][vc_column_inner width=&#8221;1\/4&#8243;][stm_info_box style=&#8221;style_5&#8243; icon=&#8221;fa fa-chevron-right&#8221; title=&#8221;STANDARD&#8221; link=&#8221;url:http%3A%2F%2Flipaassociation.com%2Fsr%2Fpaketi-usluga%2Fstandard%2F|title:saznaj%20vi%C5%A1e|&#8221; css=&#8221;.vc_custom_1516674665357{margin-bottom: 0px !important;}&#8221;]Lipa STANDARD\u00a0je srednji\u00a0paket usluga koji mo\u017eemo ponuditi \u010dlanovima \u00a0Lipa International Association -a. Paket Lipa Standard\u00a0obuhvata \u2026[\/stm_info_box][stm_spacing sm_spacing=&#8221;30px&#8221; xs_spacing=&#8221;30px&#8221;][\/vc_column_inner][vc_column_inner width=&#8221;1\/4&#8243;][stm_info_box style=&#8221;style_5&#8243; icon=&#8221;fa fa-chevron-right&#8221; title=&#8221;EXCLUSIVE&#8221; link=&#8221;url:http%3A%2F%2Flipaassociation.com%2Fsr%2Fpaketi-usluga%2Fexclusive%2F|title:saznaj%20vi%C5%A1e|&#8221; css=&#8221;.vc_custom_1516674691475{margin-bottom: 0px !important;}&#8221;]Lipa EXCLUSIVE\u00a0je vi\u0161i\u00a0paket usluga koji mo\u017eemo\u00a0ponuditi \u010dlanovima \u00a0Lipa International Association -a.\u00a0Paket Lipa Exclusive\u00a0obuhvata \u2026[\/stm_info_box][stm_spacing sm_spacing=&#8221;30px&#8221; xs_spacing=&#8221;30px&#8221;][\/vc_column_inner][vc_column_inner width=&#8221;1\/4&#8243;][stm_info_box style=&#8221;style_5&#8243; icon=&#8221;fa fa-chevron-right&#8221; title=&#8221;GOLD&#8221; link=&#8221;url:http%3A%2F%2Flipaassociation.com%2Fsr%2Fpaketi-usluga%2Fgold%2F|title:saznaj%20vi%C5%A1e|&#8221; css=&#8221;.vc_custom_1516674715952{margin-bottom: 0px !important;}&#8221;]Lipa GOLD je najvi\u0161i paket usluga koji mo\u017eemo\u00a0ponuditi \u010dlanovima Lipa International Association -a.\u00a0Paket Lipa Gold obuhvata slede\u0107e\u2026[\/stm_info_box][stm_spacing sm_spacing=&#8221;30px&#8221; xs_spacing=&#8221;30px&#8221;][\/vc_column_inner][\/vc_row_inner][\/vc_column][\/vc_row][vc_row full_width=&#8221;stretch_row&#8221; css=&#8221;.vc_custom_1473037680861{margin-top: 85px !important;margin-bottom: 0px !important;padding-top: 90px !important;padding-bottom: 59px !important;background-image: url(http:\/\/marko-knezevic.com\/wp-content\/uploads\/2015\/12\/Layer-8067_01.jpg?id=1651) !important;background-position: center !important;background-repeat: no-repeat !important;background-size: cover !important;}&#8221; el_class=&#8221;fixed_bg&#8221;][vc_column css=&#8221;.vc_custom_1472239267557{margin-top: -30px !important;margin-right: 30px !important;margin-left: 30px !important;}&#8221;][vc_custom_heading stripe_pos=&#8221;hide&#8221; text=&#8221;Na\u0161a Lipa svakodnevno raste.<br \/>\n<mark>Hvala Vam na poverenju.<\/mark>&#8221; font_container=&#8221;tag:h1|text_align:left|line_height:45px&#8221; use_theme_fonts=&#8221;yes&#8221; css=&#8221;.vc_custom_1499166575220{margin-top: -25px !important;margin-bottom: 67px !important;}&#8221;][vc_row_inner content_placement=&#8221;middle&#8221;][vc_column_inner width=&#8221;1\/6&#8243;][stm_info_box align_center=&#8221;yes&#8221; title=&#8221;1360 \u010dlanova dru\u0161tva&#8221; image=&#8221;1630&#8243; vc_image_size=&#8221;65&#215;65&#8243; css=&#8221;.vc_custom_1499166634401{background-color: rgba(255,255,255,0.2) !important;*background-color: rgb(255,255,255) !important;border-radius: 10px !important;}&#8221;][\/stm_info_box][\/vc_column_inner][vc_column_inner width=&#8221;1\/6&#8243; css=&#8221;.vc_custom_1472238558563{padding-right: 25px !important;padding-left: 25px !important;}&#8221;][stm_info_box align_center=&#8221;yes&#8221; icon=&#8221;stm-horse_13&#8243; title=&#8221;Preko 80 partnerskih firmi&#8221; css=&#8221;.vc_custom_1499166697503{background-color: rgba(255,255,255,0.26) !important;*background-color: rgb(255,255,255) !important;border-radius: 10px !important;}&#8221; image=&#8221;1632&#8243; vc_image_size=&#8221;65&#215;65&#8243;][\/stm_info_box][\/vc_column_inner][vc_column_inner width=&#8221;1\/6&#8243;][stm_info_box align_center=&#8221;yes&#8221; icon=&#8221;stm-horse_13&#8243; title=&#8221;Dostupni u 22 dr\u017eave Evrope&#8221; css=&#8221;.vc_custom_1499166757840{background-color: rgba(255,255,255,0.26) !important;*background-color: rgb(255,255,255) !important;border-radius: 10px !important;}&#8221; image=&#8221;1634&#8243; vc_image_size=&#8221;65&#215;65&#8243;][\/stm_info_box][\/vc_column_inner][vc_column_inner width=&#8221;1\/6&#8243;][stm_info_box align_center=&#8221;yes&#8221; icon=&#8221;stm-horse_13&#8243; title=&#8221;45% vi\u0161e \u010dlanova godi\u0161nje&#8221; image=&#8221;1633&#8243; vc_image_size=&#8221;65&#215;65&#8243; css=&#8221;.vc_custom_1516674766078{background-color: rgba(255,255,255,0.26) !important;*background-color: rgb(255,255,255) !important;border-radius: 10px !important;}&#8221;][\/stm_info_box][\/vc_column_inner][vc_column_inner width=&#8221;1\/6&#8243;][\/vc_column_inner][vc_column_inner width=&#8221;1\/6&#8243;][\/vc_column_inner][\/vc_row_inner][\/vc_column][\/vc_row][vc_row css=&#8221;.vc_custom_1461149980280{margin-bottom: 50px !important;}&#8221;][vc_column][stm_spacing sm_spacing=&#8221;30px&#8221; xs_spacing=&#8221;30px&#8221; lg_spacing=&#8221;30px&#8221; md_spacing=&#8221;30px&#8221;][vc_custom_heading text=&#8221;Iskustva \u010clanova&#8221; font_container=&#8221;tag:h1|text_align:center&#8221; use_theme_fonts=&#8221;yes&#8221; css=&#8221;.vc_custom_1481998773785{margin-bottom: 40px !important;}&#8221;][stm_testimonials_carousel style=&#8221;style_3&#8243; count=&#8221;4&#8243; per_row=&#8221;2&#8243; link=&#8221;url:http{ff029b9ed727a8cfab64ff35f0970f431e658f61ec42594ff25da87028f3ebdc}3A{ff029b9ed727a8cfab64ff35f0970f431e658f61ec42594ff25da87028f3ebdc}2F{ff029b9ed727a8cfab64ff35f0970f431e658f61ec42594ff25da87028f3ebdc}2Fconsulting.loc{ff029b9ed727a8cfab64ff35f0970f431e658f61ec42594ff25da87028f3ebdc}2Flayout-7{ff029b9ed727a8cfab64ff35f0970f431e658f61ec42594ff25da87028f3ebdc}2Ftestimonials-page{ff029b9ed727a8cfab64ff35f0970f431e658f61ec42594ff25da87028f3ebdc}2F||&#8221;][\/vc_column][\/vc_row][vc_row full_width=&#8221;stretch_row&#8221; css=&#8221;.vc_custom_1461156077642{padding-top: 66px !important;padding-bottom: 80px !important;background-color: #f2f2f2 !important;}&#8221;][vc_column][vc_custom_heading text=&#8221;Partneri Pri Osnivanju&#8221; font_container=&#8221;tag:h1|text_align:center&#8221; use_theme_fonts=&#8221;yes&#8221; css=&#8221;.vc_custom_1499166884603{margin-bottom: 39px !important;}&#8221;][stm_image_carousel grayscale=&#8221;yes&#8221; h_centered=&#8221;yes&#8221; img_size=&#8221;full&#8221; items=&#8221;5&#8243; items_small_desktop=&#8221;4&#8243; items_tablet=&#8221;3&#8243; images=&#8221;1714,1712,1744,1741,2760&#8243;][\/vc_column][\/vc_row][vc_row full_width=&#8221;stretch_row_content_no_spaces&#8221; css=&#8221;.vc_custom_1461169162147{margin-bottom: 0px !important;padding-top: 0px !important;padding-bottom: 0px !important;}&#8221;][vc_column][stm_gmap map_height=&#8221;734px&#8221; map_zoom=&#8221;3&#8243; disable_mouse_whell=&#8221;disable&#8221; marker=&#8221;1700&#8243;][stm_gmap_address title=&#8221;Francuska&#8221; address=&#8221;15, rue Lauth, 67000 Strazbur, Francuska&#8221; phone=&#8221;+33 3 88 65 06 40&#8243; email=&#8221;lipaassociation@outlook.com&#8221; lat=&#8221;48.593890&#8243; lng=&#8221;7.762693&#8243;][stm_gmap_address title=&#8221;Nema\u010dka&#8221; email=&#8221;lipaassociation@outlook.com&#8221; lat=&#8221;48.132237&#8243; lng=&#8221;11.593398&#8243;][stm_gmap_address title=&#8221;Srbija&#8221; address=&#8221;Hazarska, 11000 Beograd, Srbija&#8221; phone=&#8221;+381 64 022 14 51&#8243; email=&#8221;lipaassociation@outlook.com&#8221; lat=&#8221;44.780693&#8243; lng=&#8221;20.521340&#8243;][stm_gmap_address lat=&#8221;34.052234&#8243; lng=&#8221;-118.243685&#8243;][stm_gmap_address lat=&#8221;40.712784&#8243; lng=&#8221;-74.005941&#8243;][stm_gmap_address lat=&#8221;25.761680&#8243; lng=&#8221;-80.191790&#8243;][\/stm_gmap][\/vc_column][\/vc_row][vc_row full_width=&#8221;stretch_row&#8221; video_bg=&#8221;yes&#8221; video_bg_url=&#8221;https:\/\/www.youtube.com\/watch?v=gPgMltxn-N4&#8243; video_bg_parallax=&#8221;content-moving&#8221; css=&#8221;.vc_custom_1483063523235{margin-bottom: -60px !important;padding-top: 82px !important;padding-bottom: 125px !important;background-image: url(http:\/\/marko-knezevic.com\/wp-content\/uploads\/2015\/12\/pocnite-da-stedite.jpg?id=2181) !important;}&#8221; el_class=&#8221;overlay_2&#8243;][vc_column][vc_custom_heading text=&#8221;PO\u010cNITE DA \u0160TEDITE NOVAC !&#8221; font_container=&#8221;tag:h1|text_align:center|color:{ff029b9ed727a8cfab64ff35f0970f431e658f61ec42594ff25da87028f3ebdc}23ffffff&#8221; use_theme_fonts=&#8221;yes&#8221; css=&#8221;.vc_custom_1499167329292{margin-bottom: 40px !important;}&#8221;][vc_btn title=&#8221;POSTANITE NA\u0160 \u010cLAN&#8221; style=&#8221;flat&#8221; shape=&#8221;square&#8221; color=&#8221;theme_style_3&#8243; size=&#8221;lg&#8221; align=&#8221;center&#8221; i_align=&#8221;right&#8221; i_icon_fontawesome=&#8221;fa fa-chevron-right&#8221; add_icon=&#8221;true&#8221; link=&#8221;url:http{ff029b9ed727a8cfab64ff35f0970f431e658f61ec42594ff25da87028f3ebdc}3A{ff029b9ed727a8cfab64ff35f0970f431e658f61ec42594ff25da87028f3ebdc}2F{ff029b9ed727a8cfab64ff35f0970f431e658f61ec42594ff25da87028f3ebdc}2Fwww.lipaassociation.com{ff029b9ed727a8cfab64ff35f0970f431e658f61ec42594ff25da87028f3ebdc}2Fsr{ff029b9ed727a8cfab64ff35f0970f431e658f61ec42594ff25da87028f3ebdc}2Fzahtev-za-clanstvo{ff029b9ed727a8cfab64ff35f0970f431e658f61ec42594ff25da87028f3ebdc}2F||&#8221;][\/vc_column][\/vc_row]<\/p>\n","protected":false},"excerpt":{"rendered":"<p>[vc_row css=&#8221;.vc_custom_1461134371794{margin-bottom: 0px !important;}&#8221;][vc_column offset=&#8221;vc_hidden-xs&#8221;][stm_spacing lg_spacing=&#8221;112px&#8221; md_spacing=&#8221;112px&#8221; sm_spacing=&#8221;112px&#8221;][rev_slider_vc alias=&#8221;test&#8221;][\/vc_column][\/vc_row][vc_row full_width=&#8221;stretch_row&#8221; el_class=&#8221;third_bg_color&#8221;][vc_column][vc_cta h2=&#8221;Postanite \u010dlan Lipa Association &#8211; Association po\u0161aljite zahtev za \u010dlanstvo !&#8221; h2_font_container=&#8221;font_size:24px|color:{ff029b9ed727a8cfab64ff35f0970f431e658f61ec42594ff25da87028f3ebdc}23ffffff|line_height:24px&#8221; h2_use_theme_fonts=&#8221;yes&#8221; shape=&#8221;square&#8221; style=&#8221;flat&#8221; add_button=&#8221;right&#8221; btn_title=&#8221;ZAHTEV ZA \u010cLANSTVO&#8221; btn_style=&#8221;flat&#8221; btn_color=&#8221;theme_style_2&#8243; btn_align=&#8221;right&#8221; btn_i_align=&#8221;right&#8221; btn_i_icon_fontawesome=&#8221;fa fa-chevron-right&#8221; use_custom_fonts_h2=&#8221;true&#8221; btn_link=&#8221;url:http{ff029b9ed727a8cfab64ff35f0970f431e658f61ec42594ff25da87028f3ebdc}3A{ff029b9ed727a8cfab64ff35f0970f431e658f61ec42594ff25da87028f3ebdc}2F{ff029b9ed727a8cfab64ff35f0970f431e658f61ec42594ff25da87028f3ebdc}2Fwww.lipaassociation.com{ff029b9ed727a8cfab64ff35f0970f431e658f61ec42594ff25da87028f3ebdc}2Fsr{ff029b9ed727a8cfab64ff35f0970f431e658f61ec42594ff25da87028f3ebdc}2Fzahtev-za-clanstvo{ff029b9ed727a8cfab64ff35f0970f431e658f61ec42594ff25da87028f3ebdc}2F||&#8221; btn_add_icon=&#8221;true&#8221; el_class=&#8221;third_bg_color&#8221; btn_button_block=&#8221;true&#8221;][\/vc_cta][\/vc_column][\/vc_row][vc_row full_width=&#8221;stretch_row&#8221; css=&#8221;.vc_custom_1485789280784{padding-top: 70px !important;padding-bottom: 70px !important;background-color: #f2f2f2 !important;}&#8221;][vc_column width=&#8221;1\/2&#8243; offset=&#8221;vc_col-lg-4 vc_col-md-4&#8243;][stm_info_box style=&#8221;style_3&#8243; title_icon=&#8221;fa fa-male&#8221;<\/p>\n","protected":false},"author":1,"featured_media":0,"parent":0,"menu_order":0,"comment_status":"closed","ping_status":"closed","template":"","meta":[],"_links":{"self":[{"href":"http:\/\/lipaassociation.com\/sr\/wp-json\/wp\/v2\/pages\/2798"}],"collection":[{"href":"http:\/\/lipaassociation.com\/sr\/wp-json\/wp\/v2\/pages"}],"about":[{"href":"http:\/\/lipaassociation.com\/sr\/wp-json\/wp\/v2\/types\/page"}],"author":[{"embeddable":true,"href":"http:\/\/lipaassociation.com\/sr\/wp-json\/wp\/v2\/users\/1"}],"replies":[{"embeddable":true,"href":"http:\/\/lipaassociation.com\/sr\/wp-json\/wp\/v2\/comments?post=2798"}],"version-history":[{"count":17,"href":"http:\/\/lipaassociation.com\/sr\/wp-json\/wp\/v2\/pages\/2798\/revisions"}],"predecessor-version":[{"id":4123,"href":"http:\/\/lipaassociation.com\/sr\/wp-json\/wp\/v2\/pages\/2798\/revisions\/4123"}],"wp:attachment":[{"href":"http:\/\/lipaassociation.com\/sr\/wp-json\/wp\/v2\/media?parent=2798"}],"curies":[{"name":"wp","href":"https:\/\/api.w.org\/{rel}","templated":true}]}}