{"id":2853,"date":"2015-12-15T00:00:00","date_gmt":"2015-12-15T00:00:00","guid":{"rendered":"http:\/\/lipaassociation.com\/o-lipa-association-u\/"},"modified":"2017-07-16T20:28:55","modified_gmt":"2017-07-16T20:28:55","slug":"o-lipa-association-u","status":"publish","type":"page","link":"http:\/\/lipaassociation.com\/sr\/o-lipa-association-u\/","title":{"rendered":"O Lipa Association-u"},"content":{"rendered":"<p>[vc_row css=&#8221;.vc_custom_1451991003825{margin-bottom: 100px !important;}&#8221;][vc_column offset=&#8221;vc_col-lg-9 vc_col-md-9&#8243;]\n<div id=\"rev_slider_18_1_wrapper\" class=\"rev_slider_wrapper fullwidthbanner-container\" data-source=\"gallery\" style=\"margin:0px auto;background:transparent;padding:0px;margin-top:0px;margin-bottom:0px;\">\n<!-- START REVOLUTION SLIDER 5.4.5.1 auto mode -->\n\t<div id=\"rev_slider_18_1\" class=\"rev_slider fullwidthabanner\" style=\"display:none;\" data-version=\"5.4.5.1\">\n<ul>\t<!-- SLIDE  -->\n\t<li data-index=\"rs-37\" data-transition=\"slidehorizontal\" data-slotamount=\"default\" data-hideafterloop=\"0\" data-hideslideonmobile=\"off\"  data-easein=\"default\" data-easeout=\"default\" data-masterspeed=\"default\"  data-rotate=\"0\"  data-saveperformance=\"off\"  class=\"third_bg_color\" data-title=\"Slide\" data-param1=\"\" data-param2=\"\" data-param3=\"\" data-param4=\"\" data-param5=\"\" data-param6=\"\" data-param7=\"\" data-param8=\"\" data-param9=\"\" data-param10=\"\" data-description=\"\">\n\t\t<!-- MAIN IMAGE -->\n\t\t<img src=\"http:\/\/lipaassociation.com\/wp-content\/uploads\/2016\/08\/Lipa-slider-2.png\"  alt=\"\" title=\"Lipa slider 2\"  width=\"2019\" height=\"1200\" data-bgposition=\"center center\" data-bgfit=\"cover\" data-bgrepeat=\"no-repeat\" class=\"rev-slidebg\" data-no-retina>\n\t\t<!-- LAYERS -->\n\n\t\t<!-- LAYER NR. 1 -->\n\t\t<div class=\"tp-caption   tp-resizeme\" \n\t\t\t id=\"slide-37-layer-3\" \n\t\t\t data-x=\"49\" \n\t\t\t data-y=\"214\" \n\t\t\t\t\t\tdata-width=\"['473']\"\n\t\t\tdata-height=\"['108']\"\n \n\t\t\tdata-type=\"text\" \n\t\t\tdata-responsive_offset=\"on\" \n\n\t\t\tdata-frames='[{\"from\":\"y:[100{ff029b9ed727a8cfab64ff35f0970f431e658f61ec42594ff25da87028f3ebdc}];z:0;rX:0deg;rY:0;rZ:0;sX:1;sY:1;skX:0;skY:0;opacity:0;\",\"mask\":\"x:0px;y:[100{ff029b9ed727a8cfab64ff35f0970f431e658f61ec42594ff25da87028f3ebdc}];\",\"speed\":2000,\"to\":\"o:1;\",\"delay\":500,\"ease\":\"Power2.easeInOut\"},{\"delay\":\"wait\",\"speed\":300,\"to\":\"opacity:0;\",\"ease\":\"nothing\"}]'\n\t\t\tdata-textAlign=\"['left','left','left','left']\"\n\t\t\tdata-paddingtop=\"[0,0,0,0]\"\n\t\t\tdata-paddingright=\"[0,0,0,0]\"\n\t\t\tdata-paddingbottom=\"[0,0,0,0]\"\n\t\t\tdata-paddingleft=\"[0,0,0,0]\"\n\n\t\t\tstyle=\"z-index: 5; min-width: 473px; max-width: 473px; max-width: 108px; max-width: 108px; white-space: normal; font-size: 22px; line-height: 24px; font-weight: 400; color: rgba(51,51,51,1);\">Mi smo tu da brinemo o Va\u0161em bud\u017eetu.<br>\nUvek sa Vama i uz Vas! <\/div>\n\n\t\t<!-- LAYER NR. 2 -->\n\t\t<div class=\"tp-caption   tp-resizeme\" \n\t\t\t id=\"slide-37-layer-6\" \n\t\t\t data-x=\"47\" \n\t\t\t data-y=\"145\" \n\t\t\t\t\t\tdata-width=\"['481']\"\n\t\t\tdata-height=\"['auto']\"\n \n\t\t\tdata-type=\"text\" \n\t\t\tdata-responsive_offset=\"on\" \n\n\t\t\tdata-frames='[{\"from\":\"y:[100{ff029b9ed727a8cfab64ff35f0970f431e658f61ec42594ff25da87028f3ebdc}];z:0;rX:0deg;rY:0;rZ:0;sX:1;sY:1;skX:0;skY:0;opacity:0;\",\"mask\":\"x:0px;y:[100{ff029b9ed727a8cfab64ff35f0970f431e658f61ec42594ff25da87028f3ebdc}];\",\"speed\":2000,\"to\":\"o:1;\",\"delay\":500,\"ease\":\"Power2.easeInOut\"},{\"delay\":\"wait\",\"speed\":300,\"to\":\"opacity:0;\",\"ease\":\"nothing\"}]'\n\t\t\tdata-textAlign=\"['left','left','left','left']\"\n\t\t\tdata-paddingtop=\"[0,0,0,0]\"\n\t\t\tdata-paddingright=\"[0,0,0,0]\"\n\t\t\tdata-paddingbottom=\"[0,0,0,0]\"\n\t\t\tdata-paddingleft=\"[0,0,0,0]\"\n\n\t\t\tstyle=\"z-index: 6; min-width: 481px; max-width: 481px; white-space: normal; font-size: 40px; line-height: 45px; font-weight: 500; color: rgba(28,175,50,1);\">Lipa Association <\/div>\n\t<\/li>\n<\/ul>\n<div class=\"tp-bannertimer tp-bottom\" style=\"visibility: hidden !important;\"><\/div>\t<\/div>\n<script>var htmlDiv = document.getElementById(\"rs-plugin-settings-inline-css\"); var htmlDivCss=\"\";\r\n\t\t\t\tif(htmlDiv) {\r\n\t\t\t\t\thtmlDiv.innerHTML = htmlDiv.innerHTML + htmlDivCss;\r\n\t\t\t\t}else{\r\n\t\t\t\t\tvar htmlDiv = document.createElement(\"div\");\r\n\t\t\t\t\thtmlDiv.innerHTML = \"<style>\" + htmlDivCss + \"<\/style>\";\r\n\t\t\t\t\tdocument.getElementsByTagName(\"head\")[0].appendChild(htmlDiv.childNodes[0]);\r\n\t\t\t\t}\r\n\t\t\t<\/script>\n\t\t<script type=\"text\/javascript\">\r\nsetREVStartSize({c: jQuery('#rev_slider_18_1'), gridwidth: [825], gridheight: [407], sliderLayout: 'auto'});\r\n\t\t\t\r\nvar revapi18,\r\n\ttpj=jQuery;\r\n\t\t\t\r\ntpj(document).ready(function() {\n\tif(tpj(\"#rev_slider_18_1\").revolution == undefined){\n\t\trevslider_showDoubleJqueryError(\"#rev_slider_18_1\");\n\t}else{\n\t\trevapi18 = tpj(\"#rev_slider_18_1\").show().revolution({\n\t\t\tsliderType:\"carousel\",\n\t\t\tjsFileLocation:\"\/\/lipaassociation.com\/wp-content\/plugins\/revslider\/public\/assets\/js\/\",\n\t\t\tsliderLayout:\"auto\",\n\t\t\tdottedOverlay:\"none\",\n\t\t\tdelay:9000,\n\t\t\tnavigation: {\n\t\t\t\tonHoverStop:\"off\",\n\t\t\t},\n\t\t\tcarousel: {\n\t\t\t\thorizontal_align: \"center\",\n\t\t\t\tvertical_align: \"center\",\n\t\t\t\tfadeout: \"on\",\n\t\t\t\tvary_fade: \"off\",\n\t\t\t\tmaxVisibleItems: 3,\n\t\t\t\tinfinity: \"off\",\n\t\t\t\tspace: 0,\n\t\t\t\tstretch: \"off\",\n \t\t\t\t\t\t\tshowLayersAllTime: \"off\",\n \t\t\t\t\t\t\teasing: \"Power3.easeInOut\",\n \t\t\t\t\t\t\tspeed: \"800\"\n\t\t\t},\n\t\t\tvisibilityLevels:[1240,1024,778,480],\n\t\t\tgridwidth:825,\n\t\t\tgridheight:407,\n\t\t\tlazyType:\"none\",\n\t\t\tshadow:0,\n\t\t\tspinner:\"spinner0\",\n\t\t\tstopLoop:\"off\",\n\t\t\tstopAfterLoops:-1,\n\t\t\tstopAtSlide:-1,\n\t\t\tshuffle:\"off\",\n\t\t\tautoHeight:\"off\",\n\t\t\tdisableProgressBar:\"on\",\n\t\t\thideThumbsOnMobile:\"off\",\n\t\t\thideSliderAtLimit:0,\n\t\t\thideCaptionAtLimit:0,\n\t\t\thideAllCaptionAtLilmit:0,\n\t\t\tdebugMode:false,\n\t\t\tfallbacks: {\n\t\t\t\tsimplifyAll:\"off\",\n\t\t\t\tnextSlideOnWindowFocus:\"off\",\n\t\t\t\tdisableFocusListener:false,\n\t\t\t}\n\t\t});\n\t}\n\t\n});\t\/*ready*\/\n<\/script>\r\n\t\t<\/div><!-- END REVOLUTION SLIDER -->[vc_column_text css=&#8221;.vc_custom_1489437483730{margin-top: 40px !important;}&#8221;]<\/p>\n<h3>O Lipa Association-u<\/h3>\n<p>Ekonomska kriza u svim dr\u017eavama sveta i pad prihoda u skoro svim klasama na\u0161eg dru\u0161tva u proteklih 10 godina dovele su do situacije da narod ima sve manje sredstava za pogrebne usluge koje sve skuplje ko\u0161taju.<\/p>\n<p>Udru\u017eenje LIPA osnovano je zahvaljuju\u0107i podr\u0161ci velikog broja partnera &#8211; privrednih dru\u0161tava i institucija iz razli\u010dih oblasti poslovanja kao \u0161to je penzijsko i socijalno osiguranje, pogrebni fondovi i osiguranja, pogrebna preduze\u0107a \u0161irom Evrope i Balkana i \u00a0razli\u010ditih verskih institucija.<\/p>\n<p>Svi smo svesni \u010dinjenice da pogrebne usluge u dana\u0161nje vreme jako puno ko\u0161taju i da umesto u trenucima najve\u0107e \u017ealosti budemo fokusirani na to kako da se nosimo sa gubitkom drage osobe, mi treba da razmi\u0161ljamo o svoti novca koja je potrebna, a koju je u dana\u0161nje vreme te\u0161ko izdvojiti. Zato je udru\u017eenje LIPA osnovano da u va\u0161im najte\u017eim trenucima ne brinete o novcu i pla\u0107anju pogrebnih usluga. Cilj udru\u017eenja je da \u0161to vi\u0161e ljudi iz svih slojeva dru\u0161tva mogu sebi da priu\u0161te kvalitetne, a pristupa\u010dne pogrebne usluge.<\/p>\n<p>Poslovanje se zasniva po slede\u0107em principu:<\/p>\n<ul>\n<li><span style=\"font-size: 12pt;\">jednim delom kao <strong>pogrebni fond<\/strong> (subvencije, donacije, raznorazne dr\u017eavne i privatne pomo\u0107i, \u010dlanarine itd), a<\/span><\/li>\n<li><span style=\"font-size: 12pt;\">drugim, ve\u0107im delom po principu <strong>grupnog osiguranja<\/strong>, koje omogu\u0107ava i do 12 puta ni\u017eu cenu nego samostalna polisa osiguranja.<\/span><\/li>\n<\/ul>\n<p>Udru\u017eenje LIPA je pogrebna garancija koja je tu da za\u0161titi i stane uz svoje \u010dlanove pre i posle sahrane, da ih zastupa, savetuje i pru\u017ei pomo\u0107 u svim aspektima \u2013 finansijskim, psihi\u010dkim, administrativnim[\/vc_column_text][vc_column_text css=&#8221;.vc_custom_1473117457719{margin-bottom: 34px !important;}&#8221;]<\/p>\n<blockquote><p>Postanite \u010dlan udru\u017eenja i osigurajte za sebe i va\u0161e najbli\u017ee pogrebnu garanciju. Mi smo uvek\u00a0sa Vama i uz Vas.<\/p><\/blockquote>\n<p>[\/vc_column_text][\/vc_column][vc_column width=&#8221;1\/4&#8243; offset=&#8221;vc_hidden-sm vc_hidden-xs&#8221;][vc_wp_custommenu nav_menu=&#8221;65&#8243;][stm_sidebar sidebar=&#8221;2963&#8243;][\/vc_column][\/vc_row][vc_row full_width=&#8221;stretch_row&#8221; css=&#8221;.vc_custom_1459505959648{margin-bottom: -60px !important;}&#8221; el_class=&#8221;third_bg_color&#8221;][vc_column][vc_cta h2=&#8221;Postanite nas \u010dlan &#8211; po\u0161aljite zahtev za \u010dlanstvo!&#8221; h2_font_container=&#8221;font_size:20px|color:{ff029b9ed727a8cfab64ff35f0970f431e658f61ec42594ff25da87028f3ebdc}23ffffff|line_height:24px&#8221; h2_use_theme_fonts=&#8221;yes&#8221; shape=&#8221;square&#8221; style=&#8221;flat&#8221; add_button=&#8221;right&#8221; btn_title=&#8221;po\u0161alji zahtev&#8221; btn_style=&#8221;flat&#8221; btn_color=&#8221;theme_style_2&#8243; btn_align=&#8221;right&#8221; btn_i_align=&#8221;right&#8221; btn_i_icon_fontawesome=&#8221;fa fa-chevron-right&#8221; use_custom_fonts_h2=&#8221;true&#8221; btn_link=&#8221;url:http{ff029b9ed727a8cfab64ff35f0970f431e658f61ec42594ff25da87028f3ebdc}3A{ff029b9ed727a8cfab64ff35f0970f431e658f61ec42594ff25da87028f3ebdc}2F{ff029b9ed727a8cfab64ff35f0970f431e658f61ec42594ff25da87028f3ebdc}2Fwww.lipaassociation.com{ff029b9ed727a8cfab64ff35f0970f431e658f61ec42594ff25da87028f3ebdc}2Fzahtev-za-clanstvo{ff029b9ed727a8cfab64ff35f0970f431e658f61ec42594ff25da87028f3ebdc}2F{ff029b9ed727a8cfab64ff35f0970f431e658f61ec42594ff25da87028f3ebdc}3Flang{ff029b9ed727a8cfab64ff35f0970f431e658f61ec42594ff25da87028f3ebdc}3Dsr||&#8221; btn_add_icon=&#8221;true&#8221; el_class=&#8221;third_bg_color&#8221; css=&#8221;.vc_custom_1499249469810{margin-bottom: 0px !important;}&#8221; btn_button_block=&#8221;true&#8221;][\/vc_cta][\/vc_column][\/vc_row]<\/p>\n","protected":false},"excerpt":{"rendered":"<p>[vc_row css=&#8221;.vc_custom_1451991003825{margin-bottom: 100px !important;}&#8221;][vc_column offset=&#8221;vc_col-lg-9 vc_col-md-9&#8243;][vc_column_text css=&#8221;.vc_custom_1489437483730{margin-top: 40px !important;}&#8221;] O Lipa Association-u Ekonomska kriza u svim dr\u017eavama sveta i pad prihoda u skoro svim klasama na\u0161eg dru\u0161tva u proteklih 10 godina dovele su do situacije da narod ima sve manje sredstava za pogrebne usluge koje sve skuplje ko\u0161taju. Udru\u017eenje LIPA osnovano je zahvaljuju\u0107i podr\u0161ci velikog<\/p>\n","protected":false},"author":1,"featured_media":0,"parent":0,"menu_order":0,"comment_status":"closed","ping_status":"closed","template":"","meta":[],"_links":{"self":[{"href":"http:\/\/lipaassociation.com\/sr\/wp-json\/wp\/v2\/pages\/2853"}],"collection":[{"href":"http:\/\/lipaassociation.com\/sr\/wp-json\/wp\/v2\/pages"}],"about":[{"href":"http:\/\/lipaassociation.com\/sr\/wp-json\/wp\/v2\/types\/page"}],"author":[{"embeddable":true,"href":"http:\/\/lipaassociation.com\/sr\/wp-json\/wp\/v2\/users\/1"}],"replies":[{"embeddable":true,"href":"http:\/\/lipaassociation.com\/sr\/wp-json\/wp\/v2\/comments?post=2853"}],"version-history":[{"count":6,"href":"http:\/\/lipaassociation.com\/sr\/wp-json\/wp\/v2\/pages\/2853\/revisions"}],"predecessor-version":[{"id":3819,"href":"http:\/\/lipaassociation.com\/sr\/wp-json\/wp\/v2\/pages\/2853\/revisions\/3819"}],"wp:attachment":[{"href":"http:\/\/lipaassociation.com\/sr\/wp-json\/wp\/v2\/media?parent=2853"}],"curies":[{"name":"wp","href":"https:\/\/api.w.org\/{rel}","templated":true}]}}