{"id":2919,"date":"2016-12-29T00:00:00","date_gmt":"2016-12-29T00:00:00","guid":{"rendered":"http:\/\/lipaassociation.com\/zahtev-za-clanstvo\/"},"modified":"2018-01-23T03:10:54","modified_gmt":"2018-01-23T03:10:54","slug":"zahtev-za-clanstvo","status":"publish","type":"page","link":"http:\/\/lipaassociation.com\/sr\/zahtev-za-clanstvo\/","title":{"rendered":"Zahtev za \u010dlanstvo"},"content":{"rendered":"<p>[vc_row css=&#8221;.vc_custom_1473037068423{padding-top: 10px !important;padding-bottom: 50px !important;}&#8221;][vc_column][stm_spacing sm_spacing=&#8221;30px&#8221; xs_spacing=&#8221;30px&#8221; lg_spacing=&#8221;30px&#8221; md_spacing=&#8221;30px&#8221;][vc_custom_heading text=&#8221;Zahtev Za \u010clanstvo&#8221; font_container=&#8221;tag:h2|text_align:center&#8221; use_theme_fonts=&#8221;yes&#8221; subtitle=&#8221;Odaberite \u017eeljeni zahtev za \u010dlanstvo. LOKAL za Lokal Ex-Yu i Lokal Zapad ili ME\u0110UNARODNI za Evropa I, Evropa II i Evropa III.&#8221;][stm_spacing sm_spacing=&#8221;30px&#8221; xs_spacing=&#8221;30px&#8221; lg_spacing=&#8221;30px&#8221; md_spacing=&#8221;30px&#8221;][vc_row_inner][vc_column_inner width=&#8221;1\/2&#8243;][stm_info_box style=&#8221;style_5&#8243; icon=&#8221;fa fa-chevron-right&#8221; title=&#8221;LOKAL&#8221; link=&#8221;url:http%3A%2F%2Fwww.lipaassociation.com%2Fwp-content%2Fuploads%2F2017%2F07%2FFORMULAR-U%C4%8CLANJENJA-L-RS.pdf|title:preuzmi%20formular|&#8221; css=&#8221;.vc_custom_1516676923932{margin-bottom: 0px !important;}&#8221;]Po\u0161aljite\u00a0online zahtev za \u010dlanstvo u Lipa Association-u na bazi lokala. Ovaj zahtev\u00a0se odnosi na budu\u0107e \u010dlanove za Lokal EX-YU i Lokal ZAPAD.[\/stm_info_box][stm_spacing sm_spacing=&#8221;30px&#8221; xs_spacing=&#8221;30px&#8221;][\/vc_column_inner][vc_column_inner width=&#8221;1\/2&#8243;][stm_info_box style=&#8221;style_5&#8243; icon=&#8221;fa fa-chevron-right&#8221; title=&#8221;ME\u0110UNARODNI&#8221; link=&#8221;url:http%3A%2F%2Fwww.lipaassociation.com%2Fwp-content%2Fuploads%2F2017%2F07%2FFORMULAR-U%C4%8CLANJENJA-RS.pdf|title:preuzmi%20formular|&#8221; css=&#8221;.vc_custom_1516677045344{margin-bottom: 0px !important;}&#8221;]Po\u0161aljite\u00a0online zahtev za \u010dlanstvo u Lipa Association-u na bazi me\u0111unarodne \u010dlanarine. Ovaj zahtev\u00a0se odnosi na budu\u0107e \u010dlanove za Evropa I, Evropa II i Evropa III.[\/stm_info_box][\/vc_column_inner][\/vc_row_inner][\/vc_column][\/vc_row]<\/p>\n","protected":false},"excerpt":{"rendered":"<p>[vc_row css=&#8221;.vc_custom_1473037068423{padding-top: 10px !important;padding-bottom: 50px !important;}&#8221;][vc_column][stm_spacing sm_spacing=&#8221;30px&#8221; xs_spacing=&#8221;30px&#8221; lg_spacing=&#8221;30px&#8221; md_spacing=&#8221;30px&#8221;][vc_custom_heading text=&#8221;Zahtev Za \u010clanstvo&#8221; font_container=&#8221;tag:h2|text_align:center&#8221; use_theme_fonts=&#8221;yes&#8221; subtitle=&#8221;Odaberite \u017eeljeni zahtev za \u010dlanstvo. LOKAL za Lokal Ex-Yu i Lokal Zapad ili ME\u0110UNARODNI za Evropa I, Evropa II i Evropa III.&#8221;][stm_spacing sm_spacing=&#8221;30px&#8221; xs_spacing=&#8221;30px&#8221; lg_spacing=&#8221;30px&#8221; md_spacing=&#8221;30px&#8221;][vc_row_inner][vc_column_inner width=&#8221;1\/2&#8243;][stm_info_box style=&#8221;style_5&#8243; icon=&#8221;fa fa-chevron-right&#8221; title=&#8221;LOKAL&#8221; link=&#8221;url:http%3A%2F%2Fwww.lipaassociation.com%2Fwp-content%2Fuploads%2F2017%2F07%2FFORMULAR-U%C4%8CLANJENJA-L-RS.pdf|title:preuzmi%20formular|&#8221; css=&#8221;.vc_custom_1516676923932{margin-bottom: 0px !important;}&#8221;]Po\u0161aljite\u00a0online zahtev za \u010dlanstvo u Lipa<\/p>\n","protected":false},"author":1,"featured_media":0,"parent":0,"menu_order":0,"comment_status":"closed","ping_status":"closed","template":"","meta":[],"_links":{"self":[{"href":"http:\/\/lipaassociation.com\/sr\/wp-json\/wp\/v2\/pages\/2919"}],"collection":[{"href":"http:\/\/lipaassociation.com\/sr\/wp-json\/wp\/v2\/pages"}],"about":[{"href":"http:\/\/lipaassociation.com\/sr\/wp-json\/wp\/v2\/types\/page"}],"author":[{"embeddable":true,"href":"http:\/\/lipaassociation.com\/sr\/wp-json\/wp\/v2\/users\/1"}],"replies":[{"embeddable":true,"href":"http:\/\/lipaassociation.com\/sr\/wp-json\/wp\/v2\/comments?post=2919"}],"version-history":[{"count":4,"href":"http:\/\/lipaassociation.com\/sr\/wp-json\/wp\/v2\/pages\/2919\/revisions"}],"predecessor-version":[{"id":4130,"href":"http:\/\/lipaassociation.com\/sr\/wp-json\/wp\/v2\/pages\/2919\/revisions\/4130"}],"wp:attachment":[{"href":"http:\/\/lipaassociation.com\/sr\/wp-json\/wp\/v2\/media?parent=2919"}],"curies":[{"name":"wp","href":"https:\/\/api.w.org\/{rel}","templated":true}]}}