{"id":2951,"date":"2015-12-15T07:37:48","date_gmt":"2015-12-15T07:37:48","guid":{"rendered":"http:\/\/lipaassociation.com\/kontakt\/"},"modified":"2017-08-07T21:30:22","modified_gmt":"2017-08-07T21:30:22","slug":"kontakt","status":"publish","type":"page","link":"http:\/\/lipaassociation.com\/sr\/kontakt\/","title":{"rendered":"Kontakt"},"content":{"rendered":"<p>[vc_row css=&#8221;.vc_custom_1459507872760{margin-bottom: 101px !important;}&#8221;][vc_column][vc_tta_tabs shape=&#8221;square&#8221; spacing=&#8221;&#8221; active_section=&#8221;1&#8243; el_class=&#8221;theme_style&#8221; no_fill_content_area=&#8221;true&#8221;][vc_tta_section title=&#8221;Francuska&#8221; tab_id=&#8221;1452257567229-e5f623b2-41c0&#8243;][vc_row_inner css=&#8221;.vc_custom_1452504967583{margin-bottom: 33px !important;}&#8221;][vc_column_inner width=&#8221;1\/3&#8243;][vc_single_image image=&#8221;2428&#8243; img_size=&#8221;full&#8221;][\/vc_column_inner][vc_column_inner width=&#8221;1\/3&#8243;][vc_gmaps link=&#8221;#E-8_JTNDaWZyYW1lJTIwc3JjJTNEJTIyaHR0cHMlM0ElMkYlMkZ3d3cuZ29vZ2xlLmNvbSUyRm1hcHMlMkZlbWJlZCUzRnBiJTNEJTIxMW0xNCUyMTFtOCUyMTFtMyUyMTFkNTI3Ny41ODk1NDEzMTE0OTklMjEyZDcuNzYxMzUyMDczODAzNzg3NiUyMTNkNDguNTk0NjI4MzEyNDIxNzI2JTIxM20yJTIxMWkxMDI0JTIxMmk3NjglMjE0ZjEzLjElMjEzbTMlMjExbTIlMjExczB4NDc5NmM4ZjVmODEyMjY2YiUyNTNBMHhkY2M3ZDI1MjE3N2FiYmM3JTIxMnNMaXBhJTJCQXNzb2NpYXRpb24lMjE1ZTAlMjEzbTIlMjExc2VuJTIxMnNycyUyMTR2MTUwMDY1MTk1MjQ1NSUyMiUyMHdpZHRoJTNEJTIyNjAwJTIyJTIwaGVpZ2h0JTNEJTIyNDUwJTIyJTIwZnJhbWVib3JkZXIlM0QlMjIwJTIyJTIwc3R5bGUlM0QlMjJib3JkZXIlM0EwJTIyJTIwYWxsb3dmdWxsc2NyZWVuJTNFJTNDJTJGaWZyYW1lJTNF&#8221; size=&#8221;330px&#8221;][\/vc_column_inner][vc_column_inner width=&#8221;1\/3&#8243;][stm_contacts_widget class=&#8221;overlay_3&#8243; title=&#8221;kontakt detalji&#8221; address=&#8221;15, rue Lauth,<br \/>\n67000 Strasbourg, France&#8221; phone=&#8221; + 33 6 63 97 02 81&#8243; email=&#8221;lipaassociation@outlook.com&#8221; css=&#8221;.vc_custom_1502141119103{padding-top: 46px !important;padding-right: 50px !important;padding-bottom: 46px !important;padding-left: 50px !important;background-image: url(http:\/\/lipaassociation.com\/wp-content\/uploads\/2016\/05\/placeholder-2.gif?id=493) !important;}&#8221; facebook=&#8221;https:\/\/www.facebook.com\/lipaassociation\/&#8221; google_plus=&#8221;https:\/\/business.google.com\/b\/109194505922894315374\/dashboard\/l\/14333859382788233855?hl=en-GB&#8221;][\/vc_column_inner][\/vc_row_inner][vc_row_inner][vc_column_inner][vc_custom_heading text=&#8221;Po\u0161alji poruku&#8221; font_container=&#8221;tag:h4|text_align:left&#8221; use_theme_fonts=&#8221;yes&#8221; css=&#8221;.vc_custom_1485866965049{margin-bottom: 30px !important;}&#8221;]<div role=\"form\" class=\"wpcf7\" id=\"wpcf7-f508-o1\" lang=\"en-US\" dir=\"ltr\">\n<div class=\"screen-reader-response\"><\/div>\n<form action=\"\/sr\/wp-json\/wp\/v2\/pages\/2951#wpcf7-f508-o1\" method=\"post\" class=\"wpcf7-form\" novalidate=\"novalidate\">\n<div style=\"display: none;\">\n<input type=\"hidden\" name=\"_wpcf7\" value=\"508\" \/>\n<input type=\"hidden\" name=\"_wpcf7_version\" value=\"4.8\" \/>\n<input type=\"hidden\" name=\"_wpcf7_locale\" value=\"en_US\" \/>\n<input type=\"hidden\" name=\"_wpcf7_unit_tag\" value=\"wpcf7-f508-o1\" \/>\n<input type=\"hidden\" name=\"_wpcf7_container_post\" value=\"0\" \/>\n<input type=\"hidden\" name=\"_wpcf7_nonce\" value=\"e2e2c0de88\" \/>\n<\/div>\n<div class=\"request_callback\">\n<div class=\"row\">\n<div class=\"col-lg-6 col-md-6 col-sm-6 col-xs-12\">\n<div class=\"input-group\">\n                <span class=\"wpcf7-form-control-wrap name-123\"><input type=\"text\" name=\"name-123\" value=\"\" size=\"40\" class=\"wpcf7-form-control wpcf7-text wpcf7-validates-as-required\" aria-required=\"true\" aria-invalid=\"false\" placeholder=\"Ime i prezime *\" \/><\/span>\n            <\/div>\n<div class=\"input-group\">\n                <span class=\"wpcf7-form-control-wrap email\"><input type=\"email\" name=\"email\" value=\"\" size=\"40\" class=\"wpcf7-form-control wpcf7-text wpcf7-email wpcf7-validates-as-required wpcf7-validates-as-email\" aria-required=\"true\" aria-invalid=\"false\" placeholder=\"E-mail *\" \/><\/span>\n            <\/div>\n<div class=\"input-group\">\n                <span class=\"wpcf7-form-control-wrap phone\"><input type=\"tel\" name=\"phone\" value=\"\" size=\"40\" class=\"wpcf7-form-control wpcf7-text wpcf7-tel wpcf7-validates-as-required wpcf7-validates-as-tel\" aria-required=\"true\" aria-invalid=\"false\" placeholder=\"Telefon\" \/><\/span>\n            <\/div><\/div>\n<div class=\"col-lg-6 col-md-6 col-sm-6 col-xs-12\">\n<div class=\"input-group\">\n                <span class=\"wpcf7-form-control-wrap message\"><textarea name=\"message\" cols=\"40\" rows=\"10\" class=\"wpcf7-form-control wpcf7-textarea wpcf7-validates-as-required\" aria-required=\"true\" aria-invalid=\"false\" placeholder=\"Va\u00c5\u00a1a poruka *\"><\/textarea><\/span>\n            <\/div>\n<div class=\"input-group\">\n                <button type=\"submit\" class=\"button size-lg icon_right\">po\u00c5\u00a1alji <i class=\"fa fa-chevron-right\"><\/i><\/button>\n            <\/div><\/div><\/div>\n<\/div>\n<div class=\"wpcf7-response-output wpcf7-display-none\"><\/div><\/form><\/div>[\/vc_column_inner][\/vc_row_inner][\/vc_tta_section][vc_tta_section title=&#8221;Srbija&#8221; tab_id=&#8221;1485867046855-c3149204-370e&#8221;][vc_row_inner css=&#8221;.vc_custom_1452504967583{margin-bottom: 33px !important;}&#8221;][vc_column_inner width=&#8221;1\/3&#8243;][vc_single_image image=&#8221;2432&#8243; img_size=&#8221;full&#8221;][\/vc_column_inner][vc_column_inner width=&#8221;1\/3&#8243;][vc_gmaps link=&#8221;#E-8_JTNDaWZyYW1lJTIwc3JjJTNEJTIyaHR0cHMlM0ElMkYlMkZ3d3cuZ29vZ2xlLmNvbSUyRm1hcHMlMkZlbWJlZCUzRnBiJTNEJTIxMW0xOCUyMTFtMTIlMjExbTMlMjExZDU2NjQuMDEwMDMwOTY4MjUzJTIxMmQyMC41MjA2NDAzMzAwMzc3MDQlMjEzZDQ0Ljc4MDcwMzA4Nzc2NTg1JTIxMm0zJTIxMWYwJTIxMmYwJTIxM2YwJTIxM20yJTIxMWkxMDI0JTIxMmk3NjglMjE0ZjEzLjElMjEzbTMlMjExbTIlMjExczB4NDc1YTcwYmNmZjI0MzMxOSUyNTNBMHhlMzQxODgwMjg3YzI4N2QxJTIxMnowS1hRc05DMzBMRFJnTkdCMExyUXNDd2cwSkhRdGRDLTBMUFJnTkN3MExRJTIxNWUwJTIxM20yJTIxMXNzciUyMTJzcnMlMjE0djE0ODU4NjgyMzQ2NjMlMjIlMjB3aWR0aCUzRCUyMjYwMCUyMiUyMGhlaWdodCUzRCUyMjQ1MCUyMiUyMGZyYW1lYm9yZGVyJTNEJTIyMCUyMiUyMHN0eWxlJTNEJTIyYm9yZGVyJTNBMCUyMiUyMGFsbG93ZnVsbHNjcmVlbiUzRSUzQyUyRmlmcmFtZSUzRQ==&#8221; size=&#8221;330px&#8221;][\/vc_column_inner][vc_column_inner width=&#8221;1\/3&#8243;][stm_contacts_widget class=&#8221;overlay_3&#8243; title=&#8221;kontakt detalji&#8221; address=&#8221;Hazarska, 11000 Beograd,<br \/>\nRepublika Srbija&#8221; phone=&#8221;+ 381 64 022 14 51&#8243; email=&#8221;lipaassociation@outlook.com&#8221; css=&#8221;.vc_custom_1500242976206{padding-top: 46px !important;padding-right: 50px !important;padding-bottom: 46px !important;padding-left: 50px !important;background-image: url(http:\/\/lipaassociation.com\/wp-content\/uploads\/2016\/05\/placeholder-2.gif?id=493) !important;}&#8221; facebook=&#8221;https:\/\/www.facebook.com\/lipaassociation\/&#8221; google_plus=&#8221;https:\/\/business.google.com\/b\/109194505922894315374\/dashboard\/l\/14333859382788233855?hl=en-GB&#8221;][\/vc_column_inner][\/vc_row_inner][vc_row_inner][vc_column_inner][vc_custom_heading text=&#8221;Po\u0161alji poruku&#8221; font_container=&#8221;tag:h4|text_align:left&#8221; use_theme_fonts=&#8221;yes&#8221; css=&#8221;.vc_custom_1485866965049{margin-bottom: 30px !important;}&#8221;]<div role=\"form\" class=\"wpcf7\" id=\"wpcf7-f508-o2\" lang=\"en-US\" dir=\"ltr\">\n<div class=\"screen-reader-response\"><\/div>\n<form action=\"\/sr\/wp-json\/wp\/v2\/pages\/2951#wpcf7-f508-o2\" method=\"post\" class=\"wpcf7-form\" novalidate=\"novalidate\">\n<div style=\"display: none;\">\n<input type=\"hidden\" name=\"_wpcf7\" value=\"508\" \/>\n<input type=\"hidden\" name=\"_wpcf7_version\" value=\"4.8\" \/>\n<input type=\"hidden\" name=\"_wpcf7_locale\" value=\"en_US\" \/>\n<input type=\"hidden\" name=\"_wpcf7_unit_tag\" value=\"wpcf7-f508-o2\" \/>\n<input type=\"hidden\" name=\"_wpcf7_container_post\" value=\"0\" \/>\n<input type=\"hidden\" name=\"_wpcf7_nonce\" value=\"e2e2c0de88\" \/>\n<\/div>\n<div class=\"request_callback\">\n<div class=\"row\">\n<div class=\"col-lg-6 col-md-6 col-sm-6 col-xs-12\">\n<div class=\"input-group\">\n                <span class=\"wpcf7-form-control-wrap name-123\"><input type=\"text\" name=\"name-123\" value=\"\" size=\"40\" class=\"wpcf7-form-control wpcf7-text wpcf7-validates-as-required\" aria-required=\"true\" aria-invalid=\"false\" placeholder=\"Ime i prezime *\" \/><\/span>\n            <\/div>\n<div class=\"input-group\">\n                <span class=\"wpcf7-form-control-wrap email\"><input type=\"email\" name=\"email\" value=\"\" size=\"40\" class=\"wpcf7-form-control wpcf7-text wpcf7-email wpcf7-validates-as-required wpcf7-validates-as-email\" aria-required=\"true\" aria-invalid=\"false\" placeholder=\"E-mail *\" \/><\/span>\n            <\/div>\n<div class=\"input-group\">\n                <span class=\"wpcf7-form-control-wrap phone\"><input type=\"tel\" name=\"phone\" value=\"\" size=\"40\" class=\"wpcf7-form-control wpcf7-text wpcf7-tel wpcf7-validates-as-required wpcf7-validates-as-tel\" aria-required=\"true\" aria-invalid=\"false\" placeholder=\"Telefon\" \/><\/span>\n            <\/div><\/div>\n<div class=\"col-lg-6 col-md-6 col-sm-6 col-xs-12\">\n<div class=\"input-group\">\n                <span class=\"wpcf7-form-control-wrap message\"><textarea name=\"message\" cols=\"40\" rows=\"10\" class=\"wpcf7-form-control wpcf7-textarea wpcf7-validates-as-required\" aria-required=\"true\" aria-invalid=\"false\" placeholder=\"Va\u00c5\u00a1a poruka *\"><\/textarea><\/span>\n            <\/div>\n<div class=\"input-group\">\n                <button type=\"submit\" class=\"button size-lg icon_right\">po\u00c5\u00a1alji <i class=\"fa fa-chevron-right\"><\/i><\/button>\n            <\/div><\/div><\/div>\n<\/div>\n<div class=\"wpcf7-response-output wpcf7-display-none\"><\/div><\/form><\/div>[\/vc_column_inner][\/vc_row_inner][\/vc_tta_section][\/vc_tta_tabs][\/vc_column][\/vc_row][vc_row full_width=&#8221;stretch_row&#8221; css=&#8221;.vc_custom_1459505959648{margin-bottom: -60px !important;}&#8221; el_class=&#8221;third_bg_color&#8221;][vc_column][vc_cta h2=&#8221;Postanite nas \u010dlan &#8211; po\u0161aljite zahtev za \u010dlanstvo?&#8221; h2_font_container=&#8221;font_size:20px|color:{ff029b9ed727a8cfab64ff35f0970f431e658f61ec42594ff25da87028f3ebdc}23ffffff|line_height:24px&#8221; h2_use_theme_fonts=&#8221;yes&#8221; shape=&#8221;square&#8221; style=&#8221;flat&#8221; add_button=&#8221;right&#8221; btn_title=&#8221;po\u0161alji zahtev&#8221; btn_style=&#8221;flat&#8221; btn_color=&#8221;theme_style_2&#8243; btn_align=&#8221;right&#8221; btn_i_align=&#8221;right&#8221; btn_i_icon_fontawesome=&#8221;fa fa-chevron-right&#8221; use_custom_fonts_h2=&#8221;true&#8221; btn_link=&#8221;url:http{ff029b9ed727a8cfab64ff35f0970f431e658f61ec42594ff25da87028f3ebdc}3A{ff029b9ed727a8cfab64ff35f0970f431e658f61ec42594ff25da87028f3ebdc}2F{ff029b9ed727a8cfab64ff35f0970f431e658f61ec42594ff25da87028f3ebdc}2Fwww.lipaassociation.com{ff029b9ed727a8cfab64ff35f0970f431e658f61ec42594ff25da87028f3ebdc}2Fzahtev-za-clanstvo{ff029b9ed727a8cfab64ff35f0970f431e658f61ec42594ff25da87028f3ebdc}2F{ff029b9ed727a8cfab64ff35f0970f431e658f61ec42594ff25da87028f3ebdc}3Flang{ff029b9ed727a8cfab64ff35f0970f431e658f61ec42594ff25da87028f3ebdc}3Dsr{ff029b9ed727a8cfab64ff35f0970f431e658f61ec42594ff25da87028f3ebdc}26lang{ff029b9ed727a8cfab64ff35f0970f431e658f61ec42594ff25da87028f3ebdc}3Dsr{ff029b9ed727a8cfab64ff35f0970f431e658f61ec42594ff25da87028f3ebdc}26lang{ff029b9ed727a8cfab64ff35f0970f431e658f61ec42594ff25da87028f3ebdc}3Dsr{ff029b9ed727a8cfab64ff35f0970f431e658f61ec42594ff25da87028f3ebdc}26lang{ff029b9ed727a8cfab64ff35f0970f431e658f61ec42594ff25da87028f3ebdc}3Dde{ff029b9ed727a8cfab64ff35f0970f431e658f61ec42594ff25da87028f3ebdc}26lang{ff029b9ed727a8cfab64ff35f0970f431e658f61ec42594ff25da87028f3ebdc}3Dde{ff029b9ed727a8cfab64ff35f0970f431e658f61ec42594ff25da87028f3ebdc}26lang{ff029b9ed727a8cfab64ff35f0970f431e658f61ec42594ff25da87028f3ebdc}3Dde|&#8221; btn_add_icon=&#8221;true&#8221; el_class=&#8221;third_bg_color&#8221; css=&#8221;.vc_custom_1486716090718{margin-bottom: 0px !important;}&#8221;][\/vc_cta][\/vc_column][\/vc_row]<\/p>\n","protected":false},"excerpt":{"rendered":"<p>[vc_row css=&#8221;.vc_custom_1459507872760{margin-bottom: 101px !important;}&#8221;][vc_column][vc_tta_tabs shape=&#8221;square&#8221; spacing=&#8221;&#8221; active_section=&#8221;1&#8243; el_class=&#8221;theme_style&#8221; no_fill_content_area=&#8221;true&#8221;][vc_tta_section title=&#8221;Francuska&#8221; tab_id=&#8221;1452257567229-e5f623b2-41c0&#8243;][vc_row_inner css=&#8221;.vc_custom_1452504967583{margin-bottom: 33px !important;}&#8221;][vc_column_inner width=&#8221;1\/3&#8243;][vc_single_image image=&#8221;2428&#8243; img_size=&#8221;full&#8221;][\/vc_column_inner][vc_column_inner width=&#8221;1\/3&#8243;][vc_gmaps link=&#8221;#E-8_JTNDaWZyYW1lJTIwc3JjJTNEJTIyaHR0cHMlM0ElMkYlMkZ3d3cuZ29vZ2xlLmNvbSUyRm1hcHMlMkZlbWJlZCUzRnBiJTNEJTIxMW0xNCUyMTFtOCUyMTFtMyUyMTFkNTI3Ny41ODk1NDEzMTE0OTklMjEyZDcuNzYxMzUyMDczODAzNzg3NiUyMTNkNDguNTk0NjI4MzEyNDIxNzI2JTIxM20yJTIxMWkxMDI0JTIxMmk3NjglMjE0ZjEzLjElMjEzbTMlMjExbTIlMjExczB4NDc5NmM4ZjVmODEyMjY2YiUyNTNBMHhkY2M3ZDI1MjE3N2FiYmM3JTIxMnNMaXBhJTJCQXNzb2NpYXRpb24lMjE1ZTAlMjEzbTIlMjExc2VuJTIxMnNycyUyMTR2MTUwMDY1MTk1MjQ1NSUyMiUyMHdpZHRoJTNEJTIyNjAwJTIyJTIwaGVpZ2h0JTNEJTIyNDUwJTIyJTIwZnJhbWVib3JkZXIlM0QlMjIwJTIyJTIwc3R5bGUlM0QlMjJib3JkZXIlM0EwJTIyJTIwYWxsb3dmdWxsc2NyZWVuJTNFJTNDJTJGaWZyYW1lJTNF&#8221; size=&#8221;330px&#8221;][\/vc_column_inner][vc_column_inner width=&#8221;1\/3&#8243;][stm_contacts_widget class=&#8221;overlay_3&#8243; title=&#8221;kontakt detalji&#8221; address=&#8221;15, rue Lauth, 67000 Strasbourg, France&#8221; phone=&#8221; + 33 6 63 97 02 81&#8243; email=&#8221;lipaassociation@outlook.com&#8221; css=&#8221;.vc_custom_1502141119103{padding-top: 46px !important;padding-right: 50px !important;padding-bottom: 46px !important;padding-left: 50px !important;background-image: url(http:\/\/lipaassociation.com\/wp-content\/uploads\/2016\/05\/placeholder-2.gif?id=493) !important;}&#8221; facebook=&#8221;https:\/\/www.facebook.com\/lipaassociation\/&#8221; google_plus=&#8221;https:\/\/business.google.com\/b\/109194505922894315374\/dashboard\/l\/14333859382788233855?hl=en-GB&#8221;][\/vc_column_inner][\/vc_row_inner][vc_row_inner][vc_column_inner][vc_custom_heading text=&#8221;Po\u0161alji poruku&#8221; font_container=&#8221;tag:h4|text_align:left&#8221;<\/p>\n","protected":false},"author":1,"featured_media":0,"parent":0,"menu_order":0,"comment_status":"closed","ping_status":"closed","template":"","meta":[],"_links":{"self":[{"href":"http:\/\/lipaassociation.com\/sr\/wp-json\/wp\/v2\/pages\/2951"}],"collection":[{"href":"http:\/\/lipaassociation.com\/sr\/wp-json\/wp\/v2\/pages"}],"about":[{"href":"http:\/\/lipaassociation.com\/sr\/wp-json\/wp\/v2\/types\/page"}],"author":[{"embeddable":true,"href":"http:\/\/lipaassociation.com\/sr\/wp-json\/wp\/v2\/users\/1"}],"replies":[{"embeddable":true,"href":"http:\/\/lipaassociation.com\/sr\/wp-json\/wp\/v2\/comments?post=2951"}],"version-history":[{"count":8,"href":"http:\/\/lipaassociation.com\/sr\/wp-json\/wp\/v2\/pages\/2951\/revisions"}],"predecessor-version":[{"id":4063,"href":"http:\/\/lipaassociation.com\/sr\/wp-json\/wp\/v2\/pages\/2951\/revisions\/4063"}],"wp:attachment":[{"href":"http:\/\/lipaassociation.com\/sr\/wp-json\/wp\/v2\/media?parent=2951"}],"curies":[{"name":"wp","href":"https:\/\/api.w.org\/{rel}","templated":true}]}}