{"id":2983,"date":"2016-01-06T00:00:00","date_gmt":"2016-01-06T00:00:00","guid":{"rendered":"http:\/\/lipaassociation.com\/o-lipa-association-u\/usluge\/"},"modified":"2018-01-23T02:38:30","modified_gmt":"2018-01-23T02:38:30","slug":"usluge","status":"publish","type":"page","link":"http:\/\/lipaassociation.com\/sr\/o-lipa-association-u\/usluge\/","title":{"rendered":"Usluge"},"content":{"rendered":"<p>[vc_row css=&#8221;.vc_custom_1459506276575{margin-bottom: 100px !important;}&#8221;][vc_column width=&#8221;3\/4&#8243;]\n<div id=\"rev_slider_17_1_wrapper\" class=\"rev_slider_wrapper fullwidthbanner-container\" data-source=\"gallery\" style=\"margin:0px auto;background:transparent;padding:0px;margin-top:0px;margin-bottom:0px;\">\n<!-- START REVOLUTION SLIDER 5.4.5.1 auto mode -->\n\t<div id=\"rev_slider_17_1\" class=\"rev_slider fullwidthabanner\" style=\"display:none;\" data-version=\"5.4.5.1\">\n<ul>\t<!-- SLIDE  -->\n\t<li data-index=\"rs-36\" data-transition=\"slidehorizontal\" data-slotamount=\"default\" data-hideafterloop=\"0\" data-hideslideonmobile=\"off\"  data-easein=\"default\" data-easeout=\"default\" data-masterspeed=\"default\"  data-rotate=\"0\"  data-saveperformance=\"off\"  class=\"third_bg_color\" data-title=\"Slide\" data-param1=\"\" data-param2=\"\" data-param3=\"\" data-param4=\"\" data-param5=\"\" data-param6=\"\" data-param7=\"\" data-param8=\"\" data-param9=\"\" data-param10=\"\" data-description=\"\">\n\t\t<!-- MAIN IMAGE -->\n\t\t<img src=\"http:\/\/lipaassociation.com\/wp-content\/uploads\/2015\/12\/Layer-8067_01.jpg\"  alt=\"\" title=\"Layer-8067_01\"  width=\"1920\" height=\"613\" data-bgposition=\"center center\" data-bgfit=\"cover\" data-bgrepeat=\"no-repeat\" class=\"rev-slidebg\" data-no-retina>\n\t\t<!-- LAYERS -->\n\n\t\t<!-- LAYER NR. 1 -->\n\t\t<div class=\"tp-caption   tp-resizeme\" \n\t\t\t id=\"slide-36-layer-3\" \n\t\t\t data-x=\"23\" \n\t\t\t data-y=\"200\" \n\t\t\t\t\t\tdata-width=\"['495']\"\n\t\t\tdata-height=\"['109']\"\n \n\t\t\tdata-type=\"text\" \n\t\t\tdata-responsive_offset=\"on\" \n\n\t\t\tdata-frames='[{\"from\":\"z:0;rX:0;rY:0;rZ:0;sX:0.9;sY:0.9;skX:0;skY:0;opacity:0;\",\"speed\":1500,\"to\":\"o:1;\",\"delay\":2000,\"ease\":\"Power3.easeInOut\"},{\"delay\":\"wait\",\"speed\":300,\"to\":\"opacity:0;\",\"ease\":\"nothing\"}]'\n\t\t\tdata-textAlign=\"['left','left','left','left']\"\n\t\t\tdata-paddingtop=\"[0,0,0,0]\"\n\t\t\tdata-paddingright=\"[0,0,0,0]\"\n\t\t\tdata-paddingbottom=\"[0,0,0,0]\"\n\t\t\tdata-paddingleft=\"[0,0,0,0]\"\n\n\t\t\tstyle=\"z-index: 5; min-width: 495px; max-width: 495px; max-width: 109px; max-width: 109px; white-space: normal; font-size: 22px; line-height: 24px; font-weight: 400; color: rgba(51,51,51,1);\">Uskladite va\u0161e \u010dlanstvo shodno va\u0161im potrebama. Na raspolaganju su vam tri paketa \u010dlanarine i \u010detiri paketa usluga. <\/div>\n\n\t\t<!-- LAYER NR. 2 -->\n\t\t<div class=\"tp-caption   tp-resizeme\" \n\t\t\t id=\"slide-36-layer-6\" \n\t\t\t data-x=\"25\" \n\t\t\t data-y=\"132\" \n\t\t\t\t\t\tdata-width=\"['481']\"\n\t\t\tdata-height=\"['auto']\"\n \n\t\t\tdata-type=\"text\" \n\t\t\tdata-responsive_offset=\"on\" \n\n\t\t\tdata-frames='[{\"from\":\"x:[-100{ff029b9ed727a8cfab64ff35f0970f431e658f61ec42594ff25da87028f3ebdc}];z:0;rX:0deg;rY:0;rZ:0;sX:1;sY:1;skX:0;skY:0;\",\"mask\":\"x:0px;y:0px;s:inherit;e:inherit;\",\"speed\":1500,\"to\":\"o:1;\",\"delay\":500,\"ease\":\"Power3.easeInOut\"},{\"delay\":\"wait\",\"speed\":300,\"to\":\"opacity:0;\",\"ease\":\"nothing\"}]'\n\t\t\tdata-textAlign=\"['left','left','left','left']\"\n\t\t\tdata-paddingtop=\"[0,0,0,0]\"\n\t\t\tdata-paddingright=\"[0,0,0,0]\"\n\t\t\tdata-paddingbottom=\"[0,0,0,0]\"\n\t\t\tdata-paddingleft=\"[0,0,0,0]\"\n\n\t\t\tstyle=\"z-index: 6; min-width: 481px; max-width: 481px; white-space: normal; font-size: 40px; line-height: 45px; font-weight: 500; color: rgba(28,175,50,1);\">Paketi \u010dlanstva i usluga <\/div>\n\t<\/li>\n<\/ul>\n<div class=\"tp-bannertimer tp-bottom\" style=\"visibility: hidden !important;\"><\/div>\t<\/div>\n<script>var htmlDiv = document.getElementById(\"rs-plugin-settings-inline-css\"); var htmlDivCss=\"\";\r\n\t\t\t\tif(htmlDiv) {\r\n\t\t\t\t\thtmlDiv.innerHTML = htmlDiv.innerHTML + htmlDivCss;\r\n\t\t\t\t}else{\r\n\t\t\t\t\tvar htmlDiv = document.createElement(\"div\");\r\n\t\t\t\t\thtmlDiv.innerHTML = \"<style>\" + htmlDivCss + \"<\/style>\";\r\n\t\t\t\t\tdocument.getElementsByTagName(\"head\")[0].appendChild(htmlDiv.childNodes[0]);\r\n\t\t\t\t}\r\n\t\t\t<\/script>\n\t\t<script type=\"text\/javascript\">\r\nsetREVStartSize({c: jQuery('#rev_slider_17_1'), gridwidth: [825], gridheight: [407], sliderLayout: 'auto'});\r\n\t\t\t\r\nvar revapi17,\r\n\ttpj=jQuery;\r\n\t\t\t\r\ntpj(document).ready(function() {\n\tif(tpj(\"#rev_slider_17_1\").revolution == undefined){\n\t\trevslider_showDoubleJqueryError(\"#rev_slider_17_1\");\n\t}else{\n\t\trevapi17 = tpj(\"#rev_slider_17_1\").show().revolution({\n\t\t\tsliderType:\"carousel\",\n\t\t\tjsFileLocation:\"\/\/lipaassociation.com\/wp-content\/plugins\/revslider\/public\/assets\/js\/\",\n\t\t\tsliderLayout:\"auto\",\n\t\t\tdottedOverlay:\"none\",\n\t\t\tdelay:9000,\n\t\t\tnavigation: {\n\t\t\t\tonHoverStop:\"off\",\n\t\t\t},\n\t\t\tcarousel: {\n\t\t\t\thorizontal_align: \"center\",\n\t\t\t\tvertical_align: \"center\",\n\t\t\t\tfadeout: \"on\",\n\t\t\t\tvary_fade: \"off\",\n\t\t\t\tmaxVisibleItems: 3,\n\t\t\t\tinfinity: \"off\",\n\t\t\t\tspace: 0,\n\t\t\t\tstretch: \"off\",\n \t\t\t\t\t\t\tshowLayersAllTime: \"off\",\n \t\t\t\t\t\t\teasing: \"Power3.easeInOut\",\n \t\t\t\t\t\t\tspeed: \"800\"\n\t\t\t},\n\t\t\tvisibilityLevels:[1240,1024,778,480],\n\t\t\tgridwidth:825,\n\t\t\tgridheight:407,\n\t\t\tlazyType:\"none\",\n\t\t\tshadow:0,\n\t\t\tspinner:\"spinner0\",\n\t\t\tstopLoop:\"off\",\n\t\t\tstopAfterLoops:-1,\n\t\t\tstopAtSlide:-1,\n\t\t\tshuffle:\"off\",\n\t\t\tautoHeight:\"off\",\n\t\t\tdisableProgressBar:\"on\",\n\t\t\thideThumbsOnMobile:\"off\",\n\t\t\thideSliderAtLimit:0,\n\t\t\thideCaptionAtLimit:0,\n\t\t\thideAllCaptionAtLilmit:0,\n\t\t\tdebugMode:false,\n\t\t\tfallbacks: {\n\t\t\t\tsimplifyAll:\"off\",\n\t\t\t\tnextSlideOnWindowFocus:\"off\",\n\t\t\t\tdisableFocusListener:false,\n\t\t\t}\n\t\t});\n\t}\n\t\n});\t\/*ready*\/\n<\/script>\r\n\t\t<\/div><!-- END REVOLUTION SLIDER -->[vc_column_text css=&#8221;.vc_custom_1499201024674{margin-top: 45px !important;}&#8221;]Udru\u017eenje Lipa Association u svojoj ponudi \u010dlanarine ima baznu podelu na dve opcije \u010dlanstva Lokal i Me\u0111unarodno. \u010clanstvo na nivou lokala\u00a0se odnosi na Lokal EX YU i na Lokal Zapad, dok se me\u0111unarodno odnosi na Evropa I, Evropa II i Evropa III. U daljem tekstu poku\u0161a\u0107emo da Vam detaljnije pojasnimo razliku izme\u0111u Lokala i Me\u0111unarodnog i koje su karakteristike istih. Pored podele na lokal i me\u0111unarodno svaki \u010dlan ima mogu\u0107nost odabira \u010dlanskih paketa i paketa usluga koji se\u00a0odnose na me\u0111unarodno.[\/vc_column_text][vc_column_text css=&#8221;.vc_custom_1499201152561{margin-top: 45px !important;}&#8221;]<\/p>\n<h3>Lokal<\/h3>\n<p>U slu\u010daju da odaberete neki od paketa u kome nisu ponu\u0111ene Va\u0161e potrebe i \u017eelje, udru\u017eenje Vam predla\u017ee Lokal.<\/p>\n<p>\u010clanski paketi ostaju isti, a Lokal-u u dogovoru sa svojim \u010dlanovima mo\u017ee da obuhvata\u00a0:<\/p>\n<ul>\n<li>Sahranu u dr\u017eavi va\u0161eg prebivali\u0161ta<\/li>\n<li>Sahranu u dr\u017eavi koja nije navedena u na\u0161im paketima<\/li>\n<li>Potrebe i \u017eelje koje nisu navedene u na\u0161im paketima<\/li>\n<li>Specifi\u010dne i posebne \u017eelje<\/li>\n<li>Specifi\u010dne i posebne situacije koje nisu navedene<\/li>\n<\/ul>\n<p>Za svaki zahtev u\u010dlanjenja za Lokal paket, potrebno je\u00a0:<\/p>\n<ul>\n<li>Li\u010dno \u2013 posetiti Vama najbli\u017eeg LIPA ASSOCIATION partnera<\/li>\n<li>Ili direktno na sajtu Udru\u017eenja LIPA<\/li>\n<\/ul>\n<p>Potrebno je podneti zahtev sa va\u0161im zahtevima i specifi\u010dnostima, i dobi\u0107ete odgovor u roku od 3 radna dana sa procenom Va\u0161ih zahteva kao i cenom Va\u0161e godi\u0161nje \u010dlanarine.<br \/>\nZa svakog novog \u010dlana, pogrebna garancija stupa na snagu 190 dana nakon registracije.<br \/>\nU tom periodu samo saobra\u0107ajne nesre\u0107e i nesre\u0107e na poslu su zagarantovane, kao i nepredvidivi uzroci smrti (sr\u010dani i mo\u017edani infarkt).<\/p>\n<p>Udru\u017eenje LIPA stoji iza svakog svog \u010dlana i bi\u0107e prisutno uz porodicu u najte\u017eim trenucima.[\/vc_column_text][vc_column_text css=&#8221;.vc_custom_1516675102999{margin-top: 45px !important;}&#8221;]<\/p>\n<h3>Me\u0111unarodno<\/h3>\n<p>Me\u0111unarodno ili kako ih jo\u0161 nazivamo paketi usluga, su predefinisane usluge koje su naj\u010de\u0161\u0107e tra\u017eene radi rapatrijacije pokojnika u svojoj domovini.Postoje \u010detiri razli\u010ditih paketa pod nazivima: Basic, Standard, Exclusiv i Gold.<\/p>\n<p>Oni su naj\u010de\u0161\u0107e izabrani, tako da su i 15% do 20% jeftiniji.<\/p>\n<p>\u010clanski paketi ostaju isti, a Me\u0111unarodni paketi usluga, u dogovoru sa svojim \u010dlanovima mo\u017ee da obuhvata\u00a0:<\/p>\n<ul>\n<li>Prevoz pokojnika u dr\u017eavu sahrane<\/li>\n<li>Prevoz pokojnika i organizacija pogreba u dr\u017eavi sahrane<\/li>\n<\/ul>\n<p>Za svaki zahtev u\u010dlanjenja za Me\u0111unarodni paket, potrebno je\u00a0:<\/p>\n<ul>\n<li>Pribli\u017eiti se vama na\u0161em nabli\u017eem partneru<\/li>\n<li>Ili direktno na sajtu Udru\u017eenja LIPA<\/li>\n<\/ul>\n<p>Za svakog novog \u010dlana, pogrebna garancija stupa na snagu 190 dana posle registracije.<br \/>\nU tom periodu samo saobra\u0107ajne nesre\u0107e i nesre\u0107e na poslu su zagarantovane, kao i nepredvidljivi uzroci smrti (sr\u010dani i mo\u017edani infarkt).<\/p>\n<p>Udru\u017eenje LIPA stoji iza svakog svog \u010dlana i bi\u0107e prisutno uz porodicu u najte\u017eim trenucima.[\/vc_column_text][vc_column_text css=&#8221;.vc_custom_1499201293539{margin-top: 45px !important;}&#8221;]<\/p>\n<h3>Paketi \u010dlanstva i usluga<\/h3>\n<p>Da bi se odabrala prava pogrebna garancija potrebno je odabrati pravi paket \u010dlanstva i paket usluga koji \u017eelite da biste ostvarili prava na odre\u0111ene usluge i beneficije.[\/vc_column_text][vc_tta_accordion c_position=&#8221;right&#8221; active_section=&#8221;1&#8243; no_fill=&#8221;true&#8221;][vc_tta_section title=&#8221;U pakete \u010dlanstva spadaju slede\u0107e kategorije:&#8221; tab_id=&#8221;1473110130796-d2c2b469-dd52&#8243;][vc_column_text]\u2013 <strong>Lipa SINGLE<\/strong> je pojedina\u010dna pogrebna garancija\u00a0za punoletnu osobu sa navr\u0161enih 18 i vi\u0161e godina bilo kog dr\u017eavljanstva i veroispovesti sa redovnim prebivali\u0161tem ili boravi\u0161tem u Evropi.<br \/>\n\u2013 <strong>Lipa DUO<\/strong> je pogrebna garancija za parove\u00a0odnosno za dve punoletne osobe (preko 18 godina) koje imaju istu adresu stanovanja (bra\u010dni par, par u vanbra\u010dnoj zajednici, brat i sestra) bilo kog dr\u017eavljanstva i veroispovesti sa redovnim prebivali\u0161tem ili boravi\u0161tem u Evropi. Pogrebna garancija za parove je pravi izbor za bra\u010dne i vanbra\u010dne parove bez dece, brata i sestru koji nemaju svoje porodice<br \/>\n\u2013 <strong>Lipa FAMILY<\/strong> je porodi\u010dna pogrebna garancija\u00a0za jednu ili dve punoletne osobe (preko 18 godina) koje imaju istu adresu stanovanja (bra\u010dni par, par u vanbra\u010dnoj zajednici) sa najvi\u0161e \u010detvoro dece do 21 godine starosti bilo kog dr\u017eavljanstva i veroispovesti sa redovnim prebivali\u0161tem ili boravi\u0161tem u Evropi. Porodi\u010dna pogrebna garancija je pravi izbor za bra\u010dne i vanbra\u010dne parove sa decom kao i vi\u0161egeneracijske porodice.[\/vc_column_text][\/vc_tta_section][vc_tta_section title=&#8221;U pakete usluga spadaju slede\u0107i paketi:&#8221; tab_id=&#8221;1473110130891-0d859b40-43b1&#8243;][vc_column_text]\u2013\u00a0<strong>Lipa Basic<\/strong>\u00a0je osnovni paket koje obuhvata osnovne usluge: prevoz, administracija, pogrebna oprema<\/p>\n<p>\u2013\u00a0<strong>Lipa Standard<\/strong>\u00a0je srednji paket usluga\u00a0 koji pored usluga koje su obuhva\u0107ene u basic paketu ima dodatnu uslugu \u2013 organizacija sahrane<\/p>\n<p>\u2013\u00a0<strong>Lipa Exclusive<\/strong>\u00a0je vi\u0161i paket usluga koji obuhvata standardne usluge sa kvalitetnijom opremom<\/p>\n<p>\u2013\u00a0<strong>Lipa Gold<\/strong>\u00a0je najvi\u0161i paket usluga, samim tim je i najsveobuhvatniji paket[\/vc_column_text][\/vc_tta_section][\/vc_tta_accordion][vc_column_text]Usluge koje dobijate u zavisnosti od odabira paketa usluga:[\/vc_column_text][vc_row_inner css=&#8221;.vc_custom_1455886051719{margin-bottom: 10px !important;}&#8221;][vc_column_inner width=&#8221;1\/2&#8243;][stm_icon_box hide_title_line=&#8221;hide_title_line&#8221; enable_hexagon=&#8221;enable&#8221; enable_hexagon_animation=&#8221;enable&#8221; icon=&#8221;fa fa-file-powerpoint-o&#8221; style=&#8221;icon_left&#8221; icon_size=&#8221;22&#8243; icon_width=&#8221;78&#8243; title=&#8221;Administrativna Procedura&#8221;]U slu\u010daju smrti udru\u017eenje Lipa Association\u00a0u saradnji sa svojim partnerima \u0161irom\u00a0Evrope,\u00a0u potpunosti obra\u0111uje administrativni deo bez obzira gde se preminuli nalazi.[\/stm_icon_box][\/vc_column_inner][vc_column_inner width=&#8221;1\/2&#8243;][stm_icon_box hide_title_line=&#8221;hide_title_line&#8221; enable_hexagon=&#8221;enable&#8221; enable_hexagon_animation=&#8221;enable&#8221; icon=&#8221;stm-user7&#8243; style=&#8221;icon_left&#8221; icon_size=&#8221;21&#8243; icon_width=&#8221;78&#8243; title=&#8221;Organizacija Oko Preminulog Lica&#8221;]Udru\u017eenje Lipa Association\u00a0u dogovoru sa svojim \u010dlanovima obavi\u0107e sve\u00a0pojedinosti oko preminule osobe:\u00a0kupanje,\u00a0obla\u010denje, profesionalno \u0161minkanje,\u00a0nega konzervacije ( samo po \u017eelji porodice ).[\/stm_icon_box][\/vc_column_inner][\/vc_row_inner][vc_row_inner css=&#8221;.vc_custom_1455886085190{margin-bottom: 10px !important;}&#8221;][vc_column_inner width=&#8221;1\/2&#8243;][stm_icon_box hide_title_line=&#8221;hide_title_line&#8221; enable_hexagon=&#8221;enable&#8221; enable_hexagon_animation=&#8221;enable&#8221; icon=&#8221;fa fa-bookmark&#8221; style=&#8221;icon_left&#8221; icon_size=&#8221;23&#8243; icon_width=&#8221;78&#8243; title=&#8221;Pogrebna Oprema&#8221;]U skladu sa odabirom paketa udru\u017eenje Lipa Association pru\u017ea vam veliki asortiman kompletne\u00a0pogrebne opreme visokog kvaliteta.[\/stm_icon_box][\/vc_column_inner][vc_column_inner width=&#8221;1\/2&#8243;][stm_icon_box hide_title_line=&#8221;hide_title_line&#8221; enable_hexagon=&#8221;enable&#8221; enable_hexagon_animation=&#8221;enable&#8221; icon=&#8221;stm-truck&#8221; style=&#8221;icon_left&#8221; icon_size=&#8221;15&#8243; icon_width=&#8221;78&#8243; title=&#8221;Organizacija Prevoza Preminulog&#8221;]Udru\u017eenje Lipa Association\u00a0Va\u0161im\u00a0\u010dlanstvom preuzima kompletnu organizaciju prevoza\u00a0preminulih osoba na teritoriju cele Evrope.\u00a0Prevoz preminule osobe obavlja se specijalizovanim vozilima za tu namenu.[\/stm_icon_box][\/vc_column_inner][\/vc_row_inner][vc_row_inner][vc_column_inner width=&#8221;1\/2&#8243;][stm_icon_box hide_title_line=&#8221;hide_title_line&#8221; enable_hexagon=&#8221;enable&#8221; enable_hexagon_animation=&#8221;enable&#8221; icon=&#8221;stm-building6&#8243; style=&#8221;icon_left&#8221; icon_size=&#8221;27&#8243; icon_width=&#8221;78&#8243; title=&#8221;Organizacija Sahrane&#8221;]U saradnji na\u0161ih partnera i u dogovoru sa svojim \u010dlanovima, udru\u017eenje Lipa Association \u0107e organizovati\u00a0sahranu po va\u0161oj \u017eelji i mogu\u0107nosti. \u00a0Lipa je tu da Vam omoguci da realizujete sve verske\u00a0i narodne obi\u010daje svih veroispovesti.[\/stm_icon_box][\/vc_column_inner][vc_column_inner width=&#8221;1\/2&#8243;][stm_icon_box hide_title_line=&#8221;hide_title_line&#8221; enable_hexagon=&#8221;enable&#8221; enable_hexagon_animation=&#8221;enable&#8221; icon=&#8221;stm-stm14_calendar&#8221; style=&#8221;icon_left&#8221; icon_size=&#8221;19&#8243; icon_width=&#8221;78&#8243; title=&#8221;Organizacija Posle Sahrane&#8221;]Udru\u017eenje Lipa Association je tu da za\u0161titi i stane uz svoje \u010dlanove pre i posle sahrane, da ih zastupa,\u00a0savetuje i pru\u017ei pomo\u0107 u svim aspektima.[\/stm_icon_box][\/vc_column_inner][\/vc_row_inner][vc_row_inner][vc_column_inner][\/vc_column_inner][\/vc_row_inner][\/vc_column][vc_column width=&#8221;1\/4&#8243;][vc_wp_custommenu nav_menu=&#8221;65&#8243;][stm_sidebar sidebar=&#8221;2963&#8243;][\/vc_column][\/vc_row][vc_row full_width=&#8221;stretch_row&#8221; css=&#8221;.vc_custom_1459505959648{margin-bottom: -60px !important;}&#8221; el_class=&#8221;third_bg_color&#8221;][vc_column][vc_cta h2=&#8221;Postanite na\u0161 \u010dlan &#8211; po\u0161aljite zahtev za \u010dlanstvo!&#8221; h2_font_container=&#8221;font_size:20px|color:{ff029b9ed727a8cfab64ff35f0970f431e658f61ec42594ff25da87028f3ebdc}23ffffff|line_height:24px&#8221; h2_use_theme_fonts=&#8221;yes&#8221; shape=&#8221;square&#8221; style=&#8221;flat&#8221; add_button=&#8221;right&#8221; btn_title=&#8221;po\u0161alji zahtev&#8221; btn_style=&#8221;flat&#8221; btn_color=&#8221;theme_style_2&#8243; btn_align=&#8221;right&#8221; btn_i_align=&#8221;right&#8221; btn_i_icon_fontawesome=&#8221;fa fa-chevron-right&#8221; use_custom_fonts_h2=&#8221;true&#8221; btn_link=&#8221;url:http{ff029b9ed727a8cfab64ff35f0970f431e658f61ec42594ff25da87028f3ebdc}3A{ff029b9ed727a8cfab64ff35f0970f431e658f61ec42594ff25da87028f3ebdc}2F{ff029b9ed727a8cfab64ff35f0970f431e658f61ec42594ff25da87028f3ebdc}2Fwww.lipaassociation.com{ff029b9ed727a8cfab64ff35f0970f431e658f61ec42594ff25da87028f3ebdc}2Fzahtev-za-clanstvo{ff029b9ed727a8cfab64ff35f0970f431e658f61ec42594ff25da87028f3ebdc}2F{ff029b9ed727a8cfab64ff35f0970f431e658f61ec42594ff25da87028f3ebdc}3Flang{ff029b9ed727a8cfab64ff35f0970f431e658f61ec42594ff25da87028f3ebdc}3Dsr|&#8221; btn_add_icon=&#8221;true&#8221; el_class=&#8221;third_bg_color&#8221; css=&#8221;.vc_custom_1499201479335{margin-bottom: 0px !important;}&#8221; btn_button_block=&#8221;true&#8221;][\/vc_cta][\/vc_column][\/vc_row]<\/p>\n","protected":false},"excerpt":{"rendered":"<p>[vc_row css=&#8221;.vc_custom_1459506276575{margin-bottom: 100px !important;}&#8221;][vc_column width=&#8221;3\/4&#8243;][vc_column_text css=&#8221;.vc_custom_1499201024674{margin-top: 45px !important;}&#8221;]Udru\u017eenje Lipa Association u svojoj ponudi \u010dlanarine ima baznu podelu na dve opcije \u010dlanstva Lokal i Me\u0111unarodno. \u010clanstvo na nivou lokala\u00a0se odnosi na Lokal EX YU i na Lokal Zapad, dok se me\u0111unarodno odnosi na Evropa I, Evropa II i Evropa III. U daljem tekstu poku\u0161a\u0107emo da Vam<\/p>\n","protected":false},"author":1,"featured_media":0,"parent":2853,"menu_order":0,"comment_status":"closed","ping_status":"closed","template":"","meta":[],"_links":{"self":[{"href":"http:\/\/lipaassociation.com\/sr\/wp-json\/wp\/v2\/pages\/2983"}],"collection":[{"href":"http:\/\/lipaassociation.com\/sr\/wp-json\/wp\/v2\/pages"}],"about":[{"href":"http:\/\/lipaassociation.com\/sr\/wp-json\/wp\/v2\/types\/page"}],"author":[{"embeddable":true,"href":"http:\/\/lipaassociation.com\/sr\/wp-json\/wp\/v2\/users\/1"}],"replies":[{"embeddable":true,"href":"http:\/\/lipaassociation.com\/sr\/wp-json\/wp\/v2\/comments?post=2983"}],"version-history":[{"count":9,"href":"http:\/\/lipaassociation.com\/sr\/wp-json\/wp\/v2\/pages\/2983\/revisions"}],"predecessor-version":[{"id":4124,"href":"http:\/\/lipaassociation.com\/sr\/wp-json\/wp\/v2\/pages\/2983\/revisions\/4124"}],"up":[{"embeddable":true,"href":"http:\/\/lipaassociation.com\/sr\/wp-json\/wp\/v2\/pages\/2853"}],"wp:attachment":[{"href":"http:\/\/lipaassociation.com\/sr\/wp-json\/wp\/v2\/media?parent=2983"}],"curies":[{"name":"wp","href":"https:\/\/api.w.org\/{rel}","templated":true}]}}