{"id":3005,"date":"2016-01-07T00:00:00","date_gmt":"2016-01-07T00:00:00","guid":{"rendered":"http:\/\/lipaassociation.com\/o-lipa-association-u\/nasi-partneri\/"},"modified":"2017-07-16T20:29:07","modified_gmt":"2017-07-16T20:29:07","slug":"nasi-partneri","status":"publish","type":"page","link":"http:\/\/lipaassociation.com\/sr\/o-lipa-association-u\/nasi-partneri\/","title":{"rendered":"Na\u0161i partneri"},"content":{"rendered":"<p>[vc_row css=&#8221;.vc_custom_1459506306543{margin-bottom: 100px !important;}&#8221;][vc_column width=&#8221;3\/4&#8243;]\n<div id=\"rev_slider_16_1_wrapper\" class=\"rev_slider_wrapper fullwidthbanner-container\" data-source=\"gallery\" style=\"margin:0px auto;background:transparent;padding:0px;margin-top:0px;margin-bottom:0px;\">\n<!-- START REVOLUTION SLIDER 5.4.5.1 auto mode -->\n\t<div id=\"rev_slider_16_1\" class=\"rev_slider fullwidthabanner\" style=\"display:none;\" data-version=\"5.4.5.1\">\n<ul>\t<!-- SLIDE  -->\n\t<li data-index=\"rs-35\" data-transition=\"slidehorizontal\" data-slotamount=\"default\" data-hideafterloop=\"0\" data-hideslideonmobile=\"off\"  data-easein=\"default\" data-easeout=\"default\" data-masterspeed=\"default\"  data-rotate=\"0\"  data-saveperformance=\"off\"  class=\"third_bg_color\" data-title=\"Slide\" data-param1=\"\" data-param2=\"\" data-param3=\"\" data-param4=\"\" data-param5=\"\" data-param6=\"\" data-param7=\"\" data-param8=\"\" data-param9=\"\" data-param10=\"\" data-description=\"\">\n\t\t<!-- MAIN IMAGE -->\n\t\t<img src=\"http:\/\/lipaassociation.com\/wp-content\/uploads\/2016\/09\/partneri-slider.jpg\"  alt=\"\"  width=\"1300\" height=\"867\" data-bgposition=\"center center\" data-bgfit=\"cover\" data-bgrepeat=\"no-repeat\" class=\"rev-slidebg\" data-no-retina>\n\t\t<!-- LAYERS -->\n\n\t\t<!-- LAYER NR. 1 -->\n\t\t<div class=\"tp-caption   tp-resizeme\" \n\t\t\t id=\"slide-35-layer-3\" \n\t\t\t data-x=\"365\" \n\t\t\t data-y=\"325\" \n\t\t\t\t\t\tdata-width=\"['412']\"\n\t\t\tdata-height=\"['26']\"\n \n\t\t\tdata-type=\"text\" \n\t\t\tdata-responsive_offset=\"on\" \n\n\t\t\tdata-frames='[{\"from\":\"z:0;rX:0deg;rY:0;rZ:0;sX:2;sY:2;skX:0;skY:0;opacity:0;\",\"mask\":\"x:0px;y:0px;\",\"speed\":1000,\"to\":\"o:1;\",\"delay\":2500,\"ease\":\"Power2.easeOut\"},{\"delay\":\"wait\",\"speed\":300,\"to\":\"opacity:0;\",\"ease\":\"nothing\"}]'\n\t\t\tdata-textAlign=\"['left','left','left','left']\"\n\t\t\tdata-paddingtop=\"[0,0,0,0]\"\n\t\t\tdata-paddingright=\"[0,0,0,0]\"\n\t\t\tdata-paddingbottom=\"[0,0,0,0]\"\n\t\t\tdata-paddingleft=\"[0,0,0,0]\"\n\n\t\t\tstyle=\"z-index: 5; min-width: 412px; max-width: 412px; max-width: 26px; max-width: 26px; white-space: normal; font-size: 25px; line-height: 24px; font-weight: 400; color: rgba(51,51,51,1);background-color:rgba(255,255,255,0.50);\">Preko 80  partnera \u0161irom Evrope! <\/div>\n\n\t\t<!-- LAYER NR. 2 -->\n\t\t<div class=\"tp-caption   tp-resizeme\" \n\t\t\t id=\"slide-35-layer-6\" \n\t\t\t data-x=\"360\" \n\t\t\t data-y=\"266\" \n\t\t\t\t\t\tdata-width=\"['481']\"\n\t\t\tdata-height=\"['auto']\"\n \n\t\t\tdata-type=\"text\" \n\t\t\tdata-responsive_offset=\"on\" \n\n\t\t\tdata-frames='[{\"from\":\"z:0;rX:0;rY:0;rZ:0;sX:0.9;sY:0.9;skX:0;skY:0;opacity:0;\",\"speed\":1500,\"to\":\"o:1;\",\"delay\":1000,\"ease\":\"Power3.easeInOut\"},{\"delay\":\"wait\",\"speed\":300,\"to\":\"opacity:0;\",\"ease\":\"nothing\"}]'\n\t\t\tdata-textAlign=\"['left','left','left','left']\"\n\t\t\tdata-paddingtop=\"[0,0,0,0]\"\n\t\t\tdata-paddingright=\"[0,0,0,0]\"\n\t\t\tdata-paddingbottom=\"[0,0,0,0]\"\n\t\t\tdata-paddingleft=\"[0,0,0,0]\"\n\n\t\t\tstyle=\"z-index: 6; min-width: 481px; max-width: 481px; white-space: normal; font-size: 45px; line-height: 45px; font-weight: 500; color: rgba(28,175,50,1);\">Zajedno mo\u017eemo vi\u0161e! <\/div>\n\t<\/li>\n<\/ul>\n<div class=\"tp-bannertimer tp-bottom\" style=\"visibility: hidden !important;\"><\/div>\t<\/div>\n<script>var htmlDiv = document.getElementById(\"rs-plugin-settings-inline-css\"); var htmlDivCss=\"\";\r\n\t\t\t\tif(htmlDiv) {\r\n\t\t\t\t\thtmlDiv.innerHTML = htmlDiv.innerHTML + htmlDivCss;\r\n\t\t\t\t}else{\r\n\t\t\t\t\tvar htmlDiv = document.createElement(\"div\");\r\n\t\t\t\t\thtmlDiv.innerHTML = \"<style>\" + htmlDivCss + \"<\/style>\";\r\n\t\t\t\t\tdocument.getElementsByTagName(\"head\")[0].appendChild(htmlDiv.childNodes[0]);\r\n\t\t\t\t}\r\n\t\t\t<\/script>\n\t\t<script type=\"text\/javascript\">\r\nsetREVStartSize({c: jQuery('#rev_slider_16_1'), gridwidth: [825], gridheight: [407], sliderLayout: 'auto'});\r\n\t\t\t\r\nvar revapi16,\r\n\ttpj=jQuery;\r\n\t\t\t\r\ntpj(document).ready(function() {\n\tif(tpj(\"#rev_slider_16_1\").revolution == undefined){\n\t\trevslider_showDoubleJqueryError(\"#rev_slider_16_1\");\n\t}else{\n\t\trevapi16 = tpj(\"#rev_slider_16_1\").show().revolution({\n\t\t\tsliderType:\"carousel\",\n\t\t\tjsFileLocation:\"\/\/lipaassociation.com\/wp-content\/plugins\/revslider\/public\/assets\/js\/\",\n\t\t\tsliderLayout:\"auto\",\n\t\t\tdottedOverlay:\"none\",\n\t\t\tdelay:9000,\n\t\t\tnavigation: {\n\t\t\t\tonHoverStop:\"off\",\n\t\t\t},\n\t\t\tcarousel: {\n\t\t\t\thorizontal_align: \"center\",\n\t\t\t\tvertical_align: \"center\",\n\t\t\t\tfadeout: \"on\",\n\t\t\t\tvary_fade: \"off\",\n\t\t\t\tmaxVisibleItems: 3,\n\t\t\t\tinfinity: \"off\",\n\t\t\t\tspace: 0,\n\t\t\t\tstretch: \"off\",\n \t\t\t\t\t\t\tshowLayersAllTime: \"off\",\n \t\t\t\t\t\t\teasing: \"Power3.easeInOut\",\n \t\t\t\t\t\t\tspeed: \"800\"\n\t\t\t},\n\t\t\tvisibilityLevels:[1240,1024,778,480],\n\t\t\tgridwidth:825,\n\t\t\tgridheight:407,\n\t\t\tlazyType:\"none\",\n\t\t\tshadow:0,\n\t\t\tspinner:\"spinner0\",\n\t\t\tstopLoop:\"off\",\n\t\t\tstopAfterLoops:-1,\n\t\t\tstopAtSlide:-1,\n\t\t\tshuffle:\"off\",\n\t\t\tautoHeight:\"off\",\n\t\t\tdisableProgressBar:\"on\",\n\t\t\thideThumbsOnMobile:\"off\",\n\t\t\thideSliderAtLimit:0,\n\t\t\thideCaptionAtLimit:0,\n\t\t\thideAllCaptionAtLilmit:0,\n\t\t\tdebugMode:false,\n\t\t\tfallbacks: {\n\t\t\t\tsimplifyAll:\"off\",\n\t\t\t\tnextSlideOnWindowFocus:\"off\",\n\t\t\t\tdisableFocusListener:false,\n\t\t\t}\n\t\t});\n\t}\n\t\n});\t\/*ready*\/\n<\/script>\r\n\t\t<\/div><!-- END REVOLUTION SLIDER -->[stm_spacing lg_spacing=&#8221;50px&#8221; md_spacing=&#8221;50px&#8221; sm_spacing=&#8221;50px&#8221; xs_spacing=&#8221;50px&#8221;][vc_tta_tour shape=&#8221;square&#8221; active_section=&#8221;1&#8243;][vc_tta_section title=&#8221;Srbija&#8221; tab_id=&#8221;1481999228530-d74375a2-75a0&#8243;][stm_partner style=&#8221;style_2&#8243; title=&#8221;Feniks&#8221; logo=&#8221;1716&#8243; description=&#8221;Pogrebno preduzece Feniks pored osnovne delatnosti medjunarodni \u2013 internacionalni prevoz pokojnika dugi niz godina pruza pogrebne usluge i savete klijentima u teskim trenucima. Tu smo da vam pruzimo profesionalni prevoz umrlih lica, nabavku kad je u pitanju pogrebna oprema kao i uslugu organizacije pogreba i administrativne usluge od trenutka smrti do sahrane.&#8221; link=&#8221;url:http{ff029b9ed727a8cfab64ff35f0970f431e658f61ec42594ff25da87028f3ebdc}3A{ff029b9ed727a8cfab64ff35f0970f431e658f61ec42594ff25da87028f3ebdc}2F{ff029b9ed727a8cfab64ff35f0970f431e658f61ec42594ff25da87028f3ebdc}2Fpogrebno-feniks.com{ff029b9ed727a8cfab64ff35f0970f431e658f61ec42594ff25da87028f3ebdc}2F|title:www.pogrebno-feniks.com|&#8221; position=&#8221;Preduzece Za Pogrebne Usluge I Prevoz Pokojnika&#8221; css=&#8221;.vc_custom_1473115980425{margin-bottom: 50px !important;}&#8221;][stm_partner style=&#8221;style_2&#8243; title=&#8221;Venac&#8221; logo=&#8221;1717&#8243; description=&#8221;Pogrebno preduze\u0107e \u201cVenac\u201d osnovano je 2005. godine, sa ciljem da o\u017ealo\u0161\u0107enim porodicama u najte\u017eim trenucima pomognemo i ponudimo im iz na\u0161eg \u0161irokog asortimana sve \u0161to je neophodno za lak\u0161u organizaciju I sam \u010din sahrane. Mi smo profesionalni servis koji temeljno planira i organizuje sahrane na celoj teritoriji Srbije i inostranstva.&#8221; link=&#8221;url:http{ff029b9ed727a8cfab64ff35f0970f431e658f61ec42594ff25da87028f3ebdc}3A{ff029b9ed727a8cfab64ff35f0970f431e658f61ec42594ff25da87028f3ebdc}2F{ff029b9ed727a8cfab64ff35f0970f431e658f61ec42594ff25da87028f3ebdc}2Fwww.medjunarodnepogrebneusluge.com{ff029b9ed727a8cfab64ff35f0970f431e658f61ec42594ff25da87028f3ebdc}2F|title:Web{ff029b9ed727a8cfab64ff35f0970f431e658f61ec42594ff25da87028f3ebdc}20Site|&#8221; position=&#8221;Medjunarodne Pogrebne Usluge&#8221; css=&#8221;.vc_custom_1473115995960{margin-bottom: 50px !important;}&#8221;][stm_partner style=&#8221;style_2&#8243; title=&#8221;In Memoriam&#8221; logo=&#8221;1741&#8243; description=&#8221;Pogrebno preduze\u0107e In Memoriam se trudi da porodicama preminulih jednim delom olak\u0161a taj te\u017eak i nimalo prijatan doga\u0111aj pru\u017eaju\u0107i svoje pogrebne usluge. Kompletna pogrebna oprema, organizacija sahrane i kremacije kao i prevoz pokojnika za sva Beogradska groblja ili inostranstvo. Pomo\u0107i \u0107emo Vam da svoje drage ispratite na sve\u010dan i dostojanstven na\u010din i da se u potpunosti posvetite porodici i prijateljima koji su do\u0161li da sa Vama podele bol zbog gubitka bliske osobe.&#8221; link=&#8221;url:http{ff029b9ed727a8cfab64ff35f0970f431e658f61ec42594ff25da87028f3ebdc}3A{ff029b9ed727a8cfab64ff35f0970f431e658f61ec42594ff25da87028f3ebdc}2F{ff029b9ed727a8cfab64ff35f0970f431e658f61ec42594ff25da87028f3ebdc}2Fwww.pogrebna-oprema.rs{ff029b9ed727a8cfab64ff35f0970f431e658f61ec42594ff25da87028f3ebdc}2F|title:Saznaj{ff029b9ed727a8cfab64ff35f0970f431e658f61ec42594ff25da87028f3ebdc}20Vise|&#8221; position=&#8221;Pogrebno Preduzece IN MEMORIAM&#8221; css=&#8221;.vc_custom_1473107354743{margin-bottom: 50px !important;}&#8221;][stm_partner style=&#8221;style_2&#8243; title=&#8221;Oreol B&#8221; logo=&#8221;1742&#8243; description=&#8221;Agencija za pogrebne usluge &#8220;Oreol&#8220; osnovana je 1997.godine sa sedi\u0161tem u Ni\u0161u. Organizovana je po uzoru na vode\u0107e svetske agencije za pru\u017eanje pogrebnih usluga. Na\u0161a profesionalnost je i na\u0161a najbolja reklama! Korisnici na\u0161ih usluga neprekidno prenose dobar glas o nama i na\u0161oj poslovnosti, uslu\u017enosti i ljubaznosti. &#8221; link=&#8221;url:http{ff029b9ed727a8cfab64ff35f0970f431e658f61ec42594ff25da87028f3ebdc}3A{ff029b9ed727a8cfab64ff35f0970f431e658f61ec42594ff25da87028f3ebdc}2F{ff029b9ed727a8cfab64ff35f0970f431e658f61ec42594ff25da87028f3ebdc}2Fwww.pogrebnaoprema.com{ff029b9ed727a8cfab64ff35f0970f431e658f61ec42594ff25da87028f3ebdc}2F|title:saznaj{ff029b9ed727a8cfab64ff35f0970f431e658f61ec42594ff25da87028f3ebdc}20vise|&#8221; position=&#8221;Agencija Za Pogrebne Usluge &#8221; css=&#8221;.vc_custom_1473107510345{margin-bottom: 50px !important;}&#8221;][stm_partner style=&#8221;style_2&#8243; title=&#8221;Radovi\u0107 Internacional&#8221; logo=&#8221;2771&#8243; description=&#8221;Potrebna Vam je pogrebna usluga uklju\u010duju\u0107i organizaciju sahrane, nabavku pogrebne opreme i transport upokojene\/og?<br \/>\nNa vama je samo da nas pozovete, sve ostalo je na\u0161a briga. Nudimo Vam usluge organizovanja sahrana po veoma povoljnim cenama a na\u0161e iskustvo od preko 30 godina garantuje &#8230;&#8221; link=&#8221;url:http{ff029b9ed727a8cfab64ff35f0970f431e658f61ec42594ff25da87028f3ebdc}3A{ff029b9ed727a8cfab64ff35f0970f431e658f61ec42594ff25da87028f3ebdc}2F{ff029b9ed727a8cfab64ff35f0970f431e658f61ec42594ff25da87028f3ebdc}2Fradovic-ikg.com|title:saznaj{ff029b9ed727a8cfab64ff35f0970f431e658f61ec42594ff25da87028f3ebdc}20vise|&#8221; position=&#8221;Agencija Za Pogrebne Usluge &#8221; css=&#8221;.vc_custom_1490728539720{margin-bottom: 50px !important;}&#8221;][\/vc_tta_section][vc_tta_section title=&#8221;BIH&#8221; tab_id=&#8221;1482001316030-26f7adc2-7aab&#8221;][stm_partner style=&#8221;style_2&#8243; title=&#8221;Krsic&#8221; logo=&#8221;1744&#8243; description=&#8221;Sa radom smo poceli prvi na ovim prostorima, sada vec davne 1995 godine i od male pogrebno-cvjecarske radnje, prerasli smo u modernu pogrebnu firmu, koja se bavi proizvodnjom pogrebne opreme za sve konfesije, izradom aranzmana za sve prilike od suvog I svjezeg cvjeca, kao i prevozom pokojnika specijalizovanim pogrebnim vozilima iz naseg voznog parka.&#8221; link=&#8221;url:http{ff029b9ed727a8cfab64ff35f0970f431e658f61ec42594ff25da87028f3ebdc}3A{ff029b9ed727a8cfab64ff35f0970f431e658f61ec42594ff25da87028f3ebdc}2F{ff029b9ed727a8cfab64ff35f0970f431e658f61ec42594ff25da87028f3ebdc}2Fpogrebneuslugederventa.info{ff029b9ed727a8cfab64ff35f0970f431e658f61ec42594ff25da87028f3ebdc}2F|title:saznaj{ff029b9ed727a8cfab64ff35f0970f431e658f61ec42594ff25da87028f3ebdc}20vise|&#8221; position=&#8221;Pogrebni Centar &#8221; css=&#8221;.vc_custom_1473108157132{margin-bottom: 50px !important;}&#8221;][\/vc_tta_section][vc_tta_section title=&#8221;Crna Gora&#8221; tab_id=&#8221;1482002994276-91023607-bd3f&#8221;][\/vc_tta_section][vc_tta_section title=&#8221;Hrvatska&#8221; tab_id=&#8221;1482001317545-19d35111-c5f9&#8243;][\/vc_tta_section][vc_tta_section title=&#8221;Slovenija&#8221; tab_id=&#8221;1482002659516-e9d59ebd-0a0b&#8221;][\/vc_tta_section][vc_tta_section title=&#8221;Makedonija&#8221; tab_id=&#8221;1482002670609-2d90f49f-ec7b&#8221;][\/vc_tta_section][vc_tta_section title=&#8221;Ma\u0111arska&#8221; tab_id=&#8221;1482003518259-b9557f32-996d&#8221;][\/vc_tta_section][vc_tta_section title=&#8221;Francuska&#8221; tab_id=&#8221;1481999228655-b22cb892-739a&#8221;][stm_partner style=&#8221;style_2&#8243; title=&#8221;Feniks&#8221; logo=&#8221;1716&#8243; description=&#8221;Pogrebno preduzece Feniks pored osnovne delatnosti medjunarodni \u2013 internacionalni prevoz pokojnika dugi niz godina pruza pogrebne usluge i savete klijentima u teskim trenucima. Tu smo da vam pruzimo profesionalni prevoz umrlih lica, nabavku kad je u pitanju pogrebna oprema kao i uslugu organizacije pogreba i administrativne usluge od trenutka smrti do sahrane.&#8221; link=&#8221;url:http{ff029b9ed727a8cfab64ff35f0970f431e658f61ec42594ff25da87028f3ebdc}3A{ff029b9ed727a8cfab64ff35f0970f431e658f61ec42594ff25da87028f3ebdc}2F{ff029b9ed727a8cfab64ff35f0970f431e658f61ec42594ff25da87028f3ebdc}2Fpogrebno-feniks.com{ff029b9ed727a8cfab64ff35f0970f431e658f61ec42594ff25da87028f3ebdc}2F|title:www.pogrebno-feniks.com|&#8221; position=&#8221;Preduzece Za Pogrebne Usluge I Prevoz Pokojnika&#8221; css=&#8221;.vc_custom_1473115980425{margin-bottom: 50px !important;}&#8221;][\/vc_tta_section][vc_tta_section title=&#8221;Nema\u010dka&#8221; tab_id=&#8221;1482001308036-57f0b56f-7c64&#8243;][\/vc_tta_section][vc_tta_section title=&#8221;Austrija&#8221; tab_id=&#8221;1482003680526-2b6ea0c0-81e1&#8243;][\/vc_tta_section][vc_tta_section title=&#8221;\u0160vajcarska&#8221; tab_id=&#8221;1482003678479-40702292-4c65&#8243;][\/vc_tta_section][vc_tta_section title=&#8221;Benelux&#8221; tab_id=&#8221;1482001312195-f26c0980-65d0&#8243;][\/vc_tta_section][vc_tta_section title=&#8221;Italija&#8221; tab_id=&#8221;1482001314660-e8b32f03-8fbe&#8221;][\/vc_tta_section][vc_tta_section title=&#8221;\u0160panija&#8221; tab_id=&#8221;1482003941292-fe459762-48c7&#8243;][\/vc_tta_section][vc_tta_section title=&#8221;Engleska&#8221; tab_id=&#8221;1482001313463-22c45676-7266&#8243;][\/vc_tta_section][vc_tta_section title=&#8221;Rumunija&#8221; tab_id=&#8221;1482003510171-69081ca5-f106&#8243;][\/vc_tta_section][vc_tta_section title=&#8221;Bugarska&#8221; tab_id=&#8221;1482003515233-7928826e-cc49&#8243;][\/vc_tta_section][vc_tta_section title=&#8221;Slova\u010dka&#8221; tab_id=&#8221;1482003519639-cf9a76e7-77c7&#8243;][\/vc_tta_section][vc_tta_section title=&#8221;\u010ce\u0161ka&#8221; tab_id=&#8221;1482004011035-9fde2fc5-468f&#8221;][\/vc_tta_section][\/vc_tta_tour][\/vc_column][vc_column width=&#8221;1\/4&#8243;][vc_wp_custommenu nav_menu=&#8221;65&#8243;][stm_sidebar sidebar=&#8221;2963&#8243;][\/vc_column][\/vc_row][vc_row full_width=&#8221;stretch_row&#8221; css=&#8221;.vc_custom_1459505959648{margin-bottom: -60px !important;}&#8221; el_class=&#8221;third_bg_color&#8221;][vc_column][vc_cta h2=&#8221;Postanite \u010dlan Lipa Association &#8211; po\u0161aljite zahtev za \u010dlanstvo\u00a0!&#8221; h2_font_container=&#8221;font_size:20px|color:{ff029b9ed727a8cfab64ff35f0970f431e658f61ec42594ff25da87028f3ebdc}23ffffff|line_height:24px&#8221; h2_use_theme_fonts=&#8221;yes&#8221; shape=&#8221;square&#8221; style=&#8221;flat&#8221; add_button=&#8221;right&#8221; btn_title=&#8221;ZAHTEV ZA \u010cLANSTVO &#8221; btn_style=&#8221;flat&#8221; btn_color=&#8221;theme_style_2&#8243; btn_align=&#8221;right&#8221; btn_i_align=&#8221;right&#8221; btn_i_icon_fontawesome=&#8221;fa fa-chevron-right&#8221; use_custom_fonts_h2=&#8221;true&#8221; btn_link=&#8221;url:http{ff029b9ed727a8cfab64ff35f0970f431e658f61ec42594ff25da87028f3ebdc}3A{ff029b9ed727a8cfab64ff35f0970f431e658f61ec42594ff25da87028f3ebdc}2F{ff029b9ed727a8cfab64ff35f0970f431e658f61ec42594ff25da87028f3ebdc}2Fwww.lipaassociation.com{ff029b9ed727a8cfab64ff35f0970f431e658f61ec42594ff25da87028f3ebdc}2Fzahtev-za-clanstvo{ff029b9ed727a8cfab64ff35f0970f431e658f61ec42594ff25da87028f3ebdc}2F{ff029b9ed727a8cfab64ff35f0970f431e658f61ec42594ff25da87028f3ebdc}3Flang{ff029b9ed727a8cfab64ff35f0970f431e658f61ec42594ff25da87028f3ebdc}3Dsr|&#8221; btn_add_icon=&#8221;true&#8221; el_class=&#8221;third_bg_color&#8221; css=&#8221;.vc_custom_1499252792903{margin-bottom: 0px !important;}&#8221;][\/vc_cta][\/vc_column][\/vc_row]<\/p>\n","protected":false},"excerpt":{"rendered":"<p>[vc_row css=&#8221;.vc_custom_1459506306543{margin-bottom: 100px !important;}&#8221;][vc_column width=&#8221;3\/4&#8243;][stm_spacing lg_spacing=&#8221;50px&#8221; md_spacing=&#8221;50px&#8221; sm_spacing=&#8221;50px&#8221; xs_spacing=&#8221;50px&#8221;][vc_tta_tour shape=&#8221;square&#8221; active_section=&#8221;1&#8243;][vc_tta_section title=&#8221;Srbija&#8221; tab_id=&#8221;1481999228530-d74375a2-75a0&#8243;][stm_partner style=&#8221;style_2&#8243; title=&#8221;Feniks&#8221; logo=&#8221;1716&#8243; description=&#8221;Pogrebno preduzece Feniks pored osnovne delatnosti medjunarodni \u2013 internacionalni prevoz pokojnika dugi niz godina pruza pogrebne usluge i savete klijentima u teskim trenucima. Tu smo da vam pruzimo profesionalni prevoz umrlih lica, nabavku kad je u pitanju pogrebna oprema<\/p>\n","protected":false},"author":1,"featured_media":0,"parent":2853,"menu_order":0,"comment_status":"closed","ping_status":"closed","template":"","meta":[],"_links":{"self":[{"href":"http:\/\/lipaassociation.com\/sr\/wp-json\/wp\/v2\/pages\/3005"}],"collection":[{"href":"http:\/\/lipaassociation.com\/sr\/wp-json\/wp\/v2\/pages"}],"about":[{"href":"http:\/\/lipaassociation.com\/sr\/wp-json\/wp\/v2\/types\/page"}],"author":[{"embeddable":true,"href":"http:\/\/lipaassociation.com\/sr\/wp-json\/wp\/v2\/users\/1"}],"replies":[{"embeddable":true,"href":"http:\/\/lipaassociation.com\/sr\/wp-json\/wp\/v2\/comments?post=3005"}],"version-history":[{"count":7,"href":"http:\/\/lipaassociation.com\/sr\/wp-json\/wp\/v2\/pages\/3005\/revisions"}],"predecessor-version":[{"id":3827,"href":"http:\/\/lipaassociation.com\/sr\/wp-json\/wp\/v2\/pages\/3005\/revisions\/3827"}],"up":[{"embeddable":true,"href":"http:\/\/lipaassociation.com\/sr\/wp-json\/wp\/v2\/pages\/2853"}],"wp:attachment":[{"href":"http:\/\/lipaassociation.com\/sr\/wp-json\/wp\/v2\/media?parent=3005"}],"curies":[{"name":"wp","href":"https:\/\/api.w.org\/{rel}","templated":true}]}}