{"id":3112,"date":"2016-12-27T00:00:00","date_gmt":"2016-12-27T00:00:00","guid":{"rendered":"http:\/\/lipaassociation.com\/clanski-paketi\/"},"modified":"2018-01-28T22:37:25","modified_gmt":"2018-01-28T22:37:25","slug":"clanski-paketi","status":"publish","type":"page","link":"http:\/\/lipaassociation.com\/sr\/clanski-paketi\/","title":{"rendered":"\u010clanski paketi"},"content":{"rendered":"<p>[vc_row][vc_column][vc_custom_heading text=&#8221;Na\u0161i \u010dlanski paketi&#8221; font_container=&#8221;tag:h3|text_align:left&#8221; use_theme_fonts=&#8221;yes&#8221; subtitle=&#8221;Na\u0161e ponude pogrebnih garancija sve imaju 3 formule po nazivu Single, Duo i Family.&#8221;][\/vc_column][\/vc_row][vc_row full_width=&#8221;stretch_row&#8221; css=&#8221;.vc_custom_1485873592222{padding-top: 0px !important;padding-bottom: 50px !important;}&#8221;][vc_column width=&#8221;1\/2&#8243; offset=&#8221;vc_col-lg-4 vc_col-md-4&#8243;][stm_info_box style=&#8221;style_3&#8243; title_icon=&#8221;fa fa-male&#8221; icon=&#8221;fa fa-chevron-right&#8221; title=&#8221;Lipa Single &#8211; Personalna \u010clanarina&#8221; image=&#8221;1577&#8243; link=&#8221;url:http%3A%2F%2Flipaassociation.com%2Fsr%2Fclanski-paketi%2Fsingle%2F|title:saznaj%20vi%C5%A1e|&#8221; css=&#8221;.vc_custom_1516701163166{margin-bottom: 0px !important;}&#8221;]Lipa SINGLE je pojedina\u010dna pogrebna garancija za punoletnu osobu sa navr\u0161enih 18 i vi\u0161e godina.[\/stm_info_box][stm_spacing sm_spacing=&#8221;30px&#8221; xs_spacing=&#8221;30px&#8221;][\/vc_column][vc_column width=&#8221;1\/2&#8243; offset=&#8221;vc_col-lg-4 vc_col-md-4&#8243;][stm_info_box style=&#8221;style_3&#8243; title_icon=&#8221;stm-nokia&#8221; icon=&#8221;fa fa-chevron-right&#8221; title=&#8221;Lipa Duo &#8211; \u010clanarina Za Parove&#8221; image=&#8221;1574&#8243; link=&#8221;url:http%3A%2F%2Flipaassociation.com%2Fsr%2Fclanski-paketi%2Fduo%2F|title:saznaj%20vi%C5%A1e|&#8221; css=&#8221;.vc_custom_1516701211879{margin-bottom: 0px !important;}&#8221;]Lipa DUO je pogrebna garancija za parove odnosno za dve punoletne osobe koje imaju istu adresu stanovanja.[\/stm_info_box][stm_spacing sm_spacing=&#8221;30px&#8221; xs_spacing=&#8221;30px&#8221;][\/vc_column][vc_column width=&#8221;1\/2&#8243; offset=&#8221;vc_col-lg-4 vc_col-md-4&#8243;][stm_info_box style=&#8221;style_3&#8243; title_icon=&#8221;stm-mans&#8221; icon=&#8221;fa fa-chevron-right&#8221; title=&#8221;Lipa FAMILY &#8211; Porodi\u010dna \u010clanarina&#8221; image=&#8221;1575&#8243; link=&#8221;url:http%3A%2F%2Flipaassociation.com%2Fsr%2Fclanski-paketi%2Ffamily%2F|title:saznaj%20vi%C5%A1e|&#8221; css=&#8221;.vc_custom_1516701238053{margin-bottom: 0px !important;}&#8221;]Lipa FAMILY je porodi\u010dna pogrebna garancija za jednu ili dve punoletne osobe sa najvi\u0161e cetvoro dece do 21 godine starosti.[\/stm_info_box][\/vc_column][\/vc_row][vc_row][vc_column width=&#8221;2\/3&#8243; css=&#8221;.vc_custom_1485870655789{padding-top: 10px !important;padding-bottom: 10px !important;}&#8221;][vc_row_inner css=&#8221;.vc_custom_1485873286124{background-color: #f7f7f7 !important;}&#8221;][vc_column_inner css=&#8221;.vc_custom_1485873316621{padding-bottom: 15px !important;}&#8221;][vc_custom_heading text=&#8221;Pravila&#8221; font_container=&#8221;tag:h3|text_align:left&#8221; use_theme_fonts=&#8221;yes&#8221;][vc_column_text]\u010clanstvo i upis u udru\u017eenju mo\u017ee zatra\u017eiti svaka punoletna osoba ( 18 godina ) bilo kog dr\u017eavljanstva i veroispovesti.<\/p>\n<p>Ne uzima se u obzir dali je legalno ili ne u dr\u017eavu prebivali\u0161ta.<\/p>\n<p>Nema limita starosnih godina.<\/p>\n<p>Svaki novi \u010dlan treba dostaviti fotokopiju svoje li\u010dne dokumente za upis.<\/p>\n<p>Nijedan upis se ne registruje bez uplate.<\/p>\n<p>Pla\u0107a se samo jednom za upis u udru\u017eenju i nezavisna je o paketu koj ste izabrali, o dr\u017eavi gde se nalazite ili dali ste samostalno, u zajednici ili familijarno u\u0161li u dru\u0161tvu.<\/p>\n<p>Datum registracije se uvodi od onog dana kada je uplata registrovana na ra\u010dunu udru\u017eenja.<\/p>\n<p>Za svakog novog \u010dlana, pogrebna garancija stupa na snazi 190 dana posle registracije.<\/p>\n<p>U tom periodu samo saobra\u0107ajne nesre\u0107e i nesre\u0107e na poslu su zagarantovane, kao i nepredvidljivi uzroci smrti ( sr\u010dani i mo\u017edani infarkt itd )<\/p>\n<p>Udru\u017eenje LIPA stoji iza svakog svog \u010dlana i bi\u0107e prisutno uz porodicu u najte\u017eim trenucima.[\/vc_column_text][\/vc_column_inner][\/vc_row_inner][\/vc_column][vc_column width=&#8221;1\/3&#8243; css=&#8221;.vc_custom_1485870823752{margin-top: 10px !important;}&#8221;][stm_sidebar sidebar=&#8221;3131&#8243;][\/vc_column][\/vc_row][vc_row][vc_column][stm_spacing sm_spacing=&#8221;30px&#8221; xs_spacing=&#8221;30px&#8221; lg_spacing=&#8221;30&#8243; md_spacing=&#8221;30&#8243;][\/vc_column][\/vc_row][vc_row full_width=&#8221;stretch_row&#8221; css=&#8221;.vc_custom_1459505959648{margin-bottom: -60px !important;}&#8221; el_class=&#8221;third_bg_color&#8221;][vc_column][vc_cta h2=&#8221;Postanite nas \u010dlan &#8211; po\u0161aljite zahtev za \u010dlanstvo?&#8221; h2_font_container=&#8221;font_size:20px|color:{ff029b9ed727a8cfab64ff35f0970f431e658f61ec42594ff25da87028f3ebdc}23ffffff|line_height:24px&#8221; h2_use_theme_fonts=&#8221;yes&#8221; shape=&#8221;square&#8221; style=&#8221;flat&#8221; add_button=&#8221;right&#8221; btn_title=&#8221;po\u0161alji zahtev&#8221; btn_style=&#8221;flat&#8221; btn_color=&#8221;theme_style_2&#8243; btn_align=&#8221;right&#8221; btn_i_align=&#8221;right&#8221; btn_i_icon_fontawesome=&#8221;fa fa-chevron-right&#8221; use_custom_fonts_h2=&#8221;true&#8221; btn_link=&#8221;url:http{ff029b9ed727a8cfab64ff35f0970f431e658f61ec42594ff25da87028f3ebdc}3A{ff029b9ed727a8cfab64ff35f0970f431e658f61ec42594ff25da87028f3ebdc}2F{ff029b9ed727a8cfab64ff35f0970f431e658f61ec42594ff25da87028f3ebdc}2Fwww.lipaassociation.com{ff029b9ed727a8cfab64ff35f0970f431e658f61ec42594ff25da87028f3ebdc}2Fzahtev-za-clanstvo{ff029b9ed727a8cfab64ff35f0970f431e658f61ec42594ff25da87028f3ebdc}2F{ff029b9ed727a8cfab64ff35f0970f431e658f61ec42594ff25da87028f3ebdc}3Flang{ff029b9ed727a8cfab64ff35f0970f431e658f61ec42594ff25da87028f3ebdc}3Dsr|&#8221; btn_add_icon=&#8221;true&#8221; el_class=&#8221;third_bg_color&#8221; css=&#8221;.vc_custom_1486716090718{margin-bottom: 0px !important;}&#8221;][\/vc_cta][\/vc_column][\/vc_row]<\/p>\n","protected":false},"excerpt":{"rendered":"<p>[vc_row][vc_column][vc_custom_heading text=&#8221;Na\u0161i \u010dlanski paketi&#8221; font_container=&#8221;tag:h3|text_align:left&#8221; use_theme_fonts=&#8221;yes&#8221; subtitle=&#8221;Na\u0161e ponude pogrebnih garancija sve imaju 3 formule po nazivu Single, Duo i Family.&#8221;][\/vc_column][\/vc_row][vc_row full_width=&#8221;stretch_row&#8221; css=&#8221;.vc_custom_1485873592222{padding-top: 0px !important;padding-bottom: 50px !important;}&#8221;][vc_column width=&#8221;1\/2&#8243; offset=&#8221;vc_col-lg-4 vc_col-md-4&#8243;][stm_info_box style=&#8221;style_3&#8243; title_icon=&#8221;fa fa-male&#8221; icon=&#8221;fa fa-chevron-right&#8221; title=&#8221;Lipa Single &#8211; Personalna \u010clanarina&#8221; image=&#8221;1577&#8243; link=&#8221;url:http%3A%2F%2Flipaassociation.com%2Fsr%2Fclanski-paketi%2Fsingle%2F|title:saznaj%20vi%C5%A1e|&#8221; css=&#8221;.vc_custom_1516701163166{margin-bottom: 0px !important;}&#8221;]Lipa SINGLE je pojedina\u010dna pogrebna garancija za punoletnu osobu sa navr\u0161enih 18<\/p>\n","protected":false},"author":1,"featured_media":0,"parent":0,"menu_order":0,"comment_status":"closed","ping_status":"closed","template":"","meta":[],"_links":{"self":[{"href":"http:\/\/lipaassociation.com\/sr\/wp-json\/wp\/v2\/pages\/3112"}],"collection":[{"href":"http:\/\/lipaassociation.com\/sr\/wp-json\/wp\/v2\/pages"}],"about":[{"href":"http:\/\/lipaassociation.com\/sr\/wp-json\/wp\/v2\/types\/page"}],"author":[{"embeddable":true,"href":"http:\/\/lipaassociation.com\/sr\/wp-json\/wp\/v2\/users\/1"}],"replies":[{"embeddable":true,"href":"http:\/\/lipaassociation.com\/sr\/wp-json\/wp\/v2\/comments?post=3112"}],"version-history":[{"count":8,"href":"http:\/\/lipaassociation.com\/sr\/wp-json\/wp\/v2\/pages\/3112\/revisions"}],"predecessor-version":[{"id":4134,"href":"http:\/\/lipaassociation.com\/sr\/wp-json\/wp\/v2\/pages\/3112\/revisions\/4134"}],"wp:attachment":[{"href":"http:\/\/lipaassociation.com\/sr\/wp-json\/wp\/v2\/media?parent=3112"}],"curies":[{"name":"wp","href":"https:\/\/api.w.org\/{rel}","templated":true}]}}