{"id":3142,"date":"2016-12-27T00:00:00","date_gmt":"2016-12-27T00:00:00","guid":{"rendered":"http:\/\/lipaassociation.com\/clanski-paketi\/single\/"},"modified":"2017-07-16T20:29:10","modified_gmt":"2017-07-16T20:29:10","slug":"single","status":"publish","type":"page","link":"http:\/\/lipaassociation.com\/sr\/clanski-paketi\/single\/","title":{"rendered":"Single"},"content":{"rendered":"<p>[vc_row][vc_column width=&#8221;2\/3&#8243; css=&#8221;.vc_custom_1485870655789{padding-top: 10px !important;padding-bottom: 10px !important;}&#8221;][vc_row_inner][vc_column_inner css=&#8221;.vc_custom_1485871870588{padding-bottom: 15px !important;background-color: #f7f7f7 !important;}&#8221;][vc_custom_heading text=&#8221;Single formula podrazumeva&#8221; font_container=&#8221;tag:h3|text_align:left&#8221; use_theme_fonts=&#8221;yes&#8221;][vc_column_text]<\/p>\n<ul>\n<li><span style=\"font-size: 12pt;\">punoletnu osobu ( 18 godina )<\/span><\/li>\n<li><span style=\"font-size: 12pt;\">bilo kog dr\u017eavljanstva i veroispovesti<\/span><\/li>\n<li><span style=\"font-size: 12pt;\">sa redovnim prebivali\u0161tem u evropi<\/span><\/li>\n<\/ul>\n<p>[\/vc_column_text][\/vc_column_inner][\/vc_row_inner][stm_spacing lg_spacing=&#8221;35&#8243; md_spacing=&#8221;35&#8243; sm_spacing=&#8221;35&#8243; xs_spacing=&#8221;35&#8243;][vc_row_inner css=&#8221;.vc_custom_1485871889446{padding-bottom: 15px !important;background-color: #f7f7f7 !important;}&#8221;][vc_column_inner][vc_custom_heading text=&#8221;Pravila&#8221; font_container=&#8221;tag:h3|text_align:left&#8221; use_theme_fonts=&#8221;yes&#8221;][vc_column_text]Prvi upis u \u010dlanstvo se napla\u0107uje po ceni od 58\u20ac do 65 godina starosti na dan upisa ( zapadna i rest evropa).<\/p>\n<p>Prvi upis u \u010dlanstvo se napla\u0107uje po ceni od 38\u20ac do 65 godina starosti na dan upisa ( za ex-YU dr\u017eave).<\/p>\n<p>Za nove \u010dlanove preko 65 godina starosti na dan upisa pogledati cenovnik upisa.<\/p>\n<p>Pla\u0107a se samo jednom za upis u udru\u017eenje i nezavisna je o paketu koji ste izabrali, o dr\u017eavi gde se nalazite ili da li ste samostalno, u zajednici ili familijarno u\u0161li u dru\u0161tvo.<\/p>\n<p>Datum registracije se uvodi od onog dana kada je uplata registrovana na ra\u010dun udru\u017eenja.<\/p>\n<p>&nbsp;<\/p>\n<p>Za svakog novog \u010dlana, pogrebna garancija stupa na snagu 190 dana posle registracije.<\/p>\n<p>U tom periodu samo saobra\u0107ajne nesre\u0107e i nesre\u0107e na poslu su zagarantovane, kao i nepredvidljivi uzroci smrti ( sr\u010dani i mo\u017edani infarkt itd )<\/p>\n<p>Udru\u017eenje LIPA stoji iza svakog svog \u010dlana i bi\u0107e prisutno uz porodicu u najte\u017eim trenucima.[\/vc_column_text][\/vc_column_inner][\/vc_row_inner][\/vc_column][vc_column width=&#8221;1\/3&#8243; css=&#8221;.vc_custom_1485870823752{margin-top: 10px !important;}&#8221;][vc_wp_custommenu nav_menu=&#8221;80&#8243;][stm_sidebar sidebar=&#8221;2963&#8243;][\/vc_column][\/vc_row][vc_row][vc_column][stm_spacing lg_spacing=&#8221;35&#8243; md_spacing=&#8221;35&#8243; sm_spacing=&#8221;35&#8243; xs_spacing=&#8221;35&#8243;][\/vc_column][\/vc_row][vc_row full_width=&#8221;stretch_row&#8221; css=&#8221;.vc_custom_1459505959648{margin-bottom: -60px !important;}&#8221; el_class=&#8221;third_bg_color&#8221;][vc_column][vc_cta h2=&#8221;Postanite nas \u010dlan &#8211; po\u0161aljite zahtev za \u010dlanstvo?&#8221; h2_font_container=&#8221;font_size:20px|color:{ff029b9ed727a8cfab64ff35f0970f431e658f61ec42594ff25da87028f3ebdc}23ffffff|line_height:24px&#8221; h2_use_theme_fonts=&#8221;yes&#8221; shape=&#8221;square&#8221; style=&#8221;flat&#8221; add_button=&#8221;right&#8221; btn_title=&#8221;po\u0161alji zahtev&#8221; btn_style=&#8221;flat&#8221; btn_color=&#8221;theme_style_2&#8243; btn_align=&#8221;right&#8221; btn_i_align=&#8221;right&#8221; btn_i_icon_fontawesome=&#8221;fa fa-chevron-right&#8221; use_custom_fonts_h2=&#8221;true&#8221; btn_link=&#8221;url:http{ff029b9ed727a8cfab64ff35f0970f431e658f61ec42594ff25da87028f3ebdc}3A{ff029b9ed727a8cfab64ff35f0970f431e658f61ec42594ff25da87028f3ebdc}2F{ff029b9ed727a8cfab64ff35f0970f431e658f61ec42594ff25da87028f3ebdc}2Fwww.lipaassociation.com{ff029b9ed727a8cfab64ff35f0970f431e658f61ec42594ff25da87028f3ebdc}2Fzahtev-za-clanstvo{ff029b9ed727a8cfab64ff35f0970f431e658f61ec42594ff25da87028f3ebdc}2F{ff029b9ed727a8cfab64ff35f0970f431e658f61ec42594ff25da87028f3ebdc}3Flang{ff029b9ed727a8cfab64ff35f0970f431e658f61ec42594ff25da87028f3ebdc}3Dsr|&#8221; btn_add_icon=&#8221;true&#8221; el_class=&#8221;third_bg_color&#8221; css=&#8221;.vc_custom_1486716090718{margin-bottom: 0px !important;}&#8221;][\/vc_cta][\/vc_column][\/vc_row]<\/p>\n","protected":false},"excerpt":{"rendered":"<p>[vc_row][vc_column width=&#8221;2\/3&#8243; css=&#8221;.vc_custom_1485870655789{padding-top: 10px !important;padding-bottom: 10px !important;}&#8221;][vc_row_inner][vc_column_inner css=&#8221;.vc_custom_1485871870588{padding-bottom: 15px !important;background-color: #f7f7f7 !important;}&#8221;][vc_custom_heading text=&#8221;Single formula podrazumeva&#8221; font_container=&#8221;tag:h3|text_align:left&#8221; use_theme_fonts=&#8221;yes&#8221;][vc_column_text] punoletnu osobu ( 18 godina ) bilo kog dr\u017eavljanstva i veroispovesti sa redovnim prebivali\u0161tem u evropi [\/vc_column_text][\/vc_column_inner][\/vc_row_inner][stm_spacing lg_spacing=&#8221;35&#8243; md_spacing=&#8221;35&#8243; sm_spacing=&#8221;35&#8243; xs_spacing=&#8221;35&#8243;][vc_row_inner css=&#8221;.vc_custom_1485871889446{padding-bottom: 15px !important;background-color: #f7f7f7 !important;}&#8221;][vc_column_inner][vc_custom_heading text=&#8221;Pravila&#8221; font_container=&#8221;tag:h3|text_align:left&#8221; use_theme_fonts=&#8221;yes&#8221;][vc_column_text]Prvi upis u \u010dlanstvo se napla\u0107uje po ceni od 58\u20ac<\/p>\n","protected":false},"author":1,"featured_media":0,"parent":3112,"menu_order":0,"comment_status":"closed","ping_status":"closed","template":"","meta":[],"_links":{"self":[{"href":"http:\/\/lipaassociation.com\/sr\/wp-json\/wp\/v2\/pages\/3142"}],"collection":[{"href":"http:\/\/lipaassociation.com\/sr\/wp-json\/wp\/v2\/pages"}],"about":[{"href":"http:\/\/lipaassociation.com\/sr\/wp-json\/wp\/v2\/types\/page"}],"author":[{"embeddable":true,"href":"http:\/\/lipaassociation.com\/sr\/wp-json\/wp\/v2\/users\/1"}],"replies":[{"embeddable":true,"href":"http:\/\/lipaassociation.com\/sr\/wp-json\/wp\/v2\/comments?post=3142"}],"version-history":[{"count":6,"href":"http:\/\/lipaassociation.com\/sr\/wp-json\/wp\/v2\/pages\/3142\/revisions"}],"predecessor-version":[{"id":3836,"href":"http:\/\/lipaassociation.com\/sr\/wp-json\/wp\/v2\/pages\/3142\/revisions\/3836"}],"up":[{"embeddable":true,"href":"http:\/\/lipaassociation.com\/sr\/wp-json\/wp\/v2\/pages\/3112"}],"wp:attachment":[{"href":"http:\/\/lipaassociation.com\/sr\/wp-json\/wp\/v2\/media?parent=3142"}],"curies":[{"name":"wp","href":"https:\/\/api.w.org\/{rel}","templated":true}]}}