{"id":3240,"date":"2016-12-27T00:00:00","date_gmt":"2016-12-27T00:00:00","guid":{"rendered":"http:\/\/lipaassociation.com\/nasi-zastupnici\/"},"modified":"2017-07-16T20:29:16","modified_gmt":"2017-07-16T20:29:16","slug":"nasi-zastupnici","status":"publish","type":"page","link":"http:\/\/lipaassociation.com\/sr\/nasi-zastupnici\/","title":{"rendered":"Na\u0161i zastupnici"},"content":{"rendered":"<p>[vc_row full_width=&#8221;stretch_row_content_no_spaces&#8221; css=&#8221;.vc_custom_1461169162147{margin-bottom: 0px !important;padding-top: 0px !important;padding-bottom: 0px !important;}&#8221;][vc_column][stm_gmap map_height=&#8221;734px&#8221; map_zoom=&#8221;15&#8243; disable_mouse_whell=&#8221;disable&#8221; marker=&#8221;1700&#8243;][stm_gmap_address title=&#8221;Pogrebno Venac&#8221; address=&#8221;Alekse Marki\u0161i\u0107a 174, 18230 Sokobanja, Srbija&#8221; phone=&#8221;+381 (0)18 834 149&#8243; email=&#8221;venacs83@yahoo.com&#8221; lat=&#8221;43.650466&#8243; lng=&#8221;21.856766&#8243;][stm_gmap_address lat=&#8221;48.593890&#8243; lng=&#8221;7.762693&#8243; title=&#8221;Feniks FR&#8221; address=&#8221;15, rue Lauth, 67000 Strasbourg, France&#8221; phone=&#8221;+33 3 88 65 06 40&#8243;][stm_gmap_address title=&#8221;Feniks SRB&#8221; address=&#8221;Hazarska, 11000 Belgrade, Serbia&#8221; phone=&#8221;+381 11 123456&#8243; email=&#8221;serbiaoffice@lipaassociation.com&#8221; lat=&#8221;44.780693&#8243; lng=&#8221;20.521340&#8243;][stm_gmap_address title=&#8221;IN MEMORIAM&#8221; lat=&#8221;44.812343&#8243; lng=&#8221;20.429214&#8243; address=&#8221;Bulevar Zorana \u0110in\u0111i\u0107a 14&#8243; phone=&#8221;(+381) 11\/2334-191 &#8220;][stm_gmap_address lat=&#8221;43.316047&#8243; lng=&#8221;21.884800&#8243; title=&#8221;OREOL&#8221; address=&#8221;<br \/>\nObili\u0107ev Venac 102a, 18000 Ni\u0161, Srbija&#8221; phone=&#8221;018\/ 452-14-14&#8243;][stm_gmap_address lat=&#8221;44.983507&#8243; lng=&#8221;17.897775&#8243; title=&#8221;Pogrebni centar KR\u0160I\u0106&#8221; address=&#8221;Srpske Vojske 161, Derventa, BIH&#8221; phone=&#8221;00387 65 549 553&#8243;][stm_gmap_address lat=&#8221;44.019102&#8243; lng=&#8221;20.921462&#8243; title=&#8221;Radovi\u0107 Internacional&#8221; address=&#8221;Svetozara Markovi\u0107a 100, Kragujevac&#8221; phone=&#8221;+381 64 1-777-636&#8243; email=&#8221;sasa.radovic.kg@gmail.com&#8221;][\/stm_gmap][\/vc_column][\/vc_row]<\/p>\n","protected":false},"excerpt":{"rendered":"<p>[vc_row full_width=&#8221;stretch_row_content_no_spaces&#8221; css=&#8221;.vc_custom_1461169162147{margin-bottom: 0px !important;padding-top: 0px !important;padding-bottom: 0px !important;}&#8221;][vc_column][stm_gmap map_height=&#8221;734px&#8221; map_zoom=&#8221;15&#8243; disable_mouse_whell=&#8221;disable&#8221; marker=&#8221;1700&#8243;][stm_gmap_address title=&#8221;Pogrebno Venac&#8221; address=&#8221;Alekse Marki\u0161i\u0107a 174, 18230 Sokobanja, Srbija&#8221; phone=&#8221;+381 (0)18 834 149&#8243; email=&#8221;venacs83@yahoo.com&#8221; lat=&#8221;43.650466&#8243; lng=&#8221;21.856766&#8243;][stm_gmap_address lat=&#8221;48.593890&#8243; lng=&#8221;7.762693&#8243; title=&#8221;Feniks FR&#8221; address=&#8221;15, rue Lauth, 67000 Strasbourg, France&#8221; phone=&#8221;+33 3 88 65 06 40&#8243;][stm_gmap_address title=&#8221;Feniks SRB&#8221; address=&#8221;Hazarska, 11000 Belgrade, Serbia&#8221; phone=&#8221;+381 11 123456&#8243; email=&#8221;serbiaoffice@lipaassociation.com&#8221; lat=&#8221;44.780693&#8243;<\/p>\n","protected":false},"author":1,"featured_media":0,"parent":0,"menu_order":0,"comment_status":"open","ping_status":"open","template":"","meta":[],"_links":{"self":[{"href":"http:\/\/lipaassociation.com\/sr\/wp-json\/wp\/v2\/pages\/3240"}],"collection":[{"href":"http:\/\/lipaassociation.com\/sr\/wp-json\/wp\/v2\/pages"}],"about":[{"href":"http:\/\/lipaassociation.com\/sr\/wp-json\/wp\/v2\/types\/page"}],"author":[{"embeddable":true,"href":"http:\/\/lipaassociation.com\/sr\/wp-json\/wp\/v2\/users\/1"}],"replies":[{"embeddable":true,"href":"http:\/\/lipaassociation.com\/sr\/wp-json\/wp\/v2\/comments?post=3240"}],"version-history":[{"count":1,"href":"http:\/\/lipaassociation.com\/sr\/wp-json\/wp\/v2\/pages\/3240\/revisions"}],"predecessor-version":[{"id":3241,"href":"http:\/\/lipaassociation.com\/sr\/wp-json\/wp\/v2\/pages\/3240\/revisions\/3241"}],"wp:attachment":[{"href":"http:\/\/lipaassociation.com\/sr\/wp-json\/wp\/v2\/media?parent=3240"}],"curies":[{"name":"wp","href":"https:\/\/api.w.org\/{rel}","templated":true}]}}