{"id":3251,"date":"2016-12-30T00:00:00","date_gmt":"2016-12-30T00:00:00","guid":{"rendered":"http:\/\/lipaassociation.com\/kako-postati-clan\/"},"modified":"2018-01-23T02:59:40","modified_gmt":"2018-01-23T02:59:40","slug":"kako-postati-clan","status":"publish","type":"page","link":"http:\/\/lipaassociation.com\/sr\/kako-postati-clan\/","title":{"rendered":"Kako postati \u010dlan?"},"content":{"rendered":"<p>[vc_row][vc_column el_class=&#8221;ng123&#8243;][vc_column_text]Ukoliko \u017eelite da postanete \u010dlan Lipa Association-a potrebno je da odaberete paket \u010dlanarine i usluga spram svojih potreba, popunite potrebne formulare i izvr\u0161ite uplatu \u010dlanarine za prvu godinu.<br \/>\nSvojim budu\u0107im \u010dlanovim mo\u017eemo ponuditi tri na\u010dina podno\u0161enja zahteva za \u010dlanstvo: elektronskim putem popunjavanjem online obrasca, posetom jednog od na\u0161ih zastupnika i kontaktiranjem na\u0161eg predstavni\u0161tva kako bi vam poslali potrebnu dokumentaciju po\u0161tom na \u017eeljenu adresu. Vi\u0161e informacija o svakom na\u010dinu mo\u017eete pogledati ispod.[\/vc_column_text][vc_separator border_width=&#8221;2&#8243;][vc_tta_accordion active_section=&#8221;&#8221; title=&#8221;Zahtevi za \u010dlanstvo&#8221; el_class=&#8221;ng123&#8243;][vc_tta_section i_icon_fontawesome=&#8221;stm-stm14_country&#8221; title=&#8221;Online zahtev za \u010dlanstvo&#8221; tab_id=&#8221;1483024846722-84b09e84-ae59&#8243; add_icon=&#8221;true&#8221;][vc_column_text]Kako bi izvr\u0161ili u\u010dlanjenje u Lipa Association putem online zahteva\u00a0potrebno je da popunite formular . Nakon poslatog zahteva na\u0161 tim \u0107e vam proslediti va\u0161u pristupnicu i uputstva za uplatu.[\/vc_column_text][vc_btn title=&#8221;ZAHTEV ZA \u010cLANSTVO&#8221; style=&#8221;outline-custom&#8221; outline_custom_color=&#8221;#1caf32&#8243; outline_custom_hover_background=&#8221;#666666&#8243; outline_custom_hover_text=&#8221;#ffffff&#8221; align=&#8221;center&#8221; i_icon_fontawesome=&#8221;fa fa-clone&#8221; add_icon=&#8221;true&#8221; link=&#8221;url:http%3A%2F%2Flipaassociation.com%2Fsr%2Fzahtev-za-clanstvo%2F||&#8221;][\/vc_tta_section][vc_tta_section i_icon_fontawesome=&#8221;stm-person-globe&#8221; title=&#8221;Putem zastupnika&#8221; tab_id=&#8221;1483025092253-8de2a579-3637&#8243; add_icon=&#8221;true&#8221;][vc_column_text]Za preciznu ponudu i potpisivanje potrebne dokumentacije za \u010dlanstvo u Lipa Association-u mo\u017eete kontaktirati i posetiti Vama najbli\u017eeg zastupnika Lipa Association-a. Spisak na\u0161ih zastupnika mo\u017eete pogledati klikom na dugme ispod.[\/vc_column_text][vc_btn title=&#8221;NA\u0160I ZASTUPNICI&#8221; style=&#8221;outline-custom&#8221; outline_custom_color=&#8221;#1caf32&#8243; outline_custom_hover_background=&#8221;#666666&#8243; outline_custom_hover_text=&#8221;#ffffff&#8221; align=&#8221;center&#8221; i_icon_fontawesome=&#8221;stm-person-globe&#8221; add_icon=&#8221;true&#8221; link=&#8221;url:http%3A%2F%2Flipaassociation.com%2Fsr%2Fnasi-zastupnici%2F||&#8221;][\/vc_tta_section][vc_tta_section i_icon_fontawesome=&#8221;stm-envelope-11&#8243; title=&#8221;Putem slanja po\u0161tom&#8221; tab_id=&#8221;1483025383140-6bfa725f-6f5c&#8221; add_icon=&#8221;true&#8221;][vc_column_text]Ako ni jedan od prethodno ponu\u0111enih na\u010dina nije adekvatan za vas budite slobodni da nas kontaktirate, a na\u0161 tim \u0107e vam poslati potrebnu dokumentaciju i instrukcije za uplatu na ku\u0107nu adresu. Za sve dodatne informacije budite slobodni da nas kontaktirate. Na\u0161 tim je tu da vam u svakom trenutku pru\u017ei sve potrbne informacije. O\u010dekujemo va\u0161 poziv, jer mi smo tu zbog Vas.[\/vc_column_text][vc_btn title=&#8221;KONTAKT&#8221; style=&#8221;outline-custom&#8221; outline_custom_color=&#8221;#1caf32&#8243; outline_custom_hover_background=&#8221;#666666&#8243; outline_custom_hover_text=&#8221;#ffffff&#8221; align=&#8221;center&#8221; i_icon_fontawesome=&#8221;stm-phone&#8221; add_icon=&#8221;true&#8221; link=&#8221;url:http%3A%2F%2Flipaassociation.com%2Fsr%2Fkontakt%2F||&#8221;][\/vc_tta_section][\/vc_tta_accordion][\/vc_column][\/vc_row]<\/p>\n","protected":false},"excerpt":{"rendered":"<p>[vc_row][vc_column el_class=&#8221;ng123&#8243;][vc_column_text]Ukoliko \u017eelite da postanete \u010dlan Lipa Association-a potrebno je da odaberete paket \u010dlanarine i usluga spram svojih potreba, popunite potrebne formulare i izvr\u0161ite uplatu \u010dlanarine za prvu godinu. Svojim budu\u0107im \u010dlanovim mo\u017eemo ponuditi tri na\u010dina podno\u0161enja zahteva za \u010dlanstvo: elektronskim putem popunjavanjem online obrasca, posetom jednog od na\u0161ih zastupnika i kontaktiranjem na\u0161eg predstavni\u0161tva kako<\/p>\n","protected":false},"author":1,"featured_media":0,"parent":0,"menu_order":0,"comment_status":"closed","ping_status":"closed","template":"","meta":[],"_links":{"self":[{"href":"http:\/\/lipaassociation.com\/sr\/wp-json\/wp\/v2\/pages\/3251"}],"collection":[{"href":"http:\/\/lipaassociation.com\/sr\/wp-json\/wp\/v2\/pages"}],"about":[{"href":"http:\/\/lipaassociation.com\/sr\/wp-json\/wp\/v2\/types\/page"}],"author":[{"embeddable":true,"href":"http:\/\/lipaassociation.com\/sr\/wp-json\/wp\/v2\/users\/1"}],"replies":[{"embeddable":true,"href":"http:\/\/lipaassociation.com\/sr\/wp-json\/wp\/v2\/comments?post=3251"}],"version-history":[{"count":11,"href":"http:\/\/lipaassociation.com\/sr\/wp-json\/wp\/v2\/pages\/3251\/revisions"}],"predecessor-version":[{"id":4128,"href":"http:\/\/lipaassociation.com\/sr\/wp-json\/wp\/v2\/pages\/3251\/revisions\/4128"}],"wp:attachment":[{"href":"http:\/\/lipaassociation.com\/sr\/wp-json\/wp\/v2\/media?parent=3251"}],"curies":[{"name":"wp","href":"https:\/\/api.w.org\/{rel}","templated":true}]}}