{"id":3290,"date":"2016-01-19T00:00:00","date_gmt":"2016-01-19T00:00:00","guid":{"rendered":"http:\/\/lipaassociation.com\/paketi-usluga\/"},"modified":"2017-07-16T20:29:18","modified_gmt":"2017-07-16T20:29:18","slug":"paketi-usluga","status":"publish","type":"page","link":"http:\/\/lipaassociation.com\/sr\/paketi-usluga\/","title":{"rendered":"Paketi usluga"},"content":{"rendered":"<p>[vc_row][vc_column width=&#8221;3\/4&#8243;][vc_column_text]Udru\u017eenje Lipa Association svojim budu\u0107im \u010dlanovima mo\u017ee ponuditi \u010detri paketa usluga BASIC, STANDARD, EXCLUSIVE i GOLD. Namena\u00a0\u010dlanskih paketa je da dodatno ostvarite popust usluga jer su usluge objedinjene u paket \u0161to uti\u010de na korekciju cena istih. Odabirom \u017eeljenog paketa usluga uz \u010dlanski paket ostvarujete najve\u0107u u\u0161tedu.\u00a0Za detaljne informacije o paketu usluga molimo Vas da odaberete \u017eeljeni paket.<\/p>\n<p>[\/vc_column_text][stm_spacing sm_spacing=&#8221;30px&#8221; xs_spacing=&#8221;30px&#8221;][vc_row_inner][vc_column_inner width=&#8221;1\/4&#8243;][stm_info_box style=&#8221;style_5&#8243; icon=&#8221;fa fa-chevron-right&#8221; link=&#8221;url:http{ff029b9ed727a8cfab64ff35f0970f431e658f61ec42594ff25da87028f3ebdc}3A{ff029b9ed727a8cfab64ff35f0970f431e658f61ec42594ff25da87028f3ebdc}2F{ff029b9ed727a8cfab64ff35f0970f431e658f61ec42594ff25da87028f3ebdc}2Fwww.lipaassociation.com{ff029b9ed727a8cfab64ff35f0970f431e658f61ec42594ff25da87028f3ebdc}2Fpaketi-usluga{ff029b9ed727a8cfab64ff35f0970f431e658f61ec42594ff25da87028f3ebdc}2Fbasic{ff029b9ed727a8cfab64ff35f0970f431e658f61ec42594ff25da87028f3ebdc}2F{ff029b9ed727a8cfab64ff35f0970f431e658f61ec42594ff25da87028f3ebdc}3Flang{ff029b9ed727a8cfab64ff35f0970f431e658f61ec42594ff25da87028f3ebdc}3Dsr|title:saznaj{ff029b9ed727a8cfab64ff35f0970f431e658f61ec42594ff25da87028f3ebdc}20vi{ff029b9ed727a8cfab64ff35f0970f431e658f61ec42594ff25da87028f3ebdc}C5{ff029b9ed727a8cfab64ff35f0970f431e658f61ec42594ff25da87028f3ebdc}A1e|&#8221; css=&#8221;.vc_custom_1499347227788{margin-bottom: 0px !important;}&#8221; title=&#8221;BASIC&#8221;]Lipa BASIC\u00a0je osnovni\u00a0paket usluga koji mo\u017eemo ponuditi \u010dlanovima \u00a0Lipa International Association -a. Paket Lipa Basic\u00a0obuhvata slede\u0107e \u2026[\/stm_info_box][stm_spacing sm_spacing=&#8221;30px&#8221; xs_spacing=&#8221;30px&#8221;][\/vc_column_inner][vc_column_inner width=&#8221;1\/4&#8243;][stm_info_box style=&#8221;style_5&#8243; icon=&#8221;fa fa-chevron-right&#8221; title=&#8221;STANDARD&#8221; link=&#8221;url:http{ff029b9ed727a8cfab64ff35f0970f431e658f61ec42594ff25da87028f3ebdc}3A{ff029b9ed727a8cfab64ff35f0970f431e658f61ec42594ff25da87028f3ebdc}2F{ff029b9ed727a8cfab64ff35f0970f431e658f61ec42594ff25da87028f3ebdc}2Fwww.lipaassociation.com{ff029b9ed727a8cfab64ff35f0970f431e658f61ec42594ff25da87028f3ebdc}2Fpaketi-usluga{ff029b9ed727a8cfab64ff35f0970f431e658f61ec42594ff25da87028f3ebdc}2Fstandard{ff029b9ed727a8cfab64ff35f0970f431e658f61ec42594ff25da87028f3ebdc}2F{ff029b9ed727a8cfab64ff35f0970f431e658f61ec42594ff25da87028f3ebdc}3Flang{ff029b9ed727a8cfab64ff35f0970f431e658f61ec42594ff25da87028f3ebdc}3Dsr|title:saznaj{ff029b9ed727a8cfab64ff35f0970f431e658f61ec42594ff25da87028f3ebdc}20vi{ff029b9ed727a8cfab64ff35f0970f431e658f61ec42594ff25da87028f3ebdc}C5{ff029b9ed727a8cfab64ff35f0970f431e658f61ec42594ff25da87028f3ebdc}A1e|&#8221; css=&#8221;.vc_custom_1499347246466{margin-bottom: 0px !important;}&#8221;]Lipa STANDARD\u00a0je srednji\u00a0paket usluga koji mo\u017eemo ponuditi \u010dlanovima \u00a0Lipa International Association -a. Paket Lipa Standard\u00a0obuhvata \u2026[\/stm_info_box][stm_spacing sm_spacing=&#8221;30px&#8221; xs_spacing=&#8221;30px&#8221;][\/vc_column_inner][vc_column_inner width=&#8221;1\/4&#8243;][stm_info_box style=&#8221;style_5&#8243; icon=&#8221;fa fa-chevron-right&#8221; title=&#8221;EXCLUSIVE&#8221; link=&#8221;url:http{ff029b9ed727a8cfab64ff35f0970f431e658f61ec42594ff25da87028f3ebdc}3A{ff029b9ed727a8cfab64ff35f0970f431e658f61ec42594ff25da87028f3ebdc}2F{ff029b9ed727a8cfab64ff35f0970f431e658f61ec42594ff25da87028f3ebdc}2Fwww.lipaassociation.com{ff029b9ed727a8cfab64ff35f0970f431e658f61ec42594ff25da87028f3ebdc}2Fpaketi-usluga{ff029b9ed727a8cfab64ff35f0970f431e658f61ec42594ff25da87028f3ebdc}2Fexclusive{ff029b9ed727a8cfab64ff35f0970f431e658f61ec42594ff25da87028f3ebdc}2F{ff029b9ed727a8cfab64ff35f0970f431e658f61ec42594ff25da87028f3ebdc}3Flang{ff029b9ed727a8cfab64ff35f0970f431e658f61ec42594ff25da87028f3ebdc}3Dsr|title:saznaj{ff029b9ed727a8cfab64ff35f0970f431e658f61ec42594ff25da87028f3ebdc}20vi{ff029b9ed727a8cfab64ff35f0970f431e658f61ec42594ff25da87028f3ebdc}C5{ff029b9ed727a8cfab64ff35f0970f431e658f61ec42594ff25da87028f3ebdc}A1e|&#8221; css=&#8221;.vc_custom_1499347265726{margin-bottom: 0px !important;}&#8221;]Lipa EXCLUSIVE\u00a0je vi\u0161i\u00a0paket usluga koji mo\u017eemo ponuditi \u010dlanovima \u00a0Lipa International Association -a. Paket Lipa Exclusive\u00a0obuhvata \u2026[\/stm_info_box][stm_spacing sm_spacing=&#8221;30px&#8221; xs_spacing=&#8221;30px&#8221;][\/vc_column_inner][vc_column_inner width=&#8221;1\/4&#8243;][stm_info_box style=&#8221;style_5&#8243; icon=&#8221;fa fa-chevron-right&#8221; title=&#8221;GOLD&#8221; link=&#8221;url:http{ff029b9ed727a8cfab64ff35f0970f431e658f61ec42594ff25da87028f3ebdc}3A{ff029b9ed727a8cfab64ff35f0970f431e658f61ec42594ff25da87028f3ebdc}2F{ff029b9ed727a8cfab64ff35f0970f431e658f61ec42594ff25da87028f3ebdc}2Fwww.lipaassociation.com{ff029b9ed727a8cfab64ff35f0970f431e658f61ec42594ff25da87028f3ebdc}2Fpaketi-usluga{ff029b9ed727a8cfab64ff35f0970f431e658f61ec42594ff25da87028f3ebdc}2Fgold{ff029b9ed727a8cfab64ff35f0970f431e658f61ec42594ff25da87028f3ebdc}2F{ff029b9ed727a8cfab64ff35f0970f431e658f61ec42594ff25da87028f3ebdc}3Flang{ff029b9ed727a8cfab64ff35f0970f431e658f61ec42594ff25da87028f3ebdc}3Dsr|title:saznaj{ff029b9ed727a8cfab64ff35f0970f431e658f61ec42594ff25da87028f3ebdc}20vi{ff029b9ed727a8cfab64ff35f0970f431e658f61ec42594ff25da87028f3ebdc}C5{ff029b9ed727a8cfab64ff35f0970f431e658f61ec42594ff25da87028f3ebdc}A1e|&#8221; css=&#8221;.vc_custom_1499347285128{margin-bottom: 0px !important;}&#8221;]Lipa GOLD je najvi\u0161i paket usluga koji mo\u017eemo ponuditi \u010dlanovima \u00a0Lipa International Association -a. Paket Lipa Gold obuhvata slede\u0107e\u2026[\/stm_info_box][stm_spacing sm_spacing=&#8221;30px&#8221; xs_spacing=&#8221;30px&#8221;][\/vc_column_inner][\/vc_row_inner][stm_spacing sm_spacing=&#8221;30px&#8221; xs_spacing=&#8221;30px&#8221; lg_spacing=&#8221;30px&#8221; md_spacing=&#8221;30px&#8221;][vc_column_text]<span style=\"color: #1caf32; font-size: 14pt;\">\u2666<\/span> Napomena:<\/p>\n<p>&#8211; Ni u kojem slu\u010daju udru\u017eenje ne snosi tro\u0161kove pogrebnog mesta.\u00a0Kao ni usluge javnog komunalnog preduze\u0107a u gradu u kojem na grobljima\u00a0imaju monopol osim u slu\u010daju partnerstva sa udru\u017eenjem.<br \/>\n&#8211; Za kremaciju odabrati najmanje paket Lipa Standard.Opciono dodavanje uz pakete drugih usluga po mogu\u0107nosti i dogovoru kao: kori\u0161\u0107enje kapele, fotograf, kamermen, pleh muzika, pu\u0161tanje golubice.<br \/>\n&#8211; Opcija odabira paketa usluga nije dostupna za \u010dlanove na lokalu zbog nemogu\u0107nosti organizovanja i logistike od strane udru\u017eenja.[\/vc_column_text][\/vc_column][vc_column width=&#8221;1\/4&#8243;][vc_wp_custommenu nav_menu=&#8221;66&#8243;][stm_sidebar sidebar=&#8221;1838&#8243;][\/vc_column][\/vc_row][vc_row full_width=&#8221;stretch_row&#8221; css=&#8221;.vc_custom_1459505959648{margin-bottom: -60px !important;}&#8221; el_class=&#8221;third_bg_color&#8221;][vc_column][vc_cta h2=&#8221;Postanite nas \u010dlan &#8211; po\u0161aljite zahtev za \u010dlanstvo?&#8221; h2_font_container=&#8221;font_size:20px|color:{ff029b9ed727a8cfab64ff35f0970f431e658f61ec42594ff25da87028f3ebdc}23ffffff|line_height:24px&#8221; h2_use_theme_fonts=&#8221;yes&#8221; shape=&#8221;square&#8221; style=&#8221;flat&#8221; add_button=&#8221;right&#8221; btn_title=&#8221;po\u0161alji zahtev&#8221; btn_style=&#8221;flat&#8221; btn_color=&#8221;theme_style_2&#8243; btn_align=&#8221;right&#8221; btn_i_align=&#8221;right&#8221; btn_i_icon_fontawesome=&#8221;fa fa-chevron-right&#8221; use_custom_fonts_h2=&#8221;true&#8221; btn_link=&#8221;url:http{ff029b9ed727a8cfab64ff35f0970f431e658f61ec42594ff25da87028f3ebdc}3A{ff029b9ed727a8cfab64ff35f0970f431e658f61ec42594ff25da87028f3ebdc}2F{ff029b9ed727a8cfab64ff35f0970f431e658f61ec42594ff25da87028f3ebdc}2Fwww.lipaassociation.com{ff029b9ed727a8cfab64ff35f0970f431e658f61ec42594ff25da87028f3ebdc}2Fzahtev-za-clanstvo{ff029b9ed727a8cfab64ff35f0970f431e658f61ec42594ff25da87028f3ebdc}2F{ff029b9ed727a8cfab64ff35f0970f431e658f61ec42594ff25da87028f3ebdc}3Flang{ff029b9ed727a8cfab64ff35f0970f431e658f61ec42594ff25da87028f3ebdc}3Dsr|&#8221; btn_add_icon=&#8221;true&#8221; el_class=&#8221;third_bg_color&#8221; css=&#8221;.vc_custom_1499347301643{margin-bottom: 0px !important;}&#8221;][\/vc_cta][\/vc_column][\/vc_row]<\/p>\n","protected":false},"excerpt":{"rendered":"<p>[vc_row][vc_column width=&#8221;3\/4&#8243;][vc_column_text]Udru\u017eenje Lipa Association svojim budu\u0107im \u010dlanovima mo\u017ee ponuditi \u010detri paketa usluga BASIC, STANDARD, EXCLUSIVE i GOLD. Namena\u00a0\u010dlanskih paketa je da dodatno ostvarite popust usluga jer su usluge objedinjene u paket \u0161to uti\u010de na korekciju cena istih. Odabirom \u017eeljenog paketa usluga uz \u010dlanski paket ostvarujete najve\u0107u u\u0161tedu.\u00a0Za detaljne informacije o paketu usluga molimo Vas da<\/p>\n","protected":false},"author":1,"featured_media":0,"parent":0,"menu_order":0,"comment_status":"closed","ping_status":"closed","template":"","meta":[],"_links":{"self":[{"href":"http:\/\/lipaassociation.com\/sr\/wp-json\/wp\/v2\/pages\/3290"}],"collection":[{"href":"http:\/\/lipaassociation.com\/sr\/wp-json\/wp\/v2\/pages"}],"about":[{"href":"http:\/\/lipaassociation.com\/sr\/wp-json\/wp\/v2\/types\/page"}],"author":[{"embeddable":true,"href":"http:\/\/lipaassociation.com\/sr\/wp-json\/wp\/v2\/users\/1"}],"replies":[{"embeddable":true,"href":"http:\/\/lipaassociation.com\/sr\/wp-json\/wp\/v2\/comments?post=3290"}],"version-history":[{"count":6,"href":"http:\/\/lipaassociation.com\/sr\/wp-json\/wp\/v2\/pages\/3290\/revisions"}],"predecessor-version":[{"id":3848,"href":"http:\/\/lipaassociation.com\/sr\/wp-json\/wp\/v2\/pages\/3290\/revisions\/3848"}],"wp:attachment":[{"href":"http:\/\/lipaassociation.com\/sr\/wp-json\/wp\/v2\/media?parent=3290"}],"curies":[{"name":"wp","href":"https:\/\/api.w.org\/{rel}","templated":true}]}}