{"id":3308,"date":"2016-12-20T00:00:00","date_gmt":"2016-12-20T00:00:00","guid":{"rendered":"http:\/\/lipaassociation.com\/paketi-usluga\/basic\/"},"modified":"2017-07-16T20:29:19","modified_gmt":"2017-07-16T20:29:19","slug":"basic","status":"publish","type":"page","link":"http:\/\/lipaassociation.com\/sr\/paketi-usluga\/basic\/","title":{"rendered":"Basic"},"content":{"rendered":"<p>[vc_row][vc_column width=&#8221;3\/4&#8243;][vc_column_text]Lipa BASIC\u00a0je osnovni\u00a0paket usluga koji mo\u017eemo ponuditi \u010dlanovima \u00a0Lipa International Association -a. Paket Lipa Basic\u00a0obuhvata slede\u0107e\u00a0usluge:[\/vc_column_text][vc_separator align=&#8221;align_left&#8221;][stm_spacing sm_spacing=&#8221;30px&#8221; xs_spacing=&#8221;30px&#8221;][vc_text_separator title=&#8221;Organizacija prevoza&#8221; title_align=&#8221;separator_align_left&#8221; color=&#8221;custom&#8221; border_width=&#8221;2&#8243; el_class=&#8221;title1&#8243; accent_color=&#8221;#1caf32&#8243;][stm_spacing sm_spacing=&#8221;30px&#8221; xs_spacing=&#8221;30px&#8221;][vc_row_inner][vc_column_inner width=&#8221;1\/4&#8243;][stm_icon_box icon=&#8221;fa fa-file-text-o&#8221; icon_size=&#8221;27&#8243; icon_color=&#8221;custom&#8221; icon_height=&#8221;35&#8243; title=&#8221;Sva administrativna procedura u svim navedenim dr\u017eavama&#8221; title_font_size=&#8221;20&#8243; icon_color_custom=&#8221;#1caf32&#8243; title_line_height=&#8221;20&#8243;]<i class=\"fa fa-check\" style=\"font-size: 19px; color: #1caf32;\"><\/i> Bolnica<br \/>\n<i class=\"fa fa-check\" style=\"font-size: 19px; color: #1caf32;\"><\/i> Op\u0161tina<br \/>\n<i class=\"fa fa-check\" style=\"font-size: 19px; color: #1caf32;\"><\/i> Prefektura &#8211; Sup<br \/>\n<i class=\"fa fa-check\" style=\"font-size: 19px; color: #1caf32;\"><\/i> Policija<br \/>\n<i class=\"fa fa-check\" style=\"font-size: 19px; color: #1caf32;\"><\/i> Konzulat[\/stm_icon_box][stm_spacing sm_spacing=&#8221;30px&#8221; xs_spacing=&#8221;30px&#8221; lg_spacing=&#8221;30px&#8221; md_spacing=&#8221;30px&#8221;][\/vc_column_inner][vc_column_inner width=&#8221;1\/4&#8243;][stm_icon_box icon=&#8221;stm-user7&#8243; icon_size=&#8221;27&#8243; icon_color=&#8221;custom&#8221; icon_height=&#8221;35&#8243; title=&#8221;Za preminulo lice&#8221; title_font_size=&#8221;20&#8243; icon_color_custom=&#8221;#1caf32&#8243; title_line_height=&#8221;20&#8243;]<i class=\"fa fa-check\" style=\"font-size: 19px; color: #1caf32;\"><\/i> Kupanje<br \/>\n<i class=\"fa fa-check\" style=\"font-size: 19px; color: #1caf32;\"><\/i> Obla\u010denje<br \/>\n<i class=\"fa fa-check\" style=\"font-size: 19px; color: #1caf32;\"><\/i> Profesionalno \u0161minkanje<br \/>\n<i class=\"fa fa-check\" style=\"font-size: 19px; color: #1caf32;\"><\/i> Nega konzervacije (samo po \u017eelji porodice)[\/stm_icon_box][stm_spacing sm_spacing=&#8221;30px&#8221; xs_spacing=&#8221;30px&#8221; lg_spacing=&#8221;30px&#8221; md_spacing=&#8221;30px&#8221;][\/vc_column_inner][vc_column_inner width=&#8221;1\/4&#8243;][stm_icon_box icon=&#8221;fa fa-stack-exchange&#8221; icon_size=&#8221;27&#8243; icon_color=&#8221;custom&#8221; icon_height=&#8221;35&#8243; title=&#8221;Sva potrebna pogrebna oprema za prevoz pokojnika&#8221; title_font_size=&#8221;20&#8243; icon_color_custom=&#8221;#1caf32&#8243; title_line_height=&#8221;20&#8243;]<i class=\"fa fa-check\" style=\"font-size: 19px; color: #1caf32;\"><\/i> Drveni kvalitetan sanduk po va\u0161em izboru<br \/>\n<i class=\"fa fa-check\" style=\"font-size: 19px; color: #1caf32;\"><\/i> Limeni sanduk obavezan za transport<br \/>\n<i class=\"fa fa-check\" style=\"font-size: 19px; color: #1caf32;\"><\/i> Posteljina kompletna[\/stm_icon_box][stm_spacing sm_spacing=&#8221;30px&#8221; xs_spacing=&#8221;30px&#8221; lg_spacing=&#8221;30px&#8221; md_spacing=&#8221;30px&#8221;][\/vc_column_inner][vc_column_inner width=&#8221;1\/4&#8243;][stm_icon_box icon=&#8221;stm-lorry6&#8243; icon_size=&#8221;27&#8243; icon_color=&#8221;custom&#8221; icon_height=&#8221;35&#8243; title=&#8221;Prevoz do odredi\u0161ta&#8221; title_font_size=&#8221;20&#8243; icon_color_custom=&#8221;#1caf32&#8243; title_line_height=&#8221;20&#8243;]<i class=\"fa fa-check\" style=\"font-size: 19px; color: #1caf32;\"><\/i> Prevoz do odre\u0111ene adrese<br \/>\n<i class=\"fa fa-check\" style=\"font-size: 19px; color: #1caf32;\"><\/i> Telefonske informacije porodici oko transporta<br \/>\n<i class=\"fa fa-check\" style=\"font-size: 19px; color: #1caf32;\"><\/i> Preuzimanje od strane porodice ili pogrebnog preduze\u0107a[\/stm_icon_box][stm_spacing sm_spacing=&#8221;30px&#8221; xs_spacing=&#8221;30px&#8221; lg_spacing=&#8221;30px&#8221; md_spacing=&#8221;30px&#8221;][\/vc_column_inner][\/vc_row_inner][vc_separator align=&#8221;align_left&#8221;][vc_column_text]<span style=\"color: #1caf32; font-size: 14pt;\">\u2666<\/span> Napomena:<\/p>\n<p><span style=\"font-size: 10pt;\">&#8211; Ni u kojem slu\u010daju udru\u017eenje ne snosi tro\u0161kove pogrebnog mesta.\u00a0Kao ni usluge javnog komunalnog preduze\u0107a u gradu u kojem na grobljima\u00a0imaju monopol osim u slu\u010daju partnerstva sa udru\u017eenjem.<\/span><br \/>\n<span style=\"font-size: 10pt;\">&#8211; Za kremaciju odabrati najmanje paket Lipa Standard.Opciono dodavanje uz pakete drugih usluga po mogu\u0107nosti i dogovoru kao: kori\u0161\u0107enje kapele, fotograf, kamermen, pleh muzika, pu\u0161tanje golubice.<\/span><br \/>\n<span style=\"font-size: 10pt;\">&#8211; Opcija odabira paketa usluga nije dostupna za \u010dlanove na lokalu zbog nemogu\u0107nosti organizovanja i logistike od strane udru\u017eenja.<\/span>[\/vc_column_text][\/vc_column][vc_column width=&#8221;1\/4&#8243;][vc_wp_custommenu nav_menu=&#8221;66&#8243;][stm_sidebar sidebar=&#8221;1838&#8243;][\/vc_column][\/vc_row][vc_row full_width=&#8221;stretch_row&#8221; css=&#8221;.vc_custom_1459505959648{margin-bottom: -60px !important;}&#8221; el_class=&#8221;third_bg_color&#8221;][vc_column][vc_cta h2=&#8221;Postanite nas \u010dlan &#8211; po\u0161aljite zahtev za \u010dlanstvo?&#8221; h2_font_container=&#8221;font_size:20px|color:{ff029b9ed727a8cfab64ff35f0970f431e658f61ec42594ff25da87028f3ebdc}23ffffff|line_height:24px&#8221; h2_use_theme_fonts=&#8221;yes&#8221; shape=&#8221;square&#8221; style=&#8221;flat&#8221; add_button=&#8221;right&#8221; btn_title=&#8221;po\u0161alji zahtev&#8221; btn_style=&#8221;flat&#8221; btn_color=&#8221;theme_style_2&#8243; btn_align=&#8221;right&#8221; btn_i_align=&#8221;right&#8221; btn_i_icon_fontawesome=&#8221;fa fa-chevron-right&#8221; use_custom_fonts_h2=&#8221;true&#8221; btn_link=&#8221;url:http{ff029b9ed727a8cfab64ff35f0970f431e658f61ec42594ff25da87028f3ebdc}3A{ff029b9ed727a8cfab64ff35f0970f431e658f61ec42594ff25da87028f3ebdc}2F{ff029b9ed727a8cfab64ff35f0970f431e658f61ec42594ff25da87028f3ebdc}2Fwww.lipaassociation.com{ff029b9ed727a8cfab64ff35f0970f431e658f61ec42594ff25da87028f3ebdc}2Fzahtev-za-clanstvo{ff029b9ed727a8cfab64ff35f0970f431e658f61ec42594ff25da87028f3ebdc}2F{ff029b9ed727a8cfab64ff35f0970f431e658f61ec42594ff25da87028f3ebdc}3Flang{ff029b9ed727a8cfab64ff35f0970f431e658f61ec42594ff25da87028f3ebdc}3Dsr|&#8221; btn_add_icon=&#8221;true&#8221; el_class=&#8221;third_bg_color&#8221; css=&#8221;.vc_custom_1486716090718{margin-bottom: 0px !important;}&#8221;][\/vc_cta][\/vc_column][\/vc_row]<\/p>\n","protected":false},"excerpt":{"rendered":"<p>[vc_row][vc_column width=&#8221;3\/4&#8243;][vc_column_text]Lipa BASIC\u00a0je osnovni\u00a0paket usluga koji mo\u017eemo ponuditi \u010dlanovima \u00a0Lipa International Association -a. Paket Lipa Basic\u00a0obuhvata slede\u0107e\u00a0usluge:[\/vc_column_text][vc_separator align=&#8221;align_left&#8221;][stm_spacing sm_spacing=&#8221;30px&#8221; xs_spacing=&#8221;30px&#8221;][vc_text_separator title=&#8221;Organizacija prevoza&#8221; title_align=&#8221;separator_align_left&#8221; color=&#8221;custom&#8221; border_width=&#8221;2&#8243; el_class=&#8221;title1&#8243; accent_color=&#8221;#1caf32&#8243;][stm_spacing sm_spacing=&#8221;30px&#8221; xs_spacing=&#8221;30px&#8221;][vc_row_inner][vc_column_inner width=&#8221;1\/4&#8243;][stm_icon_box icon=&#8221;fa fa-file-text-o&#8221; icon_size=&#8221;27&#8243; icon_color=&#8221;custom&#8221; icon_height=&#8221;35&#8243; title=&#8221;Sva administrativna procedura u svim navedenim dr\u017eavama&#8221; title_font_size=&#8221;20&#8243; icon_color_custom=&#8221;#1caf32&#8243; title_line_height=&#8221;20&#8243;] Bolnica Op\u0161tina Prefektura &#8211; Sup Policija Konzulat[\/stm_icon_box][stm_spacing sm_spacing=&#8221;30px&#8221; xs_spacing=&#8221;30px&#8221; lg_spacing=&#8221;30px&#8221;<\/p>\n","protected":false},"author":1,"featured_media":0,"parent":3290,"menu_order":0,"comment_status":"closed","ping_status":"closed","template":"","meta":[],"_links":{"self":[{"href":"http:\/\/lipaassociation.com\/sr\/wp-json\/wp\/v2\/pages\/3308"}],"collection":[{"href":"http:\/\/lipaassociation.com\/sr\/wp-json\/wp\/v2\/pages"}],"about":[{"href":"http:\/\/lipaassociation.com\/sr\/wp-json\/wp\/v2\/types\/page"}],"author":[{"embeddable":true,"href":"http:\/\/lipaassociation.com\/sr\/wp-json\/wp\/v2\/users\/1"}],"replies":[{"embeddable":true,"href":"http:\/\/lipaassociation.com\/sr\/wp-json\/wp\/v2\/comments?post=3308"}],"version-history":[{"count":4,"href":"http:\/\/lipaassociation.com\/sr\/wp-json\/wp\/v2\/pages\/3308\/revisions"}],"predecessor-version":[{"id":3851,"href":"http:\/\/lipaassociation.com\/sr\/wp-json\/wp\/v2\/pages\/3308\/revisions\/3851"}],"up":[{"embeddable":true,"href":"http:\/\/lipaassociation.com\/sr\/wp-json\/wp\/v2\/pages\/3290"}],"wp:attachment":[{"href":"http:\/\/lipaassociation.com\/sr\/wp-json\/wp\/v2\/media?parent=3308"}],"curies":[{"name":"wp","href":"https:\/\/api.w.org\/{rel}","templated":true}]}}