{"id":3370,"date":"2016-12-30T00:00:00","date_gmt":"2016-12-30T00:00:00","guid":{"rendered":"http:\/\/lipaassociation.com\/kalkulator-clanarine\/"},"modified":"2018-01-23T09:59:44","modified_gmt":"2018-01-23T09:59:44","slug":"kalkulator-clanarine","status":"publish","type":"page","link":"http:\/\/lipaassociation.com\/sr\/kalkulator-clanarine\/","title":{"rendered":"Kalkulator \u010dlanarine"},"content":{"rendered":"<p>[vc_row][vc_column width=&#8221;1\/3&#8243;][vc_custom_heading stripe_pos=&#8221;between&#8221; stm_title_font_weight=&#8221;500&#8243; text=&#8221;Odaberite odgovaraju\u0107i kalkulator \u010dlanarine&#8221; use_theme_fonts=&#8221;yes&#8221; subtitle=&#8221;Za informacije o cenama \u010dlanarina odaberite odgovaraju\u0107i kalkulator. Kalkulatori su sortirani na osnovu lokacije prebivali\u0161ta i lokacije realizacije premije.&#8221; el_class=&#8221;marg&#8221;][stm_spacing lg_spacing=&#8221;25&#8243; md_spacing=&#8221;25&#8243; sm_spacing=&#8221;25&#8243; xs_spacing=&#8221;25&#8243;][\/vc_column][vc_column width=&#8221;1\/3&#8243;][stm_info_box style=&#8221;style_3&#8243; title_icon=&#8221;stm-stm14_country&#8221; icon=&#8221;fa fa-angle-right&#8221; title=&#8221;Lokal EX &#8211; YU&#8221; link=&#8221;url:http%3A%2F%2Fwww.lipaassociation.com%2Fsr%2Fkalkulator-clanarine%2Flokal-ex-yu%2F|title:saznaj%20vi%C5%A1e|&#8221; image=&#8221;3564&#8243;]Kalkulator \u010dlanarine za dr\u017eave koje su bile u sastavu biv\u0161e SFRJ.[\/stm_info_box][stm_spacing lg_spacing=&#8221;25&#8243; md_spacing=&#8221;25&#8243; sm_spacing=&#8221;25&#8243; xs_spacing=&#8221;25&#8243;][\/vc_column][vc_column width=&#8221;1\/3&#8243;][stm_info_box style=&#8221;style_3&#8243; title_icon=&#8221;stm-stm14_country&#8221; icon=&#8221;fa fa-angle-right&#8221; title=&#8221;Lokal ZAPAD&#8221; link=&#8221;url:http%3A%2F%2Fwww.lipaassociation.com%2Fsr%2Flokal-zapad%2F|title:saznaj%20vi%C5%A1e|&#8221; image=&#8221;2218&#8243;]Kalkulator \u010dlanarine za lokal na teritorijama dr\u017eava koje su u sastavu EU.[\/stm_info_box][stm_spacing lg_spacing=&#8221;25&#8243; md_spacing=&#8221;25&#8243; sm_spacing=&#8221;25&#8243; xs_spacing=&#8221;25&#8243;][\/vc_column][\/vc_row][vc_row][vc_column width=&#8221;1\/3&#8243;][stm_info_box style=&#8221;style_3&#8243; title_icon=&#8221;stm-stm14_country&#8221; icon=&#8221;fa fa-angle-right&#8221; title=&#8221;EVROPA 1 &#8211; Balkan&#8221; link=&#8221;url:http%3A%2F%2Flipaassociation.com%2Fsr%2Fkalkulator-clanarine%2Fmedjunarodni-evropa-1%2F|title:saznaj%20vi%C5%A1e|&#8221; image=&#8221;2219&#8243;]Prebivali\u0161te u jednoj od slede\u0107ih dr\u017eava Austrija, \u010ce\u0161ka, Slova\u010dka ili Ma\u0111arska, dok je mesto realizacije neka od dr\u017eava sa teritorije Balkana.[\/stm_info_box][stm_spacing lg_spacing=&#8221;25&#8243; md_spacing=&#8221;25&#8243; sm_spacing=&#8221;25&#8243; xs_spacing=&#8221;25&#8243;][\/vc_column][vc_column width=&#8221;1\/3&#8243;][stm_info_box style=&#8221;style_3&#8243; title_icon=&#8221;stm-stm14_country&#8221; icon=&#8221;fa fa-angle-right&#8221; title=&#8221;EVROPA 2 &#8211; Balkan&#8221; link=&#8221;url:http%3A%2F%2Flipaassociation.com%2Fsr%2Fkalkulator-clanarine%2Fmedjunarodni-evropa-2%2F|title:saznaj%20vi%C5%A1e|&#8221; image=&#8221;2276&#8243;]Prebivali\u0161te u jednoj od slede\u0107ih dr\u017eava Italija, Danska, \u0160vedska, \u0160panija ili Engleska dok je mesto realizacije neka od dr\u017eava sa teritorije Balkana.[\/stm_info_box][stm_spacing lg_spacing=&#8221;25&#8243; md_spacing=&#8221;25&#8243; sm_spacing=&#8221;25&#8243; xs_spacing=&#8221;25&#8243;][\/vc_column][vc_column width=&#8221;1\/3&#8243;][stm_info_box style=&#8221;style_3&#8243; title_icon=&#8221;stm-stm14_country&#8221; icon=&#8221;fa fa-angle-right&#8221; title=&#8221;Evropa 3 &#8211; Balkan&#8221; link=&#8221;url:http%3A%2F%2Flipaassociation.com%2Fsr%2Fkalkulator-clanarine%2Fmedjunarodni-evropa-3%2F|title:saznaj%20vi%C5%A1e|&#8221; image=&#8221;2275&#8243;]Prebivali\u0161te u jednoj od slede\u0107ih dr\u017eava Benelux, \u0160vajcarska, Nem\u010dka ili Francuska , dok je mesto realizacije neka od dr\u017eava sa teritorije Balkana.[\/stm_info_box][\/vc_column][\/vc_row][vc_row][vc_column width=&#8221;2\/3&#8243;][\/vc_column][vc_column width=&#8221;1\/3&#8243;][\/vc_column][\/vc_row][vc_row full_width=&#8221;stretch_row&#8221; css=&#8221;.vc_custom_1459505959648{margin-bottom: -60px !important;}&#8221; el_class=&#8221;third_bg_color&#8221;][vc_column][vc_cta h2=&#8221;\u017delite da postanete \u010dlan Lipa Assocation? &#8221; h2_font_container=&#8221;font_size:20px|line_height:24px&#8221; h2_use_theme_fonts=&#8221;yes&#8221; shape=&#8221;square&#8221; style=&#8221;flat&#8221; add_button=&#8221;right&#8221; btn_title=&#8221;ZAHTEV ZA \u010cLANSTVO&#8221; btn_style=&#8221;flat&#8221; btn_color=&#8221;theme_style_2&#8243; btn_align=&#8221;right&#8221; btn_i_align=&#8221;right&#8221; btn_i_icon_fontawesome=&#8221;fa fa-chevron-right&#8221; use_custom_fonts_h2=&#8221;true&#8221; btn_link=&#8221;url:http%3A%2F%2Flipaassociation.com%2Fsr%2Fzahtev-za-clanstvo%2F||&#8221; btn_add_icon=&#8221;true&#8221; el_class=&#8221;third_bg_color&#8221; css=&#8221;.vc_custom_1516701580068{margin-bottom: 0px !important;}&#8221; btn_button_block=&#8221;true&#8221;][\/vc_cta][\/vc_column][\/vc_row]<\/p>\n","protected":false},"excerpt":{"rendered":"<p>[vc_row][vc_column width=&#8221;1\/3&#8243;][vc_custom_heading stripe_pos=&#8221;between&#8221; stm_title_font_weight=&#8221;500&#8243; text=&#8221;Odaberite odgovaraju\u0107i kalkulator \u010dlanarine&#8221; use_theme_fonts=&#8221;yes&#8221; subtitle=&#8221;Za informacije o cenama \u010dlanarina odaberite odgovaraju\u0107i kalkulator. Kalkulatori su sortirani na osnovu lokacije prebivali\u0161ta i lokacije realizacije premije.&#8221; el_class=&#8221;marg&#8221;][stm_spacing lg_spacing=&#8221;25&#8243; md_spacing=&#8221;25&#8243; sm_spacing=&#8221;25&#8243; xs_spacing=&#8221;25&#8243;][\/vc_column][vc_column width=&#8221;1\/3&#8243;][stm_info_box style=&#8221;style_3&#8243; title_icon=&#8221;stm-stm14_country&#8221; icon=&#8221;fa fa-angle-right&#8221; title=&#8221;Lokal EX &#8211; YU&#8221; link=&#8221;url:http%3A%2F%2Fwww.lipaassociation.com%2Fsr%2Fkalkulator-clanarine%2Flokal-ex-yu%2F|title:saznaj%20vi%C5%A1e|&#8221; image=&#8221;3564&#8243;]Kalkulator \u010dlanarine za dr\u017eave koje su bile u sastavu biv\u0161e SFRJ.[\/stm_info_box][stm_spacing lg_spacing=&#8221;25&#8243;<\/p>\n","protected":false},"author":1,"featured_media":0,"parent":0,"menu_order":0,"comment_status":"closed","ping_status":"closed","template":"","meta":[],"_links":{"self":[{"href":"http:\/\/lipaassociation.com\/sr\/wp-json\/wp\/v2\/pages\/3370"}],"collection":[{"href":"http:\/\/lipaassociation.com\/sr\/wp-json\/wp\/v2\/pages"}],"about":[{"href":"http:\/\/lipaassociation.com\/sr\/wp-json\/wp\/v2\/types\/page"}],"author":[{"embeddable":true,"href":"http:\/\/lipaassociation.com\/sr\/wp-json\/wp\/v2\/users\/1"}],"replies":[{"embeddable":true,"href":"http:\/\/lipaassociation.com\/sr\/wp-json\/wp\/v2\/comments?post=3370"}],"version-history":[{"count":12,"href":"http:\/\/lipaassociation.com\/sr\/wp-json\/wp\/v2\/pages\/3370\/revisions"}],"predecessor-version":[{"id":4135,"href":"http:\/\/lipaassociation.com\/sr\/wp-json\/wp\/v2\/pages\/3370\/revisions\/4135"}],"wp:attachment":[{"href":"http:\/\/lipaassociation.com\/sr\/wp-json\/wp\/v2\/media?parent=3370"}],"curies":[{"name":"wp","href":"https:\/\/api.w.org\/{rel}","templated":true}]}}