{"id":4078,"date":"2017-08-07T20:12:38","date_gmt":"2017-08-07T20:12:38","guid":{"rendered":"http:\/\/lipaassociation.com\/payment-methods\/"},"modified":"2017-08-07T22:24:52","modified_gmt":"2017-08-07T22:24:52","slug":"nacini-placanja","status":"publish","type":"page","link":"http:\/\/lipaassociation.com\/sr\/nacini-placanja\/","title":{"rendered":"Na\u010dini pla\u0107anja"},"content":{"rendered":"<p>[vc_row][vc_column el_class=&#8221;ng123&#8243;][vc_tta_accordion active_section=&#8221;&#8221; title=&#8221;Razli\u010diti na\u010dini plac\u0301anja&#8221; el_class=&#8221;ng123&#8243;][vc_tta_section i_icon_fontawesome=&#8221;fa fa-cc-paypal&#8221; title=&#8221;Uplata putem PayPal-a i kreditne kartice&#8221; tab_id=&#8221;1483024846722-84b09e84-ae5921b6-18b9&#8243; add_icon=&#8221;true&#8221;][vc_column_text]<img loading=\"lazy\" class=\"alignnone wp-image-4041\" src=\"http:\/\/lipaassociation.com\/wp-content\/uploads\/2017\/08\/PayPal-300x107.png\" alt=\"\" width=\"200\" height=\"71\" srcset=\"http:\/\/lipaassociation.com\/wp-content\/uploads\/2017\/08\/PayPal-300x107.png 300w, http:\/\/lipaassociation.com\/wp-content\/uploads\/2017\/08\/PayPal-768x274.png 768w, http:\/\/lipaassociation.com\/wp-content\/uploads\/2017\/08\/PayPal-1024x366.png 1024w, http:\/\/lipaassociation.com\/wp-content\/uploads\/2017\/08\/PayPal.png 1053w\" sizes=\"(max-width: 200px) 100vw, 200px\" \/><\/p>\n<p>Va\u017ei za sve dr\u017eave.<\/p>\n<p>Ovom opcijom imate mogu\u0107nost uplate sa va\u0161eg PayPal naloga kao i pla\u0107anje kreditnim karticama bez PayPal naloga.<br \/>\nPayPal prihvata kreditne i debitne kartice Visa, Mastercard, American Express, Discover, Maestro itd&#8230;<\/p>\n<p>Poslati zahtev za \u010dlanstvo na mejl adresu lipaassociation@outlook.com ili na po\u0161tansku adresu\u00a0:<\/p>\n<p>Lipa Association<br \/>\n15, rue Lauth<br \/>\n67000 Strasbourg &#8211; France<\/p>\n<p>PayPal \u0107e Vam poslati fakturu sa na\u0161eg PayPal ra\u010duna gde \u0107ete mo\u0107i da izvr\u0161ite uplatu.<\/p>\n<p>Taj na\u010din uplate Vam omogu\u0107ava pla\u0107anje u ratama.<br \/>\nZa ovaj na\u010din pla\u0107anja, mejl adresa je obavezna.[\/vc_column_text][\/vc_tta_section][vc_tta_section i_icon_fontawesome=&#8221;fa fa-credit-card-alt&#8221; title=&#8221;Uplata putem SEPA Direct Debit&#8221; tab_id=&#8221;1483025092253-8de2a579-363721b6-18b9&#8243; add_icon=&#8221;true&#8221;][vc_column_text]<img loading=\"lazy\" class=\"alignnone wp-image-4046\" src=\"http:\/\/lipaassociation.com\/wp-content\/uploads\/2017\/08\/Single_Euro_Payments_Area_logo.svg-300x129.png\" alt=\"\" width=\"200\" height=\"86\" srcset=\"http:\/\/lipaassociation.com\/wp-content\/uploads\/2017\/08\/Single_Euro_Payments_Area_logo.svg-300x129.png 300w, http:\/\/lipaassociation.com\/wp-content\/uploads\/2017\/08\/Single_Euro_Payments_Area_logo.svg-768x331.png 768w, http:\/\/lipaassociation.com\/wp-content\/uploads\/2017\/08\/Single_Euro_Payments_Area_logo.svg-1024x442.png 1024w, http:\/\/lipaassociation.com\/wp-content\/uploads\/2017\/08\/Single_Euro_Payments_Area_logo.svg.png 2000w\" sizes=\"(max-width: 200px) 100vw, 200px\" \/><\/p>\n<p>Va\u017ei za sve dr\u017eave Evropske Unije.<\/p>\n<p>Poslati zahtev za \u010dlanstvo sa va\u0161im IBAN Bakovskim Ra\u010dunom na mejl adresu lipaassociation@outlook.com ili na po\u0161tansku adresu\u00a0:<\/p>\n<p>Lipa Association<br \/>\n15, rue Lauth<br \/>\n67000 Strasbourg &#8211; France<\/p>\n<p>Potom \u0107emo Vam poslati fakturu sa formularom za postavljanje SEPA Direct Debit na potpis.<\/p>\n<p>Taj na\u010din uplate Vam omogu\u0107ava pla\u0107anje u ratama.[\/vc_column_text][\/vc_tta_section][vc_tta_section i_icon_fontawesome=&#8221;fa fa-newspaper-o&#8221; title=&#8221;Uplata putem \u010dekova&#8221; tab_id=&#8221;1502137927500-fe0633fa-388e&#8221; add_icon=&#8221;true&#8221;][vc_column_text]Va\u017ei samo za Francusku, Belgiju i Luksemburg.<\/p>\n<p>Ispuniti \u010dek na ime Lipa Association i poslati ga sa zahtevom za \u010dlanstvo na adresu\u00a0:<\/p>\n<p>Lipa Association<br \/>\n15, rue Lauth<br \/>\n67000 Strasbourg &#8211; France[\/vc_column_text][\/vc_tta_section][vc_tta_section i_icon_fontawesome=&#8221;fa fa-usd&#8221; title=&#8221;Uplata putem virmana&#8221; tab_id=&#8221;1483025383140-6bfa725f-6f5c21b6-18b9&#8243; add_icon=&#8221;true&#8221;][vc_column_text]Va\u017ei za sve dr\u017eave.<\/p>\n<p>Poslati zahtev za \u010dlanstvo na mejl adresu lipaassociation@outlook.com ili na po\u0161tansku adresu\u00a0:<\/p>\n<p>Lipa Association<br \/>\n15, rue Lauth<br \/>\n67000 Strasbourg &#8211; France<\/p>\n<p>Potom \u0107emo vam poslati fakturu sa na\u0161im IBAN Bankovskim Ra\u010dunom za postavljanje virmana u va\u0161oj banci.<\/p>\n<p>Taj na\u010din uplate Vam omogu\u0107ava pla\u0107anje u ratama.[\/vc_column_text][\/vc_tta_section][\/vc_tta_accordion][\/vc_column][\/vc_row][vc_row][vc_column][stm_spacing lg_spacing=&#8221;50px&#8221; md_spacing=&#8221;50px&#8221; sm_spacing=&#8221;50px&#8221; xs_spacing=&#8221;50px&#8221;][\/vc_column][\/vc_row][vc_row full_width=&#8221;stretch_row&#8221; css=&#8221;.vc_custom_1459505959648{margin-bottom: -60px !important;}&#8221; el_class=&#8221;third_bg_color&#8221;][vc_column][vc_cta h2=&#8221;Za svaki drugi na\u010din pla\u0107anja potrebno je kontaktirati udru\u017eenje.&#8221; h2_font_container=&#8221;font_size:20px|color:{ff029b9ed727a8cfab64ff35f0970f431e658f61ec42594ff25da87028f3ebdc}23ffffff|line_height:24px&#8221; h2_use_theme_fonts=&#8221;yes&#8221; shape=&#8221;square&#8221; style=&#8221;flat&#8221; add_button=&#8221;right&#8221; btn_title=&#8221;KONTAKT&#8221; btn_style=&#8221;flat&#8221; btn_color=&#8221;theme_style_2&#8243; btn_align=&#8221;right&#8221; btn_i_align=&#8221;right&#8221; btn_i_icon_fontawesome=&#8221;fa fa-chevron-right&#8221; use_custom_fonts_h2=&#8221;true&#8221; btn_link=&#8221;url:http{ff029b9ed727a8cfab64ff35f0970f431e658f61ec42594ff25da87028f3ebdc}3A{ff029b9ed727a8cfab64ff35f0970f431e658f61ec42594ff25da87028f3ebdc}2F{ff029b9ed727a8cfab64ff35f0970f431e658f61ec42594ff25da87028f3ebdc}2Fwww.lipaassociation.com{ff029b9ed727a8cfab64ff35f0970f431e658f61ec42594ff25da87028f3ebdc}2Fsr{ff029b9ed727a8cfab64ff35f0970f431e658f61ec42594ff25da87028f3ebdc}2Fkontakt{ff029b9ed727a8cfab64ff35f0970f431e658f61ec42594ff25da87028f3ebdc}2F||&#8221; btn_add_icon=&#8221;true&#8221; el_class=&#8221;third_bg_color&#8221; css=&#8221;.vc_custom_1502144389705{margin-bottom: 0px !important;}&#8221;][\/vc_cta][\/vc_column][\/vc_row]<\/p>\n","protected":false},"excerpt":{"rendered":"<p>[vc_row][vc_column el_class=&#8221;ng123&#8243;][vc_tta_accordion active_section=&#8221;&#8221; title=&#8221;Razli\u010diti na\u010dini plac\u0301anja&#8221; el_class=&#8221;ng123&#8243;][vc_tta_section i_icon_fontawesome=&#8221;fa fa-cc-paypal&#8221; title=&#8221;Uplata putem PayPal-a i kreditne kartice&#8221; tab_id=&#8221;1483024846722-84b09e84-ae5921b6-18b9&#8243; add_icon=&#8221;true&#8221;][vc_column_text] Va\u017ei za sve dr\u017eave. Ovom opcijom imate mogu\u0107nost uplate sa va\u0161eg PayPal naloga kao i pla\u0107anje kreditnim karticama bez PayPal naloga. PayPal prihvata kreditne i debitne kartice Visa, Mastercard, American Express, Discover, Maestro itd&#8230; Poslati zahtev za \u010dlanstvo<\/p>\n","protected":false},"author":1,"featured_media":0,"parent":0,"menu_order":0,"comment_status":"closed","ping_status":"closed","template":"","meta":[],"_links":{"self":[{"href":"http:\/\/lipaassociation.com\/sr\/wp-json\/wp\/v2\/pages\/4078"}],"collection":[{"href":"http:\/\/lipaassociation.com\/sr\/wp-json\/wp\/v2\/pages"}],"about":[{"href":"http:\/\/lipaassociation.com\/sr\/wp-json\/wp\/v2\/types\/page"}],"author":[{"embeddable":true,"href":"http:\/\/lipaassociation.com\/sr\/wp-json\/wp\/v2\/users\/1"}],"replies":[{"embeddable":true,"href":"http:\/\/lipaassociation.com\/sr\/wp-json\/wp\/v2\/comments?post=4078"}],"version-history":[{"count":5,"href":"http:\/\/lipaassociation.com\/sr\/wp-json\/wp\/v2\/pages\/4078\/revisions"}],"predecessor-version":[{"id":4088,"href":"http:\/\/lipaassociation.com\/sr\/wp-json\/wp\/v2\/pages\/4078\/revisions\/4088"}],"wp:attachment":[{"href":"http:\/\/lipaassociation.com\/sr\/wp-json\/wp\/v2\/media?parent=4078"}],"curies":[{"name":"wp","href":"https:\/\/api.w.org\/{rel}","templated":true}]}}